{"id":14804,"date":"2025-11-13T11:40:48","date_gmt":"2025-11-13T10:40:48","guid":{"rendered":"https:\/\/dalloz-stones.com\/?post_type=product&#038;p=14804"},"modified":"2025-11-19T16:14:40","modified_gmt":"2025-11-19T15:14:40","slug":"spinelle-aigue-marine-rond-510-mm-copie","status":"publish","type":"product","link":"https:\/\/dalloz-stones.com\/fr\/produit\/spinelle-aigue-marine-rond-510-mm-copie\/","title":{"rendered":"Spinelle Aigue marine Rond  &#8211;  5,10 mm"},"content":{"rendered":"<p>Ce spinelle synth\u00e9tique taill\u00e9 en rond de 5,10 mm s\u00e9duit par sa couleur bleu aigue-marine homog\u00e8ne, vive et cristalline. Il offre un \u00e9clat mod\u00e9r\u00e9, \u00e9quilibr\u00e9 et naturel, parfait pour des cr\u00e9ations visuellement douces et lumineuses.<\/p>\n<p>Avec une tol\u00e9rance dimensionnelle pr\u00e9cise de \u00b10,15 mm, cette pierre assure une certaine r\u00e9gularit\u00e9 dans les montages, notamment en s\u00e9ries ou assortiments. Issu d\u2019une production de brut fran\u00e7aise (R.S.A.), \u00e9labor\u00e9e selon des pratiques \u00e9coresponsables, ce spinelle est \u00e9galement taill\u00e9 en France, garantissant un circuit court et un savoir-faire local ma\u00eetris\u00e9.<\/p>\n<p>Id\u00e9al pour les professionnels \u00e0 la recherche d\u2019une pierre synth\u00e9tique stable et esth\u00e9tique, conjuguant \u00e9thique, fiabilit\u00e9 et rendu soign\u00e9.<\/p>\n","protected":false},"excerpt":{"rendered":"<p>Ce spinelle synth\u00e9tique taill\u00e9 en rond de 5,10 mm s\u00e9duit par sa couleur bleu aigue-marine homog\u00e8ne, vive et cristalline. Il offre un \u00e9clat mod\u00e9r\u00e9, \u00e9quilibr\u00e9 et naturel, parfait pour des cr\u00e9ations visuellement douces et lumineuses.<\/p>\n<p>Avec une tol\u00e9rance dimensionnelle pr\u00e9cise de \u00b10,15 mm, cette pierre assure une certaine r\u00e9gularit\u00e9 dans les montages, notamment en s\u00e9ries ou assortiments. Issu d\u2019une production de brut fran\u00e7aise (R.S.A.), \u00e9labor\u00e9e selon des pratiques \u00e9coresponsables, ce spinelle est \u00e9galement taill\u00e9 en France, garantissant un circuit court et un savoir-faire local ma\u00eetris\u00e9.<\/p>\n<p>Id\u00e9al pour les professionnels \u00e0 la recherche d\u2019une pierre synth\u00e9tique stable et esth\u00e9tique, conjuguant \u00e9thique, fiabilit\u00e9 et rendu soign\u00e9.<\/p>\n","protected":false},"featured_media":14805,"comment_status":"closed","ping_status":"closed","template":"","meta":{"_acf_changed":false,"content-type":""},"product_brand":[],"product_cat":[133],"product_tag":[],"class_list":{"0":"post-14804","1":"product","2":"type-product","3":"status-publish","4":"has-post-thumbnail","6":"product_cat-non-classifiee","7":"pa_color-bleu","8":"pa_eco-grandit-143","9":"pa_material-spinelle-synthetique-fr","10":"pa_origine-du-brut-france-r-s-a","11":"pa_shape-rond","12":"pa_stone-colour-aigue-marine","13":"pa_stone-shape-rond","14":"pa_stone-type-synthetique-fr","16":"first","17":"instock","18":"taxable","19":"shipping-taxable","20":"purchasable","21":"product-type-simple"},"acf":[],"yoast_head":"<!-- This site is optimized with the Yoast SEO plugin v26.9 - https:\/\/yoast.com\/product\/yoast-seo-wordpress\/ -->\n<title>Spinelle Aigue marine Rond - 5,10 mm &#8226; Dalloz stones &amp; rough<\/title>\n<meta name=\"description\" content=\"Spinelle synth\u00e9tique aigue-marine clair 7 mm. Belle teinte claire, \u00e9clat mod\u00e9r\u00e9, fabrication fran\u00e7aise \u00e9coresponsable. Id\u00e9al cr\u00e9ation.\" \/>\n<meta name=\"robots\" content=\"index, follow, max-snippet:-1, max-image-preview:large, max-video-preview:-1\" \/>\n<link rel=\"canonical\" href=\"https:\/\/dalloz-stones.com\/fr\/produit\/spinelle-aigue-marine-rond-510-mm-copie\/\" \/>\n<meta property=\"og:locale\" content=\"fr_FR\" \/>\n<meta property=\"og:type\" content=\"article\" \/>\n<meta property=\"og:title\" content=\"Spinelle Aigue marine Rond - 5,10 mm &#8226; Dalloz stones &amp; rough\" \/>\n<meta property=\"og:description\" content=\"Spinelle synth\u00e9tique aigue-marine clair 7 mm. Belle teinte claire, \u00e9clat mod\u00e9r\u00e9, fabrication fran\u00e7aise \u00e9coresponsable. Id\u00e9al cr\u00e9ation.\" \/>\n<meta property=\"og:url\" content=\"https:\/\/dalloz-stones.com\/fr\/produit\/spinelle-aigue-marine-rond-510-mm-copie\/\" \/>\n<meta property=\"og:site_name\" content=\"Dalloz stones &amp; rough\" \/>\n<meta property=\"article:publisher\" content=\"https:\/\/www.facebook.com\/dalloz1917\/\" \/>\n<meta property=\"article:modified_time\" content=\"2025-11-19T15:14:40+00:00\" \/>\n<meta property=\"og:image\" content=\"https:\/\/dalloz-stones.com\/app\/uploads\/2025\/11\/2AQUAR50140-P0LA_1-1024x1024.jpg\" \/>\n\t<meta property=\"og:image:width\" content=\"1024\" \/>\n\t<meta property=\"og:image:height\" content=\"1024\" \/>\n\t<meta property=\"og:image:type\" content=\"image\/jpeg\" \/>\n<meta name=\"twitter:card\" content=\"summary_large_image\" \/>\n<meta name=\"twitter:label1\" content=\"Dur\u00e9e de lecture estim\u00e9e\" \/>\n\t<meta name=\"twitter:data1\" content=\"1 minute\" \/>\n<script type=\"application\/ld+json\" class=\"yoast-schema-graph\">{\"@context\":\"https:\/\/schema.org\",\"@graph\":[{\"@type\":\"WebPage\",\"@id\":\"https:\/\/dalloz-stones.com\/fr\/produit\/spinelle-aigue-marine-rond-510-mm-copie\/\",\"url\":\"https:\/\/dalloz-stones.com\/fr\/produit\/spinelle-aigue-marine-rond-510-mm-copie\/\",\"name\":\"Spinelle Aigue marine Rond - 5,10 mm &#8226; Dalloz stones &amp; rough\",\"isPartOf\":{\"@id\":\"https:\/\/dalloz-stones.com\/fr\/#website\"},\"primaryImageOfPage\":{\"@id\":\"https:\/\/dalloz-stones.com\/fr\/produit\/spinelle-aigue-marine-rond-510-mm-copie\/#primaryimage\"},\"image\":{\"@id\":\"https:\/\/dalloz-stones.com\/fr\/produit\/spinelle-aigue-marine-rond-510-mm-copie\/#primaryimage\"},\"thumbnailUrl\":\"https:\/\/dalloz-stones.com\/app\/uploads\/2025\/11\/2AQUAR50140-P0LA_1.jpg\",\"datePublished\":\"2025-11-13T10:40:48+00:00\",\"dateModified\":\"2025-11-19T15:14:40+00:00\",\"description\":\"Spinelle synth\u00e9tique aigue-marine clair 7 mm. Belle teinte claire, \u00e9clat mod\u00e9r\u00e9, fabrication fran\u00e7aise \u00e9coresponsable. Id\u00e9al cr\u00e9ation.\",\"breadcrumb\":{\"@id\":\"https:\/\/dalloz-stones.com\/fr\/produit\/spinelle-aigue-marine-rond-510-mm-copie\/#breadcrumb\"},\"inLanguage\":\"fr-FR\",\"potentialAction\":[{\"@type\":\"ReadAction\",\"target\":[\"https:\/\/dalloz-stones.com\/fr\/produit\/spinelle-aigue-marine-rond-510-mm-copie\/\"]}]},{\"@type\":\"ImageObject\",\"inLanguage\":\"fr-FR\",\"@id\":\"https:\/\/dalloz-stones.com\/fr\/produit\/spinelle-aigue-marine-rond-510-mm-copie\/#primaryimage\",\"url\":\"https:\/\/dalloz-stones.com\/app\/uploads\/2025\/11\/2AQUAR50140-P0LA_1.jpg\",\"contentUrl\":\"https:\/\/dalloz-stones.com\/app\/uploads\/2025\/11\/2AQUAR50140-P0LA_1.jpg\",\"width\":2000,\"height\":2000},{\"@type\":\"BreadcrumbList\",\"@id\":\"https:\/\/dalloz-stones.com\/fr\/produit\/spinelle-aigue-marine-rond-510-mm-copie\/#breadcrumb\",\"itemListElement\":[{\"@type\":\"ListItem\",\"position\":1,\"name\":\"Accueil\",\"item\":\"https:\/\/dalloz-stones.com\/fr\/\"},{\"@type\":\"ListItem\",\"position\":2,\"name\":\"Boutique\",\"item\":\"https:\/\/dalloz-stones.com\/boutique\/\"},{\"@type\":\"ListItem\",\"position\":3,\"name\":\"Spinelle Aigue marine Rond &#8211; 5,10 mm\"}]},{\"@type\":\"WebSite\",\"@id\":\"https:\/\/dalloz-stones.com\/fr\/#website\",\"url\":\"https:\/\/dalloz-stones.com\/fr\/\",\"name\":\"Dalloz stones &amp; rough\",\"description\":\"\",\"publisher\":{\"@id\":\"https:\/\/dalloz-stones.com\/fr\/#organization\"},\"potentialAction\":[{\"@type\":\"SearchAction\",\"target\":{\"@type\":\"EntryPoint\",\"urlTemplate\":\"https:\/\/dalloz-stones.com\/fr\/?s={search_term_string}\"},\"query-input\":{\"@type\":\"PropertyValueSpecification\",\"valueRequired\":true,\"valueName\":\"search_term_string\"}}],\"inLanguage\":\"fr-FR\"},{\"@type\":\"Organization\",\"@id\":\"https:\/\/dalloz-stones.com\/fr\/#organization\",\"name\":\"Dalloz Stones & Rough\",\"url\":\"https:\/\/dalloz-stones.com\/fr\/\",\"logo\":{\"@type\":\"ImageObject\",\"inLanguage\":\"fr-FR\",\"@id\":\"https:\/\/dalloz-stones.com\/fr\/#\/schema\/logo\/image\/\",\"url\":\"https:\/\/dalloz-stones.com\/app\/uploads\/2020\/11\/Dalloz_Mono_Vertsapin.png\",\"contentUrl\":\"https:\/\/dalloz-stones.com\/app\/uploads\/2020\/11\/Dalloz_Mono_Vertsapin.png\",\"width\":1772,\"height\":1772,\"caption\":\"Dalloz Stones & Rough\"},\"image\":{\"@id\":\"https:\/\/dalloz-stones.com\/fr\/#\/schema\/logo\/image\/\"},\"sameAs\":[\"https:\/\/www.facebook.com\/dalloz1917\/\",\"https:\/\/www.instagram.com\/dallozstones\/\",\"https:\/\/www.linkedin.com\/company\/dalloz-stones-and-rough\/\",\"https:\/\/www.youtube.com\/channel\/UC1mJnpsxORlO9kjbbN9LvtQ\"]}]}<\/script>\n<!-- \/ Yoast SEO plugin. -->","yoast_head_json":{"title":"Spinelle Aigue marine Rond - 5,10 mm &#8226; Dalloz stones &amp; rough","description":"Spinelle synth\u00e9tique aigue-marine clair 7 mm. Belle teinte claire, \u00e9clat mod\u00e9r\u00e9, fabrication fran\u00e7aise \u00e9coresponsable. Id\u00e9al cr\u00e9ation.","robots":{"index":"index","follow":"follow","max-snippet":"max-snippet:-1","max-image-preview":"max-image-preview:large","max-video-preview":"max-video-preview:-1"},"canonical":"https:\/\/dalloz-stones.com\/fr\/produit\/spinelle-aigue-marine-rond-510-mm-copie\/","og_locale":"fr_FR","og_type":"article","og_title":"Spinelle Aigue marine Rond - 5,10 mm &#8226; Dalloz stones &amp; rough","og_description":"Spinelle synth\u00e9tique aigue-marine clair 7 mm. Belle teinte claire, \u00e9clat mod\u00e9r\u00e9, fabrication fran\u00e7aise \u00e9coresponsable. Id\u00e9al cr\u00e9ation.","og_url":"https:\/\/dalloz-stones.com\/fr\/produit\/spinelle-aigue-marine-rond-510-mm-copie\/","og_site_name":"Dalloz stones &amp; rough","article_publisher":"https:\/\/www.facebook.com\/dalloz1917\/","article_modified_time":"2025-11-19T15:14:40+00:00","og_image":[{"width":1024,"height":1024,"url":"https:\/\/dalloz-stones.com\/app\/uploads\/2025\/11\/2AQUAR50140-P0LA_1-1024x1024.jpg","type":"image\/jpeg"}],"twitter_card":"summary_large_image","twitter_misc":{"Dur\u00e9e de lecture estim\u00e9e":"1 minute"},"schema":{"@context":"https:\/\/schema.org","@graph":[{"@type":"WebPage","@id":"https:\/\/dalloz-stones.com\/fr\/produit\/spinelle-aigue-marine-rond-510-mm-copie\/","url":"https:\/\/dalloz-stones.com\/fr\/produit\/spinelle-aigue-marine-rond-510-mm-copie\/","name":"Spinelle Aigue marine Rond - 5,10 mm &#8226; Dalloz stones &amp; rough","isPartOf":{"@id":"https:\/\/dalloz-stones.com\/fr\/#website"},"primaryImageOfPage":{"@id":"https:\/\/dalloz-stones.com\/fr\/produit\/spinelle-aigue-marine-rond-510-mm-copie\/#primaryimage"},"image":{"@id":"https:\/\/dalloz-stones.com\/fr\/produit\/spinelle-aigue-marine-rond-510-mm-copie\/#primaryimage"},"thumbnailUrl":"https:\/\/dalloz-stones.com\/app\/uploads\/2025\/11\/2AQUAR50140-P0LA_1.jpg","datePublished":"2025-11-13T10:40:48+00:00","dateModified":"2025-11-19T15:14:40+00:00","description":"Spinelle synth\u00e9tique aigue-marine clair 7 mm. Belle teinte claire, \u00e9clat mod\u00e9r\u00e9, fabrication fran\u00e7aise \u00e9coresponsable. Id\u00e9al cr\u00e9ation.","breadcrumb":{"@id":"https:\/\/dalloz-stones.com\/fr\/produit\/spinelle-aigue-marine-rond-510-mm-copie\/#breadcrumb"},"inLanguage":"fr-FR","potentialAction":[{"@type":"ReadAction","target":["https:\/\/dalloz-stones.com\/fr\/produit\/spinelle-aigue-marine-rond-510-mm-copie\/"]}]},{"@type":"ImageObject","inLanguage":"fr-FR","@id":"https:\/\/dalloz-stones.com\/fr\/produit\/spinelle-aigue-marine-rond-510-mm-copie\/#primaryimage","url":"https:\/\/dalloz-stones.com\/app\/uploads\/2025\/11\/2AQUAR50140-P0LA_1.jpg","contentUrl":"https:\/\/dalloz-stones.com\/app\/uploads\/2025\/11\/2AQUAR50140-P0LA_1.jpg","width":2000,"height":2000},{"@type":"BreadcrumbList","@id":"https:\/\/dalloz-stones.com\/fr\/produit\/spinelle-aigue-marine-rond-510-mm-copie\/#breadcrumb","itemListElement":[{"@type":"ListItem","position":1,"name":"Accueil","item":"https:\/\/dalloz-stones.com\/fr\/"},{"@type":"ListItem","position":2,"name":"Boutique","item":"https:\/\/dalloz-stones.com\/boutique\/"},{"@type":"ListItem","position":3,"name":"Spinelle Aigue marine Rond &#8211; 5,10 mm"}]},{"@type":"WebSite","@id":"https:\/\/dalloz-stones.com\/fr\/#website","url":"https:\/\/dalloz-stones.com\/fr\/","name":"Dalloz stones &amp; rough","description":"","publisher":{"@id":"https:\/\/dalloz-stones.com\/fr\/#organization"},"potentialAction":[{"@type":"SearchAction","target":{"@type":"EntryPoint","urlTemplate":"https:\/\/dalloz-stones.com\/fr\/?s={search_term_string}"},"query-input":{"@type":"PropertyValueSpecification","valueRequired":true,"valueName":"search_term_string"}}],"inLanguage":"fr-FR"},{"@type":"Organization","@id":"https:\/\/dalloz-stones.com\/fr\/#organization","name":"Dalloz Stones & Rough","url":"https:\/\/dalloz-stones.com\/fr\/","logo":{"@type":"ImageObject","inLanguage":"fr-FR","@id":"https:\/\/dalloz-stones.com\/fr\/#\/schema\/logo\/image\/","url":"https:\/\/dalloz-stones.com\/app\/uploads\/2020\/11\/Dalloz_Mono_Vertsapin.png","contentUrl":"https:\/\/dalloz-stones.com\/app\/uploads\/2020\/11\/Dalloz_Mono_Vertsapin.png","width":1772,"height":1772,"caption":"Dalloz Stones & Rough"},"image":{"@id":"https:\/\/dalloz-stones.com\/fr\/#\/schema\/logo\/image\/"},"sameAs":["https:\/\/www.facebook.com\/dalloz1917\/","https:\/\/www.instagram.com\/dallozstones\/","https:\/\/www.linkedin.com\/company\/dalloz-stones-and-rough\/","https:\/\/www.youtube.com\/channel\/UC1mJnpsxORlO9kjbbN9LvtQ"]}]}},"_links":{"self":[{"href":"https:\/\/dalloz-stones.com\/fr\/wp-json\/wp\/v2\/product\/14804","targetHints":{"allow":["GET"]}}],"collection":[{"href":"https:\/\/dalloz-stones.com\/fr\/wp-json\/wp\/v2\/product"}],"about":[{"href":"https:\/\/dalloz-stones.com\/fr\/wp-json\/wp\/v2\/types\/product"}],"replies":[{"embeddable":true,"href":"https:\/\/dalloz-stones.com\/fr\/wp-json\/wp\/v2\/comments?post=14804"}],"wp:featuredmedia":[{"embeddable":true,"href":"https:\/\/dalloz-stones.com\/fr\/wp-json\/wp\/v2\/media\/14805"}],"wp:attachment":[{"href":"https:\/\/dalloz-stones.com\/fr\/wp-json\/wp\/v2\/media?parent=14804"}],"wp:term":[{"taxonomy":"product_brand","embeddable":true,"href":"https:\/\/dalloz-stones.com\/fr\/wp-json\/wp\/v2\/product_brand?post=14804"},{"taxonomy":"product_cat","embeddable":true,"href":"https:\/\/dalloz-stones.com\/fr\/wp-json\/wp\/v2\/product_cat?post=14804"},{"taxonomy":"product_tag","embeddable":true,"href":"https:\/\/dalloz-stones.com\/fr\/wp-json\/wp\/v2\/product_tag?post=14804"}],"curies":[{"name":"wp","href":"https:\/\/api.w.org\/{rel}","templated":true}]}}