{"id":14798,"date":"2025-11-13T11:39:46","date_gmt":"2025-11-13T10:39:46","guid":{"rendered":"https:\/\/dalloz-stones.com\/?post_type=product&#038;p=14798"},"modified":"2025-11-20T12:24:54","modified_gmt":"2025-11-20T11:24:54","slug":"spinelle-aigue-marine-claire-rond-700-mm","status":"publish","type":"product","link":"https:\/\/dalloz-stones.com\/fr\/produit\/spinelle-aigue-marine-claire-rond-700-mm\/","title":{"rendered":"Spinelle Aigue marine claire Rond  &#8211;  7,00 mm"},"content":{"rendered":"<p>Ce spinelle synth\u00e9tique, dans une teinte aigue-marine claire, s\u00e9duit par sa luminosit\u00e9 naturelle et son charme subtil. Taill\u00e9 en rond de 7,00 mm, il offre un \u00e9clat mod\u00e9r\u00e9 et une variation de couleur allant du clair au ton normal, apportant du relief et de la personnalit\u00e9 \u00e0 chaque pi\u00e8ce.<\/p>\n<p>Dot\u00e9 d\u2019une tol\u00e9rance dimensionnelle pr\u00e9cise de \u00b10,10 mm, il garantit une bonne r\u00e9gularit\u00e9 \u00e0 l\u2019assemblage. Le brut est produit en France (R.S.A.) selon des pratiques \u00e9coresponsables, puis taill\u00e9 localement, soulignant l\u2019alliance entre qualit\u00e9, savoir-faire artisanal et engagement environnemental.<\/p>\n<p>Un choix pertinent pour les cr\u00e9ateurs \u00e0 la recherche de pierres color\u00e9es \u00e0 la fois esth\u00e9tiques, fiables et responsables.<\/p>\n","protected":false},"excerpt":{"rendered":"<p>Ce spinelle synth\u00e9tique, dans une teinte aigue-marine claire, s\u00e9duit par sa luminosit\u00e9 naturelle et son charme subtil. Taill\u00e9 en rond de 7,00 mm, il offre un \u00e9clat mod\u00e9r\u00e9 et une variation de couleur allant du clair au ton normal, apportant du relief et de la personnalit\u00e9 \u00e0 chaque pi\u00e8ce.<\/p>\n<p>Dot\u00e9 d\u2019une tol\u00e9rance dimensionnelle pr\u00e9cise de \u00b10,10 mm, il garantit une bonne r\u00e9gularit\u00e9 \u00e0 l\u2019assemblage. Le brut est produit en France (R.S.A.) selon des pratiques \u00e9coresponsables, puis taill\u00e9 localement, soulignant l\u2019alliance entre qualit\u00e9, savoir-faire artisanal et engagement environnemental.<\/p>\n<p>Un choix pertinent pour les cr\u00e9ateurs \u00e0 la recherche de pierres color\u00e9es \u00e0 la fois esth\u00e9tiques, fiables et responsables.<\/p>\n","protected":false},"featured_media":14803,"comment_status":"closed","ping_status":"closed","template":"","meta":{"_acf_changed":false,"content-type":""},"product_brand":[],"product_cat":[133],"product_tag":[],"class_list":{"0":"post-14798","1":"product","2":"type-product","3":"status-publish","4":"has-post-thumbnail","6":"product_cat-non-classifiee","7":"pa_color-bleu","8":"pa_eco-grandit-143","9":"pa_material-spinelle-synthetique-fr","10":"pa_origine-du-brut-france-r-s-a","11":"pa_shape-rond","12":"pa_stone-colour-aigue-marine-claire","13":"pa_stone-shape-rond","14":"pa_stone-type-synthetique-fr","16":"first","17":"instock","18":"taxable","19":"shipping-taxable","20":"purchasable","21":"product-type-simple"},"acf":[],"yoast_head":"<!-- This site is optimized with the Yoast SEO plugin v26.9 - https:\/\/yoast.com\/product\/yoast-seo-wordpress\/ -->\n<title>Spinelle Aigue marine claire Rond - 7,00 mm &#8226; Dalloz stones &amp; rough<\/title>\n<meta name=\"description\" content=\"Spinelle synth\u00e9tique aigue-marine clair 7 mm. Belle teinte claire, \u00e9clat mod\u00e9r\u00e9, fabrication fran\u00e7aise \u00e9coresponsable. Id\u00e9al cr\u00e9ation.\" \/>\n<meta name=\"robots\" content=\"index, follow, max-snippet:-1, max-image-preview:large, max-video-preview:-1\" \/>\n<link rel=\"canonical\" href=\"https:\/\/dalloz-stones.com\/fr\/produit\/spinelle-aigue-marine-claire-rond-700-mm\/\" \/>\n<meta property=\"og:locale\" content=\"fr_FR\" \/>\n<meta property=\"og:type\" content=\"article\" \/>\n<meta property=\"og:title\" content=\"Spinelle Aigue marine claire Rond - 7,00 mm &#8226; Dalloz stones &amp; rough\" \/>\n<meta property=\"og:description\" content=\"Spinelle synth\u00e9tique aigue-marine clair 7 mm. Belle teinte claire, \u00e9clat mod\u00e9r\u00e9, fabrication fran\u00e7aise \u00e9coresponsable. Id\u00e9al cr\u00e9ation.\" \/>\n<meta property=\"og:url\" content=\"https:\/\/dalloz-stones.com\/fr\/produit\/spinelle-aigue-marine-claire-rond-700-mm\/\" \/>\n<meta property=\"og:site_name\" content=\"Dalloz stones &amp; rough\" \/>\n<meta property=\"article:publisher\" content=\"https:\/\/www.facebook.com\/dalloz1917\/\" \/>\n<meta property=\"article:modified_time\" content=\"2025-11-20T11:24:54+00:00\" \/>\n<meta property=\"og:image\" content=\"https:\/\/dalloz-stones.com\/app\/uploads\/2025\/11\/2AQUCR50120-P0LA_1.jpg\" \/>\n\t<meta property=\"og:image:width\" content=\"2000\" \/>\n\t<meta property=\"og:image:height\" content=\"2000\" \/>\n\t<meta property=\"og:image:type\" content=\"image\/jpeg\" \/>\n<meta name=\"twitter:card\" content=\"summary_large_image\" \/>\n<meta name=\"twitter:label1\" content=\"Dur\u00e9e de lecture estim\u00e9e\" \/>\n\t<meta name=\"twitter:data1\" content=\"1 minute\" \/>\n<script type=\"application\/ld+json\" class=\"yoast-schema-graph\">{\"@context\":\"https:\/\/schema.org\",\"@graph\":[{\"@type\":\"WebPage\",\"@id\":\"https:\/\/dalloz-stones.com\/fr\/produit\/spinelle-aigue-marine-claire-rond-700-mm\/\",\"url\":\"https:\/\/dalloz-stones.com\/fr\/produit\/spinelle-aigue-marine-claire-rond-700-mm\/\",\"name\":\"Spinelle Aigue marine claire Rond - 7,00 mm &#8226; Dalloz stones &amp; rough\",\"isPartOf\":{\"@id\":\"https:\/\/dalloz-stones.com\/fr\/#website\"},\"primaryImageOfPage\":{\"@id\":\"https:\/\/dalloz-stones.com\/fr\/produit\/spinelle-aigue-marine-claire-rond-700-mm\/#primaryimage\"},\"image\":{\"@id\":\"https:\/\/dalloz-stones.com\/fr\/produit\/spinelle-aigue-marine-claire-rond-700-mm\/#primaryimage\"},\"thumbnailUrl\":\"https:\/\/dalloz-stones.com\/app\/uploads\/2025\/11\/2AQUCR50120-P0LA_1.jpg\",\"datePublished\":\"2025-11-13T10:39:46+00:00\",\"dateModified\":\"2025-11-20T11:24:54+00:00\",\"description\":\"Spinelle synth\u00e9tique aigue-marine clair 7 mm. Belle teinte claire, \u00e9clat mod\u00e9r\u00e9, fabrication fran\u00e7aise \u00e9coresponsable. Id\u00e9al cr\u00e9ation.\",\"breadcrumb\":{\"@id\":\"https:\/\/dalloz-stones.com\/fr\/produit\/spinelle-aigue-marine-claire-rond-700-mm\/#breadcrumb\"},\"inLanguage\":\"fr-FR\",\"potentialAction\":[{\"@type\":\"ReadAction\",\"target\":[\"https:\/\/dalloz-stones.com\/fr\/produit\/spinelle-aigue-marine-claire-rond-700-mm\/\"]}]},{\"@type\":\"ImageObject\",\"inLanguage\":\"fr-FR\",\"@id\":\"https:\/\/dalloz-stones.com\/fr\/produit\/spinelle-aigue-marine-claire-rond-700-mm\/#primaryimage\",\"url\":\"https:\/\/dalloz-stones.com\/app\/uploads\/2025\/11\/2AQUCR50120-P0LA_1.jpg\",\"contentUrl\":\"https:\/\/dalloz-stones.com\/app\/uploads\/2025\/11\/2AQUCR50120-P0LA_1.jpg\",\"width\":2000,\"height\":2000},{\"@type\":\"BreadcrumbList\",\"@id\":\"https:\/\/dalloz-stones.com\/fr\/produit\/spinelle-aigue-marine-claire-rond-700-mm\/#breadcrumb\",\"itemListElement\":[{\"@type\":\"ListItem\",\"position\":1,\"name\":\"Accueil\",\"item\":\"https:\/\/dalloz-stones.com\/fr\/\"},{\"@type\":\"ListItem\",\"position\":2,\"name\":\"Boutique\",\"item\":\"https:\/\/dalloz-stones.com\/boutique\/\"},{\"@type\":\"ListItem\",\"position\":3,\"name\":\"Spinelle Aigue marine claire Rond &#8211; 7,00 mm\"}]},{\"@type\":\"WebSite\",\"@id\":\"https:\/\/dalloz-stones.com\/fr\/#website\",\"url\":\"https:\/\/dalloz-stones.com\/fr\/\",\"name\":\"Dalloz stones &amp; rough\",\"description\":\"\",\"publisher\":{\"@id\":\"https:\/\/dalloz-stones.com\/fr\/#organization\"},\"potentialAction\":[{\"@type\":\"SearchAction\",\"target\":{\"@type\":\"EntryPoint\",\"urlTemplate\":\"https:\/\/dalloz-stones.com\/fr\/?s={search_term_string}\"},\"query-input\":{\"@type\":\"PropertyValueSpecification\",\"valueRequired\":true,\"valueName\":\"search_term_string\"}}],\"inLanguage\":\"fr-FR\"},{\"@type\":\"Organization\",\"@id\":\"https:\/\/dalloz-stones.com\/fr\/#organization\",\"name\":\"Dalloz Stones & Rough\",\"url\":\"https:\/\/dalloz-stones.com\/fr\/\",\"logo\":{\"@type\":\"ImageObject\",\"inLanguage\":\"fr-FR\",\"@id\":\"https:\/\/dalloz-stones.com\/fr\/#\/schema\/logo\/image\/\",\"url\":\"https:\/\/dalloz-stones.com\/app\/uploads\/2020\/11\/Dalloz_Mono_Vertsapin.png\",\"contentUrl\":\"https:\/\/dalloz-stones.com\/app\/uploads\/2020\/11\/Dalloz_Mono_Vertsapin.png\",\"width\":1772,\"height\":1772,\"caption\":\"Dalloz Stones & Rough\"},\"image\":{\"@id\":\"https:\/\/dalloz-stones.com\/fr\/#\/schema\/logo\/image\/\"},\"sameAs\":[\"https:\/\/www.facebook.com\/dalloz1917\/\",\"https:\/\/www.instagram.com\/dallozstones\/\",\"https:\/\/www.linkedin.com\/company\/dalloz-stones-and-rough\/\",\"https:\/\/www.youtube.com\/channel\/UC1mJnpsxORlO9kjbbN9LvtQ\"]}]}<\/script>\n<!-- \/ Yoast SEO plugin. -->","yoast_head_json":{"title":"Spinelle Aigue marine claire Rond - 7,00 mm &#8226; Dalloz stones &amp; rough","description":"Spinelle synth\u00e9tique aigue-marine clair 7 mm. Belle teinte claire, \u00e9clat mod\u00e9r\u00e9, fabrication fran\u00e7aise \u00e9coresponsable. Id\u00e9al cr\u00e9ation.","robots":{"index":"index","follow":"follow","max-snippet":"max-snippet:-1","max-image-preview":"max-image-preview:large","max-video-preview":"max-video-preview:-1"},"canonical":"https:\/\/dalloz-stones.com\/fr\/produit\/spinelle-aigue-marine-claire-rond-700-mm\/","og_locale":"fr_FR","og_type":"article","og_title":"Spinelle Aigue marine claire Rond - 7,00 mm &#8226; Dalloz stones &amp; rough","og_description":"Spinelle synth\u00e9tique aigue-marine clair 7 mm. Belle teinte claire, \u00e9clat mod\u00e9r\u00e9, fabrication fran\u00e7aise \u00e9coresponsable. Id\u00e9al cr\u00e9ation.","og_url":"https:\/\/dalloz-stones.com\/fr\/produit\/spinelle-aigue-marine-claire-rond-700-mm\/","og_site_name":"Dalloz stones &amp; rough","article_publisher":"https:\/\/www.facebook.com\/dalloz1917\/","article_modified_time":"2025-11-20T11:24:54+00:00","og_image":[{"width":2000,"height":2000,"url":"https:\/\/dalloz-stones.com\/app\/uploads\/2025\/11\/2AQUCR50120-P0LA_1.jpg","type":"image\/jpeg"}],"twitter_card":"summary_large_image","twitter_misc":{"Dur\u00e9e de lecture estim\u00e9e":"1 minute"},"schema":{"@context":"https:\/\/schema.org","@graph":[{"@type":"WebPage","@id":"https:\/\/dalloz-stones.com\/fr\/produit\/spinelle-aigue-marine-claire-rond-700-mm\/","url":"https:\/\/dalloz-stones.com\/fr\/produit\/spinelle-aigue-marine-claire-rond-700-mm\/","name":"Spinelle Aigue marine claire Rond - 7,00 mm &#8226; Dalloz stones &amp; rough","isPartOf":{"@id":"https:\/\/dalloz-stones.com\/fr\/#website"},"primaryImageOfPage":{"@id":"https:\/\/dalloz-stones.com\/fr\/produit\/spinelle-aigue-marine-claire-rond-700-mm\/#primaryimage"},"image":{"@id":"https:\/\/dalloz-stones.com\/fr\/produit\/spinelle-aigue-marine-claire-rond-700-mm\/#primaryimage"},"thumbnailUrl":"https:\/\/dalloz-stones.com\/app\/uploads\/2025\/11\/2AQUCR50120-P0LA_1.jpg","datePublished":"2025-11-13T10:39:46+00:00","dateModified":"2025-11-20T11:24:54+00:00","description":"Spinelle synth\u00e9tique aigue-marine clair 7 mm. Belle teinte claire, \u00e9clat mod\u00e9r\u00e9, fabrication fran\u00e7aise \u00e9coresponsable. Id\u00e9al cr\u00e9ation.","breadcrumb":{"@id":"https:\/\/dalloz-stones.com\/fr\/produit\/spinelle-aigue-marine-claire-rond-700-mm\/#breadcrumb"},"inLanguage":"fr-FR","potentialAction":[{"@type":"ReadAction","target":["https:\/\/dalloz-stones.com\/fr\/produit\/spinelle-aigue-marine-claire-rond-700-mm\/"]}]},{"@type":"ImageObject","inLanguage":"fr-FR","@id":"https:\/\/dalloz-stones.com\/fr\/produit\/spinelle-aigue-marine-claire-rond-700-mm\/#primaryimage","url":"https:\/\/dalloz-stones.com\/app\/uploads\/2025\/11\/2AQUCR50120-P0LA_1.jpg","contentUrl":"https:\/\/dalloz-stones.com\/app\/uploads\/2025\/11\/2AQUCR50120-P0LA_1.jpg","width":2000,"height":2000},{"@type":"BreadcrumbList","@id":"https:\/\/dalloz-stones.com\/fr\/produit\/spinelle-aigue-marine-claire-rond-700-mm\/#breadcrumb","itemListElement":[{"@type":"ListItem","position":1,"name":"Accueil","item":"https:\/\/dalloz-stones.com\/fr\/"},{"@type":"ListItem","position":2,"name":"Boutique","item":"https:\/\/dalloz-stones.com\/boutique\/"},{"@type":"ListItem","position":3,"name":"Spinelle Aigue marine claire Rond &#8211; 7,00 mm"}]},{"@type":"WebSite","@id":"https:\/\/dalloz-stones.com\/fr\/#website","url":"https:\/\/dalloz-stones.com\/fr\/","name":"Dalloz stones &amp; rough","description":"","publisher":{"@id":"https:\/\/dalloz-stones.com\/fr\/#organization"},"potentialAction":[{"@type":"SearchAction","target":{"@type":"EntryPoint","urlTemplate":"https:\/\/dalloz-stones.com\/fr\/?s={search_term_string}"},"query-input":{"@type":"PropertyValueSpecification","valueRequired":true,"valueName":"search_term_string"}}],"inLanguage":"fr-FR"},{"@type":"Organization","@id":"https:\/\/dalloz-stones.com\/fr\/#organization","name":"Dalloz Stones & Rough","url":"https:\/\/dalloz-stones.com\/fr\/","logo":{"@type":"ImageObject","inLanguage":"fr-FR","@id":"https:\/\/dalloz-stones.com\/fr\/#\/schema\/logo\/image\/","url":"https:\/\/dalloz-stones.com\/app\/uploads\/2020\/11\/Dalloz_Mono_Vertsapin.png","contentUrl":"https:\/\/dalloz-stones.com\/app\/uploads\/2020\/11\/Dalloz_Mono_Vertsapin.png","width":1772,"height":1772,"caption":"Dalloz Stones & Rough"},"image":{"@id":"https:\/\/dalloz-stones.com\/fr\/#\/schema\/logo\/image\/"},"sameAs":["https:\/\/www.facebook.com\/dalloz1917\/","https:\/\/www.instagram.com\/dallozstones\/","https:\/\/www.linkedin.com\/company\/dalloz-stones-and-rough\/","https:\/\/www.youtube.com\/channel\/UC1mJnpsxORlO9kjbbN9LvtQ"]}]}},"_links":{"self":[{"href":"https:\/\/dalloz-stones.com\/fr\/wp-json\/wp\/v2\/product\/14798","targetHints":{"allow":["GET"]}}],"collection":[{"href":"https:\/\/dalloz-stones.com\/fr\/wp-json\/wp\/v2\/product"}],"about":[{"href":"https:\/\/dalloz-stones.com\/fr\/wp-json\/wp\/v2\/types\/product"}],"replies":[{"embeddable":true,"href":"https:\/\/dalloz-stones.com\/fr\/wp-json\/wp\/v2\/comments?post=14798"}],"wp:featuredmedia":[{"embeddable":true,"href":"https:\/\/dalloz-stones.com\/fr\/wp-json\/wp\/v2\/media\/14803"}],"wp:attachment":[{"href":"https:\/\/dalloz-stones.com\/fr\/wp-json\/wp\/v2\/media?parent=14798"}],"wp:term":[{"taxonomy":"product_brand","embeddable":true,"href":"https:\/\/dalloz-stones.com\/fr\/wp-json\/wp\/v2\/product_brand?post=14798"},{"taxonomy":"product_cat","embeddable":true,"href":"https:\/\/dalloz-stones.com\/fr\/wp-json\/wp\/v2\/product_cat?post=14798"},{"taxonomy":"product_tag","embeddable":true,"href":"https:\/\/dalloz-stones.com\/fr\/wp-json\/wp\/v2\/product_tag?post=14798"}],"curies":[{"name":"wp","href":"https:\/\/api.w.org\/{rel}","templated":true}]}}