{"id":12434,"date":"2025-02-14T19:01:19","date_gmt":"2025-02-14T18:01:19","guid":{"rendered":"https:\/\/dalloz-stones.com\/produit\/cubic-zirconia-blanc-antic\/"},"modified":"2025-04-24T10:39:08","modified_gmt":"2025-04-24T08:39:08","slug":"cubic-zirconia-blanc-antique","status":"publish","type":"product","link":"https:\/\/dalloz-stones.com\/fr\/produit\/cubic-zirconia-blanc-antique\/","title":{"rendered":"Cubic Zirconia Blanc Antique &#8211; 4,00 mm x 4,00 mm"},"content":{"rendered":"<p>Ce cubic zirconia blanc, taill\u00e9 dans une \u00e9l\u00e9gante forme antique 4,00 mm x 4,00 mm, incarne un charme classique et raffin\u00e9. Avec ses facettes soigneusement travaill\u00e9es et son \u00e9clat brillant, il apporte une touche de nostalgie et d\u2019\u00e9l\u00e9gance intemporelle \u00e0 vos cr\u00e9ations joailli\u00e8res. Parfait pour des designs uniques et inspir\u00e9s de l\u2019histoire, cette pierre sublime vos bijoux avec une esth\u00e9tique \u00e0 la fois traditionnelle et sophistiqu\u00e9e.<\/p>\n","protected":false},"excerpt":{"rendered":"<p>Ce cubic zirconia blanc, taill\u00e9 dans une \u00e9l\u00e9gante forme antique 4,00 mm x 4,00 mm, incarne un charme classique et raffin\u00e9. Avec ses facettes soigneusement travaill\u00e9es et son \u00e9clat brillant, il apporte une touche de nostalgie et d\u2019\u00e9l\u00e9gance intemporelle \u00e0 vos cr\u00e9ations joailli\u00e8res. Parfait pour des designs uniques et inspir\u00e9s de l\u2019histoire, cette pierre sublime vos bijoux avec une esth\u00e9tique \u00e0 la fois traditionnelle et sophistiqu\u00e9e.<\/p>\n","protected":false},"featured_media":14349,"comment_status":"closed","ping_status":"closed","template":"","meta":{"_acf_changed":false,"content-type":""},"product_brand":[],"product_cat":[133],"product_tag":[],"class_list":{"0":"post-12434","1":"product","2":"type-product","3":"status-publish","4":"has-post-thumbnail","6":"product_cat-non-classifiee","7":"pa_color-blanc","8":"pa_material-cubic-zirconia","9":"pa_origine-du-brut-sourcing","10":"pa_shape-carre","11":"pa_stone-colour-blanc","12":"pa_stone-shape-antic","13":"pa_stone-type-synthetique-fr","15":"first","16":"instock","17":"taxable","18":"shipping-taxable","19":"purchasable","20":"product-type-simple"},"acf":[],"yoast_head":"<!-- This site is optimized with the Yoast SEO plugin v26.9 - https:\/\/yoast.com\/product\/yoast-seo-wordpress\/ -->\n<title>Cubic Zirconia blanc antique \u2013 brillance raffin\u00e9e<\/title>\n<meta name=\"description\" content=\"Ce cubic zirconia blanc en taille antique offre une \u00e9l\u00e9gance intemporelle, parfaite pour des bijoux sophistiqu\u00e9s et inspir\u00e9s de l\u2019histoire.\" \/>\n<meta name=\"robots\" content=\"index, follow, max-snippet:-1, max-image-preview:large, max-video-preview:-1\" \/>\n<link rel=\"canonical\" href=\"https:\/\/dalloz-stones.com\/fr\/produit\/cubic-zirconia-blanc-antique\/\" \/>\n<meta property=\"og:locale\" content=\"fr_FR\" \/>\n<meta property=\"og:type\" content=\"article\" \/>\n<meta property=\"og:title\" content=\"Cubic Zirconia blanc antique \u2013 brillance raffin\u00e9e\" \/>\n<meta property=\"og:description\" content=\"Ce cubic zirconia blanc en taille antique offre une \u00e9l\u00e9gance intemporelle, parfaite pour des bijoux sophistiqu\u00e9s et inspir\u00e9s de l\u2019histoire.\" \/>\n<meta property=\"og:url\" content=\"https:\/\/dalloz-stones.com\/fr\/produit\/cubic-zirconia-blanc-antique\/\" \/>\n<meta property=\"og:site_name\" content=\"Dalloz stones &amp; rough\" \/>\n<meta property=\"article:publisher\" content=\"https:\/\/www.facebook.com\/dalloz1917\/\" \/>\n<meta property=\"article:modified_time\" content=\"2025-04-24T08:39:08+00:00\" \/>\n<meta property=\"og:image\" content=\"https:\/\/dalloz-stones.com\/app\/uploads\/2025\/04\/2ZIRCA80400EA-Q1H1XXX_1-1024x1024.jpg\" \/>\n\t<meta property=\"og:image:width\" content=\"1024\" \/>\n\t<meta property=\"og:image:height\" content=\"1024\" \/>\n\t<meta property=\"og:image:type\" content=\"image\/jpeg\" \/>\n<meta name=\"twitter:card\" content=\"summary_large_image\" \/>\n<meta name=\"twitter:label1\" content=\"Dur\u00e9e de lecture estim\u00e9e\" \/>\n\t<meta name=\"twitter:data1\" content=\"1 minute\" \/>\n<script type=\"application\/ld+json\" class=\"yoast-schema-graph\">{\"@context\":\"https:\/\/schema.org\",\"@graph\":[{\"@type\":\"WebPage\",\"@id\":\"https:\/\/dalloz-stones.com\/fr\/produit\/cubic-zirconia-blanc-antique\/\",\"url\":\"https:\/\/dalloz-stones.com\/fr\/produit\/cubic-zirconia-blanc-antique\/\",\"name\":\"Cubic Zirconia blanc antique \u2013 brillance raffin\u00e9e\",\"isPartOf\":{\"@id\":\"https:\/\/dalloz-stones.com\/fr\/#website\"},\"primaryImageOfPage\":{\"@id\":\"https:\/\/dalloz-stones.com\/fr\/produit\/cubic-zirconia-blanc-antique\/#primaryimage\"},\"image\":{\"@id\":\"https:\/\/dalloz-stones.com\/fr\/produit\/cubic-zirconia-blanc-antique\/#primaryimage\"},\"thumbnailUrl\":\"https:\/\/dalloz-stones.com\/app\/uploads\/2025\/04\/2ZIRCA80400EA-Q1H1XXX_1.jpg\",\"datePublished\":\"2025-02-14T18:01:19+00:00\",\"dateModified\":\"2025-04-24T08:39:08+00:00\",\"description\":\"Ce cubic zirconia blanc en taille antique offre une \u00e9l\u00e9gance intemporelle, parfaite pour des bijoux sophistiqu\u00e9s et inspir\u00e9s de l\u2019histoire.\",\"breadcrumb\":{\"@id\":\"https:\/\/dalloz-stones.com\/fr\/produit\/cubic-zirconia-blanc-antique\/#breadcrumb\"},\"inLanguage\":\"fr-FR\",\"potentialAction\":[{\"@type\":\"ReadAction\",\"target\":[\"https:\/\/dalloz-stones.com\/fr\/produit\/cubic-zirconia-blanc-antique\/\"]}]},{\"@type\":\"ImageObject\",\"inLanguage\":\"fr-FR\",\"@id\":\"https:\/\/dalloz-stones.com\/fr\/produit\/cubic-zirconia-blanc-antique\/#primaryimage\",\"url\":\"https:\/\/dalloz-stones.com\/app\/uploads\/2025\/04\/2ZIRCA80400EA-Q1H1XXX_1.jpg\",\"contentUrl\":\"https:\/\/dalloz-stones.com\/app\/uploads\/2025\/04\/2ZIRCA80400EA-Q1H1XXX_1.jpg\",\"width\":2000,\"height\":2000},{\"@type\":\"BreadcrumbList\",\"@id\":\"https:\/\/dalloz-stones.com\/fr\/produit\/cubic-zirconia-blanc-antique\/#breadcrumb\",\"itemListElement\":[{\"@type\":\"ListItem\",\"position\":1,\"name\":\"Accueil\",\"item\":\"https:\/\/dalloz-stones.com\/fr\/\"},{\"@type\":\"ListItem\",\"position\":2,\"name\":\"Boutique\",\"item\":\"https:\/\/dalloz-stones.com\/boutique\/\"},{\"@type\":\"ListItem\",\"position\":3,\"name\":\"Cubic Zirconia Blanc Antique &#8211; 4,00 mm x 4,00 mm\"}]},{\"@type\":\"WebSite\",\"@id\":\"https:\/\/dalloz-stones.com\/fr\/#website\",\"url\":\"https:\/\/dalloz-stones.com\/fr\/\",\"name\":\"Dalloz stones &amp; rough\",\"description\":\"\",\"publisher\":{\"@id\":\"https:\/\/dalloz-stones.com\/fr\/#organization\"},\"potentialAction\":[{\"@type\":\"SearchAction\",\"target\":{\"@type\":\"EntryPoint\",\"urlTemplate\":\"https:\/\/dalloz-stones.com\/fr\/?s={search_term_string}\"},\"query-input\":{\"@type\":\"PropertyValueSpecification\",\"valueRequired\":true,\"valueName\":\"search_term_string\"}}],\"inLanguage\":\"fr-FR\"},{\"@type\":\"Organization\",\"@id\":\"https:\/\/dalloz-stones.com\/fr\/#organization\",\"name\":\"Dalloz Stones & Rough\",\"url\":\"https:\/\/dalloz-stones.com\/fr\/\",\"logo\":{\"@type\":\"ImageObject\",\"inLanguage\":\"fr-FR\",\"@id\":\"https:\/\/dalloz-stones.com\/fr\/#\/schema\/logo\/image\/\",\"url\":\"https:\/\/dalloz-stones.com\/app\/uploads\/2020\/11\/Dalloz_Mono_Vertsapin.png\",\"contentUrl\":\"https:\/\/dalloz-stones.com\/app\/uploads\/2020\/11\/Dalloz_Mono_Vertsapin.png\",\"width\":1772,\"height\":1772,\"caption\":\"Dalloz Stones & Rough\"},\"image\":{\"@id\":\"https:\/\/dalloz-stones.com\/fr\/#\/schema\/logo\/image\/\"},\"sameAs\":[\"https:\/\/www.facebook.com\/dalloz1917\/\",\"https:\/\/www.instagram.com\/dallozstones\/\",\"https:\/\/www.linkedin.com\/company\/dalloz-stones-and-rough\/\",\"https:\/\/www.youtube.com\/channel\/UC1mJnpsxORlO9kjbbN9LvtQ\"]}]}<\/script>\n<!-- \/ Yoast SEO plugin. -->","yoast_head_json":{"title":"Cubic Zirconia blanc antique \u2013 brillance raffin\u00e9e","description":"Ce cubic zirconia blanc en taille antique offre une \u00e9l\u00e9gance intemporelle, parfaite pour des bijoux sophistiqu\u00e9s et inspir\u00e9s de l\u2019histoire.","robots":{"index":"index","follow":"follow","max-snippet":"max-snippet:-1","max-image-preview":"max-image-preview:large","max-video-preview":"max-video-preview:-1"},"canonical":"https:\/\/dalloz-stones.com\/fr\/produit\/cubic-zirconia-blanc-antique\/","og_locale":"fr_FR","og_type":"article","og_title":"Cubic Zirconia blanc antique \u2013 brillance raffin\u00e9e","og_description":"Ce cubic zirconia blanc en taille antique offre une \u00e9l\u00e9gance intemporelle, parfaite pour des bijoux sophistiqu\u00e9s et inspir\u00e9s de l\u2019histoire.","og_url":"https:\/\/dalloz-stones.com\/fr\/produit\/cubic-zirconia-blanc-antique\/","og_site_name":"Dalloz stones &amp; rough","article_publisher":"https:\/\/www.facebook.com\/dalloz1917\/","article_modified_time":"2025-04-24T08:39:08+00:00","og_image":[{"width":1024,"height":1024,"url":"https:\/\/dalloz-stones.com\/app\/uploads\/2025\/04\/2ZIRCA80400EA-Q1H1XXX_1-1024x1024.jpg","type":"image\/jpeg"}],"twitter_card":"summary_large_image","twitter_misc":{"Dur\u00e9e de lecture estim\u00e9e":"1 minute"},"schema":{"@context":"https:\/\/schema.org","@graph":[{"@type":"WebPage","@id":"https:\/\/dalloz-stones.com\/fr\/produit\/cubic-zirconia-blanc-antique\/","url":"https:\/\/dalloz-stones.com\/fr\/produit\/cubic-zirconia-blanc-antique\/","name":"Cubic Zirconia blanc antique \u2013 brillance raffin\u00e9e","isPartOf":{"@id":"https:\/\/dalloz-stones.com\/fr\/#website"},"primaryImageOfPage":{"@id":"https:\/\/dalloz-stones.com\/fr\/produit\/cubic-zirconia-blanc-antique\/#primaryimage"},"image":{"@id":"https:\/\/dalloz-stones.com\/fr\/produit\/cubic-zirconia-blanc-antique\/#primaryimage"},"thumbnailUrl":"https:\/\/dalloz-stones.com\/app\/uploads\/2025\/04\/2ZIRCA80400EA-Q1H1XXX_1.jpg","datePublished":"2025-02-14T18:01:19+00:00","dateModified":"2025-04-24T08:39:08+00:00","description":"Ce cubic zirconia blanc en taille antique offre une \u00e9l\u00e9gance intemporelle, parfaite pour des bijoux sophistiqu\u00e9s et inspir\u00e9s de l\u2019histoire.","breadcrumb":{"@id":"https:\/\/dalloz-stones.com\/fr\/produit\/cubic-zirconia-blanc-antique\/#breadcrumb"},"inLanguage":"fr-FR","potentialAction":[{"@type":"ReadAction","target":["https:\/\/dalloz-stones.com\/fr\/produit\/cubic-zirconia-blanc-antique\/"]}]},{"@type":"ImageObject","inLanguage":"fr-FR","@id":"https:\/\/dalloz-stones.com\/fr\/produit\/cubic-zirconia-blanc-antique\/#primaryimage","url":"https:\/\/dalloz-stones.com\/app\/uploads\/2025\/04\/2ZIRCA80400EA-Q1H1XXX_1.jpg","contentUrl":"https:\/\/dalloz-stones.com\/app\/uploads\/2025\/04\/2ZIRCA80400EA-Q1H1XXX_1.jpg","width":2000,"height":2000},{"@type":"BreadcrumbList","@id":"https:\/\/dalloz-stones.com\/fr\/produit\/cubic-zirconia-blanc-antique\/#breadcrumb","itemListElement":[{"@type":"ListItem","position":1,"name":"Accueil","item":"https:\/\/dalloz-stones.com\/fr\/"},{"@type":"ListItem","position":2,"name":"Boutique","item":"https:\/\/dalloz-stones.com\/boutique\/"},{"@type":"ListItem","position":3,"name":"Cubic Zirconia Blanc Antique &#8211; 4,00 mm x 4,00 mm"}]},{"@type":"WebSite","@id":"https:\/\/dalloz-stones.com\/fr\/#website","url":"https:\/\/dalloz-stones.com\/fr\/","name":"Dalloz stones &amp; rough","description":"","publisher":{"@id":"https:\/\/dalloz-stones.com\/fr\/#organization"},"potentialAction":[{"@type":"SearchAction","target":{"@type":"EntryPoint","urlTemplate":"https:\/\/dalloz-stones.com\/fr\/?s={search_term_string}"},"query-input":{"@type":"PropertyValueSpecification","valueRequired":true,"valueName":"search_term_string"}}],"inLanguage":"fr-FR"},{"@type":"Organization","@id":"https:\/\/dalloz-stones.com\/fr\/#organization","name":"Dalloz Stones & Rough","url":"https:\/\/dalloz-stones.com\/fr\/","logo":{"@type":"ImageObject","inLanguage":"fr-FR","@id":"https:\/\/dalloz-stones.com\/fr\/#\/schema\/logo\/image\/","url":"https:\/\/dalloz-stones.com\/app\/uploads\/2020\/11\/Dalloz_Mono_Vertsapin.png","contentUrl":"https:\/\/dalloz-stones.com\/app\/uploads\/2020\/11\/Dalloz_Mono_Vertsapin.png","width":1772,"height":1772,"caption":"Dalloz Stones & Rough"},"image":{"@id":"https:\/\/dalloz-stones.com\/fr\/#\/schema\/logo\/image\/"},"sameAs":["https:\/\/www.facebook.com\/dalloz1917\/","https:\/\/www.instagram.com\/dallozstones\/","https:\/\/www.linkedin.com\/company\/dalloz-stones-and-rough\/","https:\/\/www.youtube.com\/channel\/UC1mJnpsxORlO9kjbbN9LvtQ"]}]}},"_links":{"self":[{"href":"https:\/\/dalloz-stones.com\/fr\/wp-json\/wp\/v2\/product\/12434","targetHints":{"allow":["GET"]}}],"collection":[{"href":"https:\/\/dalloz-stones.com\/fr\/wp-json\/wp\/v2\/product"}],"about":[{"href":"https:\/\/dalloz-stones.com\/fr\/wp-json\/wp\/v2\/types\/product"}],"replies":[{"embeddable":true,"href":"https:\/\/dalloz-stones.com\/fr\/wp-json\/wp\/v2\/comments?post=12434"}],"wp:featuredmedia":[{"embeddable":true,"href":"https:\/\/dalloz-stones.com\/fr\/wp-json\/wp\/v2\/media\/14349"}],"wp:attachment":[{"href":"https:\/\/dalloz-stones.com\/fr\/wp-json\/wp\/v2\/media?parent=12434"}],"wp:term":[{"taxonomy":"product_brand","embeddable":true,"href":"https:\/\/dalloz-stones.com\/fr\/wp-json\/wp\/v2\/product_brand?post=12434"},{"taxonomy":"product_cat","embeddable":true,"href":"https:\/\/dalloz-stones.com\/fr\/wp-json\/wp\/v2\/product_cat?post=12434"},{"taxonomy":"product_tag","embeddable":true,"href":"https:\/\/dalloz-stones.com\/fr\/wp-json\/wp\/v2\/product_tag?post=12434"}],"curies":[{"name":"wp","href":"https:\/\/api.w.org\/{rel}","templated":true}]}}