{"id":12430,"date":"2025-02-14T19:00:48","date_gmt":"2025-02-14T18:00:48","guid":{"rendered":"https:\/\/dalloz-stones.com\/produit\/cubic-zirconia-blanc-triangle\/"},"modified":"2025-04-22T09:57:37","modified_gmt":"2025-04-22T07:57:37","slug":"cubic-zirconia-blanc-triangle","status":"publish","type":"product","link":"https:\/\/dalloz-stones.com\/fr\/produit\/cubic-zirconia-blanc-triangle\/","title":{"rendered":"Cubic Zirconia Blanc Triangle  &#8211;  5,00x 5,00x 5,00 mm"},"content":{"rendered":"<p>Ce cubic zirconia blanc, taill\u00e9 en triangle \u00e9quilat\u00e9ral de 5,00 mm x 5,00 mm x 5,00 mm, offre une allure contemporaine et raffin\u00e9e. Ses lignes nettes et sa brillance \u00e9clatante apportent une touche d\u2019audace et de modernit\u00e9 \u00e0 vos cr\u00e9ations joailli\u00e8res. Id\u00e9al pour des designs uniques et originaux, cette pierre est un choix parfait pour sublimer vos bijoux avec une esth\u00e9tique g\u00e9om\u00e9trique et intemporelle.<\/p>\n","protected":false},"excerpt":{"rendered":"<p>Ce cubic zirconia blanc, taill\u00e9 en triangle \u00e9quilat\u00e9ral de 5,00 mm x 5,00 mm x 5,00 mm, offre une allure contemporaine et raffin\u00e9e. Ses lignes nettes et sa brillance \u00e9clatante apportent une touche d\u2019audace et de modernit\u00e9 \u00e0 vos cr\u00e9ations joailli\u00e8res. Id\u00e9al pour des designs uniques et originaux, cette pierre est un choix parfait pour sublimer vos bijoux avec une esth\u00e9tique g\u00e9om\u00e9trique et intemporelle.<\/p>\n","protected":false},"featured_media":13864,"comment_status":"closed","ping_status":"closed","template":"","meta":{"_acf_changed":false,"content-type":""},"product_brand":[],"product_cat":[133],"product_tag":[],"class_list":{"0":"post-12430","1":"product","2":"type-product","3":"status-publish","4":"has-post-thumbnail","6":"product_cat-non-classifiee","7":"pa_color-blanc","8":"pa_material-cubic-zirconia","9":"pa_origine-du-brut-sourcing","10":"pa_shape-triangle","11":"pa_stone-colour-blanc","12":"pa_stone-shape-triangle","13":"pa_stone-type-synthetique-fr","15":"first","16":"instock","17":"taxable","18":"shipping-taxable","19":"purchasable","20":"product-type-simple"},"acf":[],"yoast_head":"<!-- This site is optimized with the Yoast SEO plugin v26.9 - https:\/\/yoast.com\/product\/yoast-seo-wordpress\/ -->\n<title>Cubic Zirconia blanc triangle \u2013 Design unique et \u00e9clat audacieux<\/title>\n<meta name=\"description\" content=\"Ce cubic zirconia blanc triangulaire apporte une touche de modernit\u00e9 et de finesse \u00e0 vos bijoux. Parfait pour des cr\u00e9ations g\u00e9om\u00e9triques raffin\u00e9es.\" \/>\n<meta name=\"robots\" content=\"index, follow, max-snippet:-1, max-image-preview:large, max-video-preview:-1\" \/>\n<link rel=\"canonical\" href=\"https:\/\/dalloz-stones.com\/fr\/produit\/cubic-zirconia-blanc-triangle\/\" \/>\n<meta property=\"og:locale\" content=\"fr_FR\" \/>\n<meta property=\"og:type\" content=\"article\" \/>\n<meta property=\"og:title\" content=\"Cubic Zirconia blanc triangle \u2013 Design unique et \u00e9clat audacieux\" \/>\n<meta property=\"og:description\" content=\"Ce cubic zirconia blanc triangulaire apporte une touche de modernit\u00e9 et de finesse \u00e0 vos bijoux. Parfait pour des cr\u00e9ations g\u00e9om\u00e9triques raffin\u00e9es.\" \/>\n<meta property=\"og:url\" content=\"https:\/\/dalloz-stones.com\/fr\/produit\/cubic-zirconia-blanc-triangle\/\" \/>\n<meta property=\"og:site_name\" content=\"Dalloz stones &amp; rough\" \/>\n<meta property=\"article:publisher\" content=\"https:\/\/www.facebook.com\/dalloz1917\/\" \/>\n<meta property=\"article:modified_time\" content=\"2025-04-22T07:57:37+00:00\" \/>\n<meta property=\"og:image\" content=\"https:\/\/dalloz-stones.com\/app\/uploads\/2025\/03\/2ZIRCT50500FAFA-QOW_1-1024x1024.jpg\" \/>\n\t<meta property=\"og:image:width\" content=\"1024\" \/>\n\t<meta property=\"og:image:height\" content=\"1024\" \/>\n\t<meta property=\"og:image:type\" content=\"image\/jpeg\" \/>\n<meta name=\"twitter:card\" content=\"summary_large_image\" \/>\n<meta name=\"twitter:label1\" content=\"Dur\u00e9e de lecture estim\u00e9e\" \/>\n\t<meta name=\"twitter:data1\" content=\"1 minute\" \/>\n<script type=\"application\/ld+json\" class=\"yoast-schema-graph\">{\"@context\":\"https:\/\/schema.org\",\"@graph\":[{\"@type\":\"WebPage\",\"@id\":\"https:\/\/dalloz-stones.com\/fr\/produit\/cubic-zirconia-blanc-triangle\/\",\"url\":\"https:\/\/dalloz-stones.com\/fr\/produit\/cubic-zirconia-blanc-triangle\/\",\"name\":\"Cubic Zirconia blanc triangle \u2013 Design unique et \u00e9clat audacieux\",\"isPartOf\":{\"@id\":\"https:\/\/dalloz-stones.com\/fr\/#website\"},\"primaryImageOfPage\":{\"@id\":\"https:\/\/dalloz-stones.com\/fr\/produit\/cubic-zirconia-blanc-triangle\/#primaryimage\"},\"image\":{\"@id\":\"https:\/\/dalloz-stones.com\/fr\/produit\/cubic-zirconia-blanc-triangle\/#primaryimage\"},\"thumbnailUrl\":\"https:\/\/dalloz-stones.com\/app\/uploads\/2025\/03\/2ZIRCT50500FAFA-QOW_1.jpg\",\"datePublished\":\"2025-02-14T18:00:48+00:00\",\"dateModified\":\"2025-04-22T07:57:37+00:00\",\"description\":\"Ce cubic zirconia blanc triangulaire apporte une touche de modernit\u00e9 et de finesse \u00e0 vos bijoux. Parfait pour des cr\u00e9ations g\u00e9om\u00e9triques raffin\u00e9es.\",\"breadcrumb\":{\"@id\":\"https:\/\/dalloz-stones.com\/fr\/produit\/cubic-zirconia-blanc-triangle\/#breadcrumb\"},\"inLanguage\":\"fr-FR\",\"potentialAction\":[{\"@type\":\"ReadAction\",\"target\":[\"https:\/\/dalloz-stones.com\/fr\/produit\/cubic-zirconia-blanc-triangle\/\"]}]},{\"@type\":\"ImageObject\",\"inLanguage\":\"fr-FR\",\"@id\":\"https:\/\/dalloz-stones.com\/fr\/produit\/cubic-zirconia-blanc-triangle\/#primaryimage\",\"url\":\"https:\/\/dalloz-stones.com\/app\/uploads\/2025\/03\/2ZIRCT50500FAFA-QOW_1.jpg\",\"contentUrl\":\"https:\/\/dalloz-stones.com\/app\/uploads\/2025\/03\/2ZIRCT50500FAFA-QOW_1.jpg\",\"width\":2000,\"height\":2000},{\"@type\":\"BreadcrumbList\",\"@id\":\"https:\/\/dalloz-stones.com\/fr\/produit\/cubic-zirconia-blanc-triangle\/#breadcrumb\",\"itemListElement\":[{\"@type\":\"ListItem\",\"position\":1,\"name\":\"Accueil\",\"item\":\"https:\/\/dalloz-stones.com\/fr\/\"},{\"@type\":\"ListItem\",\"position\":2,\"name\":\"Boutique\",\"item\":\"https:\/\/dalloz-stones.com\/boutique\/\"},{\"@type\":\"ListItem\",\"position\":3,\"name\":\"Cubic Zirconia Blanc Triangle &#8211; 5,00x 5,00x 5,00 mm\"}]},{\"@type\":\"WebSite\",\"@id\":\"https:\/\/dalloz-stones.com\/fr\/#website\",\"url\":\"https:\/\/dalloz-stones.com\/fr\/\",\"name\":\"Dalloz stones &amp; rough\",\"description\":\"\",\"publisher\":{\"@id\":\"https:\/\/dalloz-stones.com\/fr\/#organization\"},\"potentialAction\":[{\"@type\":\"SearchAction\",\"target\":{\"@type\":\"EntryPoint\",\"urlTemplate\":\"https:\/\/dalloz-stones.com\/fr\/?s={search_term_string}\"},\"query-input\":{\"@type\":\"PropertyValueSpecification\",\"valueRequired\":true,\"valueName\":\"search_term_string\"}}],\"inLanguage\":\"fr-FR\"},{\"@type\":\"Organization\",\"@id\":\"https:\/\/dalloz-stones.com\/fr\/#organization\",\"name\":\"Dalloz Stones & Rough\",\"url\":\"https:\/\/dalloz-stones.com\/fr\/\",\"logo\":{\"@type\":\"ImageObject\",\"inLanguage\":\"fr-FR\",\"@id\":\"https:\/\/dalloz-stones.com\/fr\/#\/schema\/logo\/image\/\",\"url\":\"https:\/\/dalloz-stones.com\/app\/uploads\/2020\/11\/Dalloz_Mono_Vertsapin.png\",\"contentUrl\":\"https:\/\/dalloz-stones.com\/app\/uploads\/2020\/11\/Dalloz_Mono_Vertsapin.png\",\"width\":1772,\"height\":1772,\"caption\":\"Dalloz Stones & Rough\"},\"image\":{\"@id\":\"https:\/\/dalloz-stones.com\/fr\/#\/schema\/logo\/image\/\"},\"sameAs\":[\"https:\/\/www.facebook.com\/dalloz1917\/\",\"https:\/\/www.instagram.com\/dallozstones\/\",\"https:\/\/www.linkedin.com\/company\/dalloz-stones-and-rough\/\",\"https:\/\/www.youtube.com\/channel\/UC1mJnpsxORlO9kjbbN9LvtQ\"]}]}<\/script>\n<!-- \/ Yoast SEO plugin. -->","yoast_head_json":{"title":"Cubic Zirconia blanc triangle \u2013 Design unique et \u00e9clat audacieux","description":"Ce cubic zirconia blanc triangulaire apporte une touche de modernit\u00e9 et de finesse \u00e0 vos bijoux. Parfait pour des cr\u00e9ations g\u00e9om\u00e9triques raffin\u00e9es.","robots":{"index":"index","follow":"follow","max-snippet":"max-snippet:-1","max-image-preview":"max-image-preview:large","max-video-preview":"max-video-preview:-1"},"canonical":"https:\/\/dalloz-stones.com\/fr\/produit\/cubic-zirconia-blanc-triangle\/","og_locale":"fr_FR","og_type":"article","og_title":"Cubic Zirconia blanc triangle \u2013 Design unique et \u00e9clat audacieux","og_description":"Ce cubic zirconia blanc triangulaire apporte une touche de modernit\u00e9 et de finesse \u00e0 vos bijoux. Parfait pour des cr\u00e9ations g\u00e9om\u00e9triques raffin\u00e9es.","og_url":"https:\/\/dalloz-stones.com\/fr\/produit\/cubic-zirconia-blanc-triangle\/","og_site_name":"Dalloz stones &amp; rough","article_publisher":"https:\/\/www.facebook.com\/dalloz1917\/","article_modified_time":"2025-04-22T07:57:37+00:00","og_image":[{"width":1024,"height":1024,"url":"https:\/\/dalloz-stones.com\/app\/uploads\/2025\/03\/2ZIRCT50500FAFA-QOW_1-1024x1024.jpg","type":"image\/jpeg"}],"twitter_card":"summary_large_image","twitter_misc":{"Dur\u00e9e de lecture estim\u00e9e":"1 minute"},"schema":{"@context":"https:\/\/schema.org","@graph":[{"@type":"WebPage","@id":"https:\/\/dalloz-stones.com\/fr\/produit\/cubic-zirconia-blanc-triangle\/","url":"https:\/\/dalloz-stones.com\/fr\/produit\/cubic-zirconia-blanc-triangle\/","name":"Cubic Zirconia blanc triangle \u2013 Design unique et \u00e9clat audacieux","isPartOf":{"@id":"https:\/\/dalloz-stones.com\/fr\/#website"},"primaryImageOfPage":{"@id":"https:\/\/dalloz-stones.com\/fr\/produit\/cubic-zirconia-blanc-triangle\/#primaryimage"},"image":{"@id":"https:\/\/dalloz-stones.com\/fr\/produit\/cubic-zirconia-blanc-triangle\/#primaryimage"},"thumbnailUrl":"https:\/\/dalloz-stones.com\/app\/uploads\/2025\/03\/2ZIRCT50500FAFA-QOW_1.jpg","datePublished":"2025-02-14T18:00:48+00:00","dateModified":"2025-04-22T07:57:37+00:00","description":"Ce cubic zirconia blanc triangulaire apporte une touche de modernit\u00e9 et de finesse \u00e0 vos bijoux. Parfait pour des cr\u00e9ations g\u00e9om\u00e9triques raffin\u00e9es.","breadcrumb":{"@id":"https:\/\/dalloz-stones.com\/fr\/produit\/cubic-zirconia-blanc-triangle\/#breadcrumb"},"inLanguage":"fr-FR","potentialAction":[{"@type":"ReadAction","target":["https:\/\/dalloz-stones.com\/fr\/produit\/cubic-zirconia-blanc-triangle\/"]}]},{"@type":"ImageObject","inLanguage":"fr-FR","@id":"https:\/\/dalloz-stones.com\/fr\/produit\/cubic-zirconia-blanc-triangle\/#primaryimage","url":"https:\/\/dalloz-stones.com\/app\/uploads\/2025\/03\/2ZIRCT50500FAFA-QOW_1.jpg","contentUrl":"https:\/\/dalloz-stones.com\/app\/uploads\/2025\/03\/2ZIRCT50500FAFA-QOW_1.jpg","width":2000,"height":2000},{"@type":"BreadcrumbList","@id":"https:\/\/dalloz-stones.com\/fr\/produit\/cubic-zirconia-blanc-triangle\/#breadcrumb","itemListElement":[{"@type":"ListItem","position":1,"name":"Accueil","item":"https:\/\/dalloz-stones.com\/fr\/"},{"@type":"ListItem","position":2,"name":"Boutique","item":"https:\/\/dalloz-stones.com\/boutique\/"},{"@type":"ListItem","position":3,"name":"Cubic Zirconia Blanc Triangle &#8211; 5,00x 5,00x 5,00 mm"}]},{"@type":"WebSite","@id":"https:\/\/dalloz-stones.com\/fr\/#website","url":"https:\/\/dalloz-stones.com\/fr\/","name":"Dalloz stones &amp; rough","description":"","publisher":{"@id":"https:\/\/dalloz-stones.com\/fr\/#organization"},"potentialAction":[{"@type":"SearchAction","target":{"@type":"EntryPoint","urlTemplate":"https:\/\/dalloz-stones.com\/fr\/?s={search_term_string}"},"query-input":{"@type":"PropertyValueSpecification","valueRequired":true,"valueName":"search_term_string"}}],"inLanguage":"fr-FR"},{"@type":"Organization","@id":"https:\/\/dalloz-stones.com\/fr\/#organization","name":"Dalloz Stones & Rough","url":"https:\/\/dalloz-stones.com\/fr\/","logo":{"@type":"ImageObject","inLanguage":"fr-FR","@id":"https:\/\/dalloz-stones.com\/fr\/#\/schema\/logo\/image\/","url":"https:\/\/dalloz-stones.com\/app\/uploads\/2020\/11\/Dalloz_Mono_Vertsapin.png","contentUrl":"https:\/\/dalloz-stones.com\/app\/uploads\/2020\/11\/Dalloz_Mono_Vertsapin.png","width":1772,"height":1772,"caption":"Dalloz Stones & Rough"},"image":{"@id":"https:\/\/dalloz-stones.com\/fr\/#\/schema\/logo\/image\/"},"sameAs":["https:\/\/www.facebook.com\/dalloz1917\/","https:\/\/www.instagram.com\/dallozstones\/","https:\/\/www.linkedin.com\/company\/dalloz-stones-and-rough\/","https:\/\/www.youtube.com\/channel\/UC1mJnpsxORlO9kjbbN9LvtQ"]}]}},"_links":{"self":[{"href":"https:\/\/dalloz-stones.com\/fr\/wp-json\/wp\/v2\/product\/12430","targetHints":{"allow":["GET"]}}],"collection":[{"href":"https:\/\/dalloz-stones.com\/fr\/wp-json\/wp\/v2\/product"}],"about":[{"href":"https:\/\/dalloz-stones.com\/fr\/wp-json\/wp\/v2\/types\/product"}],"replies":[{"embeddable":true,"href":"https:\/\/dalloz-stones.com\/fr\/wp-json\/wp\/v2\/comments?post=12430"}],"wp:featuredmedia":[{"embeddable":true,"href":"https:\/\/dalloz-stones.com\/fr\/wp-json\/wp\/v2\/media\/13864"}],"wp:attachment":[{"href":"https:\/\/dalloz-stones.com\/fr\/wp-json\/wp\/v2\/media?parent=12430"}],"wp:term":[{"taxonomy":"product_brand","embeddable":true,"href":"https:\/\/dalloz-stones.com\/fr\/wp-json\/wp\/v2\/product_brand?post=12430"},{"taxonomy":"product_cat","embeddable":true,"href":"https:\/\/dalloz-stones.com\/fr\/wp-json\/wp\/v2\/product_cat?post=12430"},{"taxonomy":"product_tag","embeddable":true,"href":"https:\/\/dalloz-stones.com\/fr\/wp-json\/wp\/v2\/product_tag?post=12430"}],"curies":[{"name":"wp","href":"https:\/\/api.w.org\/{rel}","templated":true}]}}