{"id":12424,"date":"2025-02-14T19:00:48","date_gmt":"2025-02-14T18:00:48","guid":{"rendered":"https:\/\/dalloz-stones.com\/produit\/cubic-zirconia-blanc-baguette-t-d\/"},"modified":"2025-12-06T19:12:56","modified_gmt":"2025-12-06T18:12:56","slug":"cubic-zirconia-blanc-baguette-t-d","status":"publish","type":"product","link":"https:\/\/dalloz-stones.com\/fr\/produit\/cubic-zirconia-blanc-baguette-t-d\/","title":{"rendered":"Cubic Zirconia Blanc Baguette Taille Degr\u00e9"},"content":{"rendered":"<p>Ce cubic zirconia blanc, taill\u00e9 en forme baguette avec une taille degr\u00e9, incarne une sophistication moderne et \u00e9pur\u00e9e. Sa silhouette allong\u00e9e et ses lignes g\u00e9om\u00e9triques nettes apportent une allure architecturale \u00e0 vos cr\u00e9ations joailli\u00e8res. Avec son \u00e9clat raffin\u00e9, il est parfait pour des designs contemporains ou classiques, ajoutant une touche de lumi\u00e8re et de structure \u00e0 vos bijoux. Un choix incontournable pour sublimer vos r\u00e9alisations avec pr\u00e9cision et \u00e9l\u00e9gance intemporelle.<\/p>\n","protected":false},"excerpt":{"rendered":"<p>Ce cubic zirconia blanc, taill\u00e9 en forme baguette avec une taille degr\u00e9, incarne une sophistication moderne et \u00e9pur\u00e9e. Sa silhouette allong\u00e9e et ses lignes g\u00e9om\u00e9triques nettes apportent une allure architecturale \u00e0 vos cr\u00e9ations joailli\u00e8res. Avec son \u00e9clat raffin\u00e9, il est parfait pour des designs contemporains ou classiques, ajoutant une touche de lumi\u00e8re et de structure \u00e0 vos bijoux. Un choix incontournable pour sublimer vos r\u00e9alisations avec pr\u00e9cision et \u00e9l\u00e9gance intemporelle.<\/p>\n","protected":false},"featured_media":14343,"comment_status":"closed","ping_status":"closed","template":"","meta":{"_acf_changed":false,"content-type":""},"product_brand":[],"product_cat":[133],"product_tag":[],"class_list":{"0":"post-12424","1":"product","2":"type-product","3":"status-publish","4":"has-post-thumbnail","6":"product_cat-non-classifiee","7":"pa_color-blanc","8":"pa_material-cubic-zirconia","9":"pa_origine-du-brut-sourcing","10":"pa_shape-rectangle","11":"pa_stone-colour-blanc","12":"pa_stone-shape-baguette-t-d","13":"pa_stone-type-synthetique-fr","15":"first","16":"instock","17":"taxable","18":"shipping-taxable","19":"purchasable","20":"product-type-variable"},"acf":[],"yoast_head":"<!-- This site is optimized with the Yoast SEO plugin v26.9 - https:\/\/yoast.com\/product\/yoast-seo-wordpress\/ -->\n<title>Cubic Zirconia blanc baguette \u2013 \u00c9l\u00e9gance moderne et \u00e9pur\u00e9e<\/title>\n<meta name=\"description\" content=\"Ce cubic zirconia blanc baguette allie lignes nettes et \u00e9clat raffin\u00e9. Id\u00e9al pour des bijoux sophistiqu\u00e9s, il sublime vos cr\u00e9ations avec modernit\u00e9.\" \/>\n<meta name=\"robots\" content=\"index, follow, max-snippet:-1, max-image-preview:large, max-video-preview:-1\" \/>\n<link rel=\"canonical\" href=\"https:\/\/dalloz-stones.com\/fr\/produit\/cubic-zirconia-blanc-baguette-t-d\/\" \/>\n<meta property=\"og:locale\" content=\"fr_FR\" \/>\n<meta property=\"og:type\" content=\"article\" \/>\n<meta property=\"og:title\" content=\"Cubic Zirconia blanc baguette \u2013 \u00c9l\u00e9gance moderne et \u00e9pur\u00e9e\" \/>\n<meta property=\"og:description\" content=\"Ce cubic zirconia blanc baguette allie lignes nettes et \u00e9clat raffin\u00e9. Id\u00e9al pour des bijoux sophistiqu\u00e9s, il sublime vos cr\u00e9ations avec modernit\u00e9.\" \/>\n<meta property=\"og:url\" content=\"https:\/\/dalloz-stones.com\/fr\/produit\/cubic-zirconia-blanc-baguette-t-d\/\" \/>\n<meta property=\"og:site_name\" content=\"Dalloz stones &amp; rough\" \/>\n<meta property=\"article:publisher\" content=\"https:\/\/www.facebook.com\/dalloz1917\/\" \/>\n<meta property=\"article:modified_time\" content=\"2025-12-06T18:12:56+00:00\" \/>\n<meta property=\"og:image\" content=\"https:\/\/dalloz-stones.com\/app\/uploads\/2025\/04\/2ZIRCB50400CA-QOI2XXX_1-1024x1024.jpg\" \/>\n\t<meta property=\"og:image:width\" content=\"1024\" \/>\n\t<meta property=\"og:image:height\" content=\"1024\" \/>\n\t<meta property=\"og:image:type\" content=\"image\/jpeg\" \/>\n<meta name=\"twitter:card\" content=\"summary_large_image\" \/>\n<meta name=\"twitter:label1\" content=\"Dur\u00e9e de lecture estim\u00e9e\" \/>\n\t<meta name=\"twitter:data1\" content=\"1 minute\" \/>\n<script type=\"application\/ld+json\" class=\"yoast-schema-graph\">{\"@context\":\"https:\/\/schema.org\",\"@graph\":[{\"@type\":\"WebPage\",\"@id\":\"https:\/\/dalloz-stones.com\/fr\/produit\/cubic-zirconia-blanc-baguette-t-d\/\",\"url\":\"https:\/\/dalloz-stones.com\/fr\/produit\/cubic-zirconia-blanc-baguette-t-d\/\",\"name\":\"Cubic Zirconia blanc baguette \u2013 \u00c9l\u00e9gance moderne et \u00e9pur\u00e9e\",\"isPartOf\":{\"@id\":\"https:\/\/dalloz-stones.com\/fr\/#website\"},\"primaryImageOfPage\":{\"@id\":\"https:\/\/dalloz-stones.com\/fr\/produit\/cubic-zirconia-blanc-baguette-t-d\/#primaryimage\"},\"image\":{\"@id\":\"https:\/\/dalloz-stones.com\/fr\/produit\/cubic-zirconia-blanc-baguette-t-d\/#primaryimage\"},\"thumbnailUrl\":\"https:\/\/dalloz-stones.com\/app\/uploads\/2025\/04\/2ZIRCB50400CA-QOI2XXX_1.jpg\",\"datePublished\":\"2025-02-14T18:00:48+00:00\",\"dateModified\":\"2025-12-06T18:12:56+00:00\",\"description\":\"Ce cubic zirconia blanc baguette allie lignes nettes et \u00e9clat raffin\u00e9. Id\u00e9al pour des bijoux sophistiqu\u00e9s, il sublime vos cr\u00e9ations avec modernit\u00e9.\",\"breadcrumb\":{\"@id\":\"https:\/\/dalloz-stones.com\/fr\/produit\/cubic-zirconia-blanc-baguette-t-d\/#breadcrumb\"},\"inLanguage\":\"fr-FR\",\"potentialAction\":[{\"@type\":\"ReadAction\",\"target\":[\"https:\/\/dalloz-stones.com\/fr\/produit\/cubic-zirconia-blanc-baguette-t-d\/\"]}]},{\"@type\":\"ImageObject\",\"inLanguage\":\"fr-FR\",\"@id\":\"https:\/\/dalloz-stones.com\/fr\/produit\/cubic-zirconia-blanc-baguette-t-d\/#primaryimage\",\"url\":\"https:\/\/dalloz-stones.com\/app\/uploads\/2025\/04\/2ZIRCB50400CA-QOI2XXX_1.jpg\",\"contentUrl\":\"https:\/\/dalloz-stones.com\/app\/uploads\/2025\/04\/2ZIRCB50400CA-QOI2XXX_1.jpg\",\"width\":2000,\"height\":2000},{\"@type\":\"BreadcrumbList\",\"@id\":\"https:\/\/dalloz-stones.com\/fr\/produit\/cubic-zirconia-blanc-baguette-t-d\/#breadcrumb\",\"itemListElement\":[{\"@type\":\"ListItem\",\"position\":1,\"name\":\"Accueil\",\"item\":\"https:\/\/dalloz-stones.com\/fr\/\"},{\"@type\":\"ListItem\",\"position\":2,\"name\":\"Boutique\",\"item\":\"https:\/\/dalloz-stones.com\/boutique\/\"},{\"@type\":\"ListItem\",\"position\":3,\"name\":\"Cubic Zirconia Blanc Baguette Taille Degr\u00e9\"}]},{\"@type\":\"WebSite\",\"@id\":\"https:\/\/dalloz-stones.com\/fr\/#website\",\"url\":\"https:\/\/dalloz-stones.com\/fr\/\",\"name\":\"Dalloz stones &amp; rough\",\"description\":\"\",\"publisher\":{\"@id\":\"https:\/\/dalloz-stones.com\/fr\/#organization\"},\"potentialAction\":[{\"@type\":\"SearchAction\",\"target\":{\"@type\":\"EntryPoint\",\"urlTemplate\":\"https:\/\/dalloz-stones.com\/fr\/?s={search_term_string}\"},\"query-input\":{\"@type\":\"PropertyValueSpecification\",\"valueRequired\":true,\"valueName\":\"search_term_string\"}}],\"inLanguage\":\"fr-FR\"},{\"@type\":\"Organization\",\"@id\":\"https:\/\/dalloz-stones.com\/fr\/#organization\",\"name\":\"Dalloz Stones & Rough\",\"url\":\"https:\/\/dalloz-stones.com\/fr\/\",\"logo\":{\"@type\":\"ImageObject\",\"inLanguage\":\"fr-FR\",\"@id\":\"https:\/\/dalloz-stones.com\/fr\/#\/schema\/logo\/image\/\",\"url\":\"https:\/\/dalloz-stones.com\/app\/uploads\/2020\/11\/Dalloz_Mono_Vertsapin.png\",\"contentUrl\":\"https:\/\/dalloz-stones.com\/app\/uploads\/2020\/11\/Dalloz_Mono_Vertsapin.png\",\"width\":1772,\"height\":1772,\"caption\":\"Dalloz Stones & Rough\"},\"image\":{\"@id\":\"https:\/\/dalloz-stones.com\/fr\/#\/schema\/logo\/image\/\"},\"sameAs\":[\"https:\/\/www.facebook.com\/dalloz1917\/\",\"https:\/\/www.instagram.com\/dallozstones\/\",\"https:\/\/www.linkedin.com\/company\/dalloz-stones-and-rough\/\",\"https:\/\/www.youtube.com\/channel\/UC1mJnpsxORlO9kjbbN9LvtQ\"]}]}<\/script>\n<!-- \/ Yoast SEO plugin. -->","yoast_head_json":{"title":"Cubic Zirconia blanc baguette \u2013 \u00c9l\u00e9gance moderne et \u00e9pur\u00e9e","description":"Ce cubic zirconia blanc baguette allie lignes nettes et \u00e9clat raffin\u00e9. Id\u00e9al pour des bijoux sophistiqu\u00e9s, il sublime vos cr\u00e9ations avec modernit\u00e9.","robots":{"index":"index","follow":"follow","max-snippet":"max-snippet:-1","max-image-preview":"max-image-preview:large","max-video-preview":"max-video-preview:-1"},"canonical":"https:\/\/dalloz-stones.com\/fr\/produit\/cubic-zirconia-blanc-baguette-t-d\/","og_locale":"fr_FR","og_type":"article","og_title":"Cubic Zirconia blanc baguette \u2013 \u00c9l\u00e9gance moderne et \u00e9pur\u00e9e","og_description":"Ce cubic zirconia blanc baguette allie lignes nettes et \u00e9clat raffin\u00e9. Id\u00e9al pour des bijoux sophistiqu\u00e9s, il sublime vos cr\u00e9ations avec modernit\u00e9.","og_url":"https:\/\/dalloz-stones.com\/fr\/produit\/cubic-zirconia-blanc-baguette-t-d\/","og_site_name":"Dalloz stones &amp; rough","article_publisher":"https:\/\/www.facebook.com\/dalloz1917\/","article_modified_time":"2025-12-06T18:12:56+00:00","og_image":[{"width":1024,"height":1024,"url":"https:\/\/dalloz-stones.com\/app\/uploads\/2025\/04\/2ZIRCB50400CA-QOI2XXX_1-1024x1024.jpg","type":"image\/jpeg"}],"twitter_card":"summary_large_image","twitter_misc":{"Dur\u00e9e de lecture estim\u00e9e":"1 minute"},"schema":{"@context":"https:\/\/schema.org","@graph":[{"@type":"WebPage","@id":"https:\/\/dalloz-stones.com\/fr\/produit\/cubic-zirconia-blanc-baguette-t-d\/","url":"https:\/\/dalloz-stones.com\/fr\/produit\/cubic-zirconia-blanc-baguette-t-d\/","name":"Cubic Zirconia blanc baguette \u2013 \u00c9l\u00e9gance moderne et \u00e9pur\u00e9e","isPartOf":{"@id":"https:\/\/dalloz-stones.com\/fr\/#website"},"primaryImageOfPage":{"@id":"https:\/\/dalloz-stones.com\/fr\/produit\/cubic-zirconia-blanc-baguette-t-d\/#primaryimage"},"image":{"@id":"https:\/\/dalloz-stones.com\/fr\/produit\/cubic-zirconia-blanc-baguette-t-d\/#primaryimage"},"thumbnailUrl":"https:\/\/dalloz-stones.com\/app\/uploads\/2025\/04\/2ZIRCB50400CA-QOI2XXX_1.jpg","datePublished":"2025-02-14T18:00:48+00:00","dateModified":"2025-12-06T18:12:56+00:00","description":"Ce cubic zirconia blanc baguette allie lignes nettes et \u00e9clat raffin\u00e9. Id\u00e9al pour des bijoux sophistiqu\u00e9s, il sublime vos cr\u00e9ations avec modernit\u00e9.","breadcrumb":{"@id":"https:\/\/dalloz-stones.com\/fr\/produit\/cubic-zirconia-blanc-baguette-t-d\/#breadcrumb"},"inLanguage":"fr-FR","potentialAction":[{"@type":"ReadAction","target":["https:\/\/dalloz-stones.com\/fr\/produit\/cubic-zirconia-blanc-baguette-t-d\/"]}]},{"@type":"ImageObject","inLanguage":"fr-FR","@id":"https:\/\/dalloz-stones.com\/fr\/produit\/cubic-zirconia-blanc-baguette-t-d\/#primaryimage","url":"https:\/\/dalloz-stones.com\/app\/uploads\/2025\/04\/2ZIRCB50400CA-QOI2XXX_1.jpg","contentUrl":"https:\/\/dalloz-stones.com\/app\/uploads\/2025\/04\/2ZIRCB50400CA-QOI2XXX_1.jpg","width":2000,"height":2000},{"@type":"BreadcrumbList","@id":"https:\/\/dalloz-stones.com\/fr\/produit\/cubic-zirconia-blanc-baguette-t-d\/#breadcrumb","itemListElement":[{"@type":"ListItem","position":1,"name":"Accueil","item":"https:\/\/dalloz-stones.com\/fr\/"},{"@type":"ListItem","position":2,"name":"Boutique","item":"https:\/\/dalloz-stones.com\/boutique\/"},{"@type":"ListItem","position":3,"name":"Cubic Zirconia Blanc Baguette Taille Degr\u00e9"}]},{"@type":"WebSite","@id":"https:\/\/dalloz-stones.com\/fr\/#website","url":"https:\/\/dalloz-stones.com\/fr\/","name":"Dalloz stones &amp; rough","description":"","publisher":{"@id":"https:\/\/dalloz-stones.com\/fr\/#organization"},"potentialAction":[{"@type":"SearchAction","target":{"@type":"EntryPoint","urlTemplate":"https:\/\/dalloz-stones.com\/fr\/?s={search_term_string}"},"query-input":{"@type":"PropertyValueSpecification","valueRequired":true,"valueName":"search_term_string"}}],"inLanguage":"fr-FR"},{"@type":"Organization","@id":"https:\/\/dalloz-stones.com\/fr\/#organization","name":"Dalloz Stones & Rough","url":"https:\/\/dalloz-stones.com\/fr\/","logo":{"@type":"ImageObject","inLanguage":"fr-FR","@id":"https:\/\/dalloz-stones.com\/fr\/#\/schema\/logo\/image\/","url":"https:\/\/dalloz-stones.com\/app\/uploads\/2020\/11\/Dalloz_Mono_Vertsapin.png","contentUrl":"https:\/\/dalloz-stones.com\/app\/uploads\/2020\/11\/Dalloz_Mono_Vertsapin.png","width":1772,"height":1772,"caption":"Dalloz Stones & Rough"},"image":{"@id":"https:\/\/dalloz-stones.com\/fr\/#\/schema\/logo\/image\/"},"sameAs":["https:\/\/www.facebook.com\/dalloz1917\/","https:\/\/www.instagram.com\/dallozstones\/","https:\/\/www.linkedin.com\/company\/dalloz-stones-and-rough\/","https:\/\/www.youtube.com\/channel\/UC1mJnpsxORlO9kjbbN9LvtQ"]}]}},"_links":{"self":[{"href":"https:\/\/dalloz-stones.com\/fr\/wp-json\/wp\/v2\/product\/12424","targetHints":{"allow":["GET"]}}],"collection":[{"href":"https:\/\/dalloz-stones.com\/fr\/wp-json\/wp\/v2\/product"}],"about":[{"href":"https:\/\/dalloz-stones.com\/fr\/wp-json\/wp\/v2\/types\/product"}],"replies":[{"embeddable":true,"href":"https:\/\/dalloz-stones.com\/fr\/wp-json\/wp\/v2\/comments?post=12424"}],"wp:featuredmedia":[{"embeddable":true,"href":"https:\/\/dalloz-stones.com\/fr\/wp-json\/wp\/v2\/media\/14343"}],"wp:attachment":[{"href":"https:\/\/dalloz-stones.com\/fr\/wp-json\/wp\/v2\/media?parent=12424"}],"wp:term":[{"taxonomy":"product_brand","embeddable":true,"href":"https:\/\/dalloz-stones.com\/fr\/wp-json\/wp\/v2\/product_brand?post=12424"},{"taxonomy":"product_cat","embeddable":true,"href":"https:\/\/dalloz-stones.com\/fr\/wp-json\/wp\/v2\/product_cat?post=12424"},{"taxonomy":"product_tag","embeddable":true,"href":"https:\/\/dalloz-stones.com\/fr\/wp-json\/wp\/v2\/product_tag?post=12424"}],"curies":[{"name":"wp","href":"https:\/\/api.w.org\/{rel}","templated":true}]}}