{"id":12406,"date":"2025-02-14T19:00:18","date_gmt":"2025-02-14T18:00:18","guid":{"rendered":"https:\/\/dalloz-stones.com\/produit\/cubic-zirconia-blanc-navette\/"},"modified":"2025-04-02T12:18:45","modified_gmt":"2025-04-02T10:18:45","slug":"cubic-zirconia-blanc-navette","status":"publish","type":"product","link":"https:\/\/dalloz-stones.com\/fr\/produit\/cubic-zirconia-blanc-navette\/","title":{"rendered":"Cubic Zirconia Blanc Navette"},"content":{"rendered":"<p>Ce cubic zirconia blanc, taill\u00e9 en forme navette, s\u00e9duit par son allure allong\u00e9e et sophistiqu\u00e9e. Sa silhouette \u00e9lanc\u00e9e et sa brillance \u00e9clatante ajoutent une touche de raffinement \u00e0 vos cr\u00e9ations joailli\u00e8res. Id\u00e9al pour des designs \u00e9l\u00e9gants et modernes, il apporte lumi\u00e8re et fluidit\u00e9, mettant en valeur la finesse de vos bijoux. Un choix incontournable pour sublimer vos r\u00e9alisations avec charme et \u00e9l\u00e9gance intemporelle.<\/p>\n","protected":false},"excerpt":{"rendered":"<p>Ce cubic zirconia blanc, taill\u00e9 en forme navette, s\u00e9duit par son allure allong\u00e9e et sophistiqu\u00e9e. Sa silhouette \u00e9lanc\u00e9e et sa brillance \u00e9clatante ajoutent une touche de raffinement \u00e0 vos cr\u00e9ations joailli\u00e8res. Id\u00e9al pour des designs \u00e9l\u00e9gants et modernes, il apporte lumi\u00e8re et fluidit\u00e9, mettant en valeur la finesse de vos bijoux. Un choix incontournable pour sublimer vos r\u00e9alisations avec charme et \u00e9l\u00e9gance intemporelle.<\/p>\n","protected":false},"featured_media":13855,"comment_status":"closed","ping_status":"open","template":"","meta":{"_acf_changed":false,"content-type":""},"product_brand":[],"product_cat":[133],"product_tag":[],"class_list":{"0":"post-12406","1":"product","2":"type-product","3":"status-publish","4":"has-post-thumbnail","6":"product_cat-non-classifiee","7":"pa_color-blanc","8":"pa_material-cubic-zirconia","9":"pa_origine-du-brut-sourcing","10":"pa_shape-marquise","11":"pa_stone-colour-blanc","12":"pa_stone-shape-navette","13":"pa_stone-type-synthetique-fr","15":"first","16":"instock","17":"taxable","18":"shipping-taxable","19":"purchasable","20":"product-type-variable"},"acf":[],"yoast_head":"<!-- This site is optimized with the Yoast SEO plugin v26.9 - https:\/\/yoast.com\/product\/yoast-seo-wordpress\/ -->\n<title>Cubic Zirconia blanc taille navette \u2013 \u00c9l\u00e9gance et raffinement<\/title>\n<meta name=\"description\" content=\"Ce cubic zirconia blanc en forme navette illumine vos cr\u00e9ations avec son \u00e9clat raffin\u00e9 et sa silhouette allong\u00e9e. Id\u00e9al pour des bijoux \u00e9l\u00e9gants et modernes.\" \/>\n<meta name=\"robots\" content=\"index, follow, max-snippet:-1, max-image-preview:large, max-video-preview:-1\" \/>\n<link rel=\"canonical\" href=\"https:\/\/dalloz-stones.com\/fr\/produit\/cubic-zirconia-blanc-navette\/\" \/>\n<meta property=\"og:locale\" content=\"fr_FR\" \/>\n<meta property=\"og:type\" content=\"article\" \/>\n<meta property=\"og:title\" content=\"Cubic Zirconia blanc taille navette \u2013 \u00c9l\u00e9gance et raffinement\" \/>\n<meta property=\"og:description\" content=\"Ce cubic zirconia blanc en forme navette illumine vos cr\u00e9ations avec son \u00e9clat raffin\u00e9 et sa silhouette allong\u00e9e. Id\u00e9al pour des bijoux \u00e9l\u00e9gants et modernes.\" \/>\n<meta property=\"og:url\" content=\"https:\/\/dalloz-stones.com\/fr\/produit\/cubic-zirconia-blanc-navette\/\" \/>\n<meta property=\"og:site_name\" content=\"Dalloz stones &amp; rough\" \/>\n<meta property=\"article:publisher\" content=\"https:\/\/www.facebook.com\/dalloz1917\/\" \/>\n<meta property=\"article:modified_time\" content=\"2025-04-02T10:18:45+00:00\" \/>\n<meta property=\"og:image\" content=\"https:\/\/dalloz-stones.com\/app\/uploads\/2025\/03\/2ZIRCN50600DA-Q1H1XXX_1-1024x1024.jpg\" \/>\n\t<meta property=\"og:image:width\" content=\"1024\" \/>\n\t<meta property=\"og:image:height\" content=\"1024\" \/>\n\t<meta property=\"og:image:type\" content=\"image\/jpeg\" \/>\n<meta name=\"twitter:card\" content=\"summary_large_image\" \/>\n<script type=\"application\/ld+json\" class=\"yoast-schema-graph\">{\"@context\":\"https:\/\/schema.org\",\"@graph\":[{\"@type\":\"WebPage\",\"@id\":\"https:\/\/dalloz-stones.com\/fr\/produit\/cubic-zirconia-blanc-navette\/\",\"url\":\"https:\/\/dalloz-stones.com\/fr\/produit\/cubic-zirconia-blanc-navette\/\",\"name\":\"Cubic Zirconia blanc taille navette \u2013 \u00c9l\u00e9gance et raffinement\",\"isPartOf\":{\"@id\":\"https:\/\/dalloz-stones.com\/fr\/#website\"},\"primaryImageOfPage\":{\"@id\":\"https:\/\/dalloz-stones.com\/fr\/produit\/cubic-zirconia-blanc-navette\/#primaryimage\"},\"image\":{\"@id\":\"https:\/\/dalloz-stones.com\/fr\/produit\/cubic-zirconia-blanc-navette\/#primaryimage\"},\"thumbnailUrl\":\"https:\/\/dalloz-stones.com\/app\/uploads\/2025\/03\/2ZIRCN50600DA-Q1H1XXX_1.jpg\",\"datePublished\":\"2025-02-14T18:00:18+00:00\",\"dateModified\":\"2025-04-02T10:18:45+00:00\",\"description\":\"Ce cubic zirconia blanc en forme navette illumine vos cr\u00e9ations avec son \u00e9clat raffin\u00e9 et sa silhouette allong\u00e9e. Id\u00e9al pour des bijoux \u00e9l\u00e9gants et modernes.\",\"breadcrumb\":{\"@id\":\"https:\/\/dalloz-stones.com\/fr\/produit\/cubic-zirconia-blanc-navette\/#breadcrumb\"},\"inLanguage\":\"fr-FR\",\"potentialAction\":[{\"@type\":\"ReadAction\",\"target\":[\"https:\/\/dalloz-stones.com\/fr\/produit\/cubic-zirconia-blanc-navette\/\"]}]},{\"@type\":\"ImageObject\",\"inLanguage\":\"fr-FR\",\"@id\":\"https:\/\/dalloz-stones.com\/fr\/produit\/cubic-zirconia-blanc-navette\/#primaryimage\",\"url\":\"https:\/\/dalloz-stones.com\/app\/uploads\/2025\/03\/2ZIRCN50600DA-Q1H1XXX_1.jpg\",\"contentUrl\":\"https:\/\/dalloz-stones.com\/app\/uploads\/2025\/03\/2ZIRCN50600DA-Q1H1XXX_1.jpg\",\"width\":2000,\"height\":2000},{\"@type\":\"BreadcrumbList\",\"@id\":\"https:\/\/dalloz-stones.com\/fr\/produit\/cubic-zirconia-blanc-navette\/#breadcrumb\",\"itemListElement\":[{\"@type\":\"ListItem\",\"position\":1,\"name\":\"Accueil\",\"item\":\"https:\/\/dalloz-stones.com\/fr\/\"},{\"@type\":\"ListItem\",\"position\":2,\"name\":\"Boutique\",\"item\":\"https:\/\/dalloz-stones.com\/boutique\/\"},{\"@type\":\"ListItem\",\"position\":3,\"name\":\"Cubic Zirconia Blanc Navette\"}]},{\"@type\":\"WebSite\",\"@id\":\"https:\/\/dalloz-stones.com\/fr\/#website\",\"url\":\"https:\/\/dalloz-stones.com\/fr\/\",\"name\":\"Dalloz stones &amp; rough\",\"description\":\"\",\"publisher\":{\"@id\":\"https:\/\/dalloz-stones.com\/fr\/#organization\"},\"potentialAction\":[{\"@type\":\"SearchAction\",\"target\":{\"@type\":\"EntryPoint\",\"urlTemplate\":\"https:\/\/dalloz-stones.com\/fr\/?s={search_term_string}\"},\"query-input\":{\"@type\":\"PropertyValueSpecification\",\"valueRequired\":true,\"valueName\":\"search_term_string\"}}],\"inLanguage\":\"fr-FR\"},{\"@type\":\"Organization\",\"@id\":\"https:\/\/dalloz-stones.com\/fr\/#organization\",\"name\":\"Dalloz Stones & Rough\",\"url\":\"https:\/\/dalloz-stones.com\/fr\/\",\"logo\":{\"@type\":\"ImageObject\",\"inLanguage\":\"fr-FR\",\"@id\":\"https:\/\/dalloz-stones.com\/fr\/#\/schema\/logo\/image\/\",\"url\":\"https:\/\/dalloz-stones.com\/app\/uploads\/2020\/11\/Dalloz_Mono_Vertsapin.png\",\"contentUrl\":\"https:\/\/dalloz-stones.com\/app\/uploads\/2020\/11\/Dalloz_Mono_Vertsapin.png\",\"width\":1772,\"height\":1772,\"caption\":\"Dalloz Stones & Rough\"},\"image\":{\"@id\":\"https:\/\/dalloz-stones.com\/fr\/#\/schema\/logo\/image\/\"},\"sameAs\":[\"https:\/\/www.facebook.com\/dalloz1917\/\",\"https:\/\/www.instagram.com\/dallozstones\/\",\"https:\/\/www.linkedin.com\/company\/dalloz-stones-and-rough\/\",\"https:\/\/www.youtube.com\/channel\/UC1mJnpsxORlO9kjbbN9LvtQ\"]}]}<\/script>\n<!-- \/ Yoast SEO plugin. -->","yoast_head_json":{"title":"Cubic Zirconia blanc taille navette \u2013 \u00c9l\u00e9gance et raffinement","description":"Ce cubic zirconia blanc en forme navette illumine vos cr\u00e9ations avec son \u00e9clat raffin\u00e9 et sa silhouette allong\u00e9e. Id\u00e9al pour des bijoux \u00e9l\u00e9gants et modernes.","robots":{"index":"index","follow":"follow","max-snippet":"max-snippet:-1","max-image-preview":"max-image-preview:large","max-video-preview":"max-video-preview:-1"},"canonical":"https:\/\/dalloz-stones.com\/fr\/produit\/cubic-zirconia-blanc-navette\/","og_locale":"fr_FR","og_type":"article","og_title":"Cubic Zirconia blanc taille navette \u2013 \u00c9l\u00e9gance et raffinement","og_description":"Ce cubic zirconia blanc en forme navette illumine vos cr\u00e9ations avec son \u00e9clat raffin\u00e9 et sa silhouette allong\u00e9e. Id\u00e9al pour des bijoux \u00e9l\u00e9gants et modernes.","og_url":"https:\/\/dalloz-stones.com\/fr\/produit\/cubic-zirconia-blanc-navette\/","og_site_name":"Dalloz stones &amp; rough","article_publisher":"https:\/\/www.facebook.com\/dalloz1917\/","article_modified_time":"2025-04-02T10:18:45+00:00","og_image":[{"width":1024,"height":1024,"url":"https:\/\/dalloz-stones.com\/app\/uploads\/2025\/03\/2ZIRCN50600DA-Q1H1XXX_1-1024x1024.jpg","type":"image\/jpeg"}],"twitter_card":"summary_large_image","schema":{"@context":"https:\/\/schema.org","@graph":[{"@type":"WebPage","@id":"https:\/\/dalloz-stones.com\/fr\/produit\/cubic-zirconia-blanc-navette\/","url":"https:\/\/dalloz-stones.com\/fr\/produit\/cubic-zirconia-blanc-navette\/","name":"Cubic Zirconia blanc taille navette \u2013 \u00c9l\u00e9gance et raffinement","isPartOf":{"@id":"https:\/\/dalloz-stones.com\/fr\/#website"},"primaryImageOfPage":{"@id":"https:\/\/dalloz-stones.com\/fr\/produit\/cubic-zirconia-blanc-navette\/#primaryimage"},"image":{"@id":"https:\/\/dalloz-stones.com\/fr\/produit\/cubic-zirconia-blanc-navette\/#primaryimage"},"thumbnailUrl":"https:\/\/dalloz-stones.com\/app\/uploads\/2025\/03\/2ZIRCN50600DA-Q1H1XXX_1.jpg","datePublished":"2025-02-14T18:00:18+00:00","dateModified":"2025-04-02T10:18:45+00:00","description":"Ce cubic zirconia blanc en forme navette illumine vos cr\u00e9ations avec son \u00e9clat raffin\u00e9 et sa silhouette allong\u00e9e. Id\u00e9al pour des bijoux \u00e9l\u00e9gants et modernes.","breadcrumb":{"@id":"https:\/\/dalloz-stones.com\/fr\/produit\/cubic-zirconia-blanc-navette\/#breadcrumb"},"inLanguage":"fr-FR","potentialAction":[{"@type":"ReadAction","target":["https:\/\/dalloz-stones.com\/fr\/produit\/cubic-zirconia-blanc-navette\/"]}]},{"@type":"ImageObject","inLanguage":"fr-FR","@id":"https:\/\/dalloz-stones.com\/fr\/produit\/cubic-zirconia-blanc-navette\/#primaryimage","url":"https:\/\/dalloz-stones.com\/app\/uploads\/2025\/03\/2ZIRCN50600DA-Q1H1XXX_1.jpg","contentUrl":"https:\/\/dalloz-stones.com\/app\/uploads\/2025\/03\/2ZIRCN50600DA-Q1H1XXX_1.jpg","width":2000,"height":2000},{"@type":"BreadcrumbList","@id":"https:\/\/dalloz-stones.com\/fr\/produit\/cubic-zirconia-blanc-navette\/#breadcrumb","itemListElement":[{"@type":"ListItem","position":1,"name":"Accueil","item":"https:\/\/dalloz-stones.com\/fr\/"},{"@type":"ListItem","position":2,"name":"Boutique","item":"https:\/\/dalloz-stones.com\/boutique\/"},{"@type":"ListItem","position":3,"name":"Cubic Zirconia Blanc Navette"}]},{"@type":"WebSite","@id":"https:\/\/dalloz-stones.com\/fr\/#website","url":"https:\/\/dalloz-stones.com\/fr\/","name":"Dalloz stones &amp; rough","description":"","publisher":{"@id":"https:\/\/dalloz-stones.com\/fr\/#organization"},"potentialAction":[{"@type":"SearchAction","target":{"@type":"EntryPoint","urlTemplate":"https:\/\/dalloz-stones.com\/fr\/?s={search_term_string}"},"query-input":{"@type":"PropertyValueSpecification","valueRequired":true,"valueName":"search_term_string"}}],"inLanguage":"fr-FR"},{"@type":"Organization","@id":"https:\/\/dalloz-stones.com\/fr\/#organization","name":"Dalloz Stones & Rough","url":"https:\/\/dalloz-stones.com\/fr\/","logo":{"@type":"ImageObject","inLanguage":"fr-FR","@id":"https:\/\/dalloz-stones.com\/fr\/#\/schema\/logo\/image\/","url":"https:\/\/dalloz-stones.com\/app\/uploads\/2020\/11\/Dalloz_Mono_Vertsapin.png","contentUrl":"https:\/\/dalloz-stones.com\/app\/uploads\/2020\/11\/Dalloz_Mono_Vertsapin.png","width":1772,"height":1772,"caption":"Dalloz Stones & Rough"},"image":{"@id":"https:\/\/dalloz-stones.com\/fr\/#\/schema\/logo\/image\/"},"sameAs":["https:\/\/www.facebook.com\/dalloz1917\/","https:\/\/www.instagram.com\/dallozstones\/","https:\/\/www.linkedin.com\/company\/dalloz-stones-and-rough\/","https:\/\/www.youtube.com\/channel\/UC1mJnpsxORlO9kjbbN9LvtQ"]}]}},"_links":{"self":[{"href":"https:\/\/dalloz-stones.com\/fr\/wp-json\/wp\/v2\/product\/12406","targetHints":{"allow":["GET"]}}],"collection":[{"href":"https:\/\/dalloz-stones.com\/fr\/wp-json\/wp\/v2\/product"}],"about":[{"href":"https:\/\/dalloz-stones.com\/fr\/wp-json\/wp\/v2\/types\/product"}],"replies":[{"embeddable":true,"href":"https:\/\/dalloz-stones.com\/fr\/wp-json\/wp\/v2\/comments?post=12406"}],"wp:featuredmedia":[{"embeddable":true,"href":"https:\/\/dalloz-stones.com\/fr\/wp-json\/wp\/v2\/media\/13855"}],"wp:attachment":[{"href":"https:\/\/dalloz-stones.com\/fr\/wp-json\/wp\/v2\/media?parent=12406"}],"wp:term":[{"taxonomy":"product_brand","embeddable":true,"href":"https:\/\/dalloz-stones.com\/fr\/wp-json\/wp\/v2\/product_brand?post=12406"},{"taxonomy":"product_cat","embeddable":true,"href":"https:\/\/dalloz-stones.com\/fr\/wp-json\/wp\/v2\/product_cat?post=12406"},{"taxonomy":"product_tag","embeddable":true,"href":"https:\/\/dalloz-stones.com\/fr\/wp-json\/wp\/v2\/product_tag?post=12406"}],"curies":[{"name":"wp","href":"https:\/\/api.w.org\/{rel}","templated":true}]}}