{"id":12397,"date":"2025-02-14T19:00:18","date_gmt":"2025-02-14T18:00:18","guid":{"rendered":"https:\/\/dalloz-stones.com\/produit\/nano-orange-rond\/"},"modified":"2025-11-27T16:03:30","modified_gmt":"2025-11-27T15:03:30","slug":"nano-orange-rond","status":"publish","type":"product","link":"https:\/\/dalloz-stones.com\/fr\/produit\/nano-orange-rond\/","title":{"rendered":"Nano Orange Rond"},"content":{"rendered":"<p>Ce Nano orange, taill\u00e9 en rond, s\u00e9duit par sa teinte vibrante et audacieuse qui incarne vitalit\u00e9 et originalit\u00e9. Avec une pr\u00e9cision dimensionnelle exceptionnelle de +\/- 0,03 mm, il est parfait pour des cr\u00e9ations joailli\u00e8res contemporaines et uniques. Son \u00e9clat \u00e9clatant et sa couleur intense apportent une touche de chaleur intemporelle \u00e0 vos bijoux, en faisant une pierre id\u00e9ale pour sublimer vos designs avec innovation et \u00e9l\u00e9gance. Le Nano est reconnu pour sa solidit\u00e9 et sa long\u00e9vit\u00e9, offrant une alternative \u00e9conomique aux pierres naturelles, tout en pr\u00e9servant une beaut\u00e9 captivante et une luminosit\u00e9 exceptionnelle.<\/p>\n","protected":false},"excerpt":{"rendered":"<p>Ce Nano orange, taill\u00e9 en rond, s\u00e9duit par sa teinte vibrante et audacieuse qui incarne vitalit\u00e9 et originalit\u00e9. Avec une pr\u00e9cision dimensionnelle exceptionnelle de +\/- 0,03 mm, il est parfait pour des cr\u00e9ations joailli\u00e8res contemporaines et uniques. Son \u00e9clat \u00e9clatant et sa couleur intense apportent une touche de chaleur intemporelle \u00e0 vos bijoux, en faisant une pierre id\u00e9ale pour sublimer vos designs avec innovation et \u00e9l\u00e9gance. Le Nano est reconnu pour sa solidit\u00e9 et sa long\u00e9vit\u00e9, offrant une alternative \u00e9conomique aux pierres naturelles, tout en pr\u00e9servant une beaut\u00e9 captivante et une luminosit\u00e9 exceptionnelle.<\/p>\n","protected":false},"featured_media":13852,"comment_status":"closed","ping_status":"open","template":"","meta":{"_acf_changed":false,"content-type":""},"product_brand":[],"product_cat":[133],"product_tag":[],"class_list":{"0":"post-12397","1":"product","2":"type-product","3":"status-publish","4":"has-post-thumbnail","6":"product_cat-non-classifiee","7":"pa_color-orange","8":"pa_material-nano","9":"pa_origine-du-brut-sourcing","10":"pa_shape-rond","11":"pa_stone-colour-orange","12":"pa_stone-shape-rond","13":"pa_stone-type-imitation","15":"first","16":"instock","17":"taxable","18":"shipping-taxable","19":"purchasable","20":"product-type-variable"},"acf":[],"yoast_head":"<!-- This site is optimized with the Yoast SEO plugin v26.9 - https:\/\/yoast.com\/product\/yoast-seo-wordpress\/ -->\n<title>Nano orange \u2013 Pierre \u00e9clatante et vibrante<\/title>\n<meta name=\"description\" content=\"Ce Nano orange, taill\u00e9 en rond, illumine vos bijoux avec sa teinte audacieuse et sa pr\u00e9cision (+\/- 0,03 mm). Id\u00e9al pour des cr\u00e9ations modernes et uniques.\" \/>\n<meta name=\"robots\" content=\"index, follow, max-snippet:-1, max-image-preview:large, max-video-preview:-1\" \/>\n<link rel=\"canonical\" href=\"https:\/\/dalloz-stones.com\/fr\/produit\/nano-orange-rond\/\" \/>\n<meta property=\"og:locale\" content=\"fr_FR\" \/>\n<meta property=\"og:type\" content=\"article\" \/>\n<meta property=\"og:title\" content=\"Nano orange \u2013 Pierre \u00e9clatante et vibrante\" \/>\n<meta property=\"og:description\" content=\"Ce Nano orange, taill\u00e9 en rond, illumine vos bijoux avec sa teinte audacieuse et sa pr\u00e9cision (+\/- 0,03 mm). Id\u00e9al pour des cr\u00e9ations modernes et uniques.\" \/>\n<meta property=\"og:url\" content=\"https:\/\/dalloz-stones.com\/fr\/produit\/nano-orange-rond\/\" \/>\n<meta property=\"og:site_name\" content=\"Dalloz stones &amp; rough\" \/>\n<meta property=\"article:publisher\" content=\"https:\/\/www.facebook.com\/dalloz1917\/\" \/>\n<meta property=\"article:modified_time\" content=\"2025-11-27T15:03:30+00:00\" \/>\n<meta property=\"og:image\" content=\"https:\/\/dalloz-stones.com\/app\/uploads\/2025\/03\/2SDAFR50200-QOH0XXX_1.jpg\" \/>\n\t<meta property=\"og:image:width\" content=\"2000\" \/>\n\t<meta property=\"og:image:height\" content=\"2000\" \/>\n\t<meta property=\"og:image:type\" content=\"image\/jpeg\" \/>\n<meta name=\"twitter:card\" content=\"summary_large_image\" \/>\n<script type=\"application\/ld+json\" class=\"yoast-schema-graph\">{\"@context\":\"https:\/\/schema.org\",\"@graph\":[{\"@type\":\"WebPage\",\"@id\":\"https:\/\/dalloz-stones.com\/fr\/produit\/nano-orange-rond\/\",\"url\":\"https:\/\/dalloz-stones.com\/fr\/produit\/nano-orange-rond\/\",\"name\":\"Nano orange \u2013 Pierre \u00e9clatante et vibrante\",\"isPartOf\":{\"@id\":\"https:\/\/dalloz-stones.com\/fr\/#website\"},\"primaryImageOfPage\":{\"@id\":\"https:\/\/dalloz-stones.com\/fr\/produit\/nano-orange-rond\/#primaryimage\"},\"image\":{\"@id\":\"https:\/\/dalloz-stones.com\/fr\/produit\/nano-orange-rond\/#primaryimage\"},\"thumbnailUrl\":\"https:\/\/dalloz-stones.com\/app\/uploads\/2025\/03\/2SDAFR50200-QOH0XXX_1.jpg\",\"datePublished\":\"2025-02-14T18:00:18+00:00\",\"dateModified\":\"2025-11-27T15:03:30+00:00\",\"description\":\"Ce Nano orange, taill\u00e9 en rond, illumine vos bijoux avec sa teinte audacieuse et sa pr\u00e9cision (+\/- 0,03 mm). Id\u00e9al pour des cr\u00e9ations modernes et uniques.\",\"breadcrumb\":{\"@id\":\"https:\/\/dalloz-stones.com\/fr\/produit\/nano-orange-rond\/#breadcrumb\"},\"inLanguage\":\"fr-FR\",\"potentialAction\":[{\"@type\":\"ReadAction\",\"target\":[\"https:\/\/dalloz-stones.com\/fr\/produit\/nano-orange-rond\/\"]}]},{\"@type\":\"ImageObject\",\"inLanguage\":\"fr-FR\",\"@id\":\"https:\/\/dalloz-stones.com\/fr\/produit\/nano-orange-rond\/#primaryimage\",\"url\":\"https:\/\/dalloz-stones.com\/app\/uploads\/2025\/03\/2SDAFR50200-QOH0XXX_1.jpg\",\"contentUrl\":\"https:\/\/dalloz-stones.com\/app\/uploads\/2025\/03\/2SDAFR50200-QOH0XXX_1.jpg\",\"width\":2000,\"height\":2000},{\"@type\":\"BreadcrumbList\",\"@id\":\"https:\/\/dalloz-stones.com\/fr\/produit\/nano-orange-rond\/#breadcrumb\",\"itemListElement\":[{\"@type\":\"ListItem\",\"position\":1,\"name\":\"Accueil\",\"item\":\"https:\/\/dalloz-stones.com\/fr\/\"},{\"@type\":\"ListItem\",\"position\":2,\"name\":\"Boutique\",\"item\":\"https:\/\/dalloz-stones.com\/boutique\/\"},{\"@type\":\"ListItem\",\"position\":3,\"name\":\"Nano Orange Rond\"}]},{\"@type\":\"WebSite\",\"@id\":\"https:\/\/dalloz-stones.com\/fr\/#website\",\"url\":\"https:\/\/dalloz-stones.com\/fr\/\",\"name\":\"Dalloz stones &amp; rough\",\"description\":\"\",\"publisher\":{\"@id\":\"https:\/\/dalloz-stones.com\/fr\/#organization\"},\"potentialAction\":[{\"@type\":\"SearchAction\",\"target\":{\"@type\":\"EntryPoint\",\"urlTemplate\":\"https:\/\/dalloz-stones.com\/fr\/?s={search_term_string}\"},\"query-input\":{\"@type\":\"PropertyValueSpecification\",\"valueRequired\":true,\"valueName\":\"search_term_string\"}}],\"inLanguage\":\"fr-FR\"},{\"@type\":\"Organization\",\"@id\":\"https:\/\/dalloz-stones.com\/fr\/#organization\",\"name\":\"Dalloz Stones & Rough\",\"url\":\"https:\/\/dalloz-stones.com\/fr\/\",\"logo\":{\"@type\":\"ImageObject\",\"inLanguage\":\"fr-FR\",\"@id\":\"https:\/\/dalloz-stones.com\/fr\/#\/schema\/logo\/image\/\",\"url\":\"https:\/\/dalloz-stones.com\/app\/uploads\/2020\/11\/Dalloz_Mono_Vertsapin.png\",\"contentUrl\":\"https:\/\/dalloz-stones.com\/app\/uploads\/2020\/11\/Dalloz_Mono_Vertsapin.png\",\"width\":1772,\"height\":1772,\"caption\":\"Dalloz Stones & Rough\"},\"image\":{\"@id\":\"https:\/\/dalloz-stones.com\/fr\/#\/schema\/logo\/image\/\"},\"sameAs\":[\"https:\/\/www.facebook.com\/dalloz1917\/\",\"https:\/\/www.instagram.com\/dallozstones\/\",\"https:\/\/www.linkedin.com\/company\/dalloz-stones-and-rough\/\",\"https:\/\/www.youtube.com\/channel\/UC1mJnpsxORlO9kjbbN9LvtQ\"]}]}<\/script>\n<!-- \/ Yoast SEO plugin. -->","yoast_head_json":{"title":"Nano orange \u2013 Pierre \u00e9clatante et vibrante","description":"Ce Nano orange, taill\u00e9 en rond, illumine vos bijoux avec sa teinte audacieuse et sa pr\u00e9cision (+\/- 0,03 mm). Id\u00e9al pour des cr\u00e9ations modernes et uniques.","robots":{"index":"index","follow":"follow","max-snippet":"max-snippet:-1","max-image-preview":"max-image-preview:large","max-video-preview":"max-video-preview:-1"},"canonical":"https:\/\/dalloz-stones.com\/fr\/produit\/nano-orange-rond\/","og_locale":"fr_FR","og_type":"article","og_title":"Nano orange \u2013 Pierre \u00e9clatante et vibrante","og_description":"Ce Nano orange, taill\u00e9 en rond, illumine vos bijoux avec sa teinte audacieuse et sa pr\u00e9cision (+\/- 0,03 mm). Id\u00e9al pour des cr\u00e9ations modernes et uniques.","og_url":"https:\/\/dalloz-stones.com\/fr\/produit\/nano-orange-rond\/","og_site_name":"Dalloz stones &amp; rough","article_publisher":"https:\/\/www.facebook.com\/dalloz1917\/","article_modified_time":"2025-11-27T15:03:30+00:00","og_image":[{"width":2000,"height":2000,"url":"https:\/\/dalloz-stones.com\/app\/uploads\/2025\/03\/2SDAFR50200-QOH0XXX_1.jpg","type":"image\/jpeg"}],"twitter_card":"summary_large_image","schema":{"@context":"https:\/\/schema.org","@graph":[{"@type":"WebPage","@id":"https:\/\/dalloz-stones.com\/fr\/produit\/nano-orange-rond\/","url":"https:\/\/dalloz-stones.com\/fr\/produit\/nano-orange-rond\/","name":"Nano orange \u2013 Pierre \u00e9clatante et vibrante","isPartOf":{"@id":"https:\/\/dalloz-stones.com\/fr\/#website"},"primaryImageOfPage":{"@id":"https:\/\/dalloz-stones.com\/fr\/produit\/nano-orange-rond\/#primaryimage"},"image":{"@id":"https:\/\/dalloz-stones.com\/fr\/produit\/nano-orange-rond\/#primaryimage"},"thumbnailUrl":"https:\/\/dalloz-stones.com\/app\/uploads\/2025\/03\/2SDAFR50200-QOH0XXX_1.jpg","datePublished":"2025-02-14T18:00:18+00:00","dateModified":"2025-11-27T15:03:30+00:00","description":"Ce Nano orange, taill\u00e9 en rond, illumine vos bijoux avec sa teinte audacieuse et sa pr\u00e9cision (+\/- 0,03 mm). Id\u00e9al pour des cr\u00e9ations modernes et uniques.","breadcrumb":{"@id":"https:\/\/dalloz-stones.com\/fr\/produit\/nano-orange-rond\/#breadcrumb"},"inLanguage":"fr-FR","potentialAction":[{"@type":"ReadAction","target":["https:\/\/dalloz-stones.com\/fr\/produit\/nano-orange-rond\/"]}]},{"@type":"ImageObject","inLanguage":"fr-FR","@id":"https:\/\/dalloz-stones.com\/fr\/produit\/nano-orange-rond\/#primaryimage","url":"https:\/\/dalloz-stones.com\/app\/uploads\/2025\/03\/2SDAFR50200-QOH0XXX_1.jpg","contentUrl":"https:\/\/dalloz-stones.com\/app\/uploads\/2025\/03\/2SDAFR50200-QOH0XXX_1.jpg","width":2000,"height":2000},{"@type":"BreadcrumbList","@id":"https:\/\/dalloz-stones.com\/fr\/produit\/nano-orange-rond\/#breadcrumb","itemListElement":[{"@type":"ListItem","position":1,"name":"Accueil","item":"https:\/\/dalloz-stones.com\/fr\/"},{"@type":"ListItem","position":2,"name":"Boutique","item":"https:\/\/dalloz-stones.com\/boutique\/"},{"@type":"ListItem","position":3,"name":"Nano Orange Rond"}]},{"@type":"WebSite","@id":"https:\/\/dalloz-stones.com\/fr\/#website","url":"https:\/\/dalloz-stones.com\/fr\/","name":"Dalloz stones &amp; rough","description":"","publisher":{"@id":"https:\/\/dalloz-stones.com\/fr\/#organization"},"potentialAction":[{"@type":"SearchAction","target":{"@type":"EntryPoint","urlTemplate":"https:\/\/dalloz-stones.com\/fr\/?s={search_term_string}"},"query-input":{"@type":"PropertyValueSpecification","valueRequired":true,"valueName":"search_term_string"}}],"inLanguage":"fr-FR"},{"@type":"Organization","@id":"https:\/\/dalloz-stones.com\/fr\/#organization","name":"Dalloz Stones & Rough","url":"https:\/\/dalloz-stones.com\/fr\/","logo":{"@type":"ImageObject","inLanguage":"fr-FR","@id":"https:\/\/dalloz-stones.com\/fr\/#\/schema\/logo\/image\/","url":"https:\/\/dalloz-stones.com\/app\/uploads\/2020\/11\/Dalloz_Mono_Vertsapin.png","contentUrl":"https:\/\/dalloz-stones.com\/app\/uploads\/2020\/11\/Dalloz_Mono_Vertsapin.png","width":1772,"height":1772,"caption":"Dalloz Stones & Rough"},"image":{"@id":"https:\/\/dalloz-stones.com\/fr\/#\/schema\/logo\/image\/"},"sameAs":["https:\/\/www.facebook.com\/dalloz1917\/","https:\/\/www.instagram.com\/dallozstones\/","https:\/\/www.linkedin.com\/company\/dalloz-stones-and-rough\/","https:\/\/www.youtube.com\/channel\/UC1mJnpsxORlO9kjbbN9LvtQ"]}]}},"_links":{"self":[{"href":"https:\/\/dalloz-stones.com\/fr\/wp-json\/wp\/v2\/product\/12397","targetHints":{"allow":["GET"]}}],"collection":[{"href":"https:\/\/dalloz-stones.com\/fr\/wp-json\/wp\/v2\/product"}],"about":[{"href":"https:\/\/dalloz-stones.com\/fr\/wp-json\/wp\/v2\/types\/product"}],"replies":[{"embeddable":true,"href":"https:\/\/dalloz-stones.com\/fr\/wp-json\/wp\/v2\/comments?post=12397"}],"wp:featuredmedia":[{"embeddable":true,"href":"https:\/\/dalloz-stones.com\/fr\/wp-json\/wp\/v2\/media\/13852"}],"wp:attachment":[{"href":"https:\/\/dalloz-stones.com\/fr\/wp-json\/wp\/v2\/media?parent=12397"}],"wp:term":[{"taxonomy":"product_brand","embeddable":true,"href":"https:\/\/dalloz-stones.com\/fr\/wp-json\/wp\/v2\/product_brand?post=12397"},{"taxonomy":"product_cat","embeddable":true,"href":"https:\/\/dalloz-stones.com\/fr\/wp-json\/wp\/v2\/product_cat?post=12397"},{"taxonomy":"product_tag","embeddable":true,"href":"https:\/\/dalloz-stones.com\/fr\/wp-json\/wp\/v2\/product_tag?post=12397"}],"curies":[{"name":"wp","href":"https:\/\/api.w.org\/{rel}","templated":true}]}}