{"id":12319,"date":"2025-02-25T14:31:01","date_gmt":"2025-02-25T13:31:01","guid":{"rendered":"https:\/\/dalloz-stones.com\/produit\/cubic-zirconia-rose-rond\/"},"modified":"2025-09-09T09:13:57","modified_gmt":"2025-09-09T07:13:57","slug":"cubic-zirconia-rose-rond","status":"publish","type":"product","link":"https:\/\/dalloz-stones.com\/fr\/produit\/cubic-zirconia-rose-rond\/","title":{"rendered":"Cubic Zirconia Rose Rond"},"content":{"rendered":"<p>Ce cubic zirconia rose, taill\u00e9 en rond, apporte une subtile touche de douceur \u00e0 vos cr\u00e9ations. Avec une tol\u00e9rance dimensionnelle excellente de +\/- 0,03 mm, il garantit une pr\u00e9cision parfaite pour des designs d\u00e9licats et raffin\u00e9s. Son \u00e9clat brillant et sa teinte romantique en font un choix incontournable pour sublimer vos bijoux avec \u00e9l\u00e9gance et f\u00e9minit\u00e9. Une pierre essentielle pour illuminer vos cr\u00e9ations avec charme.<\/p>\n","protected":false},"excerpt":{"rendered":"<p>Ce cubic zirconia rose, taill\u00e9 en rond, apporte une subtile touche de douceur \u00e0 vos cr\u00e9ations. Avec une tol\u00e9rance dimensionnelle excellente de +\/- 0,03 mm, il garantit une pr\u00e9cision parfaite pour des designs d\u00e9licats et raffin\u00e9s. Son \u00e9clat brillant et sa teinte romantique en font un choix incontournable pour sublimer vos bijoux avec \u00e9l\u00e9gance et f\u00e9minit\u00e9. Une pierre essentielle pour illuminer vos cr\u00e9ations avec charme.<\/p>\n","protected":false},"featured_media":12320,"comment_status":"closed","ping_status":"closed","template":"","meta":{"_acf_changed":false,"content-type":""},"product_brand":[],"product_cat":[133],"product_tag":[],"class_list":{"0":"post-12319","1":"product","2":"type-product","3":"status-publish","4":"has-post-thumbnail","6":"product_cat-non-classifiee","7":"pa_color-rose","8":"pa_material-cubic-zirconia","9":"pa_origine-du-brut-sourcing","10":"pa_shape-rond","11":"pa_stone-colour-rose","12":"pa_stone-shape-rond","13":"pa_stone-type-synthetique-fr","15":"first","16":"instock","17":"taxable","18":"shipping-taxable","19":"purchasable","20":"product-type-variable"},"acf":[],"yoast_head":"<!-- This site is optimized with the Yoast SEO plugin v26.9 - https:\/\/yoast.com\/product\/yoast-seo-wordpress\/ -->\n<title>Cubic zirconia rose \u2013 Douceur et \u00e9clat pour des bijoux raffin\u00e9s<\/title>\n<meta name=\"description\" content=\"Cubic zirconia rose, \u00e9clat brillant et pr\u00e9cision (+\/- 0,03 mm). Apporte une touche de f\u00e9minit\u00e9 et d&#039;\u00e9l\u00e9gance \u00e0 vos cr\u00e9ations joailli\u00e8res.\" \/>\n<meta name=\"robots\" content=\"index, follow, max-snippet:-1, max-image-preview:large, max-video-preview:-1\" \/>\n<link rel=\"canonical\" href=\"https:\/\/dalloz-stones.com\/fr\/produit\/cubic-zirconia-rose-rond\/\" \/>\n<meta property=\"og:locale\" content=\"fr_FR\" \/>\n<meta property=\"og:type\" content=\"article\" \/>\n<meta property=\"og:title\" content=\"Cubic zirconia rose \u2013 Douceur et \u00e9clat pour des bijoux raffin\u00e9s\" \/>\n<meta property=\"og:description\" content=\"Cubic zirconia rose, \u00e9clat brillant et pr\u00e9cision (+\/- 0,03 mm). Apporte une touche de f\u00e9minit\u00e9 et d&#039;\u00e9l\u00e9gance \u00e0 vos cr\u00e9ations joailli\u00e8res.\" \/>\n<meta property=\"og:url\" content=\"https:\/\/dalloz-stones.com\/fr\/produit\/cubic-zirconia-rose-rond\/\" \/>\n<meta property=\"og:site_name\" content=\"Dalloz stones &amp; rough\" \/>\n<meta property=\"article:publisher\" content=\"https:\/\/www.facebook.com\/dalloz1917\/\" \/>\n<meta property=\"article:modified_time\" content=\"2025-09-09T07:13:57+00:00\" \/>\n<meta property=\"og:image\" content=\"https:\/\/dalloz-stones.com\/app\/uploads\/2025\/02\/2ZROSR50200-QOH4XXX_1-1024x1024.jpg\" \/>\n\t<meta property=\"og:image:width\" content=\"1024\" \/>\n\t<meta property=\"og:image:height\" content=\"1024\" \/>\n\t<meta property=\"og:image:type\" content=\"image\/jpeg\" \/>\n<meta name=\"twitter:card\" content=\"summary_large_image\" \/>\n<meta name=\"twitter:label1\" content=\"Dur\u00e9e de lecture estim\u00e9e\" \/>\n\t<meta name=\"twitter:data1\" content=\"1 minute\" \/>\n<script type=\"application\/ld+json\" class=\"yoast-schema-graph\">{\"@context\":\"https:\/\/schema.org\",\"@graph\":[{\"@type\":\"WebPage\",\"@id\":\"https:\/\/dalloz-stones.com\/fr\/produit\/cubic-zirconia-rose-rond\/\",\"url\":\"https:\/\/dalloz-stones.com\/fr\/produit\/cubic-zirconia-rose-rond\/\",\"name\":\"Cubic zirconia rose \u2013 Douceur et \u00e9clat pour des bijoux raffin\u00e9s\",\"isPartOf\":{\"@id\":\"https:\/\/dalloz-stones.com\/fr\/#website\"},\"primaryImageOfPage\":{\"@id\":\"https:\/\/dalloz-stones.com\/fr\/produit\/cubic-zirconia-rose-rond\/#primaryimage\"},\"image\":{\"@id\":\"https:\/\/dalloz-stones.com\/fr\/produit\/cubic-zirconia-rose-rond\/#primaryimage\"},\"thumbnailUrl\":\"https:\/\/dalloz-stones.com\/app\/uploads\/2025\/02\/2ZROSR50200-QOH4XXX_1.jpg\",\"datePublished\":\"2025-02-25T13:31:01+00:00\",\"dateModified\":\"2025-09-09T07:13:57+00:00\",\"description\":\"Cubic zirconia rose, \u00e9clat brillant et pr\u00e9cision (+\/- 0,03 mm). Apporte une touche de f\u00e9minit\u00e9 et d'\u00e9l\u00e9gance \u00e0 vos cr\u00e9ations joailli\u00e8res.\",\"breadcrumb\":{\"@id\":\"https:\/\/dalloz-stones.com\/fr\/produit\/cubic-zirconia-rose-rond\/#breadcrumb\"},\"inLanguage\":\"fr-FR\",\"potentialAction\":[{\"@type\":\"ReadAction\",\"target\":[\"https:\/\/dalloz-stones.com\/fr\/produit\/cubic-zirconia-rose-rond\/\"]}]},{\"@type\":\"ImageObject\",\"inLanguage\":\"fr-FR\",\"@id\":\"https:\/\/dalloz-stones.com\/fr\/produit\/cubic-zirconia-rose-rond\/#primaryimage\",\"url\":\"https:\/\/dalloz-stones.com\/app\/uploads\/2025\/02\/2ZROSR50200-QOH4XXX_1.jpg\",\"contentUrl\":\"https:\/\/dalloz-stones.com\/app\/uploads\/2025\/02\/2ZROSR50200-QOH4XXX_1.jpg\",\"width\":2000,\"height\":2000,\"caption\":\"Cubic zirconia rose\"},{\"@type\":\"BreadcrumbList\",\"@id\":\"https:\/\/dalloz-stones.com\/fr\/produit\/cubic-zirconia-rose-rond\/#breadcrumb\",\"itemListElement\":[{\"@type\":\"ListItem\",\"position\":1,\"name\":\"Accueil\",\"item\":\"https:\/\/dalloz-stones.com\/fr\/\"},{\"@type\":\"ListItem\",\"position\":2,\"name\":\"Boutique\",\"item\":\"https:\/\/dalloz-stones.com\/boutique\/\"},{\"@type\":\"ListItem\",\"position\":3,\"name\":\"Cubic Zirconia Rose Rond\"}]},{\"@type\":\"WebSite\",\"@id\":\"https:\/\/dalloz-stones.com\/fr\/#website\",\"url\":\"https:\/\/dalloz-stones.com\/fr\/\",\"name\":\"Dalloz stones &amp; rough\",\"description\":\"\",\"publisher\":{\"@id\":\"https:\/\/dalloz-stones.com\/fr\/#organization\"},\"potentialAction\":[{\"@type\":\"SearchAction\",\"target\":{\"@type\":\"EntryPoint\",\"urlTemplate\":\"https:\/\/dalloz-stones.com\/fr\/?s={search_term_string}\"},\"query-input\":{\"@type\":\"PropertyValueSpecification\",\"valueRequired\":true,\"valueName\":\"search_term_string\"}}],\"inLanguage\":\"fr-FR\"},{\"@type\":\"Organization\",\"@id\":\"https:\/\/dalloz-stones.com\/fr\/#organization\",\"name\":\"Dalloz Stones & Rough\",\"url\":\"https:\/\/dalloz-stones.com\/fr\/\",\"logo\":{\"@type\":\"ImageObject\",\"inLanguage\":\"fr-FR\",\"@id\":\"https:\/\/dalloz-stones.com\/fr\/#\/schema\/logo\/image\/\",\"url\":\"https:\/\/dalloz-stones.com\/app\/uploads\/2020\/11\/Dalloz_Mono_Vertsapin.png\",\"contentUrl\":\"https:\/\/dalloz-stones.com\/app\/uploads\/2020\/11\/Dalloz_Mono_Vertsapin.png\",\"width\":1772,\"height\":1772,\"caption\":\"Dalloz Stones & Rough\"},\"image\":{\"@id\":\"https:\/\/dalloz-stones.com\/fr\/#\/schema\/logo\/image\/\"},\"sameAs\":[\"https:\/\/www.facebook.com\/dalloz1917\/\",\"https:\/\/www.instagram.com\/dallozstones\/\",\"https:\/\/www.linkedin.com\/company\/dalloz-stones-and-rough\/\",\"https:\/\/www.youtube.com\/channel\/UC1mJnpsxORlO9kjbbN9LvtQ\"]}]}<\/script>\n<!-- \/ Yoast SEO plugin. -->","yoast_head_json":{"title":"Cubic zirconia rose \u2013 Douceur et \u00e9clat pour des bijoux raffin\u00e9s","description":"Cubic zirconia rose, \u00e9clat brillant et pr\u00e9cision (+\/- 0,03 mm). Apporte une touche de f\u00e9minit\u00e9 et d'\u00e9l\u00e9gance \u00e0 vos cr\u00e9ations joailli\u00e8res.","robots":{"index":"index","follow":"follow","max-snippet":"max-snippet:-1","max-image-preview":"max-image-preview:large","max-video-preview":"max-video-preview:-1"},"canonical":"https:\/\/dalloz-stones.com\/fr\/produit\/cubic-zirconia-rose-rond\/","og_locale":"fr_FR","og_type":"article","og_title":"Cubic zirconia rose \u2013 Douceur et \u00e9clat pour des bijoux raffin\u00e9s","og_description":"Cubic zirconia rose, \u00e9clat brillant et pr\u00e9cision (+\/- 0,03 mm). Apporte une touche de f\u00e9minit\u00e9 et d'\u00e9l\u00e9gance \u00e0 vos cr\u00e9ations joailli\u00e8res.","og_url":"https:\/\/dalloz-stones.com\/fr\/produit\/cubic-zirconia-rose-rond\/","og_site_name":"Dalloz stones &amp; rough","article_publisher":"https:\/\/www.facebook.com\/dalloz1917\/","article_modified_time":"2025-09-09T07:13:57+00:00","og_image":[{"width":1024,"height":1024,"url":"https:\/\/dalloz-stones.com\/app\/uploads\/2025\/02\/2ZROSR50200-QOH4XXX_1-1024x1024.jpg","type":"image\/jpeg"}],"twitter_card":"summary_large_image","twitter_misc":{"Dur\u00e9e de lecture estim\u00e9e":"1 minute"},"schema":{"@context":"https:\/\/schema.org","@graph":[{"@type":"WebPage","@id":"https:\/\/dalloz-stones.com\/fr\/produit\/cubic-zirconia-rose-rond\/","url":"https:\/\/dalloz-stones.com\/fr\/produit\/cubic-zirconia-rose-rond\/","name":"Cubic zirconia rose \u2013 Douceur et \u00e9clat pour des bijoux raffin\u00e9s","isPartOf":{"@id":"https:\/\/dalloz-stones.com\/fr\/#website"},"primaryImageOfPage":{"@id":"https:\/\/dalloz-stones.com\/fr\/produit\/cubic-zirconia-rose-rond\/#primaryimage"},"image":{"@id":"https:\/\/dalloz-stones.com\/fr\/produit\/cubic-zirconia-rose-rond\/#primaryimage"},"thumbnailUrl":"https:\/\/dalloz-stones.com\/app\/uploads\/2025\/02\/2ZROSR50200-QOH4XXX_1.jpg","datePublished":"2025-02-25T13:31:01+00:00","dateModified":"2025-09-09T07:13:57+00:00","description":"Cubic zirconia rose, \u00e9clat brillant et pr\u00e9cision (+\/- 0,03 mm). Apporte une touche de f\u00e9minit\u00e9 et d'\u00e9l\u00e9gance \u00e0 vos cr\u00e9ations joailli\u00e8res.","breadcrumb":{"@id":"https:\/\/dalloz-stones.com\/fr\/produit\/cubic-zirconia-rose-rond\/#breadcrumb"},"inLanguage":"fr-FR","potentialAction":[{"@type":"ReadAction","target":["https:\/\/dalloz-stones.com\/fr\/produit\/cubic-zirconia-rose-rond\/"]}]},{"@type":"ImageObject","inLanguage":"fr-FR","@id":"https:\/\/dalloz-stones.com\/fr\/produit\/cubic-zirconia-rose-rond\/#primaryimage","url":"https:\/\/dalloz-stones.com\/app\/uploads\/2025\/02\/2ZROSR50200-QOH4XXX_1.jpg","contentUrl":"https:\/\/dalloz-stones.com\/app\/uploads\/2025\/02\/2ZROSR50200-QOH4XXX_1.jpg","width":2000,"height":2000,"caption":"Cubic zirconia rose"},{"@type":"BreadcrumbList","@id":"https:\/\/dalloz-stones.com\/fr\/produit\/cubic-zirconia-rose-rond\/#breadcrumb","itemListElement":[{"@type":"ListItem","position":1,"name":"Accueil","item":"https:\/\/dalloz-stones.com\/fr\/"},{"@type":"ListItem","position":2,"name":"Boutique","item":"https:\/\/dalloz-stones.com\/boutique\/"},{"@type":"ListItem","position":3,"name":"Cubic Zirconia Rose Rond"}]},{"@type":"WebSite","@id":"https:\/\/dalloz-stones.com\/fr\/#website","url":"https:\/\/dalloz-stones.com\/fr\/","name":"Dalloz stones &amp; rough","description":"","publisher":{"@id":"https:\/\/dalloz-stones.com\/fr\/#organization"},"potentialAction":[{"@type":"SearchAction","target":{"@type":"EntryPoint","urlTemplate":"https:\/\/dalloz-stones.com\/fr\/?s={search_term_string}"},"query-input":{"@type":"PropertyValueSpecification","valueRequired":true,"valueName":"search_term_string"}}],"inLanguage":"fr-FR"},{"@type":"Organization","@id":"https:\/\/dalloz-stones.com\/fr\/#organization","name":"Dalloz Stones & Rough","url":"https:\/\/dalloz-stones.com\/fr\/","logo":{"@type":"ImageObject","inLanguage":"fr-FR","@id":"https:\/\/dalloz-stones.com\/fr\/#\/schema\/logo\/image\/","url":"https:\/\/dalloz-stones.com\/app\/uploads\/2020\/11\/Dalloz_Mono_Vertsapin.png","contentUrl":"https:\/\/dalloz-stones.com\/app\/uploads\/2020\/11\/Dalloz_Mono_Vertsapin.png","width":1772,"height":1772,"caption":"Dalloz Stones & Rough"},"image":{"@id":"https:\/\/dalloz-stones.com\/fr\/#\/schema\/logo\/image\/"},"sameAs":["https:\/\/www.facebook.com\/dalloz1917\/","https:\/\/www.instagram.com\/dallozstones\/","https:\/\/www.linkedin.com\/company\/dalloz-stones-and-rough\/","https:\/\/www.youtube.com\/channel\/UC1mJnpsxORlO9kjbbN9LvtQ"]}]}},"_links":{"self":[{"href":"https:\/\/dalloz-stones.com\/fr\/wp-json\/wp\/v2\/product\/12319","targetHints":{"allow":["GET"]}}],"collection":[{"href":"https:\/\/dalloz-stones.com\/fr\/wp-json\/wp\/v2\/product"}],"about":[{"href":"https:\/\/dalloz-stones.com\/fr\/wp-json\/wp\/v2\/types\/product"}],"replies":[{"embeddable":true,"href":"https:\/\/dalloz-stones.com\/fr\/wp-json\/wp\/v2\/comments?post=12319"}],"wp:featuredmedia":[{"embeddable":true,"href":"https:\/\/dalloz-stones.com\/fr\/wp-json\/wp\/v2\/media\/12320"}],"wp:attachment":[{"href":"https:\/\/dalloz-stones.com\/fr\/wp-json\/wp\/v2\/media?parent=12319"}],"wp:term":[{"taxonomy":"product_brand","embeddable":true,"href":"https:\/\/dalloz-stones.com\/fr\/wp-json\/wp\/v2\/product_brand?post=12319"},{"taxonomy":"product_cat","embeddable":true,"href":"https:\/\/dalloz-stones.com\/fr\/wp-json\/wp\/v2\/product_cat?post=12319"},{"taxonomy":"product_tag","embeddable":true,"href":"https:\/\/dalloz-stones.com\/fr\/wp-json\/wp\/v2\/product_tag?post=12319"}],"curies":[{"name":"wp","href":"https:\/\/api.w.org\/{rel}","templated":true}]}}