{"id":12223,"date":"2025-02-14T18:59:53","date_gmt":"2025-02-14T17:59:53","guid":{"rendered":"https:\/\/dalloz-stones.com\/produit\/spinelle-naturelle-noir-rond\/"},"modified":"2025-10-09T11:48:53","modified_gmt":"2025-10-09T09:48:53","slug":"spinelle-naturelle-noir-rond","status":"publish","type":"product","link":"https:\/\/dalloz-stones.com\/fr\/produit\/spinelle-naturelle-noir-rond\/","title":{"rendered":"Spinelle naturel Noir Rond"},"content":{"rendered":"<p>Ce spinelle noir naturel, taill\u00e9 en rond, incarne une sobri\u00e9t\u00e9 \u00e9l\u00e9gante et intemporelle. Avec une tol\u00e9rance dimensionnelle excellente de +\/- 0,03 mm, cette pierre offre une pr\u00e9cision id\u00e9ale pour des designs raffin\u00e9s et modernes. Son \u00e9clat subtil et sa teinte noire profonde en font un choix incontournable pour sublimer vos bijoux avec une allure discr\u00e8te et sophistiqu\u00e9e.<\/p>\n","protected":false},"excerpt":{"rendered":"<p>Ce spinelle noir naturel, taill\u00e9 en rond, incarne une sobri\u00e9t\u00e9 \u00e9l\u00e9gante et intemporelle. Avec une tol\u00e9rance dimensionnelle excellente de +\/- 0,03 mm, cette pierre offre une pr\u00e9cision id\u00e9ale pour des designs raffin\u00e9s et modernes. Son \u00e9clat subtil et sa teinte noire profonde en font un choix incontournable pour sublimer vos bijoux avec une allure discr\u00e8te et sophistiqu\u00e9e.<\/p>\n","protected":false},"featured_media":12374,"comment_status":"closed","ping_status":"closed","template":"","meta":{"_acf_changed":false,"content-type":""},"product_brand":[],"product_cat":[133],"product_tag":[],"class_list":{"0":"post-12223","1":"product","2":"type-product","3":"status-publish","4":"has-post-thumbnail","6":"product_cat-non-classifiee","7":"pa_color-noir","8":"pa_material-spinelle-naturel","9":"pa_origine-du-brut-sourcing","10":"pa_shape-rond","11":"pa_stone-colour-noir","12":"pa_stone-shape-rond","13":"pa_stone-type-synthetique-fr","15":"first","16":"instock","17":"taxable","18":"shipping-taxable","19":"purchasable","20":"product-type-variable"},"acf":[],"yoast_head":"<!-- This site is optimized with the Yoast SEO plugin v26.9 - https:\/\/yoast.com\/product\/yoast-seo-wordpress\/ -->\n<title>Spinelle noir naturel \u2013 \u00c9l\u00e9gance et pr\u00e9cision intemporelle<\/title>\n<meta name=\"description\" content=\"Spinelle noir naturel, taille ronde, \u00e9clat subtil et tol\u00e9rance parfaite (+\/- 0,03 mm), id\u00e9al pour des cr\u00e9ations sophistiqu\u00e9es et raffin\u00e9es.\" \/>\n<meta name=\"robots\" content=\"index, follow, max-snippet:-1, max-image-preview:large, max-video-preview:-1\" \/>\n<link rel=\"canonical\" href=\"https:\/\/dalloz-stones.com\/fr\/produit\/spinelle-naturelle-noir-rond\/\" \/>\n<meta property=\"og:locale\" content=\"fr_FR\" \/>\n<meta property=\"og:type\" content=\"article\" \/>\n<meta property=\"og:title\" content=\"Spinelle noir naturel \u2013 \u00c9l\u00e9gance et pr\u00e9cision intemporelle\" \/>\n<meta property=\"og:description\" content=\"Spinelle noir naturel, taille ronde, \u00e9clat subtil et tol\u00e9rance parfaite (+\/- 0,03 mm), id\u00e9al pour des cr\u00e9ations sophistiqu\u00e9es et raffin\u00e9es.\" \/>\n<meta property=\"og:url\" content=\"https:\/\/dalloz-stones.com\/fr\/produit\/spinelle-naturelle-noir-rond\/\" \/>\n<meta property=\"og:site_name\" content=\"Dalloz stones &amp; rough\" \/>\n<meta property=\"article:publisher\" content=\"https:\/\/www.facebook.com\/dalloz1917\/\" \/>\n<meta property=\"article:modified_time\" content=\"2025-10-09T09:48:53+00:00\" \/>\n<meta property=\"og:image\" content=\"https:\/\/dalloz-stones.com\/app\/uploads\/2025\/02\/2NSPIR50250-QOIO_1.jpg\" \/>\n\t<meta property=\"og:image:width\" content=\"2000\" \/>\n\t<meta property=\"og:image:height\" content=\"2000\" \/>\n\t<meta property=\"og:image:type\" content=\"image\/jpeg\" \/>\n<meta name=\"twitter:card\" content=\"summary_large_image\" \/>\n<meta name=\"twitter:label1\" content=\"Dur\u00e9e de lecture estim\u00e9e\" \/>\n\t<meta name=\"twitter:data1\" content=\"1 minute\" \/>\n<script type=\"application\/ld+json\" class=\"yoast-schema-graph\">{\"@context\":\"https:\/\/schema.org\",\"@graph\":[{\"@type\":\"WebPage\",\"@id\":\"https:\/\/dalloz-stones.com\/fr\/produit\/spinelle-naturelle-noir-rond\/\",\"url\":\"https:\/\/dalloz-stones.com\/fr\/produit\/spinelle-naturelle-noir-rond\/\",\"name\":\"Spinelle noir naturel \u2013 \u00c9l\u00e9gance et pr\u00e9cision intemporelle\",\"isPartOf\":{\"@id\":\"https:\/\/dalloz-stones.com\/fr\/#website\"},\"primaryImageOfPage\":{\"@id\":\"https:\/\/dalloz-stones.com\/fr\/produit\/spinelle-naturelle-noir-rond\/#primaryimage\"},\"image\":{\"@id\":\"https:\/\/dalloz-stones.com\/fr\/produit\/spinelle-naturelle-noir-rond\/#primaryimage\"},\"thumbnailUrl\":\"https:\/\/dalloz-stones.com\/app\/uploads\/2025\/02\/2NSPIR50250-QOIO_1.jpg\",\"datePublished\":\"2025-02-14T17:59:53+00:00\",\"dateModified\":\"2025-10-09T09:48:53+00:00\",\"description\":\"Spinelle noir naturel, taille ronde, \u00e9clat subtil et tol\u00e9rance parfaite (+\/- 0,03 mm), id\u00e9al pour des cr\u00e9ations sophistiqu\u00e9es et raffin\u00e9es.\",\"breadcrumb\":{\"@id\":\"https:\/\/dalloz-stones.com\/fr\/produit\/spinelle-naturelle-noir-rond\/#breadcrumb\"},\"inLanguage\":\"fr-FR\",\"potentialAction\":[{\"@type\":\"ReadAction\",\"target\":[\"https:\/\/dalloz-stones.com\/fr\/produit\/spinelle-naturelle-noir-rond\/\"]}]},{\"@type\":\"ImageObject\",\"inLanguage\":\"fr-FR\",\"@id\":\"https:\/\/dalloz-stones.com\/fr\/produit\/spinelle-naturelle-noir-rond\/#primaryimage\",\"url\":\"https:\/\/dalloz-stones.com\/app\/uploads\/2025\/02\/2NSPIR50250-QOIO_1.jpg\",\"contentUrl\":\"https:\/\/dalloz-stones.com\/app\/uploads\/2025\/02\/2NSPIR50250-QOIO_1.jpg\",\"width\":2000,\"height\":2000},{\"@type\":\"BreadcrumbList\",\"@id\":\"https:\/\/dalloz-stones.com\/fr\/produit\/spinelle-naturelle-noir-rond\/#breadcrumb\",\"itemListElement\":[{\"@type\":\"ListItem\",\"position\":1,\"name\":\"Accueil\",\"item\":\"https:\/\/dalloz-stones.com\/fr\/\"},{\"@type\":\"ListItem\",\"position\":2,\"name\":\"Boutique\",\"item\":\"https:\/\/dalloz-stones.com\/boutique\/\"},{\"@type\":\"ListItem\",\"position\":3,\"name\":\"Spinelle naturel Noir Rond\"}]},{\"@type\":\"WebSite\",\"@id\":\"https:\/\/dalloz-stones.com\/fr\/#website\",\"url\":\"https:\/\/dalloz-stones.com\/fr\/\",\"name\":\"Dalloz stones &amp; rough\",\"description\":\"\",\"publisher\":{\"@id\":\"https:\/\/dalloz-stones.com\/fr\/#organization\"},\"potentialAction\":[{\"@type\":\"SearchAction\",\"target\":{\"@type\":\"EntryPoint\",\"urlTemplate\":\"https:\/\/dalloz-stones.com\/fr\/?s={search_term_string}\"},\"query-input\":{\"@type\":\"PropertyValueSpecification\",\"valueRequired\":true,\"valueName\":\"search_term_string\"}}],\"inLanguage\":\"fr-FR\"},{\"@type\":\"Organization\",\"@id\":\"https:\/\/dalloz-stones.com\/fr\/#organization\",\"name\":\"Dalloz Stones & Rough\",\"url\":\"https:\/\/dalloz-stones.com\/fr\/\",\"logo\":{\"@type\":\"ImageObject\",\"inLanguage\":\"fr-FR\",\"@id\":\"https:\/\/dalloz-stones.com\/fr\/#\/schema\/logo\/image\/\",\"url\":\"https:\/\/dalloz-stones.com\/app\/uploads\/2020\/11\/Dalloz_Mono_Vertsapin.png\",\"contentUrl\":\"https:\/\/dalloz-stones.com\/app\/uploads\/2020\/11\/Dalloz_Mono_Vertsapin.png\",\"width\":1772,\"height\":1772,\"caption\":\"Dalloz Stones & Rough\"},\"image\":{\"@id\":\"https:\/\/dalloz-stones.com\/fr\/#\/schema\/logo\/image\/\"},\"sameAs\":[\"https:\/\/www.facebook.com\/dalloz1917\/\",\"https:\/\/www.instagram.com\/dallozstones\/\",\"https:\/\/www.linkedin.com\/company\/dalloz-stones-and-rough\/\",\"https:\/\/www.youtube.com\/channel\/UC1mJnpsxORlO9kjbbN9LvtQ\"]}]}<\/script>\n<!-- \/ Yoast SEO plugin. -->","yoast_head_json":{"title":"Spinelle noir naturel \u2013 \u00c9l\u00e9gance et pr\u00e9cision intemporelle","description":"Spinelle noir naturel, taille ronde, \u00e9clat subtil et tol\u00e9rance parfaite (+\/- 0,03 mm), id\u00e9al pour des cr\u00e9ations sophistiqu\u00e9es et raffin\u00e9es.","robots":{"index":"index","follow":"follow","max-snippet":"max-snippet:-1","max-image-preview":"max-image-preview:large","max-video-preview":"max-video-preview:-1"},"canonical":"https:\/\/dalloz-stones.com\/fr\/produit\/spinelle-naturelle-noir-rond\/","og_locale":"fr_FR","og_type":"article","og_title":"Spinelle noir naturel \u2013 \u00c9l\u00e9gance et pr\u00e9cision intemporelle","og_description":"Spinelle noir naturel, taille ronde, \u00e9clat subtil et tol\u00e9rance parfaite (+\/- 0,03 mm), id\u00e9al pour des cr\u00e9ations sophistiqu\u00e9es et raffin\u00e9es.","og_url":"https:\/\/dalloz-stones.com\/fr\/produit\/spinelle-naturelle-noir-rond\/","og_site_name":"Dalloz stones &amp; rough","article_publisher":"https:\/\/www.facebook.com\/dalloz1917\/","article_modified_time":"2025-10-09T09:48:53+00:00","og_image":[{"width":2000,"height":2000,"url":"https:\/\/dalloz-stones.com\/app\/uploads\/2025\/02\/2NSPIR50250-QOIO_1.jpg","type":"image\/jpeg"}],"twitter_card":"summary_large_image","twitter_misc":{"Dur\u00e9e de lecture estim\u00e9e":"1 minute"},"schema":{"@context":"https:\/\/schema.org","@graph":[{"@type":"WebPage","@id":"https:\/\/dalloz-stones.com\/fr\/produit\/spinelle-naturelle-noir-rond\/","url":"https:\/\/dalloz-stones.com\/fr\/produit\/spinelle-naturelle-noir-rond\/","name":"Spinelle noir naturel \u2013 \u00c9l\u00e9gance et pr\u00e9cision intemporelle","isPartOf":{"@id":"https:\/\/dalloz-stones.com\/fr\/#website"},"primaryImageOfPage":{"@id":"https:\/\/dalloz-stones.com\/fr\/produit\/spinelle-naturelle-noir-rond\/#primaryimage"},"image":{"@id":"https:\/\/dalloz-stones.com\/fr\/produit\/spinelle-naturelle-noir-rond\/#primaryimage"},"thumbnailUrl":"https:\/\/dalloz-stones.com\/app\/uploads\/2025\/02\/2NSPIR50250-QOIO_1.jpg","datePublished":"2025-02-14T17:59:53+00:00","dateModified":"2025-10-09T09:48:53+00:00","description":"Spinelle noir naturel, taille ronde, \u00e9clat subtil et tol\u00e9rance parfaite (+\/- 0,03 mm), id\u00e9al pour des cr\u00e9ations sophistiqu\u00e9es et raffin\u00e9es.","breadcrumb":{"@id":"https:\/\/dalloz-stones.com\/fr\/produit\/spinelle-naturelle-noir-rond\/#breadcrumb"},"inLanguage":"fr-FR","potentialAction":[{"@type":"ReadAction","target":["https:\/\/dalloz-stones.com\/fr\/produit\/spinelle-naturelle-noir-rond\/"]}]},{"@type":"ImageObject","inLanguage":"fr-FR","@id":"https:\/\/dalloz-stones.com\/fr\/produit\/spinelle-naturelle-noir-rond\/#primaryimage","url":"https:\/\/dalloz-stones.com\/app\/uploads\/2025\/02\/2NSPIR50250-QOIO_1.jpg","contentUrl":"https:\/\/dalloz-stones.com\/app\/uploads\/2025\/02\/2NSPIR50250-QOIO_1.jpg","width":2000,"height":2000},{"@type":"BreadcrumbList","@id":"https:\/\/dalloz-stones.com\/fr\/produit\/spinelle-naturelle-noir-rond\/#breadcrumb","itemListElement":[{"@type":"ListItem","position":1,"name":"Accueil","item":"https:\/\/dalloz-stones.com\/fr\/"},{"@type":"ListItem","position":2,"name":"Boutique","item":"https:\/\/dalloz-stones.com\/boutique\/"},{"@type":"ListItem","position":3,"name":"Spinelle naturel Noir Rond"}]},{"@type":"WebSite","@id":"https:\/\/dalloz-stones.com\/fr\/#website","url":"https:\/\/dalloz-stones.com\/fr\/","name":"Dalloz stones &amp; rough","description":"","publisher":{"@id":"https:\/\/dalloz-stones.com\/fr\/#organization"},"potentialAction":[{"@type":"SearchAction","target":{"@type":"EntryPoint","urlTemplate":"https:\/\/dalloz-stones.com\/fr\/?s={search_term_string}"},"query-input":{"@type":"PropertyValueSpecification","valueRequired":true,"valueName":"search_term_string"}}],"inLanguage":"fr-FR"},{"@type":"Organization","@id":"https:\/\/dalloz-stones.com\/fr\/#organization","name":"Dalloz Stones & Rough","url":"https:\/\/dalloz-stones.com\/fr\/","logo":{"@type":"ImageObject","inLanguage":"fr-FR","@id":"https:\/\/dalloz-stones.com\/fr\/#\/schema\/logo\/image\/","url":"https:\/\/dalloz-stones.com\/app\/uploads\/2020\/11\/Dalloz_Mono_Vertsapin.png","contentUrl":"https:\/\/dalloz-stones.com\/app\/uploads\/2020\/11\/Dalloz_Mono_Vertsapin.png","width":1772,"height":1772,"caption":"Dalloz Stones & Rough"},"image":{"@id":"https:\/\/dalloz-stones.com\/fr\/#\/schema\/logo\/image\/"},"sameAs":["https:\/\/www.facebook.com\/dalloz1917\/","https:\/\/www.instagram.com\/dallozstones\/","https:\/\/www.linkedin.com\/company\/dalloz-stones-and-rough\/","https:\/\/www.youtube.com\/channel\/UC1mJnpsxORlO9kjbbN9LvtQ"]}]}},"_links":{"self":[{"href":"https:\/\/dalloz-stones.com\/fr\/wp-json\/wp\/v2\/product\/12223","targetHints":{"allow":["GET"]}}],"collection":[{"href":"https:\/\/dalloz-stones.com\/fr\/wp-json\/wp\/v2\/product"}],"about":[{"href":"https:\/\/dalloz-stones.com\/fr\/wp-json\/wp\/v2\/types\/product"}],"replies":[{"embeddable":true,"href":"https:\/\/dalloz-stones.com\/fr\/wp-json\/wp\/v2\/comments?post=12223"}],"wp:featuredmedia":[{"embeddable":true,"href":"https:\/\/dalloz-stones.com\/fr\/wp-json\/wp\/v2\/media\/12374"}],"wp:attachment":[{"href":"https:\/\/dalloz-stones.com\/fr\/wp-json\/wp\/v2\/media?parent=12223"}],"wp:term":[{"taxonomy":"product_brand","embeddable":true,"href":"https:\/\/dalloz-stones.com\/fr\/wp-json\/wp\/v2\/product_brand?post=12223"},{"taxonomy":"product_cat","embeddable":true,"href":"https:\/\/dalloz-stones.com\/fr\/wp-json\/wp\/v2\/product_cat?post=12223"},{"taxonomy":"product_tag","embeddable":true,"href":"https:\/\/dalloz-stones.com\/fr\/wp-json\/wp\/v2\/product_tag?post=12223"}],"curies":[{"name":"wp","href":"https:\/\/api.w.org\/{rel}","templated":true}]}}