{"id":11740,"date":"2025-02-10T17:01:57","date_gmt":"2025-02-10T16:01:57","guid":{"rendered":"https:\/\/dalloz-stones.com\/produit\/royal-bleu-spin-bleu-fce-baguette-s-c-300-x-200-mm\/"},"modified":"2025-12-06T19:12:35","modified_gmt":"2025-12-06T18:12:35","slug":"royal-bleu-spin-bleu-fce-baguette-s-c-300-x-200-mm","status":"publish","type":"product","link":"https:\/\/dalloz-stones.com\/fr\/produit\/royal-bleu-spin-bleu-fce-baguette-s-c-300-x-200-mm\/","title":{"rendered":"Spinelle Royal Bleu Baguette S.C  &#8211;  3,00 x 2,00 mm"},"content":{"rendered":"<p>Ce spinelle synth\u00e9tique Royal Bleu, taill\u00e9 en baguette step cut de 3,00 x 2,00 mm, s\u00e9duit par son \u00e9clat intense et sa teinte profonde. Certaines pierres pr\u00e9sentent des ar\u00eates l\u00e9g\u00e8rement \u00e9gris\u00e9es, sans alt\u00e9rer leur brillance et leur impact visuel. Avec une tol\u00e9rance dimensionnelle de +\/- 0,10 mm, cette pierre garantit une belle r\u00e9gularit\u00e9 pour diverses applications. Issu d\u2019un brut produit en France (R.S.A.) et taill\u00e9 localement, ce spinelle synth\u00e9tique allie savoir-faire artisanal et \u00e9l\u00e9gance intemporelle.<\/p>\n","protected":false},"excerpt":{"rendered":"<p>Ce spinelle synth\u00e9tique Royal Bleu, taill\u00e9 en baguette step cut de 3,00 x 2,00 mm, s\u00e9duit par son \u00e9clat intense et sa teinte profonde. Certaines pierres pr\u00e9sentent des ar\u00eates l\u00e9g\u00e8rement \u00e9gris\u00e9es, sans alt\u00e9rer leur brillance et leur impact visuel. Avec une tol\u00e9rance dimensionnelle de +\/- 0,10 mm, cette pierre garantit une belle r\u00e9gularit\u00e9 pour diverses applications. Issu d\u2019un brut produit en France (R.S.A.) et taill\u00e9 localement, ce spinelle synth\u00e9tique allie savoir-faire artisanal et \u00e9l\u00e9gance intemporelle.<\/p>\n","protected":false},"featured_media":11741,"comment_status":"closed","ping_status":"closed","template":"","meta":{"_acf_changed":false,"content-type":""},"product_brand":[],"product_cat":[133],"product_tag":[],"class_list":{"0":"post-11740","1":"product","2":"type-product","3":"status-publish","4":"has-post-thumbnail","6":"product_cat-non-classifiee","7":"pa_color-bleu","8":"pa_material-spinelle-synthetique-fr","9":"pa_origine-du-brut-france-r-s-a","10":"pa_shape-rectangle","11":"pa_stone-colour-royal-bleu-spin-bleu-fce","12":"pa_stone-shape-baguette-s-c","13":"pa_stone-type-synthetique-fr","15":"first","16":"instock","17":"taxable","18":"shipping-taxable","19":"purchasable","20":"product-type-simple"},"acf":[],"yoast_head":"<!-- This site is optimized with the Yoast SEO plugin v26.9 - https:\/\/yoast.com\/product\/yoast-seo-wordpress\/ -->\n<title>Spinelle synth\u00e9tique Royal Bleu \u2013 Intensit\u00e9 et \u00e9clat profond<\/title>\n<meta name=\"description\" content=\"Spinelle Royal Bleu 3,00 x 2,00 mm, brillance intense et r\u00e9gularit\u00e9 parfaite, id\u00e9al pour des bijoux \u00e9l\u00e9gants et sophistiqu\u00e9s.\" \/>\n<meta name=\"robots\" content=\"index, follow, max-snippet:-1, max-image-preview:large, max-video-preview:-1\" \/>\n<link rel=\"canonical\" href=\"https:\/\/dalloz-stones.com\/fr\/produit\/royal-bleu-spin-bleu-fce-baguette-s-c-300-x-200-mm\/\" \/>\n<meta property=\"og:locale\" content=\"fr_FR\" \/>\n<meta property=\"og:type\" content=\"article\" \/>\n<meta property=\"og:title\" content=\"Spinelle synth\u00e9tique Royal Bleu \u2013 Intensit\u00e9 et \u00e9clat profond\" \/>\n<meta property=\"og:description\" content=\"Spinelle Royal Bleu 3,00 x 2,00 mm, brillance intense et r\u00e9gularit\u00e9 parfaite, id\u00e9al pour des bijoux \u00e9l\u00e9gants et sophistiqu\u00e9s.\" \/>\n<meta property=\"og:url\" content=\"https:\/\/dalloz-stones.com\/fr\/produit\/royal-bleu-spin-bleu-fce-baguette-s-c-300-x-200-mm\/\" \/>\n<meta property=\"og:site_name\" content=\"Dalloz stones &amp; rough\" \/>\n<meta property=\"article:publisher\" content=\"https:\/\/www.facebook.com\/dalloz1917\/\" \/>\n<meta property=\"article:modified_time\" content=\"2025-12-06T18:12:35+00:00\" \/>\n<meta property=\"og:image\" content=\"https:\/\/dalloz-stones.com\/app\/uploads\/2025\/02\/2BSPFB50300CA-Q1GA_1.jpg\" \/>\n\t<meta property=\"og:image:width\" content=\"2000\" \/>\n\t<meta property=\"og:image:height\" content=\"2000\" \/>\n\t<meta property=\"og:image:type\" content=\"image\/jpeg\" \/>\n<meta name=\"twitter:card\" content=\"summary_large_image\" \/>\n<script type=\"application\/ld+json\" class=\"yoast-schema-graph\">{\"@context\":\"https:\/\/schema.org\",\"@graph\":[{\"@type\":\"WebPage\",\"@id\":\"https:\/\/dalloz-stones.com\/fr\/produit\/royal-bleu-spin-bleu-fce-baguette-s-c-300-x-200-mm\/\",\"url\":\"https:\/\/dalloz-stones.com\/fr\/produit\/royal-bleu-spin-bleu-fce-baguette-s-c-300-x-200-mm\/\",\"name\":\"Spinelle synth\u00e9tique Royal Bleu \u2013 Intensit\u00e9 et \u00e9clat profond\",\"isPartOf\":{\"@id\":\"https:\/\/dalloz-stones.com\/fr\/#website\"},\"primaryImageOfPage\":{\"@id\":\"https:\/\/dalloz-stones.com\/fr\/produit\/royal-bleu-spin-bleu-fce-baguette-s-c-300-x-200-mm\/#primaryimage\"},\"image\":{\"@id\":\"https:\/\/dalloz-stones.com\/fr\/produit\/royal-bleu-spin-bleu-fce-baguette-s-c-300-x-200-mm\/#primaryimage\"},\"thumbnailUrl\":\"https:\/\/dalloz-stones.com\/app\/uploads\/2025\/02\/2BSPFB50300CA-Q1GA_1.jpg\",\"datePublished\":\"2025-02-10T16:01:57+00:00\",\"dateModified\":\"2025-12-06T18:12:35+00:00\",\"description\":\"Spinelle Royal Bleu 3,00 x 2,00 mm, brillance intense et r\u00e9gularit\u00e9 parfaite, id\u00e9al pour des bijoux \u00e9l\u00e9gants et sophistiqu\u00e9s.\",\"breadcrumb\":{\"@id\":\"https:\/\/dalloz-stones.com\/fr\/produit\/royal-bleu-spin-bleu-fce-baguette-s-c-300-x-200-mm\/#breadcrumb\"},\"inLanguage\":\"fr-FR\",\"potentialAction\":[{\"@type\":\"ReadAction\",\"target\":[\"https:\/\/dalloz-stones.com\/fr\/produit\/royal-bleu-spin-bleu-fce-baguette-s-c-300-x-200-mm\/\"]}]},{\"@type\":\"ImageObject\",\"inLanguage\":\"fr-FR\",\"@id\":\"https:\/\/dalloz-stones.com\/fr\/produit\/royal-bleu-spin-bleu-fce-baguette-s-c-300-x-200-mm\/#primaryimage\",\"url\":\"https:\/\/dalloz-stones.com\/app\/uploads\/2025\/02\/2BSPFB50300CA-Q1GA_1.jpg\",\"contentUrl\":\"https:\/\/dalloz-stones.com\/app\/uploads\/2025\/02\/2BSPFB50300CA-Q1GA_1.jpg\",\"width\":2000,\"height\":2000},{\"@type\":\"BreadcrumbList\",\"@id\":\"https:\/\/dalloz-stones.com\/fr\/produit\/royal-bleu-spin-bleu-fce-baguette-s-c-300-x-200-mm\/#breadcrumb\",\"itemListElement\":[{\"@type\":\"ListItem\",\"position\":1,\"name\":\"Accueil\",\"item\":\"https:\/\/dalloz-stones.com\/fr\/\"},{\"@type\":\"ListItem\",\"position\":2,\"name\":\"Boutique\",\"item\":\"https:\/\/dalloz-stones.com\/boutique\/\"},{\"@type\":\"ListItem\",\"position\":3,\"name\":\"Spinelle Royal Bleu Baguette S.C &#8211; 3,00 x 2,00 mm\"}]},{\"@type\":\"WebSite\",\"@id\":\"https:\/\/dalloz-stones.com\/fr\/#website\",\"url\":\"https:\/\/dalloz-stones.com\/fr\/\",\"name\":\"Dalloz stones &amp; rough\",\"description\":\"\",\"publisher\":{\"@id\":\"https:\/\/dalloz-stones.com\/fr\/#organization\"},\"potentialAction\":[{\"@type\":\"SearchAction\",\"target\":{\"@type\":\"EntryPoint\",\"urlTemplate\":\"https:\/\/dalloz-stones.com\/fr\/?s={search_term_string}\"},\"query-input\":{\"@type\":\"PropertyValueSpecification\",\"valueRequired\":true,\"valueName\":\"search_term_string\"}}],\"inLanguage\":\"fr-FR\"},{\"@type\":\"Organization\",\"@id\":\"https:\/\/dalloz-stones.com\/fr\/#organization\",\"name\":\"Dalloz Stones & Rough\",\"url\":\"https:\/\/dalloz-stones.com\/fr\/\",\"logo\":{\"@type\":\"ImageObject\",\"inLanguage\":\"fr-FR\",\"@id\":\"https:\/\/dalloz-stones.com\/fr\/#\/schema\/logo\/image\/\",\"url\":\"https:\/\/dalloz-stones.com\/app\/uploads\/2020\/11\/Dalloz_Mono_Vertsapin.png\",\"contentUrl\":\"https:\/\/dalloz-stones.com\/app\/uploads\/2020\/11\/Dalloz_Mono_Vertsapin.png\",\"width\":1772,\"height\":1772,\"caption\":\"Dalloz Stones & Rough\"},\"image\":{\"@id\":\"https:\/\/dalloz-stones.com\/fr\/#\/schema\/logo\/image\/\"},\"sameAs\":[\"https:\/\/www.facebook.com\/dalloz1917\/\",\"https:\/\/www.instagram.com\/dallozstones\/\",\"https:\/\/www.linkedin.com\/company\/dalloz-stones-and-rough\/\",\"https:\/\/www.youtube.com\/channel\/UC1mJnpsxORlO9kjbbN9LvtQ\"]}]}<\/script>\n<!-- \/ Yoast SEO plugin. -->","yoast_head_json":{"title":"Spinelle synth\u00e9tique Royal Bleu \u2013 Intensit\u00e9 et \u00e9clat profond","description":"Spinelle Royal Bleu 3,00 x 2,00 mm, brillance intense et r\u00e9gularit\u00e9 parfaite, id\u00e9al pour des bijoux \u00e9l\u00e9gants et sophistiqu\u00e9s.","robots":{"index":"index","follow":"follow","max-snippet":"max-snippet:-1","max-image-preview":"max-image-preview:large","max-video-preview":"max-video-preview:-1"},"canonical":"https:\/\/dalloz-stones.com\/fr\/produit\/royal-bleu-spin-bleu-fce-baguette-s-c-300-x-200-mm\/","og_locale":"fr_FR","og_type":"article","og_title":"Spinelle synth\u00e9tique Royal Bleu \u2013 Intensit\u00e9 et \u00e9clat profond","og_description":"Spinelle Royal Bleu 3,00 x 2,00 mm, brillance intense et r\u00e9gularit\u00e9 parfaite, id\u00e9al pour des bijoux \u00e9l\u00e9gants et sophistiqu\u00e9s.","og_url":"https:\/\/dalloz-stones.com\/fr\/produit\/royal-bleu-spin-bleu-fce-baguette-s-c-300-x-200-mm\/","og_site_name":"Dalloz stones &amp; rough","article_publisher":"https:\/\/www.facebook.com\/dalloz1917\/","article_modified_time":"2025-12-06T18:12:35+00:00","og_image":[{"width":2000,"height":2000,"url":"https:\/\/dalloz-stones.com\/app\/uploads\/2025\/02\/2BSPFB50300CA-Q1GA_1.jpg","type":"image\/jpeg"}],"twitter_card":"summary_large_image","schema":{"@context":"https:\/\/schema.org","@graph":[{"@type":"WebPage","@id":"https:\/\/dalloz-stones.com\/fr\/produit\/royal-bleu-spin-bleu-fce-baguette-s-c-300-x-200-mm\/","url":"https:\/\/dalloz-stones.com\/fr\/produit\/royal-bleu-spin-bleu-fce-baguette-s-c-300-x-200-mm\/","name":"Spinelle synth\u00e9tique Royal Bleu \u2013 Intensit\u00e9 et \u00e9clat profond","isPartOf":{"@id":"https:\/\/dalloz-stones.com\/fr\/#website"},"primaryImageOfPage":{"@id":"https:\/\/dalloz-stones.com\/fr\/produit\/royal-bleu-spin-bleu-fce-baguette-s-c-300-x-200-mm\/#primaryimage"},"image":{"@id":"https:\/\/dalloz-stones.com\/fr\/produit\/royal-bleu-spin-bleu-fce-baguette-s-c-300-x-200-mm\/#primaryimage"},"thumbnailUrl":"https:\/\/dalloz-stones.com\/app\/uploads\/2025\/02\/2BSPFB50300CA-Q1GA_1.jpg","datePublished":"2025-02-10T16:01:57+00:00","dateModified":"2025-12-06T18:12:35+00:00","description":"Spinelle Royal Bleu 3,00 x 2,00 mm, brillance intense et r\u00e9gularit\u00e9 parfaite, id\u00e9al pour des bijoux \u00e9l\u00e9gants et sophistiqu\u00e9s.","breadcrumb":{"@id":"https:\/\/dalloz-stones.com\/fr\/produit\/royal-bleu-spin-bleu-fce-baguette-s-c-300-x-200-mm\/#breadcrumb"},"inLanguage":"fr-FR","potentialAction":[{"@type":"ReadAction","target":["https:\/\/dalloz-stones.com\/fr\/produit\/royal-bleu-spin-bleu-fce-baguette-s-c-300-x-200-mm\/"]}]},{"@type":"ImageObject","inLanguage":"fr-FR","@id":"https:\/\/dalloz-stones.com\/fr\/produit\/royal-bleu-spin-bleu-fce-baguette-s-c-300-x-200-mm\/#primaryimage","url":"https:\/\/dalloz-stones.com\/app\/uploads\/2025\/02\/2BSPFB50300CA-Q1GA_1.jpg","contentUrl":"https:\/\/dalloz-stones.com\/app\/uploads\/2025\/02\/2BSPFB50300CA-Q1GA_1.jpg","width":2000,"height":2000},{"@type":"BreadcrumbList","@id":"https:\/\/dalloz-stones.com\/fr\/produit\/royal-bleu-spin-bleu-fce-baguette-s-c-300-x-200-mm\/#breadcrumb","itemListElement":[{"@type":"ListItem","position":1,"name":"Accueil","item":"https:\/\/dalloz-stones.com\/fr\/"},{"@type":"ListItem","position":2,"name":"Boutique","item":"https:\/\/dalloz-stones.com\/boutique\/"},{"@type":"ListItem","position":3,"name":"Spinelle Royal Bleu Baguette S.C &#8211; 3,00 x 2,00 mm"}]},{"@type":"WebSite","@id":"https:\/\/dalloz-stones.com\/fr\/#website","url":"https:\/\/dalloz-stones.com\/fr\/","name":"Dalloz stones &amp; rough","description":"","publisher":{"@id":"https:\/\/dalloz-stones.com\/fr\/#organization"},"potentialAction":[{"@type":"SearchAction","target":{"@type":"EntryPoint","urlTemplate":"https:\/\/dalloz-stones.com\/fr\/?s={search_term_string}"},"query-input":{"@type":"PropertyValueSpecification","valueRequired":true,"valueName":"search_term_string"}}],"inLanguage":"fr-FR"},{"@type":"Organization","@id":"https:\/\/dalloz-stones.com\/fr\/#organization","name":"Dalloz Stones & Rough","url":"https:\/\/dalloz-stones.com\/fr\/","logo":{"@type":"ImageObject","inLanguage":"fr-FR","@id":"https:\/\/dalloz-stones.com\/fr\/#\/schema\/logo\/image\/","url":"https:\/\/dalloz-stones.com\/app\/uploads\/2020\/11\/Dalloz_Mono_Vertsapin.png","contentUrl":"https:\/\/dalloz-stones.com\/app\/uploads\/2020\/11\/Dalloz_Mono_Vertsapin.png","width":1772,"height":1772,"caption":"Dalloz Stones & Rough"},"image":{"@id":"https:\/\/dalloz-stones.com\/fr\/#\/schema\/logo\/image\/"},"sameAs":["https:\/\/www.facebook.com\/dalloz1917\/","https:\/\/www.instagram.com\/dallozstones\/","https:\/\/www.linkedin.com\/company\/dalloz-stones-and-rough\/","https:\/\/www.youtube.com\/channel\/UC1mJnpsxORlO9kjbbN9LvtQ"]}]}},"_links":{"self":[{"href":"https:\/\/dalloz-stones.com\/fr\/wp-json\/wp\/v2\/product\/11740","targetHints":{"allow":["GET"]}}],"collection":[{"href":"https:\/\/dalloz-stones.com\/fr\/wp-json\/wp\/v2\/product"}],"about":[{"href":"https:\/\/dalloz-stones.com\/fr\/wp-json\/wp\/v2\/types\/product"}],"replies":[{"embeddable":true,"href":"https:\/\/dalloz-stones.com\/fr\/wp-json\/wp\/v2\/comments?post=11740"}],"wp:featuredmedia":[{"embeddable":true,"href":"https:\/\/dalloz-stones.com\/fr\/wp-json\/wp\/v2\/media\/11741"}],"wp:attachment":[{"href":"https:\/\/dalloz-stones.com\/fr\/wp-json\/wp\/v2\/media?parent=11740"}],"wp:term":[{"taxonomy":"product_brand","embeddable":true,"href":"https:\/\/dalloz-stones.com\/fr\/wp-json\/wp\/v2\/product_brand?post=11740"},{"taxonomy":"product_cat","embeddable":true,"href":"https:\/\/dalloz-stones.com\/fr\/wp-json\/wp\/v2\/product_cat?post=11740"},{"taxonomy":"product_tag","embeddable":true,"href":"https:\/\/dalloz-stones.com\/fr\/wp-json\/wp\/v2\/product_tag?post=11740"}],"curies":[{"name":"wp","href":"https:\/\/api.w.org\/{rel}","templated":true}]}}