{"id":11734,"date":"2025-02-10T17:01:57","date_gmt":"2025-02-10T16:01:57","guid":{"rendered":"https:\/\/dalloz-stones.com\/produit\/rose-de-france-ovale-facet-500-x-300-mm\/"},"modified":"2025-04-24T18:22:12","modified_gmt":"2025-04-24T16:22:12","slug":"rose-de-france-ovale-facet-500-x-300-mm","status":"publish","type":"product","link":"https:\/\/dalloz-stones.com\/fr\/produit\/rose-de-france-ovale-facet-500-x-300-mm\/","title":{"rendered":"Rose de France Ovale Facet  &#8211;  5,00 x 3,00 mm"},"content":{"rendered":"<p>Ce corindon synth\u00e9tique Rose de France, taill\u00e9 en ovale facet de 5,00 x 3,00 mm, d\u00e9voile une teinte douce et \u00e9l\u00e9gante. Bien que des fils de polissage soient visibles, son \u00e9clat reste \u00e9quilibr\u00e9, mettant en valeur la finesse de la pierre. Avec une tol\u00e9rance dimensionnelle de +\/- 0,20 mm, elle garantit une certaine homog\u00e9n\u00e9it\u00e9 pour diverses r\u00e9alisations. Issu d\u2019un brut produit en France (R.S.A.) et taill\u00e9 localement, ce corindon synth\u00e9tique refl\u00e8te un savoir-faire artisanal et une alternative accessible aux gemmes naturelles.<\/p>\n","protected":false},"excerpt":{"rendered":"<p>Ce corindon synth\u00e9tique Rose de France, taill\u00e9 en ovale facet de 5,00 x 3,00 mm, d\u00e9voile une teinte douce et \u00e9l\u00e9gante. Bien que des fils de polissage soient visibles, son \u00e9clat reste \u00e9quilibr\u00e9, mettant en valeur la finesse de la pierre. Avec une tol\u00e9rance dimensionnelle de +\/- 0,20 mm, elle garantit une certaine homog\u00e9n\u00e9it\u00e9 pour diverses r\u00e9alisations. Issu d\u2019un brut produit en France (R.S.A.) et taill\u00e9 localement, ce corindon synth\u00e9tique refl\u00e8te un savoir-faire artisanal et une alternative accessible aux gemmes naturelles.<\/p>\n","protected":false},"featured_media":11735,"comment_status":"closed","ping_status":"open","template":"","meta":{"_acf_changed":false,"content-type":""},"product_brand":[],"product_cat":[133],"product_tag":[],"class_list":{"0":"post-11734","1":"product","2":"type-product","3":"status-publish","4":"has-post-thumbnail","6":"product_cat-non-classifiee","7":"pa_color-rose","8":"pa_material-corindon-synthetique","9":"pa_origine-du-brut-france-r-s-a","10":"pa_shape-ovale","11":"pa_stone-colour-rose-de-france","12":"pa_stone-shape-ovale-facet","13":"pa_stone-type-synthetique-fr","15":"first","16":"instock","17":"taxable","18":"shipping-taxable","19":"purchasable","20":"product-type-simple"},"acf":[],"yoast_head":"<!-- This site is optimized with the Yoast SEO plugin v26.9 - https:\/\/yoast.com\/product\/yoast-seo-wordpress\/ -->\n<title>Corindon synth\u00e9tique Rose de France \u2013 \u00c9l\u00e9gance et raffinement<\/title>\n<meta name=\"description\" content=\"Corindon Rose de France 5,00 x 3,00 mm, \u00e9clat \u00e9quilibr\u00e9 et savoir-faire fran\u00e7ais, parfait pour des cr\u00e9ations d\u00e9licates et authentiques.\" \/>\n<meta name=\"robots\" content=\"index, follow, max-snippet:-1, max-image-preview:large, max-video-preview:-1\" \/>\n<link rel=\"canonical\" href=\"https:\/\/dalloz-stones.com\/fr\/produit\/rose-de-france-ovale-facet-500-x-300-mm\/\" \/>\n<meta property=\"og:locale\" content=\"fr_FR\" \/>\n<meta property=\"og:type\" content=\"article\" \/>\n<meta property=\"og:title\" content=\"Corindon synth\u00e9tique Rose de France \u2013 \u00c9l\u00e9gance et raffinement\" \/>\n<meta property=\"og:description\" content=\"Corindon Rose de France 5,00 x 3,00 mm, \u00e9clat \u00e9quilibr\u00e9 et savoir-faire fran\u00e7ais, parfait pour des cr\u00e9ations d\u00e9licates et authentiques.\" \/>\n<meta property=\"og:url\" content=\"https:\/\/dalloz-stones.com\/fr\/produit\/rose-de-france-ovale-facet-500-x-300-mm\/\" \/>\n<meta property=\"og:site_name\" content=\"Dalloz stones &amp; rough\" \/>\n<meta property=\"article:publisher\" content=\"https:\/\/www.facebook.com\/dalloz1917\/\" \/>\n<meta property=\"article:modified_time\" content=\"2025-04-24T16:22:12+00:00\" \/>\n<meta property=\"og:image\" content=\"https:\/\/dalloz-stones.com\/app\/uploads\/2025\/02\/2ROSED50500DA-Q1GA_1.jpg\" \/>\n\t<meta property=\"og:image:width\" content=\"2000\" \/>\n\t<meta property=\"og:image:height\" content=\"2000\" \/>\n\t<meta property=\"og:image:type\" content=\"image\/jpeg\" \/>\n<meta name=\"twitter:card\" content=\"summary_large_image\" \/>\n<script type=\"application\/ld+json\" class=\"yoast-schema-graph\">{\"@context\":\"https:\/\/schema.org\",\"@graph\":[{\"@type\":\"WebPage\",\"@id\":\"https:\/\/dalloz-stones.com\/fr\/produit\/rose-de-france-ovale-facet-500-x-300-mm\/\",\"url\":\"https:\/\/dalloz-stones.com\/fr\/produit\/rose-de-france-ovale-facet-500-x-300-mm\/\",\"name\":\"Corindon synth\u00e9tique Rose de France \u2013 \u00c9l\u00e9gance et raffinement\",\"isPartOf\":{\"@id\":\"https:\/\/dalloz-stones.com\/fr\/#website\"},\"primaryImageOfPage\":{\"@id\":\"https:\/\/dalloz-stones.com\/fr\/produit\/rose-de-france-ovale-facet-500-x-300-mm\/#primaryimage\"},\"image\":{\"@id\":\"https:\/\/dalloz-stones.com\/fr\/produit\/rose-de-france-ovale-facet-500-x-300-mm\/#primaryimage\"},\"thumbnailUrl\":\"https:\/\/dalloz-stones.com\/app\/uploads\/2025\/02\/2ROSED50500DA-Q1GA_1.jpg\",\"datePublished\":\"2025-02-10T16:01:57+00:00\",\"dateModified\":\"2025-04-24T16:22:12+00:00\",\"description\":\"Corindon Rose de France 5,00 x 3,00 mm, \u00e9clat \u00e9quilibr\u00e9 et savoir-faire fran\u00e7ais, parfait pour des cr\u00e9ations d\u00e9licates et authentiques.\",\"breadcrumb\":{\"@id\":\"https:\/\/dalloz-stones.com\/fr\/produit\/rose-de-france-ovale-facet-500-x-300-mm\/#breadcrumb\"},\"inLanguage\":\"fr-FR\",\"potentialAction\":[{\"@type\":\"ReadAction\",\"target\":[\"https:\/\/dalloz-stones.com\/fr\/produit\/rose-de-france-ovale-facet-500-x-300-mm\/\"]}]},{\"@type\":\"ImageObject\",\"inLanguage\":\"fr-FR\",\"@id\":\"https:\/\/dalloz-stones.com\/fr\/produit\/rose-de-france-ovale-facet-500-x-300-mm\/#primaryimage\",\"url\":\"https:\/\/dalloz-stones.com\/app\/uploads\/2025\/02\/2ROSED50500DA-Q1GA_1.jpg\",\"contentUrl\":\"https:\/\/dalloz-stones.com\/app\/uploads\/2025\/02\/2ROSED50500DA-Q1GA_1.jpg\",\"width\":2000,\"height\":2000},{\"@type\":\"BreadcrumbList\",\"@id\":\"https:\/\/dalloz-stones.com\/fr\/produit\/rose-de-france-ovale-facet-500-x-300-mm\/#breadcrumb\",\"itemListElement\":[{\"@type\":\"ListItem\",\"position\":1,\"name\":\"Accueil\",\"item\":\"https:\/\/dalloz-stones.com\/fr\/\"},{\"@type\":\"ListItem\",\"position\":2,\"name\":\"Boutique\",\"item\":\"https:\/\/dalloz-stones.com\/boutique\/\"},{\"@type\":\"ListItem\",\"position\":3,\"name\":\"Rose de France Ovale Facet &#8211; 5,00 x 3,00 mm\"}]},{\"@type\":\"WebSite\",\"@id\":\"https:\/\/dalloz-stones.com\/fr\/#website\",\"url\":\"https:\/\/dalloz-stones.com\/fr\/\",\"name\":\"Dalloz stones &amp; rough\",\"description\":\"\",\"publisher\":{\"@id\":\"https:\/\/dalloz-stones.com\/fr\/#organization\"},\"potentialAction\":[{\"@type\":\"SearchAction\",\"target\":{\"@type\":\"EntryPoint\",\"urlTemplate\":\"https:\/\/dalloz-stones.com\/fr\/?s={search_term_string}\"},\"query-input\":{\"@type\":\"PropertyValueSpecification\",\"valueRequired\":true,\"valueName\":\"search_term_string\"}}],\"inLanguage\":\"fr-FR\"},{\"@type\":\"Organization\",\"@id\":\"https:\/\/dalloz-stones.com\/fr\/#organization\",\"name\":\"Dalloz Stones & Rough\",\"url\":\"https:\/\/dalloz-stones.com\/fr\/\",\"logo\":{\"@type\":\"ImageObject\",\"inLanguage\":\"fr-FR\",\"@id\":\"https:\/\/dalloz-stones.com\/fr\/#\/schema\/logo\/image\/\",\"url\":\"https:\/\/dalloz-stones.com\/app\/uploads\/2020\/11\/Dalloz_Mono_Vertsapin.png\",\"contentUrl\":\"https:\/\/dalloz-stones.com\/app\/uploads\/2020\/11\/Dalloz_Mono_Vertsapin.png\",\"width\":1772,\"height\":1772,\"caption\":\"Dalloz Stones & Rough\"},\"image\":{\"@id\":\"https:\/\/dalloz-stones.com\/fr\/#\/schema\/logo\/image\/\"},\"sameAs\":[\"https:\/\/www.facebook.com\/dalloz1917\/\",\"https:\/\/www.instagram.com\/dallozstones\/\",\"https:\/\/www.linkedin.com\/company\/dalloz-stones-and-rough\/\",\"https:\/\/www.youtube.com\/channel\/UC1mJnpsxORlO9kjbbN9LvtQ\"]}]}<\/script>\n<!-- \/ Yoast SEO plugin. -->","yoast_head_json":{"title":"Corindon synth\u00e9tique Rose de France \u2013 \u00c9l\u00e9gance et raffinement","description":"Corindon Rose de France 5,00 x 3,00 mm, \u00e9clat \u00e9quilibr\u00e9 et savoir-faire fran\u00e7ais, parfait pour des cr\u00e9ations d\u00e9licates et authentiques.","robots":{"index":"index","follow":"follow","max-snippet":"max-snippet:-1","max-image-preview":"max-image-preview:large","max-video-preview":"max-video-preview:-1"},"canonical":"https:\/\/dalloz-stones.com\/fr\/produit\/rose-de-france-ovale-facet-500-x-300-mm\/","og_locale":"fr_FR","og_type":"article","og_title":"Corindon synth\u00e9tique Rose de France \u2013 \u00c9l\u00e9gance et raffinement","og_description":"Corindon Rose de France 5,00 x 3,00 mm, \u00e9clat \u00e9quilibr\u00e9 et savoir-faire fran\u00e7ais, parfait pour des cr\u00e9ations d\u00e9licates et authentiques.","og_url":"https:\/\/dalloz-stones.com\/fr\/produit\/rose-de-france-ovale-facet-500-x-300-mm\/","og_site_name":"Dalloz stones &amp; rough","article_publisher":"https:\/\/www.facebook.com\/dalloz1917\/","article_modified_time":"2025-04-24T16:22:12+00:00","og_image":[{"width":2000,"height":2000,"url":"https:\/\/dalloz-stones.com\/app\/uploads\/2025\/02\/2ROSED50500DA-Q1GA_1.jpg","type":"image\/jpeg"}],"twitter_card":"summary_large_image","schema":{"@context":"https:\/\/schema.org","@graph":[{"@type":"WebPage","@id":"https:\/\/dalloz-stones.com\/fr\/produit\/rose-de-france-ovale-facet-500-x-300-mm\/","url":"https:\/\/dalloz-stones.com\/fr\/produit\/rose-de-france-ovale-facet-500-x-300-mm\/","name":"Corindon synth\u00e9tique Rose de France \u2013 \u00c9l\u00e9gance et raffinement","isPartOf":{"@id":"https:\/\/dalloz-stones.com\/fr\/#website"},"primaryImageOfPage":{"@id":"https:\/\/dalloz-stones.com\/fr\/produit\/rose-de-france-ovale-facet-500-x-300-mm\/#primaryimage"},"image":{"@id":"https:\/\/dalloz-stones.com\/fr\/produit\/rose-de-france-ovale-facet-500-x-300-mm\/#primaryimage"},"thumbnailUrl":"https:\/\/dalloz-stones.com\/app\/uploads\/2025\/02\/2ROSED50500DA-Q1GA_1.jpg","datePublished":"2025-02-10T16:01:57+00:00","dateModified":"2025-04-24T16:22:12+00:00","description":"Corindon Rose de France 5,00 x 3,00 mm, \u00e9clat \u00e9quilibr\u00e9 et savoir-faire fran\u00e7ais, parfait pour des cr\u00e9ations d\u00e9licates et authentiques.","breadcrumb":{"@id":"https:\/\/dalloz-stones.com\/fr\/produit\/rose-de-france-ovale-facet-500-x-300-mm\/#breadcrumb"},"inLanguage":"fr-FR","potentialAction":[{"@type":"ReadAction","target":["https:\/\/dalloz-stones.com\/fr\/produit\/rose-de-france-ovale-facet-500-x-300-mm\/"]}]},{"@type":"ImageObject","inLanguage":"fr-FR","@id":"https:\/\/dalloz-stones.com\/fr\/produit\/rose-de-france-ovale-facet-500-x-300-mm\/#primaryimage","url":"https:\/\/dalloz-stones.com\/app\/uploads\/2025\/02\/2ROSED50500DA-Q1GA_1.jpg","contentUrl":"https:\/\/dalloz-stones.com\/app\/uploads\/2025\/02\/2ROSED50500DA-Q1GA_1.jpg","width":2000,"height":2000},{"@type":"BreadcrumbList","@id":"https:\/\/dalloz-stones.com\/fr\/produit\/rose-de-france-ovale-facet-500-x-300-mm\/#breadcrumb","itemListElement":[{"@type":"ListItem","position":1,"name":"Accueil","item":"https:\/\/dalloz-stones.com\/fr\/"},{"@type":"ListItem","position":2,"name":"Boutique","item":"https:\/\/dalloz-stones.com\/boutique\/"},{"@type":"ListItem","position":3,"name":"Rose de France Ovale Facet &#8211; 5,00 x 3,00 mm"}]},{"@type":"WebSite","@id":"https:\/\/dalloz-stones.com\/fr\/#website","url":"https:\/\/dalloz-stones.com\/fr\/","name":"Dalloz stones &amp; rough","description":"","publisher":{"@id":"https:\/\/dalloz-stones.com\/fr\/#organization"},"potentialAction":[{"@type":"SearchAction","target":{"@type":"EntryPoint","urlTemplate":"https:\/\/dalloz-stones.com\/fr\/?s={search_term_string}"},"query-input":{"@type":"PropertyValueSpecification","valueRequired":true,"valueName":"search_term_string"}}],"inLanguage":"fr-FR"},{"@type":"Organization","@id":"https:\/\/dalloz-stones.com\/fr\/#organization","name":"Dalloz Stones & Rough","url":"https:\/\/dalloz-stones.com\/fr\/","logo":{"@type":"ImageObject","inLanguage":"fr-FR","@id":"https:\/\/dalloz-stones.com\/fr\/#\/schema\/logo\/image\/","url":"https:\/\/dalloz-stones.com\/app\/uploads\/2020\/11\/Dalloz_Mono_Vertsapin.png","contentUrl":"https:\/\/dalloz-stones.com\/app\/uploads\/2020\/11\/Dalloz_Mono_Vertsapin.png","width":1772,"height":1772,"caption":"Dalloz Stones & Rough"},"image":{"@id":"https:\/\/dalloz-stones.com\/fr\/#\/schema\/logo\/image\/"},"sameAs":["https:\/\/www.facebook.com\/dalloz1917\/","https:\/\/www.instagram.com\/dallozstones\/","https:\/\/www.linkedin.com\/company\/dalloz-stones-and-rough\/","https:\/\/www.youtube.com\/channel\/UC1mJnpsxORlO9kjbbN9LvtQ"]}]}},"_links":{"self":[{"href":"https:\/\/dalloz-stones.com\/fr\/wp-json\/wp\/v2\/product\/11734","targetHints":{"allow":["GET"]}}],"collection":[{"href":"https:\/\/dalloz-stones.com\/fr\/wp-json\/wp\/v2\/product"}],"about":[{"href":"https:\/\/dalloz-stones.com\/fr\/wp-json\/wp\/v2\/types\/product"}],"replies":[{"embeddable":true,"href":"https:\/\/dalloz-stones.com\/fr\/wp-json\/wp\/v2\/comments?post=11734"}],"wp:featuredmedia":[{"embeddable":true,"href":"https:\/\/dalloz-stones.com\/fr\/wp-json\/wp\/v2\/media\/11735"}],"wp:attachment":[{"href":"https:\/\/dalloz-stones.com\/fr\/wp-json\/wp\/v2\/media?parent=11734"}],"wp:term":[{"taxonomy":"product_brand","embeddable":true,"href":"https:\/\/dalloz-stones.com\/fr\/wp-json\/wp\/v2\/product_brand?post=11734"},{"taxonomy":"product_cat","embeddable":true,"href":"https:\/\/dalloz-stones.com\/fr\/wp-json\/wp\/v2\/product_cat?post=11734"},{"taxonomy":"product_tag","embeddable":true,"href":"https:\/\/dalloz-stones.com\/fr\/wp-json\/wp\/v2\/product_tag?post=11734"}],"curies":[{"name":"wp","href":"https:\/\/api.w.org\/{rel}","templated":true}]}}