{"id":11721,"date":"2025-02-10T08:46:32","date_gmt":"2025-02-10T07:46:32","guid":{"rendered":"https:\/\/dalloz-stones.com\/produit\/agate-verte-rond-225-mm\/"},"modified":"2025-04-24T18:22:07","modified_gmt":"2025-04-24T16:22:07","slug":"agate-verte-rond-225-mm","status":"publish","type":"product","link":"https:\/\/dalloz-stones.com\/fr\/produit\/agate-verte-rond-225-mm\/","title":{"rendered":"Agate Verte Rond  &#8211;  2,25 mm"},"content":{"rendered":"<p>Cette agate verte naturelle, taill\u00e9e en rond de 2,25 mm avec 57 facettes, se distingue par son bel \u00e9clat qui met en valeur la richesse de sa teinte. Avec une tol\u00e9rance dimensionnelle pr\u00e9cise de +\/- 0,03 mm, elle offre une belle r\u00e9gularit\u00e9 adapt\u00e9e \u00e0 diverses cr\u00e9ations. Taill\u00e9e en Suisse, cette pierre refl\u00e8te un savoir-faire artisanal reconnu, parfait pour sublimer l\u2019authenticit\u00e9 des pierres naturelles.<\/p>\n","protected":false},"excerpt":{"rendered":"<p>Cette agate verte naturelle, taill\u00e9e en rond de 2,25 mm avec 57 facettes, se distingue par son bel \u00e9clat qui met en valeur la richesse de sa teinte. Avec une tol\u00e9rance dimensionnelle pr\u00e9cise de +\/- 0,03 mm, elle offre une belle r\u00e9gularit\u00e9 adapt\u00e9e \u00e0 diverses cr\u00e9ations. Taill\u00e9e en Suisse, cette pierre refl\u00e8te un savoir-faire artisanal reconnu, parfait pour sublimer l\u2019authenticit\u00e9 des pierres naturelles.<\/p>\n","protected":false},"featured_media":11722,"comment_status":"closed","ping_status":"open","template":"","meta":{"_acf_changed":false,"content-type":""},"product_brand":[],"product_cat":[133],"product_tag":[],"class_list":{"0":"post-11721","1":"product","2":"type-product","3":"status-publish","4":"has-post-thumbnail","6":"product_cat-non-classifiee","7":"pa_color-vert","8":"pa_material-agate","9":"pa_origine-du-brut-sourcing","10":"pa_shape-rond","11":"pa_stone-colour-agate-verte","12":"pa_stone-shape-rond","13":"pa_stone-type-naturel","15":"first","16":"instock","17":"taxable","18":"shipping-taxable","19":"purchasable","20":"product-type-simple"},"acf":[],"yoast_head":"<!-- This site is optimized with the Yoast SEO plugin v26.9 - https:\/\/yoast.com\/product\/yoast-seo-wordpress\/ -->\n<title>Agate verte naturelle \u2013 Haute qualit\u00e9 et authenticit\u00e9<\/title>\n<meta name=\"description\" content=\"Agate verte 2,25 mm, 57 facettes, \u00e9clat profond et savoir-faire suisse, id\u00e9al pour sublimer l\u2019\u00e9l\u00e9gance naturelle des pierres.\" \/>\n<meta name=\"robots\" content=\"index, follow, max-snippet:-1, max-image-preview:large, max-video-preview:-1\" \/>\n<link rel=\"canonical\" href=\"https:\/\/dalloz-stones.com\/fr\/produit\/agate-verte-rond-225-mm\/\" \/>\n<meta property=\"og:locale\" content=\"fr_FR\" \/>\n<meta property=\"og:type\" content=\"article\" \/>\n<meta property=\"og:title\" content=\"Agate verte naturelle \u2013 Haute qualit\u00e9 et authenticit\u00e9\" \/>\n<meta property=\"og:description\" content=\"Agate verte 2,25 mm, 57 facettes, \u00e9clat profond et savoir-faire suisse, id\u00e9al pour sublimer l\u2019\u00e9l\u00e9gance naturelle des pierres.\" \/>\n<meta property=\"og:url\" content=\"https:\/\/dalloz-stones.com\/fr\/produit\/agate-verte-rond-225-mm\/\" \/>\n<meta property=\"og:site_name\" content=\"Dalloz stones &amp; rough\" \/>\n<meta property=\"article:publisher\" content=\"https:\/\/www.facebook.com\/dalloz1917\/\" \/>\n<meta property=\"article:modified_time\" content=\"2025-04-24T16:22:07+00:00\" \/>\n<meta property=\"og:image\" content=\"https:\/\/dalloz-stones.com\/app\/uploads\/2025\/02\/2AVERR50225-P0LA_1-1024x1024.jpg\" \/>\n\t<meta property=\"og:image:width\" content=\"1024\" \/>\n\t<meta property=\"og:image:height\" content=\"1024\" \/>\n\t<meta property=\"og:image:type\" content=\"image\/jpeg\" \/>\n<meta name=\"twitter:card\" content=\"summary_large_image\" \/>\n<script type=\"application\/ld+json\" class=\"yoast-schema-graph\">{\"@context\":\"https:\/\/schema.org\",\"@graph\":[{\"@type\":\"WebPage\",\"@id\":\"https:\/\/dalloz-stones.com\/fr\/produit\/agate-verte-rond-225-mm\/\",\"url\":\"https:\/\/dalloz-stones.com\/fr\/produit\/agate-verte-rond-225-mm\/\",\"name\":\"Agate verte naturelle \u2013 Haute qualit\u00e9 et authenticit\u00e9\",\"isPartOf\":{\"@id\":\"https:\/\/dalloz-stones.com\/fr\/#website\"},\"primaryImageOfPage\":{\"@id\":\"https:\/\/dalloz-stones.com\/fr\/produit\/agate-verte-rond-225-mm\/#primaryimage\"},\"image\":{\"@id\":\"https:\/\/dalloz-stones.com\/fr\/produit\/agate-verte-rond-225-mm\/#primaryimage\"},\"thumbnailUrl\":\"https:\/\/dalloz-stones.com\/app\/uploads\/2025\/02\/2AVERR50225-P0LA_1.jpg\",\"datePublished\":\"2025-02-10T07:46:32+00:00\",\"dateModified\":\"2025-04-24T16:22:07+00:00\",\"description\":\"Agate verte 2,25 mm, 57 facettes, \u00e9clat profond et savoir-faire suisse, id\u00e9al pour sublimer l\u2019\u00e9l\u00e9gance naturelle des pierres.\",\"breadcrumb\":{\"@id\":\"https:\/\/dalloz-stones.com\/fr\/produit\/agate-verte-rond-225-mm\/#breadcrumb\"},\"inLanguage\":\"fr-FR\",\"potentialAction\":[{\"@type\":\"ReadAction\",\"target\":[\"https:\/\/dalloz-stones.com\/fr\/produit\/agate-verte-rond-225-mm\/\"]}]},{\"@type\":\"ImageObject\",\"inLanguage\":\"fr-FR\",\"@id\":\"https:\/\/dalloz-stones.com\/fr\/produit\/agate-verte-rond-225-mm\/#primaryimage\",\"url\":\"https:\/\/dalloz-stones.com\/app\/uploads\/2025\/02\/2AVERR50225-P0LA_1.jpg\",\"contentUrl\":\"https:\/\/dalloz-stones.com\/app\/uploads\/2025\/02\/2AVERR50225-P0LA_1.jpg\",\"width\":2000,\"height\":2000},{\"@type\":\"BreadcrumbList\",\"@id\":\"https:\/\/dalloz-stones.com\/fr\/produit\/agate-verte-rond-225-mm\/#breadcrumb\",\"itemListElement\":[{\"@type\":\"ListItem\",\"position\":1,\"name\":\"Accueil\",\"item\":\"https:\/\/dalloz-stones.com\/fr\/\"},{\"@type\":\"ListItem\",\"position\":2,\"name\":\"Boutique\",\"item\":\"https:\/\/dalloz-stones.com\/boutique\/\"},{\"@type\":\"ListItem\",\"position\":3,\"name\":\"Agate Verte Rond &#8211; 2,25 mm\"}]},{\"@type\":\"WebSite\",\"@id\":\"https:\/\/dalloz-stones.com\/fr\/#website\",\"url\":\"https:\/\/dalloz-stones.com\/fr\/\",\"name\":\"Dalloz stones &amp; rough\",\"description\":\"\",\"publisher\":{\"@id\":\"https:\/\/dalloz-stones.com\/fr\/#organization\"},\"potentialAction\":[{\"@type\":\"SearchAction\",\"target\":{\"@type\":\"EntryPoint\",\"urlTemplate\":\"https:\/\/dalloz-stones.com\/fr\/?s={search_term_string}\"},\"query-input\":{\"@type\":\"PropertyValueSpecification\",\"valueRequired\":true,\"valueName\":\"search_term_string\"}}],\"inLanguage\":\"fr-FR\"},{\"@type\":\"Organization\",\"@id\":\"https:\/\/dalloz-stones.com\/fr\/#organization\",\"name\":\"Dalloz Stones & Rough\",\"url\":\"https:\/\/dalloz-stones.com\/fr\/\",\"logo\":{\"@type\":\"ImageObject\",\"inLanguage\":\"fr-FR\",\"@id\":\"https:\/\/dalloz-stones.com\/fr\/#\/schema\/logo\/image\/\",\"url\":\"https:\/\/dalloz-stones.com\/app\/uploads\/2020\/11\/Dalloz_Mono_Vertsapin.png\",\"contentUrl\":\"https:\/\/dalloz-stones.com\/app\/uploads\/2020\/11\/Dalloz_Mono_Vertsapin.png\",\"width\":1772,\"height\":1772,\"caption\":\"Dalloz Stones & Rough\"},\"image\":{\"@id\":\"https:\/\/dalloz-stones.com\/fr\/#\/schema\/logo\/image\/\"},\"sameAs\":[\"https:\/\/www.facebook.com\/dalloz1917\/\",\"https:\/\/www.instagram.com\/dallozstones\/\",\"https:\/\/www.linkedin.com\/company\/dalloz-stones-and-rough\/\",\"https:\/\/www.youtube.com\/channel\/UC1mJnpsxORlO9kjbbN9LvtQ\"]}]}<\/script>\n<!-- \/ Yoast SEO plugin. -->","yoast_head_json":{"title":"Agate verte naturelle \u2013 Haute qualit\u00e9 et authenticit\u00e9","description":"Agate verte 2,25 mm, 57 facettes, \u00e9clat profond et savoir-faire suisse, id\u00e9al pour sublimer l\u2019\u00e9l\u00e9gance naturelle des pierres.","robots":{"index":"index","follow":"follow","max-snippet":"max-snippet:-1","max-image-preview":"max-image-preview:large","max-video-preview":"max-video-preview:-1"},"canonical":"https:\/\/dalloz-stones.com\/fr\/produit\/agate-verte-rond-225-mm\/","og_locale":"fr_FR","og_type":"article","og_title":"Agate verte naturelle \u2013 Haute qualit\u00e9 et authenticit\u00e9","og_description":"Agate verte 2,25 mm, 57 facettes, \u00e9clat profond et savoir-faire suisse, id\u00e9al pour sublimer l\u2019\u00e9l\u00e9gance naturelle des pierres.","og_url":"https:\/\/dalloz-stones.com\/fr\/produit\/agate-verte-rond-225-mm\/","og_site_name":"Dalloz stones &amp; rough","article_publisher":"https:\/\/www.facebook.com\/dalloz1917\/","article_modified_time":"2025-04-24T16:22:07+00:00","og_image":[{"width":1024,"height":1024,"url":"https:\/\/dalloz-stones.com\/app\/uploads\/2025\/02\/2AVERR50225-P0LA_1-1024x1024.jpg","type":"image\/jpeg"}],"twitter_card":"summary_large_image","schema":{"@context":"https:\/\/schema.org","@graph":[{"@type":"WebPage","@id":"https:\/\/dalloz-stones.com\/fr\/produit\/agate-verte-rond-225-mm\/","url":"https:\/\/dalloz-stones.com\/fr\/produit\/agate-verte-rond-225-mm\/","name":"Agate verte naturelle \u2013 Haute qualit\u00e9 et authenticit\u00e9","isPartOf":{"@id":"https:\/\/dalloz-stones.com\/fr\/#website"},"primaryImageOfPage":{"@id":"https:\/\/dalloz-stones.com\/fr\/produit\/agate-verte-rond-225-mm\/#primaryimage"},"image":{"@id":"https:\/\/dalloz-stones.com\/fr\/produit\/agate-verte-rond-225-mm\/#primaryimage"},"thumbnailUrl":"https:\/\/dalloz-stones.com\/app\/uploads\/2025\/02\/2AVERR50225-P0LA_1.jpg","datePublished":"2025-02-10T07:46:32+00:00","dateModified":"2025-04-24T16:22:07+00:00","description":"Agate verte 2,25 mm, 57 facettes, \u00e9clat profond et savoir-faire suisse, id\u00e9al pour sublimer l\u2019\u00e9l\u00e9gance naturelle des pierres.","breadcrumb":{"@id":"https:\/\/dalloz-stones.com\/fr\/produit\/agate-verte-rond-225-mm\/#breadcrumb"},"inLanguage":"fr-FR","potentialAction":[{"@type":"ReadAction","target":["https:\/\/dalloz-stones.com\/fr\/produit\/agate-verte-rond-225-mm\/"]}]},{"@type":"ImageObject","inLanguage":"fr-FR","@id":"https:\/\/dalloz-stones.com\/fr\/produit\/agate-verte-rond-225-mm\/#primaryimage","url":"https:\/\/dalloz-stones.com\/app\/uploads\/2025\/02\/2AVERR50225-P0LA_1.jpg","contentUrl":"https:\/\/dalloz-stones.com\/app\/uploads\/2025\/02\/2AVERR50225-P0LA_1.jpg","width":2000,"height":2000},{"@type":"BreadcrumbList","@id":"https:\/\/dalloz-stones.com\/fr\/produit\/agate-verte-rond-225-mm\/#breadcrumb","itemListElement":[{"@type":"ListItem","position":1,"name":"Accueil","item":"https:\/\/dalloz-stones.com\/fr\/"},{"@type":"ListItem","position":2,"name":"Boutique","item":"https:\/\/dalloz-stones.com\/boutique\/"},{"@type":"ListItem","position":3,"name":"Agate Verte Rond &#8211; 2,25 mm"}]},{"@type":"WebSite","@id":"https:\/\/dalloz-stones.com\/fr\/#website","url":"https:\/\/dalloz-stones.com\/fr\/","name":"Dalloz stones &amp; rough","description":"","publisher":{"@id":"https:\/\/dalloz-stones.com\/fr\/#organization"},"potentialAction":[{"@type":"SearchAction","target":{"@type":"EntryPoint","urlTemplate":"https:\/\/dalloz-stones.com\/fr\/?s={search_term_string}"},"query-input":{"@type":"PropertyValueSpecification","valueRequired":true,"valueName":"search_term_string"}}],"inLanguage":"fr-FR"},{"@type":"Organization","@id":"https:\/\/dalloz-stones.com\/fr\/#organization","name":"Dalloz Stones & Rough","url":"https:\/\/dalloz-stones.com\/fr\/","logo":{"@type":"ImageObject","inLanguage":"fr-FR","@id":"https:\/\/dalloz-stones.com\/fr\/#\/schema\/logo\/image\/","url":"https:\/\/dalloz-stones.com\/app\/uploads\/2020\/11\/Dalloz_Mono_Vertsapin.png","contentUrl":"https:\/\/dalloz-stones.com\/app\/uploads\/2020\/11\/Dalloz_Mono_Vertsapin.png","width":1772,"height":1772,"caption":"Dalloz Stones & Rough"},"image":{"@id":"https:\/\/dalloz-stones.com\/fr\/#\/schema\/logo\/image\/"},"sameAs":["https:\/\/www.facebook.com\/dalloz1917\/","https:\/\/www.instagram.com\/dallozstones\/","https:\/\/www.linkedin.com\/company\/dalloz-stones-and-rough\/","https:\/\/www.youtube.com\/channel\/UC1mJnpsxORlO9kjbbN9LvtQ"]}]}},"_links":{"self":[{"href":"https:\/\/dalloz-stones.com\/fr\/wp-json\/wp\/v2\/product\/11721","targetHints":{"allow":["GET"]}}],"collection":[{"href":"https:\/\/dalloz-stones.com\/fr\/wp-json\/wp\/v2\/product"}],"about":[{"href":"https:\/\/dalloz-stones.com\/fr\/wp-json\/wp\/v2\/types\/product"}],"replies":[{"embeddable":true,"href":"https:\/\/dalloz-stones.com\/fr\/wp-json\/wp\/v2\/comments?post=11721"}],"wp:featuredmedia":[{"embeddable":true,"href":"https:\/\/dalloz-stones.com\/fr\/wp-json\/wp\/v2\/media\/11722"}],"wp:attachment":[{"href":"https:\/\/dalloz-stones.com\/fr\/wp-json\/wp\/v2\/media?parent=11721"}],"wp:term":[{"taxonomy":"product_brand","embeddable":true,"href":"https:\/\/dalloz-stones.com\/fr\/wp-json\/wp\/v2\/product_brand?post=11721"},{"taxonomy":"product_cat","embeddable":true,"href":"https:\/\/dalloz-stones.com\/fr\/wp-json\/wp\/v2\/product_cat?post=11721"},{"taxonomy":"product_tag","embeddable":true,"href":"https:\/\/dalloz-stones.com\/fr\/wp-json\/wp\/v2\/product_tag?post=11721"}],"curies":[{"name":"wp","href":"https:\/\/api.w.org\/{rel}","templated":true}]}}