{"id":11717,"date":"2025-02-10T08:46:32","date_gmt":"2025-02-10T07:46:32","guid":{"rendered":"https:\/\/dalloz-stones.com\/produit\/agate-verte-rond-175-mm\/"},"modified":"2025-03-28T14:17:16","modified_gmt":"2025-03-28T13:17:16","slug":"agate-verte-rond-175-mm","status":"publish","type":"product","link":"https:\/\/dalloz-stones.com\/fr\/produit\/agate-verte-rond-175-mm\/","title":{"rendered":"Agate Verte Rond  &#8211;  1,75 mm"},"content":{"rendered":"<p>Cette agate verte naturelle, taill\u00e9e en rond de 1,75 mm avec 57 facettes, offre un bel \u00e9clat et une variation subtile de couleur allant du normal au clair, mettant en valeur la richesse de ses nuances naturelles. Avec une tol\u00e9rance dimensionnelle pr\u00e9cise de +\/- 0,03 mm, elle garantit une grande r\u00e9gularit\u00e9 pour diverses cr\u00e9ations. Taill\u00e9e en Suisse, cette pierre refl\u00e8te un savoir-faire artisanal de qualit\u00e9, id\u00e9al pour des r\u00e9alisations qui c\u00e9l\u00e8brent l&rsquo;authenticit\u00e9 et l&rsquo;\u00e9l\u00e9gance des pierres naturelles.<\/p>\n","protected":false},"excerpt":{"rendered":"<p>Cette agate verte naturelle, taill\u00e9e en rond de 1,75 mm avec 57 facettes, offre un bel \u00e9clat et une variation subtile de couleur allant du normal au clair, mettant en valeur la richesse de ses nuances naturelles. Avec une tol\u00e9rance dimensionnelle pr\u00e9cise de +\/- 0,03 mm, elle garantit une grande r\u00e9gularit\u00e9 pour diverses cr\u00e9ations. Taill\u00e9e en Suisse, cette pierre refl\u00e8te un savoir-faire artisanal de qualit\u00e9, id\u00e9al pour des r\u00e9alisations qui c\u00e9l\u00e8brent l&rsquo;authenticit\u00e9 et l&rsquo;\u00e9l\u00e9gance des pierres naturelles.<\/p>\n","protected":false},"featured_media":11718,"comment_status":"closed","ping_status":"open","template":"","meta":{"_acf_changed":false,"content-type":""},"product_brand":[],"product_cat":[133],"product_tag":[],"class_list":{"0":"post-11717","1":"product","2":"type-product","3":"status-publish","4":"has-post-thumbnail","6":"product_cat-non-classifiee","7":"pa_color-vert","8":"pa_material-agate","9":"pa_origine-du-brut-sourcing","10":"pa_shape-rond","11":"pa_stone-colour-agate-verte","12":"pa_stone-shape-rond","13":"pa_stone-type-naturel","15":"first","16":"instock","17":"taxable","18":"shipping-taxable","19":"purchasable","20":"product-type-simple"},"acf":[],"yoast_head":"<!-- This site is optimized with the Yoast SEO plugin v26.9 - https:\/\/yoast.com\/product\/yoast-seo-wordpress\/ -->\n<title>Agate verte naturelle \u2013 Raffinement et \u00e9clat subtil<\/title>\n<meta name=\"description\" content=\"Agate verte 1,75 mm, 57 facettes, variation chromatique et fabrication suisse, id\u00e9ale pour des cr\u00e9ations fines et \u00e9l\u00e9gantes.\" \/>\n<meta name=\"robots\" content=\"index, follow, max-snippet:-1, max-image-preview:large, max-video-preview:-1\" \/>\n<link rel=\"canonical\" href=\"https:\/\/dalloz-stones.com\/fr\/produit\/agate-verte-rond-175-mm\/\" \/>\n<meta property=\"og:locale\" content=\"fr_FR\" \/>\n<meta property=\"og:type\" content=\"article\" \/>\n<meta property=\"og:title\" content=\"Agate verte naturelle \u2013 Raffinement et \u00e9clat subtil\" \/>\n<meta property=\"og:description\" content=\"Agate verte 1,75 mm, 57 facettes, variation chromatique et fabrication suisse, id\u00e9ale pour des cr\u00e9ations fines et \u00e9l\u00e9gantes.\" \/>\n<meta property=\"og:url\" content=\"https:\/\/dalloz-stones.com\/fr\/produit\/agate-verte-rond-175-mm\/\" \/>\n<meta property=\"og:site_name\" content=\"Dalloz stones &amp; rough\" \/>\n<meta property=\"article:publisher\" content=\"https:\/\/www.facebook.com\/dalloz1917\/\" \/>\n<meta property=\"article:modified_time\" content=\"2025-03-28T13:17:16+00:00\" \/>\n<meta property=\"og:image\" content=\"https:\/\/dalloz-stones.com\/app\/uploads\/2025\/02\/2AVERR50175-P0LA_1-1024x1024.jpg\" \/>\n\t<meta property=\"og:image:width\" content=\"1024\" \/>\n\t<meta property=\"og:image:height\" content=\"1024\" \/>\n\t<meta property=\"og:image:type\" content=\"image\/jpeg\" \/>\n<meta name=\"twitter:card\" content=\"summary_large_image\" \/>\n<script type=\"application\/ld+json\" class=\"yoast-schema-graph\">{\"@context\":\"https:\/\/schema.org\",\"@graph\":[{\"@type\":\"WebPage\",\"@id\":\"https:\/\/dalloz-stones.com\/fr\/produit\/agate-verte-rond-175-mm\/\",\"url\":\"https:\/\/dalloz-stones.com\/fr\/produit\/agate-verte-rond-175-mm\/\",\"name\":\"Agate verte naturelle \u2013 Raffinement et \u00e9clat subtil\",\"isPartOf\":{\"@id\":\"https:\/\/dalloz-stones.com\/fr\/#website\"},\"primaryImageOfPage\":{\"@id\":\"https:\/\/dalloz-stones.com\/fr\/produit\/agate-verte-rond-175-mm\/#primaryimage\"},\"image\":{\"@id\":\"https:\/\/dalloz-stones.com\/fr\/produit\/agate-verte-rond-175-mm\/#primaryimage\"},\"thumbnailUrl\":\"https:\/\/dalloz-stones.com\/app\/uploads\/2025\/02\/2AVERR50175-P0LA_1.jpg\",\"datePublished\":\"2025-02-10T07:46:32+00:00\",\"dateModified\":\"2025-03-28T13:17:16+00:00\",\"description\":\"Agate verte 1,75 mm, 57 facettes, variation chromatique et fabrication suisse, id\u00e9ale pour des cr\u00e9ations fines et \u00e9l\u00e9gantes.\",\"breadcrumb\":{\"@id\":\"https:\/\/dalloz-stones.com\/fr\/produit\/agate-verte-rond-175-mm\/#breadcrumb\"},\"inLanguage\":\"fr-FR\",\"potentialAction\":[{\"@type\":\"ReadAction\",\"target\":[\"https:\/\/dalloz-stones.com\/fr\/produit\/agate-verte-rond-175-mm\/\"]}]},{\"@type\":\"ImageObject\",\"inLanguage\":\"fr-FR\",\"@id\":\"https:\/\/dalloz-stones.com\/fr\/produit\/agate-verte-rond-175-mm\/#primaryimage\",\"url\":\"https:\/\/dalloz-stones.com\/app\/uploads\/2025\/02\/2AVERR50175-P0LA_1.jpg\",\"contentUrl\":\"https:\/\/dalloz-stones.com\/app\/uploads\/2025\/02\/2AVERR50175-P0LA_1.jpg\",\"width\":2000,\"height\":2000},{\"@type\":\"BreadcrumbList\",\"@id\":\"https:\/\/dalloz-stones.com\/fr\/produit\/agate-verte-rond-175-mm\/#breadcrumb\",\"itemListElement\":[{\"@type\":\"ListItem\",\"position\":1,\"name\":\"Accueil\",\"item\":\"https:\/\/dalloz-stones.com\/fr\/\"},{\"@type\":\"ListItem\",\"position\":2,\"name\":\"Boutique\",\"item\":\"https:\/\/dalloz-stones.com\/boutique\/\"},{\"@type\":\"ListItem\",\"position\":3,\"name\":\"Agate Verte Rond &#8211; 1,75 mm\"}]},{\"@type\":\"WebSite\",\"@id\":\"https:\/\/dalloz-stones.com\/fr\/#website\",\"url\":\"https:\/\/dalloz-stones.com\/fr\/\",\"name\":\"Dalloz stones &amp; rough\",\"description\":\"\",\"publisher\":{\"@id\":\"https:\/\/dalloz-stones.com\/fr\/#organization\"},\"potentialAction\":[{\"@type\":\"SearchAction\",\"target\":{\"@type\":\"EntryPoint\",\"urlTemplate\":\"https:\/\/dalloz-stones.com\/fr\/?s={search_term_string}\"},\"query-input\":{\"@type\":\"PropertyValueSpecification\",\"valueRequired\":true,\"valueName\":\"search_term_string\"}}],\"inLanguage\":\"fr-FR\"},{\"@type\":\"Organization\",\"@id\":\"https:\/\/dalloz-stones.com\/fr\/#organization\",\"name\":\"Dalloz Stones & Rough\",\"url\":\"https:\/\/dalloz-stones.com\/fr\/\",\"logo\":{\"@type\":\"ImageObject\",\"inLanguage\":\"fr-FR\",\"@id\":\"https:\/\/dalloz-stones.com\/fr\/#\/schema\/logo\/image\/\",\"url\":\"https:\/\/dalloz-stones.com\/app\/uploads\/2020\/11\/Dalloz_Mono_Vertsapin.png\",\"contentUrl\":\"https:\/\/dalloz-stones.com\/app\/uploads\/2020\/11\/Dalloz_Mono_Vertsapin.png\",\"width\":1772,\"height\":1772,\"caption\":\"Dalloz Stones & Rough\"},\"image\":{\"@id\":\"https:\/\/dalloz-stones.com\/fr\/#\/schema\/logo\/image\/\"},\"sameAs\":[\"https:\/\/www.facebook.com\/dalloz1917\/\",\"https:\/\/www.instagram.com\/dallozstones\/\",\"https:\/\/www.linkedin.com\/company\/dalloz-stones-and-rough\/\",\"https:\/\/www.youtube.com\/channel\/UC1mJnpsxORlO9kjbbN9LvtQ\"]}]}<\/script>\n<!-- \/ Yoast SEO plugin. -->","yoast_head_json":{"title":"Agate verte naturelle \u2013 Raffinement et \u00e9clat subtil","description":"Agate verte 1,75 mm, 57 facettes, variation chromatique et fabrication suisse, id\u00e9ale pour des cr\u00e9ations fines et \u00e9l\u00e9gantes.","robots":{"index":"index","follow":"follow","max-snippet":"max-snippet:-1","max-image-preview":"max-image-preview:large","max-video-preview":"max-video-preview:-1"},"canonical":"https:\/\/dalloz-stones.com\/fr\/produit\/agate-verte-rond-175-mm\/","og_locale":"fr_FR","og_type":"article","og_title":"Agate verte naturelle \u2013 Raffinement et \u00e9clat subtil","og_description":"Agate verte 1,75 mm, 57 facettes, variation chromatique et fabrication suisse, id\u00e9ale pour des cr\u00e9ations fines et \u00e9l\u00e9gantes.","og_url":"https:\/\/dalloz-stones.com\/fr\/produit\/agate-verte-rond-175-mm\/","og_site_name":"Dalloz stones &amp; rough","article_publisher":"https:\/\/www.facebook.com\/dalloz1917\/","article_modified_time":"2025-03-28T13:17:16+00:00","og_image":[{"width":1024,"height":1024,"url":"https:\/\/dalloz-stones.com\/app\/uploads\/2025\/02\/2AVERR50175-P0LA_1-1024x1024.jpg","type":"image\/jpeg"}],"twitter_card":"summary_large_image","schema":{"@context":"https:\/\/schema.org","@graph":[{"@type":"WebPage","@id":"https:\/\/dalloz-stones.com\/fr\/produit\/agate-verte-rond-175-mm\/","url":"https:\/\/dalloz-stones.com\/fr\/produit\/agate-verte-rond-175-mm\/","name":"Agate verte naturelle \u2013 Raffinement et \u00e9clat subtil","isPartOf":{"@id":"https:\/\/dalloz-stones.com\/fr\/#website"},"primaryImageOfPage":{"@id":"https:\/\/dalloz-stones.com\/fr\/produit\/agate-verte-rond-175-mm\/#primaryimage"},"image":{"@id":"https:\/\/dalloz-stones.com\/fr\/produit\/agate-verte-rond-175-mm\/#primaryimage"},"thumbnailUrl":"https:\/\/dalloz-stones.com\/app\/uploads\/2025\/02\/2AVERR50175-P0LA_1.jpg","datePublished":"2025-02-10T07:46:32+00:00","dateModified":"2025-03-28T13:17:16+00:00","description":"Agate verte 1,75 mm, 57 facettes, variation chromatique et fabrication suisse, id\u00e9ale pour des cr\u00e9ations fines et \u00e9l\u00e9gantes.","breadcrumb":{"@id":"https:\/\/dalloz-stones.com\/fr\/produit\/agate-verte-rond-175-mm\/#breadcrumb"},"inLanguage":"fr-FR","potentialAction":[{"@type":"ReadAction","target":["https:\/\/dalloz-stones.com\/fr\/produit\/agate-verte-rond-175-mm\/"]}]},{"@type":"ImageObject","inLanguage":"fr-FR","@id":"https:\/\/dalloz-stones.com\/fr\/produit\/agate-verte-rond-175-mm\/#primaryimage","url":"https:\/\/dalloz-stones.com\/app\/uploads\/2025\/02\/2AVERR50175-P0LA_1.jpg","contentUrl":"https:\/\/dalloz-stones.com\/app\/uploads\/2025\/02\/2AVERR50175-P0LA_1.jpg","width":2000,"height":2000},{"@type":"BreadcrumbList","@id":"https:\/\/dalloz-stones.com\/fr\/produit\/agate-verte-rond-175-mm\/#breadcrumb","itemListElement":[{"@type":"ListItem","position":1,"name":"Accueil","item":"https:\/\/dalloz-stones.com\/fr\/"},{"@type":"ListItem","position":2,"name":"Boutique","item":"https:\/\/dalloz-stones.com\/boutique\/"},{"@type":"ListItem","position":3,"name":"Agate Verte Rond &#8211; 1,75 mm"}]},{"@type":"WebSite","@id":"https:\/\/dalloz-stones.com\/fr\/#website","url":"https:\/\/dalloz-stones.com\/fr\/","name":"Dalloz stones &amp; rough","description":"","publisher":{"@id":"https:\/\/dalloz-stones.com\/fr\/#organization"},"potentialAction":[{"@type":"SearchAction","target":{"@type":"EntryPoint","urlTemplate":"https:\/\/dalloz-stones.com\/fr\/?s={search_term_string}"},"query-input":{"@type":"PropertyValueSpecification","valueRequired":true,"valueName":"search_term_string"}}],"inLanguage":"fr-FR"},{"@type":"Organization","@id":"https:\/\/dalloz-stones.com\/fr\/#organization","name":"Dalloz Stones & Rough","url":"https:\/\/dalloz-stones.com\/fr\/","logo":{"@type":"ImageObject","inLanguage":"fr-FR","@id":"https:\/\/dalloz-stones.com\/fr\/#\/schema\/logo\/image\/","url":"https:\/\/dalloz-stones.com\/app\/uploads\/2020\/11\/Dalloz_Mono_Vertsapin.png","contentUrl":"https:\/\/dalloz-stones.com\/app\/uploads\/2020\/11\/Dalloz_Mono_Vertsapin.png","width":1772,"height":1772,"caption":"Dalloz Stones & Rough"},"image":{"@id":"https:\/\/dalloz-stones.com\/fr\/#\/schema\/logo\/image\/"},"sameAs":["https:\/\/www.facebook.com\/dalloz1917\/","https:\/\/www.instagram.com\/dallozstones\/","https:\/\/www.linkedin.com\/company\/dalloz-stones-and-rough\/","https:\/\/www.youtube.com\/channel\/UC1mJnpsxORlO9kjbbN9LvtQ"]}]}},"_links":{"self":[{"href":"https:\/\/dalloz-stones.com\/fr\/wp-json\/wp\/v2\/product\/11717","targetHints":{"allow":["GET"]}}],"collection":[{"href":"https:\/\/dalloz-stones.com\/fr\/wp-json\/wp\/v2\/product"}],"about":[{"href":"https:\/\/dalloz-stones.com\/fr\/wp-json\/wp\/v2\/types\/product"}],"replies":[{"embeddable":true,"href":"https:\/\/dalloz-stones.com\/fr\/wp-json\/wp\/v2\/comments?post=11717"}],"wp:featuredmedia":[{"embeddable":true,"href":"https:\/\/dalloz-stones.com\/fr\/wp-json\/wp\/v2\/media\/11718"}],"wp:attachment":[{"href":"https:\/\/dalloz-stones.com\/fr\/wp-json\/wp\/v2\/media?parent=11717"}],"wp:term":[{"taxonomy":"product_brand","embeddable":true,"href":"https:\/\/dalloz-stones.com\/fr\/wp-json\/wp\/v2\/product_brand?post=11717"},{"taxonomy":"product_cat","embeddable":true,"href":"https:\/\/dalloz-stones.com\/fr\/wp-json\/wp\/v2\/product_cat?post=11717"},{"taxonomy":"product_tag","embeddable":true,"href":"https:\/\/dalloz-stones.com\/fr\/wp-json\/wp\/v2\/product_tag?post=11717"}],"curies":[{"name":"wp","href":"https:\/\/api.w.org\/{rel}","templated":true}]}}