{"id":10382,"date":"2024-12-16T18:57:58","date_gmt":"2024-12-16T17:57:58","guid":{"rendered":"https:\/\/dalloz-stones.com\/produit\/zirconium-rose-pamplemousse-rond-180-mm\/"},"modified":"2025-03-28T14:17:24","modified_gmt":"2025-03-28T13:17:24","slug":"zirconium-rose-pamplemousse-rond-180-mm","status":"publish","type":"product","link":"https:\/\/dalloz-stones.com\/fr\/produit\/zirconium-rose-pamplemousse-rond-180-mm\/","title":{"rendered":"Zirconium Ros\u00e9 Pamplemousse Rond  &#8211;  1,80 mm"},"content":{"rendered":"<p>Ce cubic zirconia de 1,80 mm, dans une teinte originale ros\u00e9 pamplemousse, offre une touche de fra\u00eecheur et d&rsquo;\u00e9l\u00e9gance \u00e0 vos cr\u00e9ations. Le brut a \u00e9t\u00e9 produit aux \u00c9tats-Unis dans l&rsquo;usine CERES, de mani\u00e8re \u00e9co-responsable, en utilisant l&rsquo;\u00e9nergie renouvelable provenant des chutes du Niagara. Taill\u00e9 en France, \u00e0 Septmoncel, au c\u0153ur des montagnes du Jura, ce zirconia refl\u00e8te un savoir-faire pr\u00e9cis et local. C&rsquo;est un choix parfait pour les joailliers recherchant une pierre \u00e0 la fois esth\u00e9tique et respectueuse de l&rsquo;environnement.<\/p>\n","protected":false},"excerpt":{"rendered":"<p>Ce cubic zirconia de 1,80 mm, dans une teinte originale ros\u00e9 pamplemousse, offre une touche de fra\u00eecheur et d&rsquo;\u00e9l\u00e9gance \u00e0 vos cr\u00e9ations. Le brut a \u00e9t\u00e9 produit aux \u00c9tats-Unis dans l&rsquo;usine CERES, de mani\u00e8re \u00e9co-responsable, en utilisant l&rsquo;\u00e9nergie renouvelable provenant des chutes du Niagara. Taill\u00e9 en France, \u00e0 Septmoncel, au c\u0153ur des montagnes du Jura, ce zirconia refl\u00e8te un savoir-faire pr\u00e9cis et local. C&rsquo;est un choix parfait pour les joailliers recherchant une pierre \u00e0 la fois esth\u00e9tique et respectueuse de l&rsquo;environnement.<\/p>\n","protected":false},"featured_media":10095,"comment_status":"closed","ping_status":"open","template":"","meta":{"_acf_changed":false,"content-type":""},"product_brand":[],"product_cat":[133],"product_tag":[],"class_list":{"0":"post-10382","1":"product","2":"type-product","3":"status-publish","4":"has-post-thumbnail","6":"product_cat-non-classifiee","7":"pa_color-rose","8":"pa_dalloz-exclusivity-1-fr","9":"pa_eco-grandit-143","10":"pa_material-cubic-zirconia","11":"pa_origine-du-brut-usa-ceres","12":"pa_shape-rond","13":"pa_stone-colour-zirconium-rose-pamplemousse","14":"pa_stone-shape-rond","15":"pa_stone-type-synthetique-fr","17":"first","18":"instock","19":"taxable","20":"shipping-taxable","21":"purchasable","22":"product-type-simple"},"acf":[],"yoast_head":"<!-- This site is optimized with the Yoast SEO plugin v26.9 - https:\/\/yoast.com\/product\/yoast-seo-wordpress\/ -->\n<title>Cubic zirconia ros\u00e9 pamplemousse \u2013 \u00c9clat et finesse<\/title>\n<meta name=\"description\" content=\"Cubic zirconia ros\u00e9 pamplemousse 1,80 mm, \u00e9clat unique et production durable, parfait pour des bijoux raffin\u00e9s et respectueux de l\u2019environnement.\" \/>\n<meta name=\"robots\" content=\"index, follow, max-snippet:-1, max-image-preview:large, max-video-preview:-1\" \/>\n<link rel=\"canonical\" href=\"https:\/\/dalloz-stones.com\/fr\/produit\/zirconium-rose-pamplemousse-rond-180-mm\/\" \/>\n<meta property=\"og:locale\" content=\"fr_FR\" \/>\n<meta property=\"og:type\" content=\"article\" \/>\n<meta property=\"og:title\" content=\"Cubic zirconia ros\u00e9 pamplemousse \u2013 \u00c9clat et finesse\" \/>\n<meta property=\"og:description\" content=\"Cubic zirconia ros\u00e9 pamplemousse 1,80 mm, \u00e9clat unique et production durable, parfait pour des bijoux raffin\u00e9s et respectueux de l\u2019environnement.\" \/>\n<meta property=\"og:url\" content=\"https:\/\/dalloz-stones.com\/fr\/produit\/zirconium-rose-pamplemousse-rond-180-mm\/\" \/>\n<meta property=\"og:site_name\" content=\"Dalloz stones &amp; rough\" \/>\n<meta property=\"article:publisher\" content=\"https:\/\/www.facebook.com\/dalloz1917\/\" \/>\n<meta property=\"article:modified_time\" content=\"2025-03-28T13:17:24+00:00\" \/>\n<meta property=\"og:image\" content=\"https:\/\/dalloz-stones.com\/app\/uploads\/2024\/12\/2ZPAMR50180-P0MA_1-1024x1024.jpg\" \/>\n\t<meta property=\"og:image:width\" content=\"1024\" \/>\n\t<meta property=\"og:image:height\" content=\"1024\" \/>\n\t<meta property=\"og:image:type\" content=\"image\/jpeg\" \/>\n<meta name=\"twitter:card\" content=\"summary_large_image\" \/>\n<script type=\"application\/ld+json\" class=\"yoast-schema-graph\">{\"@context\":\"https:\/\/schema.org\",\"@graph\":[{\"@type\":\"WebPage\",\"@id\":\"https:\/\/dalloz-stones.com\/fr\/produit\/zirconium-rose-pamplemousse-rond-180-mm\/\",\"url\":\"https:\/\/dalloz-stones.com\/fr\/produit\/zirconium-rose-pamplemousse-rond-180-mm\/\",\"name\":\"Cubic zirconia ros\u00e9 pamplemousse \u2013 \u00c9clat et finesse\",\"isPartOf\":{\"@id\":\"https:\/\/dalloz-stones.com\/fr\/#website\"},\"primaryImageOfPage\":{\"@id\":\"https:\/\/dalloz-stones.com\/fr\/produit\/zirconium-rose-pamplemousse-rond-180-mm\/#primaryimage\"},\"image\":{\"@id\":\"https:\/\/dalloz-stones.com\/fr\/produit\/zirconium-rose-pamplemousse-rond-180-mm\/#primaryimage\"},\"thumbnailUrl\":\"https:\/\/dalloz-stones.com\/app\/uploads\/2024\/12\/2ZPAMR50180-P0MA_1.jpg\",\"datePublished\":\"2024-12-16T17:57:58+00:00\",\"dateModified\":\"2025-03-28T13:17:24+00:00\",\"description\":\"Cubic zirconia ros\u00e9 pamplemousse 1,80 mm, \u00e9clat unique et production durable, parfait pour des bijoux raffin\u00e9s et respectueux de l\u2019environnement.\",\"breadcrumb\":{\"@id\":\"https:\/\/dalloz-stones.com\/fr\/produit\/zirconium-rose-pamplemousse-rond-180-mm\/#breadcrumb\"},\"inLanguage\":\"fr-FR\",\"potentialAction\":[{\"@type\":\"ReadAction\",\"target\":[\"https:\/\/dalloz-stones.com\/fr\/produit\/zirconium-rose-pamplemousse-rond-180-mm\/\"]}]},{\"@type\":\"ImageObject\",\"inLanguage\":\"fr-FR\",\"@id\":\"https:\/\/dalloz-stones.com\/fr\/produit\/zirconium-rose-pamplemousse-rond-180-mm\/#primaryimage\",\"url\":\"https:\/\/dalloz-stones.com\/app\/uploads\/2024\/12\/2ZPAMR50180-P0MA_1.jpg\",\"contentUrl\":\"https:\/\/dalloz-stones.com\/app\/uploads\/2024\/12\/2ZPAMR50180-P0MA_1.jpg\",\"width\":2000,\"height\":2000,\"caption\":\"Zirconium Ros\u00e9 Pamplemousse Rond - 1,80 mm\"},{\"@type\":\"BreadcrumbList\",\"@id\":\"https:\/\/dalloz-stones.com\/fr\/produit\/zirconium-rose-pamplemousse-rond-180-mm\/#breadcrumb\",\"itemListElement\":[{\"@type\":\"ListItem\",\"position\":1,\"name\":\"Accueil\",\"item\":\"https:\/\/dalloz-stones.com\/fr\/\"},{\"@type\":\"ListItem\",\"position\":2,\"name\":\"Boutique\",\"item\":\"https:\/\/dalloz-stones.com\/boutique\/\"},{\"@type\":\"ListItem\",\"position\":3,\"name\":\"Zirconium Ros\u00e9 Pamplemousse Rond &#8211; 1,80 mm\"}]},{\"@type\":\"WebSite\",\"@id\":\"https:\/\/dalloz-stones.com\/fr\/#website\",\"url\":\"https:\/\/dalloz-stones.com\/fr\/\",\"name\":\"Dalloz stones &amp; rough\",\"description\":\"\",\"publisher\":{\"@id\":\"https:\/\/dalloz-stones.com\/fr\/#organization\"},\"potentialAction\":[{\"@type\":\"SearchAction\",\"target\":{\"@type\":\"EntryPoint\",\"urlTemplate\":\"https:\/\/dalloz-stones.com\/fr\/?s={search_term_string}\"},\"query-input\":{\"@type\":\"PropertyValueSpecification\",\"valueRequired\":true,\"valueName\":\"search_term_string\"}}],\"inLanguage\":\"fr-FR\"},{\"@type\":\"Organization\",\"@id\":\"https:\/\/dalloz-stones.com\/fr\/#organization\",\"name\":\"Dalloz Stones & Rough\",\"url\":\"https:\/\/dalloz-stones.com\/fr\/\",\"logo\":{\"@type\":\"ImageObject\",\"inLanguage\":\"fr-FR\",\"@id\":\"https:\/\/dalloz-stones.com\/fr\/#\/schema\/logo\/image\/\",\"url\":\"https:\/\/dalloz-stones.com\/app\/uploads\/2020\/11\/Dalloz_Mono_Vertsapin.png\",\"contentUrl\":\"https:\/\/dalloz-stones.com\/app\/uploads\/2020\/11\/Dalloz_Mono_Vertsapin.png\",\"width\":1772,\"height\":1772,\"caption\":\"Dalloz Stones & Rough\"},\"image\":{\"@id\":\"https:\/\/dalloz-stones.com\/fr\/#\/schema\/logo\/image\/\"},\"sameAs\":[\"https:\/\/www.facebook.com\/dalloz1917\/\",\"https:\/\/www.instagram.com\/dallozstones\/\",\"https:\/\/www.linkedin.com\/company\/dalloz-stones-and-rough\/\",\"https:\/\/www.youtube.com\/channel\/UC1mJnpsxORlO9kjbbN9LvtQ\"]}]}<\/script>\n<!-- \/ Yoast SEO plugin. -->","yoast_head_json":{"title":"Cubic zirconia ros\u00e9 pamplemousse \u2013 \u00c9clat et finesse","description":"Cubic zirconia ros\u00e9 pamplemousse 1,80 mm, \u00e9clat unique et production durable, parfait pour des bijoux raffin\u00e9s et respectueux de l\u2019environnement.","robots":{"index":"index","follow":"follow","max-snippet":"max-snippet:-1","max-image-preview":"max-image-preview:large","max-video-preview":"max-video-preview:-1"},"canonical":"https:\/\/dalloz-stones.com\/fr\/produit\/zirconium-rose-pamplemousse-rond-180-mm\/","og_locale":"fr_FR","og_type":"article","og_title":"Cubic zirconia ros\u00e9 pamplemousse \u2013 \u00c9clat et finesse","og_description":"Cubic zirconia ros\u00e9 pamplemousse 1,80 mm, \u00e9clat unique et production durable, parfait pour des bijoux raffin\u00e9s et respectueux de l\u2019environnement.","og_url":"https:\/\/dalloz-stones.com\/fr\/produit\/zirconium-rose-pamplemousse-rond-180-mm\/","og_site_name":"Dalloz stones &amp; rough","article_publisher":"https:\/\/www.facebook.com\/dalloz1917\/","article_modified_time":"2025-03-28T13:17:24+00:00","og_image":[{"width":1024,"height":1024,"url":"https:\/\/dalloz-stones.com\/app\/uploads\/2024\/12\/2ZPAMR50180-P0MA_1-1024x1024.jpg","type":"image\/jpeg"}],"twitter_card":"summary_large_image","schema":{"@context":"https:\/\/schema.org","@graph":[{"@type":"WebPage","@id":"https:\/\/dalloz-stones.com\/fr\/produit\/zirconium-rose-pamplemousse-rond-180-mm\/","url":"https:\/\/dalloz-stones.com\/fr\/produit\/zirconium-rose-pamplemousse-rond-180-mm\/","name":"Cubic zirconia ros\u00e9 pamplemousse \u2013 \u00c9clat et finesse","isPartOf":{"@id":"https:\/\/dalloz-stones.com\/fr\/#website"},"primaryImageOfPage":{"@id":"https:\/\/dalloz-stones.com\/fr\/produit\/zirconium-rose-pamplemousse-rond-180-mm\/#primaryimage"},"image":{"@id":"https:\/\/dalloz-stones.com\/fr\/produit\/zirconium-rose-pamplemousse-rond-180-mm\/#primaryimage"},"thumbnailUrl":"https:\/\/dalloz-stones.com\/app\/uploads\/2024\/12\/2ZPAMR50180-P0MA_1.jpg","datePublished":"2024-12-16T17:57:58+00:00","dateModified":"2025-03-28T13:17:24+00:00","description":"Cubic zirconia ros\u00e9 pamplemousse 1,80 mm, \u00e9clat unique et production durable, parfait pour des bijoux raffin\u00e9s et respectueux de l\u2019environnement.","breadcrumb":{"@id":"https:\/\/dalloz-stones.com\/fr\/produit\/zirconium-rose-pamplemousse-rond-180-mm\/#breadcrumb"},"inLanguage":"fr-FR","potentialAction":[{"@type":"ReadAction","target":["https:\/\/dalloz-stones.com\/fr\/produit\/zirconium-rose-pamplemousse-rond-180-mm\/"]}]},{"@type":"ImageObject","inLanguage":"fr-FR","@id":"https:\/\/dalloz-stones.com\/fr\/produit\/zirconium-rose-pamplemousse-rond-180-mm\/#primaryimage","url":"https:\/\/dalloz-stones.com\/app\/uploads\/2024\/12\/2ZPAMR50180-P0MA_1.jpg","contentUrl":"https:\/\/dalloz-stones.com\/app\/uploads\/2024\/12\/2ZPAMR50180-P0MA_1.jpg","width":2000,"height":2000,"caption":"Zirconium Ros\u00e9 Pamplemousse Rond - 1,80 mm"},{"@type":"BreadcrumbList","@id":"https:\/\/dalloz-stones.com\/fr\/produit\/zirconium-rose-pamplemousse-rond-180-mm\/#breadcrumb","itemListElement":[{"@type":"ListItem","position":1,"name":"Accueil","item":"https:\/\/dalloz-stones.com\/fr\/"},{"@type":"ListItem","position":2,"name":"Boutique","item":"https:\/\/dalloz-stones.com\/boutique\/"},{"@type":"ListItem","position":3,"name":"Zirconium Ros\u00e9 Pamplemousse Rond &#8211; 1,80 mm"}]},{"@type":"WebSite","@id":"https:\/\/dalloz-stones.com\/fr\/#website","url":"https:\/\/dalloz-stones.com\/fr\/","name":"Dalloz stones &amp; rough","description":"","publisher":{"@id":"https:\/\/dalloz-stones.com\/fr\/#organization"},"potentialAction":[{"@type":"SearchAction","target":{"@type":"EntryPoint","urlTemplate":"https:\/\/dalloz-stones.com\/fr\/?s={search_term_string}"},"query-input":{"@type":"PropertyValueSpecification","valueRequired":true,"valueName":"search_term_string"}}],"inLanguage":"fr-FR"},{"@type":"Organization","@id":"https:\/\/dalloz-stones.com\/fr\/#organization","name":"Dalloz Stones & Rough","url":"https:\/\/dalloz-stones.com\/fr\/","logo":{"@type":"ImageObject","inLanguage":"fr-FR","@id":"https:\/\/dalloz-stones.com\/fr\/#\/schema\/logo\/image\/","url":"https:\/\/dalloz-stones.com\/app\/uploads\/2020\/11\/Dalloz_Mono_Vertsapin.png","contentUrl":"https:\/\/dalloz-stones.com\/app\/uploads\/2020\/11\/Dalloz_Mono_Vertsapin.png","width":1772,"height":1772,"caption":"Dalloz Stones & Rough"},"image":{"@id":"https:\/\/dalloz-stones.com\/fr\/#\/schema\/logo\/image\/"},"sameAs":["https:\/\/www.facebook.com\/dalloz1917\/","https:\/\/www.instagram.com\/dallozstones\/","https:\/\/www.linkedin.com\/company\/dalloz-stones-and-rough\/","https:\/\/www.youtube.com\/channel\/UC1mJnpsxORlO9kjbbN9LvtQ"]}]}},"_links":{"self":[{"href":"https:\/\/dalloz-stones.com\/fr\/wp-json\/wp\/v2\/product\/10382","targetHints":{"allow":["GET"]}}],"collection":[{"href":"https:\/\/dalloz-stones.com\/fr\/wp-json\/wp\/v2\/product"}],"about":[{"href":"https:\/\/dalloz-stones.com\/fr\/wp-json\/wp\/v2\/types\/product"}],"replies":[{"embeddable":true,"href":"https:\/\/dalloz-stones.com\/fr\/wp-json\/wp\/v2\/comments?post=10382"}],"wp:featuredmedia":[{"embeddable":true,"href":"https:\/\/dalloz-stones.com\/fr\/wp-json\/wp\/v2\/media\/10095"}],"wp:attachment":[{"href":"https:\/\/dalloz-stones.com\/fr\/wp-json\/wp\/v2\/media?parent=10382"}],"wp:term":[{"taxonomy":"product_brand","embeddable":true,"href":"https:\/\/dalloz-stones.com\/fr\/wp-json\/wp\/v2\/product_brand?post=10382"},{"taxonomy":"product_cat","embeddable":true,"href":"https:\/\/dalloz-stones.com\/fr\/wp-json\/wp\/v2\/product_cat?post=10382"},{"taxonomy":"product_tag","embeddable":true,"href":"https:\/\/dalloz-stones.com\/fr\/wp-json\/wp\/v2\/product_tag?post=10382"}],"curies":[{"name":"wp","href":"https:\/\/api.w.org\/{rel}","templated":true}]}}