{"id":10379,"date":"2024-12-16T18:57:58","date_gmt":"2024-12-16T17:57:58","guid":{"rendered":"https:\/\/dalloz-stones.com\/produit\/zirconium-orange-rond-235-mm\/"},"modified":"2025-12-06T19:12:41","modified_gmt":"2025-12-06T18:12:41","slug":"zirconium-orange-rond-235-mm","status":"publish","type":"product","link":"https:\/\/dalloz-stones.com\/fr\/produit\/zirconium-orange-rond-235-mm\/","title":{"rendered":"Zirconium Orange Rond  &#8211;  2,35 mm"},"content":{"rendered":"<p>Ce cubic zirconia de 2,35 mm, d\u2019un orange vibrant et homog\u00e8ne, est taill\u00e9 en rond avec 57 facettes pour un \u00e9clat brillant et lumineux. Le brut a \u00e9t\u00e9 produit aux \u00c9tats-Unis dans l&rsquo;usine CERES, en utilisant de l&rsquo;\u00e9nergie renouvelable, garantissant une d\u00e9marche \u00e9co-responsable. Avec une homog\u00e9n\u00e9it\u00e9 parfaite en couleur et une pr\u00e9cision dimensionnelle de +\/- 0,03 mm, cette pierre, taill\u00e9e en Suisse, allie esth\u00e9tique et qualit\u00e9 pour des cr\u00e9ations joailli\u00e8res exigeantes et \u00e9thiques.<\/p>\n","protected":false},"excerpt":{"rendered":"<p>Ce cubic zirconia de 2,35 mm, d\u2019un orange vibrant et homog\u00e8ne, est taill\u00e9 en rond avec 57 facettes pour un \u00e9clat brillant et lumineux. Le brut a \u00e9t\u00e9 produit aux \u00c9tats-Unis dans l&rsquo;usine CERES, en utilisant de l&rsquo;\u00e9nergie renouvelable, garantissant une d\u00e9marche \u00e9co-responsable. Avec une homog\u00e9n\u00e9it\u00e9 parfaite en couleur et une pr\u00e9cision dimensionnelle de +\/- 0,03 mm, cette pierre, taill\u00e9e en Suisse, allie esth\u00e9tique et qualit\u00e9 pour des cr\u00e9ations joailli\u00e8res exigeantes et \u00e9thiques.<\/p>\n","protected":false},"featured_media":10089,"comment_status":"closed","ping_status":"open","template":"","meta":{"_acf_changed":false,"content-type":""},"product_brand":[],"product_cat":[133],"product_tag":[],"class_list":{"0":"post-10379","1":"product","2":"type-product","3":"status-publish","4":"has-post-thumbnail","6":"product_cat-non-classifiee","7":"pa_color-orange","8":"pa_dalloz-exclusivity-1-fr","9":"pa_eco-grandit-143","10":"pa_material-cubic-zirconia","11":"pa_origine-du-brut-usa-ceres","12":"pa_shape-rond","13":"pa_stone-colour-zirconium-orange","14":"pa_stone-shape-rond","15":"pa_stone-type-synthetique-fr","17":"first","18":"instock","19":"taxable","20":"shipping-taxable","21":"purchasable","22":"product-type-simple"},"acf":[],"yoast_head":"<!-- This site is optimized with the Yoast SEO plugin v26.9 - https:\/\/yoast.com\/product\/yoast-seo-wordpress\/ -->\n<title>Cubic zirconia orange \u2013 Brillance et savoir-faire artisanal<\/title>\n<meta name=\"description\" content=\"Cubic zirconia orange 2,35 mm, \u00e9clat lumineux et pr\u00e9cision suisse, id\u00e9al pour des cr\u00e9ations \u00e9l\u00e9gantes.\" \/>\n<meta name=\"robots\" content=\"index, follow, max-snippet:-1, max-image-preview:large, max-video-preview:-1\" \/>\n<link rel=\"canonical\" href=\"https:\/\/dalloz-stones.com\/fr\/produit\/zirconium-orange-rond-235-mm\/\" \/>\n<meta property=\"og:locale\" content=\"fr_FR\" \/>\n<meta property=\"og:type\" content=\"article\" \/>\n<meta property=\"og:title\" content=\"Cubic zirconia orange \u2013 Brillance et savoir-faire artisanal\" \/>\n<meta property=\"og:description\" content=\"Cubic zirconia orange 2,35 mm, \u00e9clat lumineux et pr\u00e9cision suisse, id\u00e9al pour des cr\u00e9ations \u00e9l\u00e9gantes.\" \/>\n<meta property=\"og:url\" content=\"https:\/\/dalloz-stones.com\/fr\/produit\/zirconium-orange-rond-235-mm\/\" \/>\n<meta property=\"og:site_name\" content=\"Dalloz stones &amp; rough\" \/>\n<meta property=\"article:publisher\" content=\"https:\/\/www.facebook.com\/dalloz1917\/\" \/>\n<meta property=\"article:modified_time\" content=\"2025-12-06T18:12:41+00:00\" \/>\n<meta property=\"og:image\" content=\"https:\/\/dalloz-stones.com\/app\/uploads\/2024\/12\/2ZORAR50235-P0LA_1-1024x1024.jpg\" \/>\n\t<meta property=\"og:image:width\" content=\"1024\" \/>\n\t<meta property=\"og:image:height\" content=\"1024\" \/>\n\t<meta property=\"og:image:type\" content=\"image\/jpeg\" \/>\n<meta name=\"twitter:card\" content=\"summary_large_image\" \/>\n<script type=\"application\/ld+json\" class=\"yoast-schema-graph\">{\"@context\":\"https:\/\/schema.org\",\"@graph\":[{\"@type\":\"WebPage\",\"@id\":\"https:\/\/dalloz-stones.com\/fr\/produit\/zirconium-orange-rond-235-mm\/\",\"url\":\"https:\/\/dalloz-stones.com\/fr\/produit\/zirconium-orange-rond-235-mm\/\",\"name\":\"Cubic zirconia orange \u2013 Brillance et savoir-faire artisanal\",\"isPartOf\":{\"@id\":\"https:\/\/dalloz-stones.com\/fr\/#website\"},\"primaryImageOfPage\":{\"@id\":\"https:\/\/dalloz-stones.com\/fr\/produit\/zirconium-orange-rond-235-mm\/#primaryimage\"},\"image\":{\"@id\":\"https:\/\/dalloz-stones.com\/fr\/produit\/zirconium-orange-rond-235-mm\/#primaryimage\"},\"thumbnailUrl\":\"https:\/\/dalloz-stones.com\/app\/uploads\/2024\/12\/2ZORAR50235-P0LA_1.jpg\",\"datePublished\":\"2024-12-16T17:57:58+00:00\",\"dateModified\":\"2025-12-06T18:12:41+00:00\",\"description\":\"Cubic zirconia orange 2,35 mm, \u00e9clat lumineux et pr\u00e9cision suisse, id\u00e9al pour des cr\u00e9ations \u00e9l\u00e9gantes.\",\"breadcrumb\":{\"@id\":\"https:\/\/dalloz-stones.com\/fr\/produit\/zirconium-orange-rond-235-mm\/#breadcrumb\"},\"inLanguage\":\"fr-FR\",\"potentialAction\":[{\"@type\":\"ReadAction\",\"target\":[\"https:\/\/dalloz-stones.com\/fr\/produit\/zirconium-orange-rond-235-mm\/\"]}]},{\"@type\":\"ImageObject\",\"inLanguage\":\"fr-FR\",\"@id\":\"https:\/\/dalloz-stones.com\/fr\/produit\/zirconium-orange-rond-235-mm\/#primaryimage\",\"url\":\"https:\/\/dalloz-stones.com\/app\/uploads\/2024\/12\/2ZORAR50235-P0LA_1.jpg\",\"contentUrl\":\"https:\/\/dalloz-stones.com\/app\/uploads\/2024\/12\/2ZORAR50235-P0LA_1.jpg\",\"width\":2000,\"height\":2000,\"caption\":\"Zirconium Orange Rond - 2,35 mm\"},{\"@type\":\"BreadcrumbList\",\"@id\":\"https:\/\/dalloz-stones.com\/fr\/produit\/zirconium-orange-rond-235-mm\/#breadcrumb\",\"itemListElement\":[{\"@type\":\"ListItem\",\"position\":1,\"name\":\"Accueil\",\"item\":\"https:\/\/dalloz-stones.com\/fr\/\"},{\"@type\":\"ListItem\",\"position\":2,\"name\":\"Boutique\",\"item\":\"https:\/\/dalloz-stones.com\/boutique\/\"},{\"@type\":\"ListItem\",\"position\":3,\"name\":\"Zirconium Orange Rond &#8211; 2,35 mm\"}]},{\"@type\":\"WebSite\",\"@id\":\"https:\/\/dalloz-stones.com\/fr\/#website\",\"url\":\"https:\/\/dalloz-stones.com\/fr\/\",\"name\":\"Dalloz stones &amp; rough\",\"description\":\"\",\"publisher\":{\"@id\":\"https:\/\/dalloz-stones.com\/fr\/#organization\"},\"potentialAction\":[{\"@type\":\"SearchAction\",\"target\":{\"@type\":\"EntryPoint\",\"urlTemplate\":\"https:\/\/dalloz-stones.com\/fr\/?s={search_term_string}\"},\"query-input\":{\"@type\":\"PropertyValueSpecification\",\"valueRequired\":true,\"valueName\":\"search_term_string\"}}],\"inLanguage\":\"fr-FR\"},{\"@type\":\"Organization\",\"@id\":\"https:\/\/dalloz-stones.com\/fr\/#organization\",\"name\":\"Dalloz Stones & Rough\",\"url\":\"https:\/\/dalloz-stones.com\/fr\/\",\"logo\":{\"@type\":\"ImageObject\",\"inLanguage\":\"fr-FR\",\"@id\":\"https:\/\/dalloz-stones.com\/fr\/#\/schema\/logo\/image\/\",\"url\":\"https:\/\/dalloz-stones.com\/app\/uploads\/2020\/11\/Dalloz_Mono_Vertsapin.png\",\"contentUrl\":\"https:\/\/dalloz-stones.com\/app\/uploads\/2020\/11\/Dalloz_Mono_Vertsapin.png\",\"width\":1772,\"height\":1772,\"caption\":\"Dalloz Stones & Rough\"},\"image\":{\"@id\":\"https:\/\/dalloz-stones.com\/fr\/#\/schema\/logo\/image\/\"},\"sameAs\":[\"https:\/\/www.facebook.com\/dalloz1917\/\",\"https:\/\/www.instagram.com\/dallozstones\/\",\"https:\/\/www.linkedin.com\/company\/dalloz-stones-and-rough\/\",\"https:\/\/www.youtube.com\/channel\/UC1mJnpsxORlO9kjbbN9LvtQ\"]}]}<\/script>\n<!-- \/ Yoast SEO plugin. -->","yoast_head_json":{"title":"Cubic zirconia orange \u2013 Brillance et savoir-faire artisanal","description":"Cubic zirconia orange 2,35 mm, \u00e9clat lumineux et pr\u00e9cision suisse, id\u00e9al pour des cr\u00e9ations \u00e9l\u00e9gantes.","robots":{"index":"index","follow":"follow","max-snippet":"max-snippet:-1","max-image-preview":"max-image-preview:large","max-video-preview":"max-video-preview:-1"},"canonical":"https:\/\/dalloz-stones.com\/fr\/produit\/zirconium-orange-rond-235-mm\/","og_locale":"fr_FR","og_type":"article","og_title":"Cubic zirconia orange \u2013 Brillance et savoir-faire artisanal","og_description":"Cubic zirconia orange 2,35 mm, \u00e9clat lumineux et pr\u00e9cision suisse, id\u00e9al pour des cr\u00e9ations \u00e9l\u00e9gantes.","og_url":"https:\/\/dalloz-stones.com\/fr\/produit\/zirconium-orange-rond-235-mm\/","og_site_name":"Dalloz stones &amp; rough","article_publisher":"https:\/\/www.facebook.com\/dalloz1917\/","article_modified_time":"2025-12-06T18:12:41+00:00","og_image":[{"width":1024,"height":1024,"url":"https:\/\/dalloz-stones.com\/app\/uploads\/2024\/12\/2ZORAR50235-P0LA_1-1024x1024.jpg","type":"image\/jpeg"}],"twitter_card":"summary_large_image","schema":{"@context":"https:\/\/schema.org","@graph":[{"@type":"WebPage","@id":"https:\/\/dalloz-stones.com\/fr\/produit\/zirconium-orange-rond-235-mm\/","url":"https:\/\/dalloz-stones.com\/fr\/produit\/zirconium-orange-rond-235-mm\/","name":"Cubic zirconia orange \u2013 Brillance et savoir-faire artisanal","isPartOf":{"@id":"https:\/\/dalloz-stones.com\/fr\/#website"},"primaryImageOfPage":{"@id":"https:\/\/dalloz-stones.com\/fr\/produit\/zirconium-orange-rond-235-mm\/#primaryimage"},"image":{"@id":"https:\/\/dalloz-stones.com\/fr\/produit\/zirconium-orange-rond-235-mm\/#primaryimage"},"thumbnailUrl":"https:\/\/dalloz-stones.com\/app\/uploads\/2024\/12\/2ZORAR50235-P0LA_1.jpg","datePublished":"2024-12-16T17:57:58+00:00","dateModified":"2025-12-06T18:12:41+00:00","description":"Cubic zirconia orange 2,35 mm, \u00e9clat lumineux et pr\u00e9cision suisse, id\u00e9al pour des cr\u00e9ations \u00e9l\u00e9gantes.","breadcrumb":{"@id":"https:\/\/dalloz-stones.com\/fr\/produit\/zirconium-orange-rond-235-mm\/#breadcrumb"},"inLanguage":"fr-FR","potentialAction":[{"@type":"ReadAction","target":["https:\/\/dalloz-stones.com\/fr\/produit\/zirconium-orange-rond-235-mm\/"]}]},{"@type":"ImageObject","inLanguage":"fr-FR","@id":"https:\/\/dalloz-stones.com\/fr\/produit\/zirconium-orange-rond-235-mm\/#primaryimage","url":"https:\/\/dalloz-stones.com\/app\/uploads\/2024\/12\/2ZORAR50235-P0LA_1.jpg","contentUrl":"https:\/\/dalloz-stones.com\/app\/uploads\/2024\/12\/2ZORAR50235-P0LA_1.jpg","width":2000,"height":2000,"caption":"Zirconium Orange Rond - 2,35 mm"},{"@type":"BreadcrumbList","@id":"https:\/\/dalloz-stones.com\/fr\/produit\/zirconium-orange-rond-235-mm\/#breadcrumb","itemListElement":[{"@type":"ListItem","position":1,"name":"Accueil","item":"https:\/\/dalloz-stones.com\/fr\/"},{"@type":"ListItem","position":2,"name":"Boutique","item":"https:\/\/dalloz-stones.com\/boutique\/"},{"@type":"ListItem","position":3,"name":"Zirconium Orange Rond &#8211; 2,35 mm"}]},{"@type":"WebSite","@id":"https:\/\/dalloz-stones.com\/fr\/#website","url":"https:\/\/dalloz-stones.com\/fr\/","name":"Dalloz stones &amp; rough","description":"","publisher":{"@id":"https:\/\/dalloz-stones.com\/fr\/#organization"},"potentialAction":[{"@type":"SearchAction","target":{"@type":"EntryPoint","urlTemplate":"https:\/\/dalloz-stones.com\/fr\/?s={search_term_string}"},"query-input":{"@type":"PropertyValueSpecification","valueRequired":true,"valueName":"search_term_string"}}],"inLanguage":"fr-FR"},{"@type":"Organization","@id":"https:\/\/dalloz-stones.com\/fr\/#organization","name":"Dalloz Stones & Rough","url":"https:\/\/dalloz-stones.com\/fr\/","logo":{"@type":"ImageObject","inLanguage":"fr-FR","@id":"https:\/\/dalloz-stones.com\/fr\/#\/schema\/logo\/image\/","url":"https:\/\/dalloz-stones.com\/app\/uploads\/2020\/11\/Dalloz_Mono_Vertsapin.png","contentUrl":"https:\/\/dalloz-stones.com\/app\/uploads\/2020\/11\/Dalloz_Mono_Vertsapin.png","width":1772,"height":1772,"caption":"Dalloz Stones & Rough"},"image":{"@id":"https:\/\/dalloz-stones.com\/fr\/#\/schema\/logo\/image\/"},"sameAs":["https:\/\/www.facebook.com\/dalloz1917\/","https:\/\/www.instagram.com\/dallozstones\/","https:\/\/www.linkedin.com\/company\/dalloz-stones-and-rough\/","https:\/\/www.youtube.com\/channel\/UC1mJnpsxORlO9kjbbN9LvtQ"]}]}},"_links":{"self":[{"href":"https:\/\/dalloz-stones.com\/fr\/wp-json\/wp\/v2\/product\/10379","targetHints":{"allow":["GET"]}}],"collection":[{"href":"https:\/\/dalloz-stones.com\/fr\/wp-json\/wp\/v2\/product"}],"about":[{"href":"https:\/\/dalloz-stones.com\/fr\/wp-json\/wp\/v2\/types\/product"}],"replies":[{"embeddable":true,"href":"https:\/\/dalloz-stones.com\/fr\/wp-json\/wp\/v2\/comments?post=10379"}],"wp:featuredmedia":[{"embeddable":true,"href":"https:\/\/dalloz-stones.com\/fr\/wp-json\/wp\/v2\/media\/10089"}],"wp:attachment":[{"href":"https:\/\/dalloz-stones.com\/fr\/wp-json\/wp\/v2\/media?parent=10379"}],"wp:term":[{"taxonomy":"product_brand","embeddable":true,"href":"https:\/\/dalloz-stones.com\/fr\/wp-json\/wp\/v2\/product_brand?post=10379"},{"taxonomy":"product_cat","embeddable":true,"href":"https:\/\/dalloz-stones.com\/fr\/wp-json\/wp\/v2\/product_cat?post=10379"},{"taxonomy":"product_tag","embeddable":true,"href":"https:\/\/dalloz-stones.com\/fr\/wp-json\/wp\/v2\/product_tag?post=10379"}],"curies":[{"name":"wp","href":"https:\/\/api.w.org\/{rel}","templated":true}]}}