{"id":10371,"date":"2024-12-16T18:57:45","date_gmt":"2024-12-16T17:57:45","guid":{"rendered":"https:\/\/dalloz-stones.com\/produit\/zirconium-brun-diamant-rond-230-mm\/"},"modified":"2025-04-24T18:22:01","modified_gmt":"2025-04-24T16:22:01","slug":"zirconium-brun-diamant-rond-230-mm","status":"publish","type":"product","link":"https:\/\/dalloz-stones.com\/fr\/produit\/zirconium-brun-diamant-rond-230-mm\/","title":{"rendered":"Zirconium Brun Diamant Rond  &#8211;  2,30 mm"},"content":{"rendered":"<p>Ce cubic zirconia brun diamant, d\u2019un diam\u00e8tre de 2,30 mm, se distingue par sa couleur riche et homog\u00e8ne ainsi que son bel \u00e9clat. Taill\u00e9 en rond avec 57 facettes, il offre une pr\u00e9cision dimensionnelle remarquable avec une tol\u00e9rance de +\/- 0,03 mm. Le brut a \u00e9t\u00e9 produit aux \u00c9tats-Unis, dans l&rsquo;usine CERES, \u00e0 partir d&rsquo;\u00e9nergie renouvelable issue des chutes du Niagara, garantissant une d\u00e9marche \u00e9coresponsable. La taille, r\u00e9alis\u00e9e en Suisse, refl\u00e8te un savoir-faire d&rsquo;excellence pour des cr\u00e9ations joailli\u00e8res sophistiqu\u00e9es et respectueuses de l\u2019environnement.<\/p>\n","protected":false},"excerpt":{"rendered":"<p>Ce cubic zirconia brun diamant, d\u2019un diam\u00e8tre de 2,30 mm, se distingue par sa couleur riche et homog\u00e8ne ainsi que son bel \u00e9clat. Taill\u00e9 en rond avec 57 facettes, il offre une pr\u00e9cision dimensionnelle remarquable avec une tol\u00e9rance de +\/- 0,03 mm. Le brut a \u00e9t\u00e9 produit aux \u00c9tats-Unis, dans l&rsquo;usine CERES, \u00e0 partir d&rsquo;\u00e9nergie renouvelable issue des chutes du Niagara, garantissant une d\u00e9marche \u00e9coresponsable. La taille, r\u00e9alis\u00e9e en Suisse, refl\u00e8te un savoir-faire d&rsquo;excellence pour des cr\u00e9ations joailli\u00e8res sophistiqu\u00e9es et respectueuses de l\u2019environnement.<\/p>\n","protected":false},"featured_media":10074,"comment_status":"closed","ping_status":"open","template":"","meta":{"_acf_changed":false,"content-type":""},"product_brand":[],"product_cat":[133],"product_tag":[],"class_list":{"0":"post-10371","1":"product","2":"type-product","3":"status-publish","4":"has-post-thumbnail","6":"product_cat-non-classifiee","7":"pa_color-marron","8":"pa_eco-grandit-143","9":"pa_material-cubic-zirconia","10":"pa_origine-du-brut-usa-ceres","11":"pa_shape-rond","12":"pa_stone-colour-zirconium-brun-diamant","13":"pa_stone-shape-rond","14":"pa_stone-type-synthetique-fr","16":"first","17":"instock","18":"taxable","19":"shipping-taxable","20":"purchasable","21":"product-type-simple"},"acf":[],"yoast_head":"<!-- This site is optimized with the Yoast SEO plugin v26.9 - https:\/\/yoast.com\/product\/yoast-seo-wordpress\/ -->\n<title>Cubic zirconia brun diamant \u2013 Profondeur et \u00e9clat naturel<\/title>\n<meta name=\"description\" content=\"Cubic zirconia brun diamant 2,30 mm, \u00e9clat raffin\u00e9 et tol\u00e9rance parfaite, id\u00e9al pour des bijoux sophistiqu\u00e9s.\" \/>\n<meta name=\"robots\" content=\"index, follow, max-snippet:-1, max-image-preview:large, max-video-preview:-1\" \/>\n<link rel=\"canonical\" href=\"https:\/\/dalloz-stones.com\/fr\/produit\/zirconium-brun-diamant-rond-230-mm\/\" \/>\n<meta property=\"og:locale\" content=\"fr_FR\" \/>\n<meta property=\"og:type\" content=\"article\" \/>\n<meta property=\"og:title\" content=\"Cubic zirconia brun diamant \u2013 Profondeur et \u00e9clat naturel\" \/>\n<meta property=\"og:description\" content=\"Cubic zirconia brun diamant 2,30 mm, \u00e9clat raffin\u00e9 et tol\u00e9rance parfaite, id\u00e9al pour des bijoux sophistiqu\u00e9s.\" \/>\n<meta property=\"og:url\" content=\"https:\/\/dalloz-stones.com\/fr\/produit\/zirconium-brun-diamant-rond-230-mm\/\" \/>\n<meta property=\"og:site_name\" content=\"Dalloz stones &amp; rough\" \/>\n<meta property=\"article:publisher\" content=\"https:\/\/www.facebook.com\/dalloz1917\/\" \/>\n<meta property=\"article:modified_time\" content=\"2025-04-24T16:22:01+00:00\" \/>\n<meta property=\"og:image\" content=\"https:\/\/dalloz-stones.com\/app\/uploads\/2024\/12\/2ZBRDR50230-P0LA_1-1024x1024.jpg\" \/>\n\t<meta property=\"og:image:width\" content=\"1024\" \/>\n\t<meta property=\"og:image:height\" content=\"1024\" \/>\n\t<meta property=\"og:image:type\" content=\"image\/jpeg\" \/>\n<meta name=\"twitter:card\" content=\"summary_large_image\" \/>\n<script type=\"application\/ld+json\" class=\"yoast-schema-graph\">{\"@context\":\"https:\/\/schema.org\",\"@graph\":[{\"@type\":\"WebPage\",\"@id\":\"https:\/\/dalloz-stones.com\/fr\/produit\/zirconium-brun-diamant-rond-230-mm\/\",\"url\":\"https:\/\/dalloz-stones.com\/fr\/produit\/zirconium-brun-diamant-rond-230-mm\/\",\"name\":\"Cubic zirconia brun diamant \u2013 Profondeur et \u00e9clat naturel\",\"isPartOf\":{\"@id\":\"https:\/\/dalloz-stones.com\/fr\/#website\"},\"primaryImageOfPage\":{\"@id\":\"https:\/\/dalloz-stones.com\/fr\/produit\/zirconium-brun-diamant-rond-230-mm\/#primaryimage\"},\"image\":{\"@id\":\"https:\/\/dalloz-stones.com\/fr\/produit\/zirconium-brun-diamant-rond-230-mm\/#primaryimage\"},\"thumbnailUrl\":\"https:\/\/dalloz-stones.com\/app\/uploads\/2024\/12\/2ZBRDR50230-P0LA_1.jpg\",\"datePublished\":\"2024-12-16T17:57:45+00:00\",\"dateModified\":\"2025-04-24T16:22:01+00:00\",\"description\":\"Cubic zirconia brun diamant 2,30 mm, \u00e9clat raffin\u00e9 et tol\u00e9rance parfaite, id\u00e9al pour des bijoux sophistiqu\u00e9s.\",\"breadcrumb\":{\"@id\":\"https:\/\/dalloz-stones.com\/fr\/produit\/zirconium-brun-diamant-rond-230-mm\/#breadcrumb\"},\"inLanguage\":\"fr-FR\",\"potentialAction\":[{\"@type\":\"ReadAction\",\"target\":[\"https:\/\/dalloz-stones.com\/fr\/produit\/zirconium-brun-diamant-rond-230-mm\/\"]}]},{\"@type\":\"ImageObject\",\"inLanguage\":\"fr-FR\",\"@id\":\"https:\/\/dalloz-stones.com\/fr\/produit\/zirconium-brun-diamant-rond-230-mm\/#primaryimage\",\"url\":\"https:\/\/dalloz-stones.com\/app\/uploads\/2024\/12\/2ZBRDR50230-P0LA_1.jpg\",\"contentUrl\":\"https:\/\/dalloz-stones.com\/app\/uploads\/2024\/12\/2ZBRDR50230-P0LA_1.jpg\",\"width\":2000,\"height\":2000,\"caption\":\"Zirconium Brun Diamant Rond - 2,30 mm\"},{\"@type\":\"BreadcrumbList\",\"@id\":\"https:\/\/dalloz-stones.com\/fr\/produit\/zirconium-brun-diamant-rond-230-mm\/#breadcrumb\",\"itemListElement\":[{\"@type\":\"ListItem\",\"position\":1,\"name\":\"Accueil\",\"item\":\"https:\/\/dalloz-stones.com\/fr\/\"},{\"@type\":\"ListItem\",\"position\":2,\"name\":\"Boutique\",\"item\":\"https:\/\/dalloz-stones.com\/boutique\/\"},{\"@type\":\"ListItem\",\"position\":3,\"name\":\"Zirconium Brun Diamant Rond &#8211; 2,30 mm\"}]},{\"@type\":\"WebSite\",\"@id\":\"https:\/\/dalloz-stones.com\/fr\/#website\",\"url\":\"https:\/\/dalloz-stones.com\/fr\/\",\"name\":\"Dalloz stones &amp; rough\",\"description\":\"\",\"publisher\":{\"@id\":\"https:\/\/dalloz-stones.com\/fr\/#organization\"},\"potentialAction\":[{\"@type\":\"SearchAction\",\"target\":{\"@type\":\"EntryPoint\",\"urlTemplate\":\"https:\/\/dalloz-stones.com\/fr\/?s={search_term_string}\"},\"query-input\":{\"@type\":\"PropertyValueSpecification\",\"valueRequired\":true,\"valueName\":\"search_term_string\"}}],\"inLanguage\":\"fr-FR\"},{\"@type\":\"Organization\",\"@id\":\"https:\/\/dalloz-stones.com\/fr\/#organization\",\"name\":\"Dalloz Stones & Rough\",\"url\":\"https:\/\/dalloz-stones.com\/fr\/\",\"logo\":{\"@type\":\"ImageObject\",\"inLanguage\":\"fr-FR\",\"@id\":\"https:\/\/dalloz-stones.com\/fr\/#\/schema\/logo\/image\/\",\"url\":\"https:\/\/dalloz-stones.com\/app\/uploads\/2020\/11\/Dalloz_Mono_Vertsapin.png\",\"contentUrl\":\"https:\/\/dalloz-stones.com\/app\/uploads\/2020\/11\/Dalloz_Mono_Vertsapin.png\",\"width\":1772,\"height\":1772,\"caption\":\"Dalloz Stones & Rough\"},\"image\":{\"@id\":\"https:\/\/dalloz-stones.com\/fr\/#\/schema\/logo\/image\/\"},\"sameAs\":[\"https:\/\/www.facebook.com\/dalloz1917\/\",\"https:\/\/www.instagram.com\/dallozstones\/\",\"https:\/\/www.linkedin.com\/company\/dalloz-stones-and-rough\/\",\"https:\/\/www.youtube.com\/channel\/UC1mJnpsxORlO9kjbbN9LvtQ\"]}]}<\/script>\n<!-- \/ Yoast SEO plugin. -->","yoast_head_json":{"title":"Cubic zirconia brun diamant \u2013 Profondeur et \u00e9clat naturel","description":"Cubic zirconia brun diamant 2,30 mm, \u00e9clat raffin\u00e9 et tol\u00e9rance parfaite, id\u00e9al pour des bijoux sophistiqu\u00e9s.","robots":{"index":"index","follow":"follow","max-snippet":"max-snippet:-1","max-image-preview":"max-image-preview:large","max-video-preview":"max-video-preview:-1"},"canonical":"https:\/\/dalloz-stones.com\/fr\/produit\/zirconium-brun-diamant-rond-230-mm\/","og_locale":"fr_FR","og_type":"article","og_title":"Cubic zirconia brun diamant \u2013 Profondeur et \u00e9clat naturel","og_description":"Cubic zirconia brun diamant 2,30 mm, \u00e9clat raffin\u00e9 et tol\u00e9rance parfaite, id\u00e9al pour des bijoux sophistiqu\u00e9s.","og_url":"https:\/\/dalloz-stones.com\/fr\/produit\/zirconium-brun-diamant-rond-230-mm\/","og_site_name":"Dalloz stones &amp; rough","article_publisher":"https:\/\/www.facebook.com\/dalloz1917\/","article_modified_time":"2025-04-24T16:22:01+00:00","og_image":[{"width":1024,"height":1024,"url":"https:\/\/dalloz-stones.com\/app\/uploads\/2024\/12\/2ZBRDR50230-P0LA_1-1024x1024.jpg","type":"image\/jpeg"}],"twitter_card":"summary_large_image","schema":{"@context":"https:\/\/schema.org","@graph":[{"@type":"WebPage","@id":"https:\/\/dalloz-stones.com\/fr\/produit\/zirconium-brun-diamant-rond-230-mm\/","url":"https:\/\/dalloz-stones.com\/fr\/produit\/zirconium-brun-diamant-rond-230-mm\/","name":"Cubic zirconia brun diamant \u2013 Profondeur et \u00e9clat naturel","isPartOf":{"@id":"https:\/\/dalloz-stones.com\/fr\/#website"},"primaryImageOfPage":{"@id":"https:\/\/dalloz-stones.com\/fr\/produit\/zirconium-brun-diamant-rond-230-mm\/#primaryimage"},"image":{"@id":"https:\/\/dalloz-stones.com\/fr\/produit\/zirconium-brun-diamant-rond-230-mm\/#primaryimage"},"thumbnailUrl":"https:\/\/dalloz-stones.com\/app\/uploads\/2024\/12\/2ZBRDR50230-P0LA_1.jpg","datePublished":"2024-12-16T17:57:45+00:00","dateModified":"2025-04-24T16:22:01+00:00","description":"Cubic zirconia brun diamant 2,30 mm, \u00e9clat raffin\u00e9 et tol\u00e9rance parfaite, id\u00e9al pour des bijoux sophistiqu\u00e9s.","breadcrumb":{"@id":"https:\/\/dalloz-stones.com\/fr\/produit\/zirconium-brun-diamant-rond-230-mm\/#breadcrumb"},"inLanguage":"fr-FR","potentialAction":[{"@type":"ReadAction","target":["https:\/\/dalloz-stones.com\/fr\/produit\/zirconium-brun-diamant-rond-230-mm\/"]}]},{"@type":"ImageObject","inLanguage":"fr-FR","@id":"https:\/\/dalloz-stones.com\/fr\/produit\/zirconium-brun-diamant-rond-230-mm\/#primaryimage","url":"https:\/\/dalloz-stones.com\/app\/uploads\/2024\/12\/2ZBRDR50230-P0LA_1.jpg","contentUrl":"https:\/\/dalloz-stones.com\/app\/uploads\/2024\/12\/2ZBRDR50230-P0LA_1.jpg","width":2000,"height":2000,"caption":"Zirconium Brun Diamant Rond - 2,30 mm"},{"@type":"BreadcrumbList","@id":"https:\/\/dalloz-stones.com\/fr\/produit\/zirconium-brun-diamant-rond-230-mm\/#breadcrumb","itemListElement":[{"@type":"ListItem","position":1,"name":"Accueil","item":"https:\/\/dalloz-stones.com\/fr\/"},{"@type":"ListItem","position":2,"name":"Boutique","item":"https:\/\/dalloz-stones.com\/boutique\/"},{"@type":"ListItem","position":3,"name":"Zirconium Brun Diamant Rond &#8211; 2,30 mm"}]},{"@type":"WebSite","@id":"https:\/\/dalloz-stones.com\/fr\/#website","url":"https:\/\/dalloz-stones.com\/fr\/","name":"Dalloz stones &amp; rough","description":"","publisher":{"@id":"https:\/\/dalloz-stones.com\/fr\/#organization"},"potentialAction":[{"@type":"SearchAction","target":{"@type":"EntryPoint","urlTemplate":"https:\/\/dalloz-stones.com\/fr\/?s={search_term_string}"},"query-input":{"@type":"PropertyValueSpecification","valueRequired":true,"valueName":"search_term_string"}}],"inLanguage":"fr-FR"},{"@type":"Organization","@id":"https:\/\/dalloz-stones.com\/fr\/#organization","name":"Dalloz Stones & Rough","url":"https:\/\/dalloz-stones.com\/fr\/","logo":{"@type":"ImageObject","inLanguage":"fr-FR","@id":"https:\/\/dalloz-stones.com\/fr\/#\/schema\/logo\/image\/","url":"https:\/\/dalloz-stones.com\/app\/uploads\/2020\/11\/Dalloz_Mono_Vertsapin.png","contentUrl":"https:\/\/dalloz-stones.com\/app\/uploads\/2020\/11\/Dalloz_Mono_Vertsapin.png","width":1772,"height":1772,"caption":"Dalloz Stones & Rough"},"image":{"@id":"https:\/\/dalloz-stones.com\/fr\/#\/schema\/logo\/image\/"},"sameAs":["https:\/\/www.facebook.com\/dalloz1917\/","https:\/\/www.instagram.com\/dallozstones\/","https:\/\/www.linkedin.com\/company\/dalloz-stones-and-rough\/","https:\/\/www.youtube.com\/channel\/UC1mJnpsxORlO9kjbbN9LvtQ"]}]}},"_links":{"self":[{"href":"https:\/\/dalloz-stones.com\/fr\/wp-json\/wp\/v2\/product\/10371","targetHints":{"allow":["GET"]}}],"collection":[{"href":"https:\/\/dalloz-stones.com\/fr\/wp-json\/wp\/v2\/product"}],"about":[{"href":"https:\/\/dalloz-stones.com\/fr\/wp-json\/wp\/v2\/types\/product"}],"replies":[{"embeddable":true,"href":"https:\/\/dalloz-stones.com\/fr\/wp-json\/wp\/v2\/comments?post=10371"}],"wp:featuredmedia":[{"embeddable":true,"href":"https:\/\/dalloz-stones.com\/fr\/wp-json\/wp\/v2\/media\/10074"}],"wp:attachment":[{"href":"https:\/\/dalloz-stones.com\/fr\/wp-json\/wp\/v2\/media?parent=10371"}],"wp:term":[{"taxonomy":"product_brand","embeddable":true,"href":"https:\/\/dalloz-stones.com\/fr\/wp-json\/wp\/v2\/product_brand?post=10371"},{"taxonomy":"product_cat","embeddable":true,"href":"https:\/\/dalloz-stones.com\/fr\/wp-json\/wp\/v2\/product_cat?post=10371"},{"taxonomy":"product_tag","embeddable":true,"href":"https:\/\/dalloz-stones.com\/fr\/wp-json\/wp\/v2\/product_tag?post=10371"}],"curies":[{"name":"wp","href":"https:\/\/api.w.org\/{rel}","templated":true}]}}