{"id":10370,"date":"2024-12-16T18:57:45","date_gmt":"2024-12-16T17:57:45","guid":{"rendered":"https:\/\/dalloz-stones.com\/produit\/zirconium-blanc-trapeze-1-table-600-x-300-x-200-mm\/"},"modified":"2025-12-06T19:12:28","modified_gmt":"2025-12-06T18:12:28","slug":"zirconium-blanc-trapeze-1-table-600-x-300-x-200-mm","status":"publish","type":"product","link":"https:\/\/dalloz-stones.com\/fr\/produit\/zirconium-blanc-trapeze-1-table-600-x-300-x-200-mm\/","title":{"rendered":"Zirconium Blanc Trapeze 1 table  &#8211;  6,00 x 3,00 x 2,00 mm"},"content":{"rendered":"<p>Ce cubic zirconia blanc, taill\u00e9 en forme de trap\u00e8ze avec une table, affiche un bel \u00e9clat et des dimensions de 6,00 mm x 3,00 mm x 2,00 mm. Bien que la tol\u00e9rance dimensionnelle soit de +\/- 0,30 mm, cette pierre reste un choix attrayant pour des cr\u00e9ations originales n\u00e9cessitant une touche unique. Taill\u00e9 en France, dans le village de Septmoncel nich\u00e9 dans les montagnes du Jura, ce zirconium incarne le savoir-faire local et une qualit\u00e9 artisanale, ajoutant une dimension de raffinement \u00e0 vos projets.<\/p>\n","protected":false},"excerpt":{"rendered":"<p>Ce cubic zirconia blanc, taill\u00e9 en forme de trap\u00e8ze avec une table, affiche un bel \u00e9clat et des dimensions de 6,00 mm x 3,00 mm x 2,00 mm. Bien que la tol\u00e9rance dimensionnelle soit de +\/- 0,30 mm, cette pierre reste un choix attrayant pour des cr\u00e9ations originales n\u00e9cessitant une touche unique. Taill\u00e9 en France, dans le village de Septmoncel nich\u00e9 dans les montagnes du Jura, ce zirconium incarne le savoir-faire local et une qualit\u00e9 artisanale, ajoutant une dimension de raffinement \u00e0 vos projets.<\/p>\n","protected":false},"featured_media":10072,"comment_status":"closed","ping_status":"closed","template":"","meta":{"_acf_changed":false,"content-type":""},"product_brand":[],"product_cat":[133],"product_tag":[],"class_list":{"0":"post-10370","1":"product","2":"type-product","3":"status-publish","4":"has-post-thumbnail","6":"product_cat-non-classifiee","7":"pa_color-blanc","8":"pa_material-cubic-zirconia","9":"pa_origine-du-brut-sourcing","10":"pa_shape-autre","11":"pa_stone-colour-zirconium-blanc","12":"pa_stone-shape-trapeze-1-table","13":"pa_stone-type-synthetique-fr","15":"first","16":"instock","17":"taxable","18":"shipping-taxable","19":"purchasable","20":"product-type-simple"},"acf":[],"yoast_head":"<!-- This site is optimized with the Yoast SEO plugin v26.9 - https:\/\/yoast.com\/product\/yoast-seo-wordpress\/ -->\n<title>Cubic zirconia blanc trap\u00e8ze \u2013 Savoir-faire et pr\u00e9cision<\/title>\n<meta name=\"description\" content=\"Cubic zirconia blanc trap\u00e8ze, \u00e9clat raffin\u00e9 et qualit\u00e9 artisanale, parfait pour des cr\u00e9ations originales.\" \/>\n<meta name=\"robots\" content=\"index, follow, max-snippet:-1, max-image-preview:large, max-video-preview:-1\" \/>\n<link rel=\"canonical\" href=\"https:\/\/dalloz-stones.com\/fr\/produit\/zirconium-blanc-trapeze-1-table-600-x-300-x-200-mm\/\" \/>\n<meta property=\"og:locale\" content=\"fr_FR\" \/>\n<meta property=\"og:type\" content=\"article\" \/>\n<meta property=\"og:title\" content=\"Cubic zirconia blanc trap\u00e8ze \u2013 Savoir-faire et pr\u00e9cision\" \/>\n<meta property=\"og:description\" content=\"Cubic zirconia blanc trap\u00e8ze, \u00e9clat raffin\u00e9 et qualit\u00e9 artisanale, parfait pour des cr\u00e9ations originales.\" \/>\n<meta property=\"og:url\" content=\"https:\/\/dalloz-stones.com\/fr\/produit\/zirconium-blanc-trapeze-1-table-600-x-300-x-200-mm\/\" \/>\n<meta property=\"og:site_name\" content=\"Dalloz stones &amp; rough\" \/>\n<meta property=\"article:publisher\" content=\"https:\/\/www.facebook.com\/dalloz1917\/\" \/>\n<meta property=\"article:modified_time\" content=\"2025-12-06T18:12:28+00:00\" \/>\n<meta property=\"og:image\" content=\"https:\/\/dalloz-stones.com\/app\/uploads\/2024\/12\/2ZIRCV50600DACA-Q2SA_1-1024x1024.jpg\" \/>\n\t<meta property=\"og:image:width\" content=\"1024\" \/>\n\t<meta property=\"og:image:height\" content=\"1024\" \/>\n\t<meta property=\"og:image:type\" content=\"image\/jpeg\" \/>\n<meta name=\"twitter:card\" content=\"summary_large_image\" \/>\n<meta name=\"twitter:label1\" content=\"Dur\u00e9e de lecture estim\u00e9e\" \/>\n\t<meta name=\"twitter:data1\" content=\"1 minute\" \/>\n<script type=\"application\/ld+json\" class=\"yoast-schema-graph\">{\"@context\":\"https:\/\/schema.org\",\"@graph\":[{\"@type\":\"WebPage\",\"@id\":\"https:\/\/dalloz-stones.com\/fr\/produit\/zirconium-blanc-trapeze-1-table-600-x-300-x-200-mm\/\",\"url\":\"https:\/\/dalloz-stones.com\/fr\/produit\/zirconium-blanc-trapeze-1-table-600-x-300-x-200-mm\/\",\"name\":\"Cubic zirconia blanc trap\u00e8ze \u2013 Savoir-faire et pr\u00e9cision\",\"isPartOf\":{\"@id\":\"https:\/\/dalloz-stones.com\/fr\/#website\"},\"primaryImageOfPage\":{\"@id\":\"https:\/\/dalloz-stones.com\/fr\/produit\/zirconium-blanc-trapeze-1-table-600-x-300-x-200-mm\/#primaryimage\"},\"image\":{\"@id\":\"https:\/\/dalloz-stones.com\/fr\/produit\/zirconium-blanc-trapeze-1-table-600-x-300-x-200-mm\/#primaryimage\"},\"thumbnailUrl\":\"https:\/\/dalloz-stones.com\/app\/uploads\/2024\/12\/2ZIRCV50600DACA-Q2SA_1.jpg\",\"datePublished\":\"2024-12-16T17:57:45+00:00\",\"dateModified\":\"2025-12-06T18:12:28+00:00\",\"description\":\"Cubic zirconia blanc trap\u00e8ze, \u00e9clat raffin\u00e9 et qualit\u00e9 artisanale, parfait pour des cr\u00e9ations originales.\",\"breadcrumb\":{\"@id\":\"https:\/\/dalloz-stones.com\/fr\/produit\/zirconium-blanc-trapeze-1-table-600-x-300-x-200-mm\/#breadcrumb\"},\"inLanguage\":\"fr-FR\",\"potentialAction\":[{\"@type\":\"ReadAction\",\"target\":[\"https:\/\/dalloz-stones.com\/fr\/produit\/zirconium-blanc-trapeze-1-table-600-x-300-x-200-mm\/\"]}]},{\"@type\":\"ImageObject\",\"inLanguage\":\"fr-FR\",\"@id\":\"https:\/\/dalloz-stones.com\/fr\/produit\/zirconium-blanc-trapeze-1-table-600-x-300-x-200-mm\/#primaryimage\",\"url\":\"https:\/\/dalloz-stones.com\/app\/uploads\/2024\/12\/2ZIRCV50600DACA-Q2SA_1.jpg\",\"contentUrl\":\"https:\/\/dalloz-stones.com\/app\/uploads\/2024\/12\/2ZIRCV50600DACA-Q2SA_1.jpg\",\"width\":2000,\"height\":2000,\"caption\":\"Zirconium Blanc Trapeze 1 table - 6,00 x 3,00 x 2,00 mm\"},{\"@type\":\"BreadcrumbList\",\"@id\":\"https:\/\/dalloz-stones.com\/fr\/produit\/zirconium-blanc-trapeze-1-table-600-x-300-x-200-mm\/#breadcrumb\",\"itemListElement\":[{\"@type\":\"ListItem\",\"position\":1,\"name\":\"Accueil\",\"item\":\"https:\/\/dalloz-stones.com\/fr\/\"},{\"@type\":\"ListItem\",\"position\":2,\"name\":\"Boutique\",\"item\":\"https:\/\/dalloz-stones.com\/boutique\/\"},{\"@type\":\"ListItem\",\"position\":3,\"name\":\"Zirconium Blanc Trapeze 1 table &#8211; 6,00 x 3,00 x 2,00 mm\"}]},{\"@type\":\"WebSite\",\"@id\":\"https:\/\/dalloz-stones.com\/fr\/#website\",\"url\":\"https:\/\/dalloz-stones.com\/fr\/\",\"name\":\"Dalloz stones &amp; rough\",\"description\":\"\",\"publisher\":{\"@id\":\"https:\/\/dalloz-stones.com\/fr\/#organization\"},\"potentialAction\":[{\"@type\":\"SearchAction\",\"target\":{\"@type\":\"EntryPoint\",\"urlTemplate\":\"https:\/\/dalloz-stones.com\/fr\/?s={search_term_string}\"},\"query-input\":{\"@type\":\"PropertyValueSpecification\",\"valueRequired\":true,\"valueName\":\"search_term_string\"}}],\"inLanguage\":\"fr-FR\"},{\"@type\":\"Organization\",\"@id\":\"https:\/\/dalloz-stones.com\/fr\/#organization\",\"name\":\"Dalloz Stones & Rough\",\"url\":\"https:\/\/dalloz-stones.com\/fr\/\",\"logo\":{\"@type\":\"ImageObject\",\"inLanguage\":\"fr-FR\",\"@id\":\"https:\/\/dalloz-stones.com\/fr\/#\/schema\/logo\/image\/\",\"url\":\"https:\/\/dalloz-stones.com\/app\/uploads\/2020\/11\/Dalloz_Mono_Vertsapin.png\",\"contentUrl\":\"https:\/\/dalloz-stones.com\/app\/uploads\/2020\/11\/Dalloz_Mono_Vertsapin.png\",\"width\":1772,\"height\":1772,\"caption\":\"Dalloz Stones & Rough\"},\"image\":{\"@id\":\"https:\/\/dalloz-stones.com\/fr\/#\/schema\/logo\/image\/\"},\"sameAs\":[\"https:\/\/www.facebook.com\/dalloz1917\/\",\"https:\/\/www.instagram.com\/dallozstones\/\",\"https:\/\/www.linkedin.com\/company\/dalloz-stones-and-rough\/\",\"https:\/\/www.youtube.com\/channel\/UC1mJnpsxORlO9kjbbN9LvtQ\"]}]}<\/script>\n<!-- \/ Yoast SEO plugin. -->","yoast_head_json":{"title":"Cubic zirconia blanc trap\u00e8ze \u2013 Savoir-faire et pr\u00e9cision","description":"Cubic zirconia blanc trap\u00e8ze, \u00e9clat raffin\u00e9 et qualit\u00e9 artisanale, parfait pour des cr\u00e9ations originales.","robots":{"index":"index","follow":"follow","max-snippet":"max-snippet:-1","max-image-preview":"max-image-preview:large","max-video-preview":"max-video-preview:-1"},"canonical":"https:\/\/dalloz-stones.com\/fr\/produit\/zirconium-blanc-trapeze-1-table-600-x-300-x-200-mm\/","og_locale":"fr_FR","og_type":"article","og_title":"Cubic zirconia blanc trap\u00e8ze \u2013 Savoir-faire et pr\u00e9cision","og_description":"Cubic zirconia blanc trap\u00e8ze, \u00e9clat raffin\u00e9 et qualit\u00e9 artisanale, parfait pour des cr\u00e9ations originales.","og_url":"https:\/\/dalloz-stones.com\/fr\/produit\/zirconium-blanc-trapeze-1-table-600-x-300-x-200-mm\/","og_site_name":"Dalloz stones &amp; rough","article_publisher":"https:\/\/www.facebook.com\/dalloz1917\/","article_modified_time":"2025-12-06T18:12:28+00:00","og_image":[{"width":1024,"height":1024,"url":"https:\/\/dalloz-stones.com\/app\/uploads\/2024\/12\/2ZIRCV50600DACA-Q2SA_1-1024x1024.jpg","type":"image\/jpeg"}],"twitter_card":"summary_large_image","twitter_misc":{"Dur\u00e9e de lecture estim\u00e9e":"1 minute"},"schema":{"@context":"https:\/\/schema.org","@graph":[{"@type":"WebPage","@id":"https:\/\/dalloz-stones.com\/fr\/produit\/zirconium-blanc-trapeze-1-table-600-x-300-x-200-mm\/","url":"https:\/\/dalloz-stones.com\/fr\/produit\/zirconium-blanc-trapeze-1-table-600-x-300-x-200-mm\/","name":"Cubic zirconia blanc trap\u00e8ze \u2013 Savoir-faire et pr\u00e9cision","isPartOf":{"@id":"https:\/\/dalloz-stones.com\/fr\/#website"},"primaryImageOfPage":{"@id":"https:\/\/dalloz-stones.com\/fr\/produit\/zirconium-blanc-trapeze-1-table-600-x-300-x-200-mm\/#primaryimage"},"image":{"@id":"https:\/\/dalloz-stones.com\/fr\/produit\/zirconium-blanc-trapeze-1-table-600-x-300-x-200-mm\/#primaryimage"},"thumbnailUrl":"https:\/\/dalloz-stones.com\/app\/uploads\/2024\/12\/2ZIRCV50600DACA-Q2SA_1.jpg","datePublished":"2024-12-16T17:57:45+00:00","dateModified":"2025-12-06T18:12:28+00:00","description":"Cubic zirconia blanc trap\u00e8ze, \u00e9clat raffin\u00e9 et qualit\u00e9 artisanale, parfait pour des cr\u00e9ations originales.","breadcrumb":{"@id":"https:\/\/dalloz-stones.com\/fr\/produit\/zirconium-blanc-trapeze-1-table-600-x-300-x-200-mm\/#breadcrumb"},"inLanguage":"fr-FR","potentialAction":[{"@type":"ReadAction","target":["https:\/\/dalloz-stones.com\/fr\/produit\/zirconium-blanc-trapeze-1-table-600-x-300-x-200-mm\/"]}]},{"@type":"ImageObject","inLanguage":"fr-FR","@id":"https:\/\/dalloz-stones.com\/fr\/produit\/zirconium-blanc-trapeze-1-table-600-x-300-x-200-mm\/#primaryimage","url":"https:\/\/dalloz-stones.com\/app\/uploads\/2024\/12\/2ZIRCV50600DACA-Q2SA_1.jpg","contentUrl":"https:\/\/dalloz-stones.com\/app\/uploads\/2024\/12\/2ZIRCV50600DACA-Q2SA_1.jpg","width":2000,"height":2000,"caption":"Zirconium Blanc Trapeze 1 table - 6,00 x 3,00 x 2,00 mm"},{"@type":"BreadcrumbList","@id":"https:\/\/dalloz-stones.com\/fr\/produit\/zirconium-blanc-trapeze-1-table-600-x-300-x-200-mm\/#breadcrumb","itemListElement":[{"@type":"ListItem","position":1,"name":"Accueil","item":"https:\/\/dalloz-stones.com\/fr\/"},{"@type":"ListItem","position":2,"name":"Boutique","item":"https:\/\/dalloz-stones.com\/boutique\/"},{"@type":"ListItem","position":3,"name":"Zirconium Blanc Trapeze 1 table &#8211; 6,00 x 3,00 x 2,00 mm"}]},{"@type":"WebSite","@id":"https:\/\/dalloz-stones.com\/fr\/#website","url":"https:\/\/dalloz-stones.com\/fr\/","name":"Dalloz stones &amp; rough","description":"","publisher":{"@id":"https:\/\/dalloz-stones.com\/fr\/#organization"},"potentialAction":[{"@type":"SearchAction","target":{"@type":"EntryPoint","urlTemplate":"https:\/\/dalloz-stones.com\/fr\/?s={search_term_string}"},"query-input":{"@type":"PropertyValueSpecification","valueRequired":true,"valueName":"search_term_string"}}],"inLanguage":"fr-FR"},{"@type":"Organization","@id":"https:\/\/dalloz-stones.com\/fr\/#organization","name":"Dalloz Stones & Rough","url":"https:\/\/dalloz-stones.com\/fr\/","logo":{"@type":"ImageObject","inLanguage":"fr-FR","@id":"https:\/\/dalloz-stones.com\/fr\/#\/schema\/logo\/image\/","url":"https:\/\/dalloz-stones.com\/app\/uploads\/2020\/11\/Dalloz_Mono_Vertsapin.png","contentUrl":"https:\/\/dalloz-stones.com\/app\/uploads\/2020\/11\/Dalloz_Mono_Vertsapin.png","width":1772,"height":1772,"caption":"Dalloz Stones & Rough"},"image":{"@id":"https:\/\/dalloz-stones.com\/fr\/#\/schema\/logo\/image\/"},"sameAs":["https:\/\/www.facebook.com\/dalloz1917\/","https:\/\/www.instagram.com\/dallozstones\/","https:\/\/www.linkedin.com\/company\/dalloz-stones-and-rough\/","https:\/\/www.youtube.com\/channel\/UC1mJnpsxORlO9kjbbN9LvtQ"]}]}},"_links":{"self":[{"href":"https:\/\/dalloz-stones.com\/fr\/wp-json\/wp\/v2\/product\/10370","targetHints":{"allow":["GET"]}}],"collection":[{"href":"https:\/\/dalloz-stones.com\/fr\/wp-json\/wp\/v2\/product"}],"about":[{"href":"https:\/\/dalloz-stones.com\/fr\/wp-json\/wp\/v2\/types\/product"}],"replies":[{"embeddable":true,"href":"https:\/\/dalloz-stones.com\/fr\/wp-json\/wp\/v2\/comments?post=10370"}],"wp:featuredmedia":[{"embeddable":true,"href":"https:\/\/dalloz-stones.com\/fr\/wp-json\/wp\/v2\/media\/10072"}],"wp:attachment":[{"href":"https:\/\/dalloz-stones.com\/fr\/wp-json\/wp\/v2\/media?parent=10370"}],"wp:term":[{"taxonomy":"product_brand","embeddable":true,"href":"https:\/\/dalloz-stones.com\/fr\/wp-json\/wp\/v2\/product_brand?post=10370"},{"taxonomy":"product_cat","embeddable":true,"href":"https:\/\/dalloz-stones.com\/fr\/wp-json\/wp\/v2\/product_cat?post=10370"},{"taxonomy":"product_tag","embeddable":true,"href":"https:\/\/dalloz-stones.com\/fr\/wp-json\/wp\/v2\/product_tag?post=10370"}],"curies":[{"name":"wp","href":"https:\/\/api.w.org\/{rel}","templated":true}]}}