{"id":10367,"date":"2024-12-16T18:57:45","date_gmt":"2024-12-16T17:57:45","guid":{"rendered":"https:\/\/dalloz-stones.com\/produit\/zirconium-amethyste-baguette-s-c-500-x-250-mm\/"},"modified":"2025-12-06T19:12:43","modified_gmt":"2025-12-06T18:12:43","slug":"zirconium-amethyste-baguette-s-c-500-x-250-mm","status":"publish","type":"product","link":"https:\/\/dalloz-stones.com\/fr\/produit\/zirconium-amethyste-baguette-s-c-500-x-250-mm\/","title":{"rendered":"Zirconium Am\u00e9thyste Baguette S.C  &#8211;  5,00 x 2,50 mm"},"content":{"rendered":"<p>Ce cubic zirconia, d\u2019une teinte am\u00e9thyste claire, est taill\u00e9 en forme baguette avec une taille step cut de 5,00 mm x 2,50 mm, apportant une \u00e9l\u00e9gance moderne et raffin\u00e9e \u00e0 vos cr\u00e9ations. Bien que certains bords non polis, dits \u00ab gris \u00bb, soient visibles, la pierre conserve une tr\u00e8s bonne homog\u00e9n\u00e9it\u00e9 dimensionnelle avec une tol\u00e9rance pr\u00e9cise de +\/- 0,05 mm. Avec un \u00e9clat \u00e9quilibr\u00e9, cette pierre est id\u00e9ale pour des designs subtils et sophistiqu\u00e9s.<\/p>\n","protected":false},"excerpt":{"rendered":"<p>Ce cubic zirconia, d\u2019une teinte am\u00e9thyste claire, est taill\u00e9 en forme baguette avec une taille step cut de 5,00 mm x 2,50 mm, apportant une \u00e9l\u00e9gance moderne et raffin\u00e9e \u00e0 vos cr\u00e9ations. Bien que certains bords non polis, dits \u00ab gris \u00bb, soient visibles, la pierre conserve une tr\u00e8s bonne homog\u00e9n\u00e9it\u00e9 dimensionnelle avec une tol\u00e9rance pr\u00e9cise de +\/- 0,05 mm. Avec un \u00e9clat \u00e9quilibr\u00e9, cette pierre est id\u00e9ale pour des designs subtils et sophistiqu\u00e9s.<\/p>\n","protected":false},"featured_media":10066,"comment_status":"closed","ping_status":"open","template":"","meta":{"_acf_changed":false,"content-type":""},"product_brand":[],"product_cat":[133],"product_tag":[],"class_list":{"0":"post-10367","1":"product","2":"type-product","3":"status-publish","4":"has-post-thumbnail","6":"product_cat-non-classifiee","7":"pa_color-violet","8":"pa_material-cubic-zirconia","9":"pa_origine-du-brut-sourcing","10":"pa_shape-rectangle","11":"pa_stone-colour-zirconium-amethyste","12":"pa_stone-shape-baguette-s-c","13":"pa_stone-type-synthetique-fr","15":"first","16":"instock","17":"taxable","18":"shipping-taxable","19":"purchasable","20":"product-type-simple"},"acf":[],"yoast_head":"<!-- This site is optimized with the Yoast SEO plugin v26.9 - https:\/\/yoast.com\/product\/yoast-seo-wordpress\/ -->\n<title>Cubic zirconia am\u00e9thyste \u2013 Raffinement et pr\u00e9cision<\/title>\n<meta name=\"description\" content=\"Cubic zirconia am\u00e9thyste baguette, \u00e9clat \u00e9quilibr\u00e9 et tol\u00e9rance pr\u00e9cise, id\u00e9al pour des designs sophistiqu\u00e9s.\" \/>\n<meta name=\"robots\" content=\"index, follow, max-snippet:-1, max-image-preview:large, max-video-preview:-1\" \/>\n<link rel=\"canonical\" href=\"https:\/\/dalloz-stones.com\/fr\/produit\/zirconium-amethyste-baguette-s-c-500-x-250-mm\/\" \/>\n<meta property=\"og:locale\" content=\"fr_FR\" \/>\n<meta property=\"og:type\" content=\"article\" \/>\n<meta property=\"og:title\" content=\"Cubic zirconia am\u00e9thyste \u2013 Raffinement et pr\u00e9cision\" \/>\n<meta property=\"og:description\" content=\"Cubic zirconia am\u00e9thyste baguette, \u00e9clat \u00e9quilibr\u00e9 et tol\u00e9rance pr\u00e9cise, id\u00e9al pour des designs sophistiqu\u00e9s.\" \/>\n<meta property=\"og:url\" content=\"https:\/\/dalloz-stones.com\/fr\/produit\/zirconium-amethyste-baguette-s-c-500-x-250-mm\/\" \/>\n<meta property=\"og:site_name\" content=\"Dalloz stones &amp; rough\" \/>\n<meta property=\"article:publisher\" content=\"https:\/\/www.facebook.com\/dalloz1917\/\" \/>\n<meta property=\"article:modified_time\" content=\"2025-12-06T18:12:43+00:00\" \/>\n<meta property=\"og:image\" content=\"https:\/\/dalloz-stones.com\/app\/uploads\/2024\/12\/2ZAMEB50500CK-QOUA_1.jpg\" \/>\n\t<meta property=\"og:image:width\" content=\"2000\" \/>\n\t<meta property=\"og:image:height\" content=\"2000\" \/>\n\t<meta property=\"og:image:type\" content=\"image\/jpeg\" \/>\n<meta name=\"twitter:card\" content=\"summary_large_image\" \/>\n<script type=\"application\/ld+json\" class=\"yoast-schema-graph\">{\"@context\":\"https:\/\/schema.org\",\"@graph\":[{\"@type\":\"WebPage\",\"@id\":\"https:\/\/dalloz-stones.com\/fr\/produit\/zirconium-amethyste-baguette-s-c-500-x-250-mm\/\",\"url\":\"https:\/\/dalloz-stones.com\/fr\/produit\/zirconium-amethyste-baguette-s-c-500-x-250-mm\/\",\"name\":\"Cubic zirconia am\u00e9thyste \u2013 Raffinement et pr\u00e9cision\",\"isPartOf\":{\"@id\":\"https:\/\/dalloz-stones.com\/fr\/#website\"},\"primaryImageOfPage\":{\"@id\":\"https:\/\/dalloz-stones.com\/fr\/produit\/zirconium-amethyste-baguette-s-c-500-x-250-mm\/#primaryimage\"},\"image\":{\"@id\":\"https:\/\/dalloz-stones.com\/fr\/produit\/zirconium-amethyste-baguette-s-c-500-x-250-mm\/#primaryimage\"},\"thumbnailUrl\":\"https:\/\/dalloz-stones.com\/app\/uploads\/2024\/12\/2ZAMEB50500CK-QOUA_1.jpg\",\"datePublished\":\"2024-12-16T17:57:45+00:00\",\"dateModified\":\"2025-12-06T18:12:43+00:00\",\"description\":\"Cubic zirconia am\u00e9thyste baguette, \u00e9clat \u00e9quilibr\u00e9 et tol\u00e9rance pr\u00e9cise, id\u00e9al pour des designs sophistiqu\u00e9s.\",\"breadcrumb\":{\"@id\":\"https:\/\/dalloz-stones.com\/fr\/produit\/zirconium-amethyste-baguette-s-c-500-x-250-mm\/#breadcrumb\"},\"inLanguage\":\"fr-FR\",\"potentialAction\":[{\"@type\":\"ReadAction\",\"target\":[\"https:\/\/dalloz-stones.com\/fr\/produit\/zirconium-amethyste-baguette-s-c-500-x-250-mm\/\"]}]},{\"@type\":\"ImageObject\",\"inLanguage\":\"fr-FR\",\"@id\":\"https:\/\/dalloz-stones.com\/fr\/produit\/zirconium-amethyste-baguette-s-c-500-x-250-mm\/#primaryimage\",\"url\":\"https:\/\/dalloz-stones.com\/app\/uploads\/2024\/12\/2ZAMEB50500CK-QOUA_1.jpg\",\"contentUrl\":\"https:\/\/dalloz-stones.com\/app\/uploads\/2024\/12\/2ZAMEB50500CK-QOUA_1.jpg\",\"width\":2000,\"height\":2000,\"caption\":\"Zirconium Am\u00e9thyste Baguette S.C - 5,00 x 2,50 mm\"},{\"@type\":\"BreadcrumbList\",\"@id\":\"https:\/\/dalloz-stones.com\/fr\/produit\/zirconium-amethyste-baguette-s-c-500-x-250-mm\/#breadcrumb\",\"itemListElement\":[{\"@type\":\"ListItem\",\"position\":1,\"name\":\"Accueil\",\"item\":\"https:\/\/dalloz-stones.com\/fr\/\"},{\"@type\":\"ListItem\",\"position\":2,\"name\":\"Boutique\",\"item\":\"https:\/\/dalloz-stones.com\/boutique\/\"},{\"@type\":\"ListItem\",\"position\":3,\"name\":\"Zirconium Am\u00e9thyste Baguette S.C &#8211; 5,00 x 2,50 mm\"}]},{\"@type\":\"WebSite\",\"@id\":\"https:\/\/dalloz-stones.com\/fr\/#website\",\"url\":\"https:\/\/dalloz-stones.com\/fr\/\",\"name\":\"Dalloz stones &amp; rough\",\"description\":\"\",\"publisher\":{\"@id\":\"https:\/\/dalloz-stones.com\/fr\/#organization\"},\"potentialAction\":[{\"@type\":\"SearchAction\",\"target\":{\"@type\":\"EntryPoint\",\"urlTemplate\":\"https:\/\/dalloz-stones.com\/fr\/?s={search_term_string}\"},\"query-input\":{\"@type\":\"PropertyValueSpecification\",\"valueRequired\":true,\"valueName\":\"search_term_string\"}}],\"inLanguage\":\"fr-FR\"},{\"@type\":\"Organization\",\"@id\":\"https:\/\/dalloz-stones.com\/fr\/#organization\",\"name\":\"Dalloz Stones & Rough\",\"url\":\"https:\/\/dalloz-stones.com\/fr\/\",\"logo\":{\"@type\":\"ImageObject\",\"inLanguage\":\"fr-FR\",\"@id\":\"https:\/\/dalloz-stones.com\/fr\/#\/schema\/logo\/image\/\",\"url\":\"https:\/\/dalloz-stones.com\/app\/uploads\/2020\/11\/Dalloz_Mono_Vertsapin.png\",\"contentUrl\":\"https:\/\/dalloz-stones.com\/app\/uploads\/2020\/11\/Dalloz_Mono_Vertsapin.png\",\"width\":1772,\"height\":1772,\"caption\":\"Dalloz Stones & Rough\"},\"image\":{\"@id\":\"https:\/\/dalloz-stones.com\/fr\/#\/schema\/logo\/image\/\"},\"sameAs\":[\"https:\/\/www.facebook.com\/dalloz1917\/\",\"https:\/\/www.instagram.com\/dallozstones\/\",\"https:\/\/www.linkedin.com\/company\/dalloz-stones-and-rough\/\",\"https:\/\/www.youtube.com\/channel\/UC1mJnpsxORlO9kjbbN9LvtQ\"]}]}<\/script>\n<!-- \/ Yoast SEO plugin. -->","yoast_head_json":{"title":"Cubic zirconia am\u00e9thyste \u2013 Raffinement et pr\u00e9cision","description":"Cubic zirconia am\u00e9thyste baguette, \u00e9clat \u00e9quilibr\u00e9 et tol\u00e9rance pr\u00e9cise, id\u00e9al pour des designs sophistiqu\u00e9s.","robots":{"index":"index","follow":"follow","max-snippet":"max-snippet:-1","max-image-preview":"max-image-preview:large","max-video-preview":"max-video-preview:-1"},"canonical":"https:\/\/dalloz-stones.com\/fr\/produit\/zirconium-amethyste-baguette-s-c-500-x-250-mm\/","og_locale":"fr_FR","og_type":"article","og_title":"Cubic zirconia am\u00e9thyste \u2013 Raffinement et pr\u00e9cision","og_description":"Cubic zirconia am\u00e9thyste baguette, \u00e9clat \u00e9quilibr\u00e9 et tol\u00e9rance pr\u00e9cise, id\u00e9al pour des designs sophistiqu\u00e9s.","og_url":"https:\/\/dalloz-stones.com\/fr\/produit\/zirconium-amethyste-baguette-s-c-500-x-250-mm\/","og_site_name":"Dalloz stones &amp; rough","article_publisher":"https:\/\/www.facebook.com\/dalloz1917\/","article_modified_time":"2025-12-06T18:12:43+00:00","og_image":[{"width":2000,"height":2000,"url":"https:\/\/dalloz-stones.com\/app\/uploads\/2024\/12\/2ZAMEB50500CK-QOUA_1.jpg","type":"image\/jpeg"}],"twitter_card":"summary_large_image","schema":{"@context":"https:\/\/schema.org","@graph":[{"@type":"WebPage","@id":"https:\/\/dalloz-stones.com\/fr\/produit\/zirconium-amethyste-baguette-s-c-500-x-250-mm\/","url":"https:\/\/dalloz-stones.com\/fr\/produit\/zirconium-amethyste-baguette-s-c-500-x-250-mm\/","name":"Cubic zirconia am\u00e9thyste \u2013 Raffinement et pr\u00e9cision","isPartOf":{"@id":"https:\/\/dalloz-stones.com\/fr\/#website"},"primaryImageOfPage":{"@id":"https:\/\/dalloz-stones.com\/fr\/produit\/zirconium-amethyste-baguette-s-c-500-x-250-mm\/#primaryimage"},"image":{"@id":"https:\/\/dalloz-stones.com\/fr\/produit\/zirconium-amethyste-baguette-s-c-500-x-250-mm\/#primaryimage"},"thumbnailUrl":"https:\/\/dalloz-stones.com\/app\/uploads\/2024\/12\/2ZAMEB50500CK-QOUA_1.jpg","datePublished":"2024-12-16T17:57:45+00:00","dateModified":"2025-12-06T18:12:43+00:00","description":"Cubic zirconia am\u00e9thyste baguette, \u00e9clat \u00e9quilibr\u00e9 et tol\u00e9rance pr\u00e9cise, id\u00e9al pour des designs sophistiqu\u00e9s.","breadcrumb":{"@id":"https:\/\/dalloz-stones.com\/fr\/produit\/zirconium-amethyste-baguette-s-c-500-x-250-mm\/#breadcrumb"},"inLanguage":"fr-FR","potentialAction":[{"@type":"ReadAction","target":["https:\/\/dalloz-stones.com\/fr\/produit\/zirconium-amethyste-baguette-s-c-500-x-250-mm\/"]}]},{"@type":"ImageObject","inLanguage":"fr-FR","@id":"https:\/\/dalloz-stones.com\/fr\/produit\/zirconium-amethyste-baguette-s-c-500-x-250-mm\/#primaryimage","url":"https:\/\/dalloz-stones.com\/app\/uploads\/2024\/12\/2ZAMEB50500CK-QOUA_1.jpg","contentUrl":"https:\/\/dalloz-stones.com\/app\/uploads\/2024\/12\/2ZAMEB50500CK-QOUA_1.jpg","width":2000,"height":2000,"caption":"Zirconium Am\u00e9thyste Baguette S.C - 5,00 x 2,50 mm"},{"@type":"BreadcrumbList","@id":"https:\/\/dalloz-stones.com\/fr\/produit\/zirconium-amethyste-baguette-s-c-500-x-250-mm\/#breadcrumb","itemListElement":[{"@type":"ListItem","position":1,"name":"Accueil","item":"https:\/\/dalloz-stones.com\/fr\/"},{"@type":"ListItem","position":2,"name":"Boutique","item":"https:\/\/dalloz-stones.com\/boutique\/"},{"@type":"ListItem","position":3,"name":"Zirconium Am\u00e9thyste Baguette S.C &#8211; 5,00 x 2,50 mm"}]},{"@type":"WebSite","@id":"https:\/\/dalloz-stones.com\/fr\/#website","url":"https:\/\/dalloz-stones.com\/fr\/","name":"Dalloz stones &amp; rough","description":"","publisher":{"@id":"https:\/\/dalloz-stones.com\/fr\/#organization"},"potentialAction":[{"@type":"SearchAction","target":{"@type":"EntryPoint","urlTemplate":"https:\/\/dalloz-stones.com\/fr\/?s={search_term_string}"},"query-input":{"@type":"PropertyValueSpecification","valueRequired":true,"valueName":"search_term_string"}}],"inLanguage":"fr-FR"},{"@type":"Organization","@id":"https:\/\/dalloz-stones.com\/fr\/#organization","name":"Dalloz Stones & Rough","url":"https:\/\/dalloz-stones.com\/fr\/","logo":{"@type":"ImageObject","inLanguage":"fr-FR","@id":"https:\/\/dalloz-stones.com\/fr\/#\/schema\/logo\/image\/","url":"https:\/\/dalloz-stones.com\/app\/uploads\/2020\/11\/Dalloz_Mono_Vertsapin.png","contentUrl":"https:\/\/dalloz-stones.com\/app\/uploads\/2020\/11\/Dalloz_Mono_Vertsapin.png","width":1772,"height":1772,"caption":"Dalloz Stones & Rough"},"image":{"@id":"https:\/\/dalloz-stones.com\/fr\/#\/schema\/logo\/image\/"},"sameAs":["https:\/\/www.facebook.com\/dalloz1917\/","https:\/\/www.instagram.com\/dallozstones\/","https:\/\/www.linkedin.com\/company\/dalloz-stones-and-rough\/","https:\/\/www.youtube.com\/channel\/UC1mJnpsxORlO9kjbbN9LvtQ"]}]}},"_links":{"self":[{"href":"https:\/\/dalloz-stones.com\/fr\/wp-json\/wp\/v2\/product\/10367","targetHints":{"allow":["GET"]}}],"collection":[{"href":"https:\/\/dalloz-stones.com\/fr\/wp-json\/wp\/v2\/product"}],"about":[{"href":"https:\/\/dalloz-stones.com\/fr\/wp-json\/wp\/v2\/types\/product"}],"replies":[{"embeddable":true,"href":"https:\/\/dalloz-stones.com\/fr\/wp-json\/wp\/v2\/comments?post=10367"}],"wp:featuredmedia":[{"embeddable":true,"href":"https:\/\/dalloz-stones.com\/fr\/wp-json\/wp\/v2\/media\/10066"}],"wp:attachment":[{"href":"https:\/\/dalloz-stones.com\/fr\/wp-json\/wp\/v2\/media?parent=10367"}],"wp:term":[{"taxonomy":"product_brand","embeddable":true,"href":"https:\/\/dalloz-stones.com\/fr\/wp-json\/wp\/v2\/product_brand?post=10367"},{"taxonomy":"product_cat","embeddable":true,"href":"https:\/\/dalloz-stones.com\/fr\/wp-json\/wp\/v2\/product_cat?post=10367"},{"taxonomy":"product_tag","embeddable":true,"href":"https:\/\/dalloz-stones.com\/fr\/wp-json\/wp\/v2\/product_tag?post=10367"}],"curies":[{"name":"wp","href":"https:\/\/api.w.org\/{rel}","templated":true}]}}