{"id":10361,"date":"2024-12-16T18:57:45","date_gmt":"2024-12-16T17:57:45","guid":{"rendered":"https:\/\/dalloz-stones.com\/produit\/spinel-noir-rond-plat-150-mm\/"},"modified":"2025-05-06T10:30:20","modified_gmt":"2025-05-06T08:30:20","slug":"spinel-noir-rond-plat-150-mm","status":"publish","type":"product","link":"https:\/\/dalloz-stones.com\/fr\/produit\/spinel-noir-rond-plat-150-mm\/","title":{"rendered":"Spinelle Naturel Noir Rond Plat  &#8211;  1,50 mm"},"content":{"rendered":"<p>Ce spinelle naturel noir de 1,50 mm, taill\u00e9 en Suisse en rond plat taill\u00e9 comme une marcasite, se distingue par sa couleur homog\u00e8ne et son bel \u00e9clat. Sa pr\u00e9cision dimensionnelle (+\/- 0,03 mm) en fait un choix id\u00e9al pour des cr\u00e9ations n\u00e9cessitant un ajustement parfait et une finition \u00e9l\u00e9gante. La coupe apporte une touche unique, ajoutant un charme subtil \u00e0 ce spinelle, parfait pour des bijoux raffin\u00e9s et modernes.<\/p>\n","protected":false},"excerpt":{"rendered":"<p>Ce spinelle naturel noir de 1,50 mm, taill\u00e9 en Suisse en rond plat taill\u00e9 comme une marcasite, se distingue par sa couleur homog\u00e8ne et son bel \u00e9clat. Sa pr\u00e9cision dimensionnelle (+\/- 0,03 mm) en fait un choix id\u00e9al pour des cr\u00e9ations n\u00e9cessitant un ajustement parfait et une finition \u00e9l\u00e9gante. La coupe apporte une touche unique, ajoutant un charme subtil \u00e0 ce spinelle, parfait pour des bijoux raffin\u00e9s et modernes.<\/p>\n","protected":false},"featured_media":10054,"comment_status":"closed","ping_status":"closed","template":"","meta":{"_acf_changed":false,"content-type":""},"product_brand":[],"product_cat":[133],"product_tag":[],"class_list":{"0":"post-10361","1":"product","2":"type-product","3":"status-publish","4":"has-post-thumbnail","6":"product_cat-non-classifiee","7":"pa_color-noir","8":"pa_material-spinelle-naturel","9":"pa_origine-du-brut-sourcing","10":"pa_shape-rond","11":"pa_stone-colour-spinel-noir","12":"pa_stone-shape-rond-plat","13":"pa_stone-type-naturel","15":"first","16":"instock","17":"taxable","18":"shipping-taxable","19":"purchasable","20":"product-type-simple"},"acf":[],"yoast_head":"<!-- This site is optimized with the Yoast SEO plugin v26.9 - https:\/\/yoast.com\/product\/yoast-seo-wordpress\/ -->\n<title>Spinelle naturel noir \u2013 Sobri\u00e9t\u00e9 et \u00e9clat \u00e9l\u00e9gant<\/title>\n<meta name=\"description\" content=\"Spinelle noir 1,50 mm, taill\u00e9 en Suisse, finition marcasite et brillance subtile, id\u00e9al pour bijoux modernes.\" \/>\n<meta name=\"robots\" content=\"index, follow, max-snippet:-1, max-image-preview:large, max-video-preview:-1\" \/>\n<link rel=\"canonical\" href=\"https:\/\/dalloz-stones.com\/fr\/produit\/spinel-noir-rond-plat-150-mm\/\" \/>\n<meta property=\"og:locale\" content=\"fr_FR\" \/>\n<meta property=\"og:type\" content=\"article\" \/>\n<meta property=\"og:title\" content=\"Spinelle naturel noir \u2013 Sobri\u00e9t\u00e9 et \u00e9clat \u00e9l\u00e9gant\" \/>\n<meta property=\"og:description\" content=\"Spinelle noir 1,50 mm, taill\u00e9 en Suisse, finition marcasite et brillance subtile, id\u00e9al pour bijoux modernes.\" \/>\n<meta property=\"og:url\" content=\"https:\/\/dalloz-stones.com\/fr\/produit\/spinel-noir-rond-plat-150-mm\/\" \/>\n<meta property=\"og:site_name\" content=\"Dalloz stones &amp; rough\" \/>\n<meta property=\"article:publisher\" content=\"https:\/\/www.facebook.com\/dalloz1917\/\" \/>\n<meta property=\"article:modified_time\" content=\"2025-05-06T08:30:20+00:00\" \/>\n<meta property=\"og:image\" content=\"https:\/\/dalloz-stones.com\/app\/uploads\/2024\/12\/2NSPIR20150-P0LA_1.jpg\" \/>\n\t<meta property=\"og:image:width\" content=\"2000\" \/>\n\t<meta property=\"og:image:height\" content=\"2000\" \/>\n\t<meta property=\"og:image:type\" content=\"image\/jpeg\" \/>\n<meta name=\"twitter:card\" content=\"summary_large_image\" \/>\n<meta name=\"twitter:label1\" content=\"Dur\u00e9e de lecture estim\u00e9e\" \/>\n\t<meta name=\"twitter:data1\" content=\"1 minute\" \/>\n<script type=\"application\/ld+json\" class=\"yoast-schema-graph\">{\"@context\":\"https:\/\/schema.org\",\"@graph\":[{\"@type\":\"WebPage\",\"@id\":\"https:\/\/dalloz-stones.com\/fr\/produit\/spinel-noir-rond-plat-150-mm\/\",\"url\":\"https:\/\/dalloz-stones.com\/fr\/produit\/spinel-noir-rond-plat-150-mm\/\",\"name\":\"Spinelle naturel noir \u2013 Sobri\u00e9t\u00e9 et \u00e9clat \u00e9l\u00e9gant\",\"isPartOf\":{\"@id\":\"https:\/\/dalloz-stones.com\/fr\/#website\"},\"primaryImageOfPage\":{\"@id\":\"https:\/\/dalloz-stones.com\/fr\/produit\/spinel-noir-rond-plat-150-mm\/#primaryimage\"},\"image\":{\"@id\":\"https:\/\/dalloz-stones.com\/fr\/produit\/spinel-noir-rond-plat-150-mm\/#primaryimage\"},\"thumbnailUrl\":\"https:\/\/dalloz-stones.com\/app\/uploads\/2024\/12\/2NSPIR20150-P0LA_1.jpg\",\"datePublished\":\"2024-12-16T17:57:45+00:00\",\"dateModified\":\"2025-05-06T08:30:20+00:00\",\"description\":\"Spinelle noir 1,50 mm, taill\u00e9 en Suisse, finition marcasite et brillance subtile, id\u00e9al pour bijoux modernes.\",\"breadcrumb\":{\"@id\":\"https:\/\/dalloz-stones.com\/fr\/produit\/spinel-noir-rond-plat-150-mm\/#breadcrumb\"},\"inLanguage\":\"fr-FR\",\"potentialAction\":[{\"@type\":\"ReadAction\",\"target\":[\"https:\/\/dalloz-stones.com\/fr\/produit\/spinel-noir-rond-plat-150-mm\/\"]}]},{\"@type\":\"ImageObject\",\"inLanguage\":\"fr-FR\",\"@id\":\"https:\/\/dalloz-stones.com\/fr\/produit\/spinel-noir-rond-plat-150-mm\/#primaryimage\",\"url\":\"https:\/\/dalloz-stones.com\/app\/uploads\/2024\/12\/2NSPIR20150-P0LA_1.jpg\",\"contentUrl\":\"https:\/\/dalloz-stones.com\/app\/uploads\/2024\/12\/2NSPIR20150-P0LA_1.jpg\",\"width\":2000,\"height\":2000,\"caption\":\"Spinel Noir Rond Plat - 1,50 mm\"},{\"@type\":\"BreadcrumbList\",\"@id\":\"https:\/\/dalloz-stones.com\/fr\/produit\/spinel-noir-rond-plat-150-mm\/#breadcrumb\",\"itemListElement\":[{\"@type\":\"ListItem\",\"position\":1,\"name\":\"Accueil\",\"item\":\"https:\/\/dalloz-stones.com\/fr\/\"},{\"@type\":\"ListItem\",\"position\":2,\"name\":\"Boutique\",\"item\":\"https:\/\/dalloz-stones.com\/boutique\/\"},{\"@type\":\"ListItem\",\"position\":3,\"name\":\"Spinelle Naturel Noir Rond Plat &#8211; 1,50 mm\"}]},{\"@type\":\"WebSite\",\"@id\":\"https:\/\/dalloz-stones.com\/fr\/#website\",\"url\":\"https:\/\/dalloz-stones.com\/fr\/\",\"name\":\"Dalloz stones &amp; rough\",\"description\":\"\",\"publisher\":{\"@id\":\"https:\/\/dalloz-stones.com\/fr\/#organization\"},\"potentialAction\":[{\"@type\":\"SearchAction\",\"target\":{\"@type\":\"EntryPoint\",\"urlTemplate\":\"https:\/\/dalloz-stones.com\/fr\/?s={search_term_string}\"},\"query-input\":{\"@type\":\"PropertyValueSpecification\",\"valueRequired\":true,\"valueName\":\"search_term_string\"}}],\"inLanguage\":\"fr-FR\"},{\"@type\":\"Organization\",\"@id\":\"https:\/\/dalloz-stones.com\/fr\/#organization\",\"name\":\"Dalloz Stones & Rough\",\"url\":\"https:\/\/dalloz-stones.com\/fr\/\",\"logo\":{\"@type\":\"ImageObject\",\"inLanguage\":\"fr-FR\",\"@id\":\"https:\/\/dalloz-stones.com\/fr\/#\/schema\/logo\/image\/\",\"url\":\"https:\/\/dalloz-stones.com\/app\/uploads\/2020\/11\/Dalloz_Mono_Vertsapin.png\",\"contentUrl\":\"https:\/\/dalloz-stones.com\/app\/uploads\/2020\/11\/Dalloz_Mono_Vertsapin.png\",\"width\":1772,\"height\":1772,\"caption\":\"Dalloz Stones & Rough\"},\"image\":{\"@id\":\"https:\/\/dalloz-stones.com\/fr\/#\/schema\/logo\/image\/\"},\"sameAs\":[\"https:\/\/www.facebook.com\/dalloz1917\/\",\"https:\/\/www.instagram.com\/dallozstones\/\",\"https:\/\/www.linkedin.com\/company\/dalloz-stones-and-rough\/\",\"https:\/\/www.youtube.com\/channel\/UC1mJnpsxORlO9kjbbN9LvtQ\"]}]}<\/script>\n<!-- \/ Yoast SEO plugin. -->","yoast_head_json":{"title":"Spinelle naturel noir \u2013 Sobri\u00e9t\u00e9 et \u00e9clat \u00e9l\u00e9gant","description":"Spinelle noir 1,50 mm, taill\u00e9 en Suisse, finition marcasite et brillance subtile, id\u00e9al pour bijoux modernes.","robots":{"index":"index","follow":"follow","max-snippet":"max-snippet:-1","max-image-preview":"max-image-preview:large","max-video-preview":"max-video-preview:-1"},"canonical":"https:\/\/dalloz-stones.com\/fr\/produit\/spinel-noir-rond-plat-150-mm\/","og_locale":"fr_FR","og_type":"article","og_title":"Spinelle naturel noir \u2013 Sobri\u00e9t\u00e9 et \u00e9clat \u00e9l\u00e9gant","og_description":"Spinelle noir 1,50 mm, taill\u00e9 en Suisse, finition marcasite et brillance subtile, id\u00e9al pour bijoux modernes.","og_url":"https:\/\/dalloz-stones.com\/fr\/produit\/spinel-noir-rond-plat-150-mm\/","og_site_name":"Dalloz stones &amp; rough","article_publisher":"https:\/\/www.facebook.com\/dalloz1917\/","article_modified_time":"2025-05-06T08:30:20+00:00","og_image":[{"width":2000,"height":2000,"url":"https:\/\/dalloz-stones.com\/app\/uploads\/2024\/12\/2NSPIR20150-P0LA_1.jpg","type":"image\/jpeg"}],"twitter_card":"summary_large_image","twitter_misc":{"Dur\u00e9e de lecture estim\u00e9e":"1 minute"},"schema":{"@context":"https:\/\/schema.org","@graph":[{"@type":"WebPage","@id":"https:\/\/dalloz-stones.com\/fr\/produit\/spinel-noir-rond-plat-150-mm\/","url":"https:\/\/dalloz-stones.com\/fr\/produit\/spinel-noir-rond-plat-150-mm\/","name":"Spinelle naturel noir \u2013 Sobri\u00e9t\u00e9 et \u00e9clat \u00e9l\u00e9gant","isPartOf":{"@id":"https:\/\/dalloz-stones.com\/fr\/#website"},"primaryImageOfPage":{"@id":"https:\/\/dalloz-stones.com\/fr\/produit\/spinel-noir-rond-plat-150-mm\/#primaryimage"},"image":{"@id":"https:\/\/dalloz-stones.com\/fr\/produit\/spinel-noir-rond-plat-150-mm\/#primaryimage"},"thumbnailUrl":"https:\/\/dalloz-stones.com\/app\/uploads\/2024\/12\/2NSPIR20150-P0LA_1.jpg","datePublished":"2024-12-16T17:57:45+00:00","dateModified":"2025-05-06T08:30:20+00:00","description":"Spinelle noir 1,50 mm, taill\u00e9 en Suisse, finition marcasite et brillance subtile, id\u00e9al pour bijoux modernes.","breadcrumb":{"@id":"https:\/\/dalloz-stones.com\/fr\/produit\/spinel-noir-rond-plat-150-mm\/#breadcrumb"},"inLanguage":"fr-FR","potentialAction":[{"@type":"ReadAction","target":["https:\/\/dalloz-stones.com\/fr\/produit\/spinel-noir-rond-plat-150-mm\/"]}]},{"@type":"ImageObject","inLanguage":"fr-FR","@id":"https:\/\/dalloz-stones.com\/fr\/produit\/spinel-noir-rond-plat-150-mm\/#primaryimage","url":"https:\/\/dalloz-stones.com\/app\/uploads\/2024\/12\/2NSPIR20150-P0LA_1.jpg","contentUrl":"https:\/\/dalloz-stones.com\/app\/uploads\/2024\/12\/2NSPIR20150-P0LA_1.jpg","width":2000,"height":2000,"caption":"Spinel Noir Rond Plat - 1,50 mm"},{"@type":"BreadcrumbList","@id":"https:\/\/dalloz-stones.com\/fr\/produit\/spinel-noir-rond-plat-150-mm\/#breadcrumb","itemListElement":[{"@type":"ListItem","position":1,"name":"Accueil","item":"https:\/\/dalloz-stones.com\/fr\/"},{"@type":"ListItem","position":2,"name":"Boutique","item":"https:\/\/dalloz-stones.com\/boutique\/"},{"@type":"ListItem","position":3,"name":"Spinelle Naturel Noir Rond Plat &#8211; 1,50 mm"}]},{"@type":"WebSite","@id":"https:\/\/dalloz-stones.com\/fr\/#website","url":"https:\/\/dalloz-stones.com\/fr\/","name":"Dalloz stones &amp; rough","description":"","publisher":{"@id":"https:\/\/dalloz-stones.com\/fr\/#organization"},"potentialAction":[{"@type":"SearchAction","target":{"@type":"EntryPoint","urlTemplate":"https:\/\/dalloz-stones.com\/fr\/?s={search_term_string}"},"query-input":{"@type":"PropertyValueSpecification","valueRequired":true,"valueName":"search_term_string"}}],"inLanguage":"fr-FR"},{"@type":"Organization","@id":"https:\/\/dalloz-stones.com\/fr\/#organization","name":"Dalloz Stones & Rough","url":"https:\/\/dalloz-stones.com\/fr\/","logo":{"@type":"ImageObject","inLanguage":"fr-FR","@id":"https:\/\/dalloz-stones.com\/fr\/#\/schema\/logo\/image\/","url":"https:\/\/dalloz-stones.com\/app\/uploads\/2020\/11\/Dalloz_Mono_Vertsapin.png","contentUrl":"https:\/\/dalloz-stones.com\/app\/uploads\/2020\/11\/Dalloz_Mono_Vertsapin.png","width":1772,"height":1772,"caption":"Dalloz Stones & Rough"},"image":{"@id":"https:\/\/dalloz-stones.com\/fr\/#\/schema\/logo\/image\/"},"sameAs":["https:\/\/www.facebook.com\/dalloz1917\/","https:\/\/www.instagram.com\/dallozstones\/","https:\/\/www.linkedin.com\/company\/dalloz-stones-and-rough\/","https:\/\/www.youtube.com\/channel\/UC1mJnpsxORlO9kjbbN9LvtQ"]}]}},"_links":{"self":[{"href":"https:\/\/dalloz-stones.com\/fr\/wp-json\/wp\/v2\/product\/10361","targetHints":{"allow":["GET"]}}],"collection":[{"href":"https:\/\/dalloz-stones.com\/fr\/wp-json\/wp\/v2\/product"}],"about":[{"href":"https:\/\/dalloz-stones.com\/fr\/wp-json\/wp\/v2\/types\/product"}],"replies":[{"embeddable":true,"href":"https:\/\/dalloz-stones.com\/fr\/wp-json\/wp\/v2\/comments?post=10361"}],"wp:featuredmedia":[{"embeddable":true,"href":"https:\/\/dalloz-stones.com\/fr\/wp-json\/wp\/v2\/media\/10054"}],"wp:attachment":[{"href":"https:\/\/dalloz-stones.com\/fr\/wp-json\/wp\/v2\/media?parent=10361"}],"wp:term":[{"taxonomy":"product_brand","embeddable":true,"href":"https:\/\/dalloz-stones.com\/fr\/wp-json\/wp\/v2\/product_brand?post=10361"},{"taxonomy":"product_cat","embeddable":true,"href":"https:\/\/dalloz-stones.com\/fr\/wp-json\/wp\/v2\/product_cat?post=10361"},{"taxonomy":"product_tag","embeddable":true,"href":"https:\/\/dalloz-stones.com\/fr\/wp-json\/wp\/v2\/product_tag?post=10361"}],"curies":[{"name":"wp","href":"https:\/\/api.w.org\/{rel}","templated":true}]}}