{"id":10354,"date":"2024-12-16T18:57:31","date_gmt":"2024-12-16T17:57:31","guid":{"rendered":"https:\/\/dalloz-stones.com\/produit\/saphir-bleu-fonce-rond-210-mm\/"},"modified":"2025-04-24T18:21:57","modified_gmt":"2025-04-24T16:21:57","slug":"saphir-bleu-fonce-rond-210-mm","status":"publish","type":"product","link":"https:\/\/dalloz-stones.com\/fr\/produit\/saphir-bleu-fonce-rond-210-mm\/","title":{"rendered":"Saphir Bleu fonc\u00e9 Rond  &#8211;  2,10 mm"},"content":{"rendered":"<p>Ce corindon synth\u00e9tique, d\u2019un bleu saphir profond, est taill\u00e9 en rond de 2,10 mm avec 57 facettes, offrant un bel \u00e9clat et une couleur homog\u00e8ne. Avec une excellente tol\u00e9rance dimensionnelle de +\/- 0,03 mm, cette pierre garantit une pr\u00e9cision exceptionnelle, id\u00e9ale pour des cr\u00e9ations raffin\u00e9es. Produit en France (R.S.A.) \u00e0 partir d\u2019\u00e9nergie verte et taill\u00e9 avec expertise en Suisse, ce corindon associe durabilit\u00e9, esth\u00e9tique et savoir-faire artisanal de haute qualit\u00e9.<\/p>\n","protected":false},"excerpt":{"rendered":"<p>Ce corindon synth\u00e9tique, d\u2019un bleu saphir profond, est taill\u00e9 en rond de 2,10 mm avec 57 facettes, offrant un bel \u00e9clat et une couleur homog\u00e8ne. Avec une excellente tol\u00e9rance dimensionnelle de +\/- 0,03 mm, cette pierre garantit une pr\u00e9cision exceptionnelle, id\u00e9ale pour des cr\u00e9ations raffin\u00e9es. Produit en France (R.S.A.) \u00e0 partir d\u2019\u00e9nergie verte et taill\u00e9 avec expertise en Suisse, ce corindon associe durabilit\u00e9, esth\u00e9tique et savoir-faire artisanal de haute qualit\u00e9.<\/p>\n","protected":false},"featured_media":10040,"comment_status":"closed","ping_status":"closed","template":"","meta":{"_acf_changed":false,"content-type":""},"product_brand":[],"product_cat":[133],"product_tag":[],"class_list":{"0":"post-10354","1":"product","2":"type-product","3":"status-publish","4":"has-post-thumbnail","6":"product_cat-non-classifiee","7":"pa_color-bleu","8":"pa_eco-grandit-143","9":"pa_material-corindon-synthetique","10":"pa_origine-du-brut-france-r-s-a","11":"pa_shape-rond","12":"pa_stone-colour-saphir-bleu-fonce","13":"pa_stone-shape-rond","14":"pa_stone-type-synthetique-fr","16":"first","17":"instock","18":"taxable","19":"shipping-taxable","20":"purchasable","21":"product-type-simple"},"acf":[],"yoast_head":"<!-- This site is optimized with the Yoast SEO plugin v26.9 - https:\/\/yoast.com\/product\/yoast-seo-wordpress\/ -->\n<title>Corindon synth\u00e9tique saphir fonc\u00e9 \u2013 Profondeur et durabilit\u00e9<\/title>\n<meta name=\"description\" content=\"Corindon saphir fonc\u00e9 2,10 mm, \u00e9clat exceptionnel et durabilit\u00e9 pour des cr\u00e9ations raffin\u00e9es.\" \/>\n<meta name=\"robots\" content=\"index, follow, max-snippet:-1, max-image-preview:large, max-video-preview:-1\" \/>\n<link rel=\"canonical\" href=\"https:\/\/dalloz-stones.com\/fr\/produit\/saphir-bleu-fonce-rond-210-mm\/\" \/>\n<meta property=\"og:locale\" content=\"fr_FR\" \/>\n<meta property=\"og:type\" content=\"article\" \/>\n<meta property=\"og:title\" content=\"Corindon synth\u00e9tique saphir fonc\u00e9 \u2013 Profondeur et durabilit\u00e9\" \/>\n<meta property=\"og:description\" content=\"Corindon saphir fonc\u00e9 2,10 mm, \u00e9clat exceptionnel et durabilit\u00e9 pour des cr\u00e9ations raffin\u00e9es.\" \/>\n<meta property=\"og:url\" content=\"https:\/\/dalloz-stones.com\/fr\/produit\/saphir-bleu-fonce-rond-210-mm\/\" \/>\n<meta property=\"og:site_name\" content=\"Dalloz stones &amp; rough\" \/>\n<meta property=\"article:publisher\" content=\"https:\/\/www.facebook.com\/dalloz1917\/\" \/>\n<meta property=\"article:modified_time\" content=\"2025-04-24T16:21:57+00:00\" \/>\n<meta property=\"og:image\" content=\"https:\/\/dalloz-stones.com\/app\/uploads\/2024\/12\/2BSAFR50210-P0LA_1.jpg\" \/>\n\t<meta property=\"og:image:width\" content=\"2000\" \/>\n\t<meta property=\"og:image:height\" content=\"2000\" \/>\n\t<meta property=\"og:image:type\" content=\"image\/jpeg\" \/>\n<meta name=\"twitter:card\" content=\"summary_large_image\" \/>\n<meta name=\"twitter:label1\" content=\"Dur\u00e9e de lecture estim\u00e9e\" \/>\n\t<meta name=\"twitter:data1\" content=\"1 minute\" \/>\n<script type=\"application\/ld+json\" class=\"yoast-schema-graph\">{\"@context\":\"https:\/\/schema.org\",\"@graph\":[{\"@type\":\"WebPage\",\"@id\":\"https:\/\/dalloz-stones.com\/fr\/produit\/saphir-bleu-fonce-rond-210-mm\/\",\"url\":\"https:\/\/dalloz-stones.com\/fr\/produit\/saphir-bleu-fonce-rond-210-mm\/\",\"name\":\"Corindon synth\u00e9tique saphir fonc\u00e9 \u2013 Profondeur et durabilit\u00e9\",\"isPartOf\":{\"@id\":\"https:\/\/dalloz-stones.com\/fr\/#website\"},\"primaryImageOfPage\":{\"@id\":\"https:\/\/dalloz-stones.com\/fr\/produit\/saphir-bleu-fonce-rond-210-mm\/#primaryimage\"},\"image\":{\"@id\":\"https:\/\/dalloz-stones.com\/fr\/produit\/saphir-bleu-fonce-rond-210-mm\/#primaryimage\"},\"thumbnailUrl\":\"https:\/\/dalloz-stones.com\/app\/uploads\/2024\/12\/2BSAFR50210-P0LA_1.jpg\",\"datePublished\":\"2024-12-16T17:57:31+00:00\",\"dateModified\":\"2025-04-24T16:21:57+00:00\",\"description\":\"Corindon saphir fonc\u00e9 2,10 mm, \u00e9clat exceptionnel et durabilit\u00e9 pour des cr\u00e9ations raffin\u00e9es.\",\"breadcrumb\":{\"@id\":\"https:\/\/dalloz-stones.com\/fr\/produit\/saphir-bleu-fonce-rond-210-mm\/#breadcrumb\"},\"inLanguage\":\"fr-FR\",\"potentialAction\":[{\"@type\":\"ReadAction\",\"target\":[\"https:\/\/dalloz-stones.com\/fr\/produit\/saphir-bleu-fonce-rond-210-mm\/\"]}]},{\"@type\":\"ImageObject\",\"inLanguage\":\"fr-FR\",\"@id\":\"https:\/\/dalloz-stones.com\/fr\/produit\/saphir-bleu-fonce-rond-210-mm\/#primaryimage\",\"url\":\"https:\/\/dalloz-stones.com\/app\/uploads\/2024\/12\/2BSAFR50210-P0LA_1.jpg\",\"contentUrl\":\"https:\/\/dalloz-stones.com\/app\/uploads\/2024\/12\/2BSAFR50210-P0LA_1.jpg\",\"width\":2000,\"height\":2000,\"caption\":\"Saphir Bleu fonc\u00e9 Rond - 2,10 mm\"},{\"@type\":\"BreadcrumbList\",\"@id\":\"https:\/\/dalloz-stones.com\/fr\/produit\/saphir-bleu-fonce-rond-210-mm\/#breadcrumb\",\"itemListElement\":[{\"@type\":\"ListItem\",\"position\":1,\"name\":\"Accueil\",\"item\":\"https:\/\/dalloz-stones.com\/fr\/\"},{\"@type\":\"ListItem\",\"position\":2,\"name\":\"Boutique\",\"item\":\"https:\/\/dalloz-stones.com\/boutique\/\"},{\"@type\":\"ListItem\",\"position\":3,\"name\":\"Saphir Bleu fonc\u00e9 Rond &#8211; 2,10 mm\"}]},{\"@type\":\"WebSite\",\"@id\":\"https:\/\/dalloz-stones.com\/fr\/#website\",\"url\":\"https:\/\/dalloz-stones.com\/fr\/\",\"name\":\"Dalloz stones &amp; rough\",\"description\":\"\",\"publisher\":{\"@id\":\"https:\/\/dalloz-stones.com\/fr\/#organization\"},\"potentialAction\":[{\"@type\":\"SearchAction\",\"target\":{\"@type\":\"EntryPoint\",\"urlTemplate\":\"https:\/\/dalloz-stones.com\/fr\/?s={search_term_string}\"},\"query-input\":{\"@type\":\"PropertyValueSpecification\",\"valueRequired\":true,\"valueName\":\"search_term_string\"}}],\"inLanguage\":\"fr-FR\"},{\"@type\":\"Organization\",\"@id\":\"https:\/\/dalloz-stones.com\/fr\/#organization\",\"name\":\"Dalloz Stones & Rough\",\"url\":\"https:\/\/dalloz-stones.com\/fr\/\",\"logo\":{\"@type\":\"ImageObject\",\"inLanguage\":\"fr-FR\",\"@id\":\"https:\/\/dalloz-stones.com\/fr\/#\/schema\/logo\/image\/\",\"url\":\"https:\/\/dalloz-stones.com\/app\/uploads\/2020\/11\/Dalloz_Mono_Vertsapin.png\",\"contentUrl\":\"https:\/\/dalloz-stones.com\/app\/uploads\/2020\/11\/Dalloz_Mono_Vertsapin.png\",\"width\":1772,\"height\":1772,\"caption\":\"Dalloz Stones & Rough\"},\"image\":{\"@id\":\"https:\/\/dalloz-stones.com\/fr\/#\/schema\/logo\/image\/\"},\"sameAs\":[\"https:\/\/www.facebook.com\/dalloz1917\/\",\"https:\/\/www.instagram.com\/dallozstones\/\",\"https:\/\/www.linkedin.com\/company\/dalloz-stones-and-rough\/\",\"https:\/\/www.youtube.com\/channel\/UC1mJnpsxORlO9kjbbN9LvtQ\"]}]}<\/script>\n<!-- \/ Yoast SEO plugin. -->","yoast_head_json":{"title":"Corindon synth\u00e9tique saphir fonc\u00e9 \u2013 Profondeur et durabilit\u00e9","description":"Corindon saphir fonc\u00e9 2,10 mm, \u00e9clat exceptionnel et durabilit\u00e9 pour des cr\u00e9ations raffin\u00e9es.","robots":{"index":"index","follow":"follow","max-snippet":"max-snippet:-1","max-image-preview":"max-image-preview:large","max-video-preview":"max-video-preview:-1"},"canonical":"https:\/\/dalloz-stones.com\/fr\/produit\/saphir-bleu-fonce-rond-210-mm\/","og_locale":"fr_FR","og_type":"article","og_title":"Corindon synth\u00e9tique saphir fonc\u00e9 \u2013 Profondeur et durabilit\u00e9","og_description":"Corindon saphir fonc\u00e9 2,10 mm, \u00e9clat exceptionnel et durabilit\u00e9 pour des cr\u00e9ations raffin\u00e9es.","og_url":"https:\/\/dalloz-stones.com\/fr\/produit\/saphir-bleu-fonce-rond-210-mm\/","og_site_name":"Dalloz stones &amp; rough","article_publisher":"https:\/\/www.facebook.com\/dalloz1917\/","article_modified_time":"2025-04-24T16:21:57+00:00","og_image":[{"width":2000,"height":2000,"url":"https:\/\/dalloz-stones.com\/app\/uploads\/2024\/12\/2BSAFR50210-P0LA_1.jpg","type":"image\/jpeg"}],"twitter_card":"summary_large_image","twitter_misc":{"Dur\u00e9e de lecture estim\u00e9e":"1 minute"},"schema":{"@context":"https:\/\/schema.org","@graph":[{"@type":"WebPage","@id":"https:\/\/dalloz-stones.com\/fr\/produit\/saphir-bleu-fonce-rond-210-mm\/","url":"https:\/\/dalloz-stones.com\/fr\/produit\/saphir-bleu-fonce-rond-210-mm\/","name":"Corindon synth\u00e9tique saphir fonc\u00e9 \u2013 Profondeur et durabilit\u00e9","isPartOf":{"@id":"https:\/\/dalloz-stones.com\/fr\/#website"},"primaryImageOfPage":{"@id":"https:\/\/dalloz-stones.com\/fr\/produit\/saphir-bleu-fonce-rond-210-mm\/#primaryimage"},"image":{"@id":"https:\/\/dalloz-stones.com\/fr\/produit\/saphir-bleu-fonce-rond-210-mm\/#primaryimage"},"thumbnailUrl":"https:\/\/dalloz-stones.com\/app\/uploads\/2024\/12\/2BSAFR50210-P0LA_1.jpg","datePublished":"2024-12-16T17:57:31+00:00","dateModified":"2025-04-24T16:21:57+00:00","description":"Corindon saphir fonc\u00e9 2,10 mm, \u00e9clat exceptionnel et durabilit\u00e9 pour des cr\u00e9ations raffin\u00e9es.","breadcrumb":{"@id":"https:\/\/dalloz-stones.com\/fr\/produit\/saphir-bleu-fonce-rond-210-mm\/#breadcrumb"},"inLanguage":"fr-FR","potentialAction":[{"@type":"ReadAction","target":["https:\/\/dalloz-stones.com\/fr\/produit\/saphir-bleu-fonce-rond-210-mm\/"]}]},{"@type":"ImageObject","inLanguage":"fr-FR","@id":"https:\/\/dalloz-stones.com\/fr\/produit\/saphir-bleu-fonce-rond-210-mm\/#primaryimage","url":"https:\/\/dalloz-stones.com\/app\/uploads\/2024\/12\/2BSAFR50210-P0LA_1.jpg","contentUrl":"https:\/\/dalloz-stones.com\/app\/uploads\/2024\/12\/2BSAFR50210-P0LA_1.jpg","width":2000,"height":2000,"caption":"Saphir Bleu fonc\u00e9 Rond - 2,10 mm"},{"@type":"BreadcrumbList","@id":"https:\/\/dalloz-stones.com\/fr\/produit\/saphir-bleu-fonce-rond-210-mm\/#breadcrumb","itemListElement":[{"@type":"ListItem","position":1,"name":"Accueil","item":"https:\/\/dalloz-stones.com\/fr\/"},{"@type":"ListItem","position":2,"name":"Boutique","item":"https:\/\/dalloz-stones.com\/boutique\/"},{"@type":"ListItem","position":3,"name":"Saphir Bleu fonc\u00e9 Rond &#8211; 2,10 mm"}]},{"@type":"WebSite","@id":"https:\/\/dalloz-stones.com\/fr\/#website","url":"https:\/\/dalloz-stones.com\/fr\/","name":"Dalloz stones &amp; rough","description":"","publisher":{"@id":"https:\/\/dalloz-stones.com\/fr\/#organization"},"potentialAction":[{"@type":"SearchAction","target":{"@type":"EntryPoint","urlTemplate":"https:\/\/dalloz-stones.com\/fr\/?s={search_term_string}"},"query-input":{"@type":"PropertyValueSpecification","valueRequired":true,"valueName":"search_term_string"}}],"inLanguage":"fr-FR"},{"@type":"Organization","@id":"https:\/\/dalloz-stones.com\/fr\/#organization","name":"Dalloz Stones & Rough","url":"https:\/\/dalloz-stones.com\/fr\/","logo":{"@type":"ImageObject","inLanguage":"fr-FR","@id":"https:\/\/dalloz-stones.com\/fr\/#\/schema\/logo\/image\/","url":"https:\/\/dalloz-stones.com\/app\/uploads\/2020\/11\/Dalloz_Mono_Vertsapin.png","contentUrl":"https:\/\/dalloz-stones.com\/app\/uploads\/2020\/11\/Dalloz_Mono_Vertsapin.png","width":1772,"height":1772,"caption":"Dalloz Stones & Rough"},"image":{"@id":"https:\/\/dalloz-stones.com\/fr\/#\/schema\/logo\/image\/"},"sameAs":["https:\/\/www.facebook.com\/dalloz1917\/","https:\/\/www.instagram.com\/dallozstones\/","https:\/\/www.linkedin.com\/company\/dalloz-stones-and-rough\/","https:\/\/www.youtube.com\/channel\/UC1mJnpsxORlO9kjbbN9LvtQ"]}]}},"_links":{"self":[{"href":"https:\/\/dalloz-stones.com\/fr\/wp-json\/wp\/v2\/product\/10354","targetHints":{"allow":["GET"]}}],"collection":[{"href":"https:\/\/dalloz-stones.com\/fr\/wp-json\/wp\/v2\/product"}],"about":[{"href":"https:\/\/dalloz-stones.com\/fr\/wp-json\/wp\/v2\/types\/product"}],"replies":[{"embeddable":true,"href":"https:\/\/dalloz-stones.com\/fr\/wp-json\/wp\/v2\/comments?post=10354"}],"wp:featuredmedia":[{"embeddable":true,"href":"https:\/\/dalloz-stones.com\/fr\/wp-json\/wp\/v2\/media\/10040"}],"wp:attachment":[{"href":"https:\/\/dalloz-stones.com\/fr\/wp-json\/wp\/v2\/media?parent=10354"}],"wp:term":[{"taxonomy":"product_brand","embeddable":true,"href":"https:\/\/dalloz-stones.com\/fr\/wp-json\/wp\/v2\/product_brand?post=10354"},{"taxonomy":"product_cat","embeddable":true,"href":"https:\/\/dalloz-stones.com\/fr\/wp-json\/wp\/v2\/product_cat?post=10354"},{"taxonomy":"product_tag","embeddable":true,"href":"https:\/\/dalloz-stones.com\/fr\/wp-json\/wp\/v2\/product_tag?post=10354"}],"curies":[{"name":"wp","href":"https:\/\/api.w.org\/{rel}","templated":true}]}}