{"id":10345,"date":"2024-12-16T18:57:31","date_gmt":"2024-12-16T17:57:31","guid":{"rendered":"https:\/\/dalloz-stones.com\/produit\/royal-bleu-spin-bleu-fce-rond-130-mm\/"},"modified":"2025-05-06T10:11:47","modified_gmt":"2025-05-06T08:11:47","slug":"royal-bleu-spin-bleu-fce-rond-130-mm","status":"publish","type":"product","link":"https:\/\/dalloz-stones.com\/fr\/produit\/royal-bleu-spin-bleu-fce-rond-130-mm\/","title":{"rendered":"Spinelle Royal Bleu Rond  &#8211;  1,30 mm"},"content":{"rendered":"<p>Ce spinelle synth\u00e9tique d\u2019un royal bleu profond est taill\u00e9 en rond de 1,30 mm avec 41 facettes, offrant un bel \u00e9clat et une couleur homog\u00e8ne, id\u00e9al pour des cr\u00e9ations raffin\u00e9es. Gr\u00e2ce \u00e0 une excellente tol\u00e9rance dimensionnelle de +\/- 0,03 mm, il garantit une pr\u00e9cision exceptionnelle pour des designs exigeants. Issu d\u2019un brut produit en France (R.S.A.) et taill\u00e9 avec expertise en Suisse, ce spinelle combine durabilit\u00e9, esth\u00e9tique et savoir-faire de haute qualit\u00e9.<\/p>\n","protected":false},"excerpt":{"rendered":"<p>Ce spinelle synth\u00e9tique d\u2019un royal bleu profond est taill\u00e9 en rond de 1,30 mm avec 41 facettes, offrant un bel \u00e9clat et une couleur homog\u00e8ne, id\u00e9al pour des cr\u00e9ations raffin\u00e9es. Gr\u00e2ce \u00e0 une excellente tol\u00e9rance dimensionnelle de +\/- 0,03 mm, il garantit une pr\u00e9cision exceptionnelle pour des designs exigeants. Issu d\u2019un brut produit en France (R.S.A.) et taill\u00e9 avec expertise en Suisse, ce spinelle combine durabilit\u00e9, esth\u00e9tique et savoir-faire de haute qualit\u00e9.<\/p>\n","protected":false},"featured_media":10022,"comment_status":"closed","ping_status":"closed","template":"","meta":{"_acf_changed":false,"content-type":""},"product_brand":[],"product_cat":[133],"product_tag":[],"class_list":{"0":"post-10345","1":"product","2":"type-product","3":"status-publish","4":"has-post-thumbnail","6":"product_cat-non-classifiee","7":"pa_color-bleu","8":"pa_eco-grandit-143","9":"pa_material-spinelle-synthetique-fr","10":"pa_origine-du-brut-france-r-s-a","11":"pa_shape-rond","12":"pa_stone-colour-royal-bleu-spin-bleu-fce","13":"pa_stone-shape-rond","14":"pa_stone-type-synthetique-fr","16":"first","17":"instock","18":"taxable","19":"shipping-taxable","20":"purchasable","21":"product-type-simple"},"acf":[],"yoast_head":"<!-- This site is optimized with the Yoast SEO plugin v26.9 - https:\/\/yoast.com\/product\/yoast-seo-wordpress\/ -->\n<title>Spinelle synth\u00e9tique royal bleu \u2013 Raffinement et \u00e9clat<\/title>\n<meta name=\"description\" content=\"D\u00e9couvrez ce spinelle synth\u00e9tique royal bleu 1,30 mm, \u00e9clatant et homog\u00e8ne, id\u00e9al pour des cr\u00e9ations raffin\u00e9es.\" \/>\n<meta name=\"robots\" content=\"index, follow, max-snippet:-1, max-image-preview:large, max-video-preview:-1\" \/>\n<link rel=\"canonical\" href=\"https:\/\/dalloz-stones.com\/fr\/produit\/royal-bleu-spin-bleu-fce-rond-130-mm\/\" \/>\n<meta property=\"og:locale\" content=\"fr_FR\" \/>\n<meta property=\"og:type\" content=\"article\" \/>\n<meta property=\"og:title\" content=\"Spinelle synth\u00e9tique royal bleu \u2013 Raffinement et \u00e9clat\" \/>\n<meta property=\"og:description\" content=\"D\u00e9couvrez ce spinelle synth\u00e9tique royal bleu 1,30 mm, \u00e9clatant et homog\u00e8ne, id\u00e9al pour des cr\u00e9ations raffin\u00e9es.\" \/>\n<meta property=\"og:url\" content=\"https:\/\/dalloz-stones.com\/fr\/produit\/royal-bleu-spin-bleu-fce-rond-130-mm\/\" \/>\n<meta property=\"og:site_name\" content=\"Dalloz stones &amp; rough\" \/>\n<meta property=\"article:publisher\" content=\"https:\/\/www.facebook.com\/dalloz1917\/\" \/>\n<meta property=\"article:modified_time\" content=\"2025-05-06T08:11:47+00:00\" \/>\n<meta property=\"og:image\" content=\"https:\/\/dalloz-stones.com\/app\/uploads\/2024\/12\/2BSPFR50130-P0LA_1.jpg\" \/>\n\t<meta property=\"og:image:width\" content=\"2000\" \/>\n\t<meta property=\"og:image:height\" content=\"2000\" \/>\n\t<meta property=\"og:image:type\" content=\"image\/jpeg\" \/>\n<meta name=\"twitter:card\" content=\"summary_large_image\" \/>\n<script type=\"application\/ld+json\" class=\"yoast-schema-graph\">{\"@context\":\"https:\/\/schema.org\",\"@graph\":[{\"@type\":\"WebPage\",\"@id\":\"https:\/\/dalloz-stones.com\/fr\/produit\/royal-bleu-spin-bleu-fce-rond-130-mm\/\",\"url\":\"https:\/\/dalloz-stones.com\/fr\/produit\/royal-bleu-spin-bleu-fce-rond-130-mm\/\",\"name\":\"Spinelle synth\u00e9tique royal bleu \u2013 Raffinement et \u00e9clat\",\"isPartOf\":{\"@id\":\"https:\/\/dalloz-stones.com\/fr\/#website\"},\"primaryImageOfPage\":{\"@id\":\"https:\/\/dalloz-stones.com\/fr\/produit\/royal-bleu-spin-bleu-fce-rond-130-mm\/#primaryimage\"},\"image\":{\"@id\":\"https:\/\/dalloz-stones.com\/fr\/produit\/royal-bleu-spin-bleu-fce-rond-130-mm\/#primaryimage\"},\"thumbnailUrl\":\"https:\/\/dalloz-stones.com\/app\/uploads\/2024\/12\/2BSPFR50130-P0LA_1.jpg\",\"datePublished\":\"2024-12-16T17:57:31+00:00\",\"dateModified\":\"2025-05-06T08:11:47+00:00\",\"description\":\"D\u00e9couvrez ce spinelle synth\u00e9tique royal bleu 1,30 mm, \u00e9clatant et homog\u00e8ne, id\u00e9al pour des cr\u00e9ations raffin\u00e9es.\",\"breadcrumb\":{\"@id\":\"https:\/\/dalloz-stones.com\/fr\/produit\/royal-bleu-spin-bleu-fce-rond-130-mm\/#breadcrumb\"},\"inLanguage\":\"fr-FR\",\"potentialAction\":[{\"@type\":\"ReadAction\",\"target\":[\"https:\/\/dalloz-stones.com\/fr\/produit\/royal-bleu-spin-bleu-fce-rond-130-mm\/\"]}]},{\"@type\":\"ImageObject\",\"inLanguage\":\"fr-FR\",\"@id\":\"https:\/\/dalloz-stones.com\/fr\/produit\/royal-bleu-spin-bleu-fce-rond-130-mm\/#primaryimage\",\"url\":\"https:\/\/dalloz-stones.com\/app\/uploads\/2024\/12\/2BSPFR50130-P0LA_1.jpg\",\"contentUrl\":\"https:\/\/dalloz-stones.com\/app\/uploads\/2024\/12\/2BSPFR50130-P0LA_1.jpg\",\"width\":2000,\"height\":2000,\"caption\":\"Royal Bleu (spin. bleu fc\u00e9) Rond - 1,30 mm\"},{\"@type\":\"BreadcrumbList\",\"@id\":\"https:\/\/dalloz-stones.com\/fr\/produit\/royal-bleu-spin-bleu-fce-rond-130-mm\/#breadcrumb\",\"itemListElement\":[{\"@type\":\"ListItem\",\"position\":1,\"name\":\"Accueil\",\"item\":\"https:\/\/dalloz-stones.com\/fr\/\"},{\"@type\":\"ListItem\",\"position\":2,\"name\":\"Boutique\",\"item\":\"https:\/\/dalloz-stones.com\/boutique\/\"},{\"@type\":\"ListItem\",\"position\":3,\"name\":\"Spinelle Royal Bleu Rond &#8211; 1,30 mm\"}]},{\"@type\":\"WebSite\",\"@id\":\"https:\/\/dalloz-stones.com\/fr\/#website\",\"url\":\"https:\/\/dalloz-stones.com\/fr\/\",\"name\":\"Dalloz stones &amp; rough\",\"description\":\"\",\"publisher\":{\"@id\":\"https:\/\/dalloz-stones.com\/fr\/#organization\"},\"potentialAction\":[{\"@type\":\"SearchAction\",\"target\":{\"@type\":\"EntryPoint\",\"urlTemplate\":\"https:\/\/dalloz-stones.com\/fr\/?s={search_term_string}\"},\"query-input\":{\"@type\":\"PropertyValueSpecification\",\"valueRequired\":true,\"valueName\":\"search_term_string\"}}],\"inLanguage\":\"fr-FR\"},{\"@type\":\"Organization\",\"@id\":\"https:\/\/dalloz-stones.com\/fr\/#organization\",\"name\":\"Dalloz Stones & Rough\",\"url\":\"https:\/\/dalloz-stones.com\/fr\/\",\"logo\":{\"@type\":\"ImageObject\",\"inLanguage\":\"fr-FR\",\"@id\":\"https:\/\/dalloz-stones.com\/fr\/#\/schema\/logo\/image\/\",\"url\":\"https:\/\/dalloz-stones.com\/app\/uploads\/2020\/11\/Dalloz_Mono_Vertsapin.png\",\"contentUrl\":\"https:\/\/dalloz-stones.com\/app\/uploads\/2020\/11\/Dalloz_Mono_Vertsapin.png\",\"width\":1772,\"height\":1772,\"caption\":\"Dalloz Stones & Rough\"},\"image\":{\"@id\":\"https:\/\/dalloz-stones.com\/fr\/#\/schema\/logo\/image\/\"},\"sameAs\":[\"https:\/\/www.facebook.com\/dalloz1917\/\",\"https:\/\/www.instagram.com\/dallozstones\/\",\"https:\/\/www.linkedin.com\/company\/dalloz-stones-and-rough\/\",\"https:\/\/www.youtube.com\/channel\/UC1mJnpsxORlO9kjbbN9LvtQ\"]}]}<\/script>\n<!-- \/ Yoast SEO plugin. -->","yoast_head_json":{"title":"Spinelle synth\u00e9tique royal bleu \u2013 Raffinement et \u00e9clat","description":"D\u00e9couvrez ce spinelle synth\u00e9tique royal bleu 1,30 mm, \u00e9clatant et homog\u00e8ne, id\u00e9al pour des cr\u00e9ations raffin\u00e9es.","robots":{"index":"index","follow":"follow","max-snippet":"max-snippet:-1","max-image-preview":"max-image-preview:large","max-video-preview":"max-video-preview:-1"},"canonical":"https:\/\/dalloz-stones.com\/fr\/produit\/royal-bleu-spin-bleu-fce-rond-130-mm\/","og_locale":"fr_FR","og_type":"article","og_title":"Spinelle synth\u00e9tique royal bleu \u2013 Raffinement et \u00e9clat","og_description":"D\u00e9couvrez ce spinelle synth\u00e9tique royal bleu 1,30 mm, \u00e9clatant et homog\u00e8ne, id\u00e9al pour des cr\u00e9ations raffin\u00e9es.","og_url":"https:\/\/dalloz-stones.com\/fr\/produit\/royal-bleu-spin-bleu-fce-rond-130-mm\/","og_site_name":"Dalloz stones &amp; rough","article_publisher":"https:\/\/www.facebook.com\/dalloz1917\/","article_modified_time":"2025-05-06T08:11:47+00:00","og_image":[{"width":2000,"height":2000,"url":"https:\/\/dalloz-stones.com\/app\/uploads\/2024\/12\/2BSPFR50130-P0LA_1.jpg","type":"image\/jpeg"}],"twitter_card":"summary_large_image","schema":{"@context":"https:\/\/schema.org","@graph":[{"@type":"WebPage","@id":"https:\/\/dalloz-stones.com\/fr\/produit\/royal-bleu-spin-bleu-fce-rond-130-mm\/","url":"https:\/\/dalloz-stones.com\/fr\/produit\/royal-bleu-spin-bleu-fce-rond-130-mm\/","name":"Spinelle synth\u00e9tique royal bleu \u2013 Raffinement et \u00e9clat","isPartOf":{"@id":"https:\/\/dalloz-stones.com\/fr\/#website"},"primaryImageOfPage":{"@id":"https:\/\/dalloz-stones.com\/fr\/produit\/royal-bleu-spin-bleu-fce-rond-130-mm\/#primaryimage"},"image":{"@id":"https:\/\/dalloz-stones.com\/fr\/produit\/royal-bleu-spin-bleu-fce-rond-130-mm\/#primaryimage"},"thumbnailUrl":"https:\/\/dalloz-stones.com\/app\/uploads\/2024\/12\/2BSPFR50130-P0LA_1.jpg","datePublished":"2024-12-16T17:57:31+00:00","dateModified":"2025-05-06T08:11:47+00:00","description":"D\u00e9couvrez ce spinelle synth\u00e9tique royal bleu 1,30 mm, \u00e9clatant et homog\u00e8ne, id\u00e9al pour des cr\u00e9ations raffin\u00e9es.","breadcrumb":{"@id":"https:\/\/dalloz-stones.com\/fr\/produit\/royal-bleu-spin-bleu-fce-rond-130-mm\/#breadcrumb"},"inLanguage":"fr-FR","potentialAction":[{"@type":"ReadAction","target":["https:\/\/dalloz-stones.com\/fr\/produit\/royal-bleu-spin-bleu-fce-rond-130-mm\/"]}]},{"@type":"ImageObject","inLanguage":"fr-FR","@id":"https:\/\/dalloz-stones.com\/fr\/produit\/royal-bleu-spin-bleu-fce-rond-130-mm\/#primaryimage","url":"https:\/\/dalloz-stones.com\/app\/uploads\/2024\/12\/2BSPFR50130-P0LA_1.jpg","contentUrl":"https:\/\/dalloz-stones.com\/app\/uploads\/2024\/12\/2BSPFR50130-P0LA_1.jpg","width":2000,"height":2000,"caption":"Royal Bleu (spin. bleu fc\u00e9) Rond - 1,30 mm"},{"@type":"BreadcrumbList","@id":"https:\/\/dalloz-stones.com\/fr\/produit\/royal-bleu-spin-bleu-fce-rond-130-mm\/#breadcrumb","itemListElement":[{"@type":"ListItem","position":1,"name":"Accueil","item":"https:\/\/dalloz-stones.com\/fr\/"},{"@type":"ListItem","position":2,"name":"Boutique","item":"https:\/\/dalloz-stones.com\/boutique\/"},{"@type":"ListItem","position":3,"name":"Spinelle Royal Bleu Rond &#8211; 1,30 mm"}]},{"@type":"WebSite","@id":"https:\/\/dalloz-stones.com\/fr\/#website","url":"https:\/\/dalloz-stones.com\/fr\/","name":"Dalloz stones &amp; rough","description":"","publisher":{"@id":"https:\/\/dalloz-stones.com\/fr\/#organization"},"potentialAction":[{"@type":"SearchAction","target":{"@type":"EntryPoint","urlTemplate":"https:\/\/dalloz-stones.com\/fr\/?s={search_term_string}"},"query-input":{"@type":"PropertyValueSpecification","valueRequired":true,"valueName":"search_term_string"}}],"inLanguage":"fr-FR"},{"@type":"Organization","@id":"https:\/\/dalloz-stones.com\/fr\/#organization","name":"Dalloz Stones & Rough","url":"https:\/\/dalloz-stones.com\/fr\/","logo":{"@type":"ImageObject","inLanguage":"fr-FR","@id":"https:\/\/dalloz-stones.com\/fr\/#\/schema\/logo\/image\/","url":"https:\/\/dalloz-stones.com\/app\/uploads\/2020\/11\/Dalloz_Mono_Vertsapin.png","contentUrl":"https:\/\/dalloz-stones.com\/app\/uploads\/2020\/11\/Dalloz_Mono_Vertsapin.png","width":1772,"height":1772,"caption":"Dalloz Stones & Rough"},"image":{"@id":"https:\/\/dalloz-stones.com\/fr\/#\/schema\/logo\/image\/"},"sameAs":["https:\/\/www.facebook.com\/dalloz1917\/","https:\/\/www.instagram.com\/dallozstones\/","https:\/\/www.linkedin.com\/company\/dalloz-stones-and-rough\/","https:\/\/www.youtube.com\/channel\/UC1mJnpsxORlO9kjbbN9LvtQ"]}]}},"_links":{"self":[{"href":"https:\/\/dalloz-stones.com\/fr\/wp-json\/wp\/v2\/product\/10345","targetHints":{"allow":["GET"]}}],"collection":[{"href":"https:\/\/dalloz-stones.com\/fr\/wp-json\/wp\/v2\/product"}],"about":[{"href":"https:\/\/dalloz-stones.com\/fr\/wp-json\/wp\/v2\/types\/product"}],"replies":[{"embeddable":true,"href":"https:\/\/dalloz-stones.com\/fr\/wp-json\/wp\/v2\/comments?post=10345"}],"wp:featuredmedia":[{"embeddable":true,"href":"https:\/\/dalloz-stones.com\/fr\/wp-json\/wp\/v2\/media\/10022"}],"wp:attachment":[{"href":"https:\/\/dalloz-stones.com\/fr\/wp-json\/wp\/v2\/media?parent=10345"}],"wp:term":[{"taxonomy":"product_brand","embeddable":true,"href":"https:\/\/dalloz-stones.com\/fr\/wp-json\/wp\/v2\/product_brand?post=10345"},{"taxonomy":"product_cat","embeddable":true,"href":"https:\/\/dalloz-stones.com\/fr\/wp-json\/wp\/v2\/product_cat?post=10345"},{"taxonomy":"product_tag","embeddable":true,"href":"https:\/\/dalloz-stones.com\/fr\/wp-json\/wp\/v2\/product_tag?post=10345"}],"curies":[{"name":"wp","href":"https:\/\/api.w.org\/{rel}","templated":true}]}}