{"id":10340,"date":"2024-12-16T18:57:31","date_gmt":"2024-12-16T17:57:31","guid":{"rendered":"https:\/\/dalloz-stones.com\/produit\/peridot-poire-500-x-300-mm\/"},"modified":"2025-12-06T19:12:45","modified_gmt":"2025-12-06T18:12:45","slug":"peridot-poire-500-x-300-mm","status":"publish","type":"product","link":"https:\/\/dalloz-stones.com\/fr\/produit\/peridot-poire-500-x-300-mm\/","title":{"rendered":"Spinelle P\u00e9ridot Poire  &#8211;  5,00 x 3,00 mm"},"content":{"rendered":"<p>Ce spinelle synth\u00e9tique en forme de poire, d\u2019une teinte p\u00e9ridot, mesure 5,00 mm x 3,00 mm et pr\u00e9sente une tol\u00e9rance dimensionnelle de +\/- 0,30 mm. Bien que certaines pierres affichent des facettes non polies et des fils de polissage, ce lot conserve son utilit\u00e9 pour des projets \u00e0 budget limit\u00e9. Avec un \u00e9clat mod\u00e9r\u00e9 et une fabrication \u00e9co-responsable, le brut a \u00e9t\u00e9 produit en France (R.S.A.) \u00e0 partir d\u2019\u00e9nergie renouvelable et taill\u00e9 localement, offrant un choix \u00e9conomique et responsable pour vos cr\u00e9ations.<\/p>\n","protected":false},"excerpt":{"rendered":"<p>Ce spinelle synth\u00e9tique en forme de poire, d\u2019une teinte p\u00e9ridot, mesure 5,00 mm x 3,00 mm et pr\u00e9sente une tol\u00e9rance dimensionnelle de +\/- 0,30 mm. Bien que certaines pierres affichent des facettes non polies et des fils de polissage, ce lot conserve son utilit\u00e9 pour des projets \u00e0 budget limit\u00e9. Avec un \u00e9clat mod\u00e9r\u00e9 et une fabrication \u00e9co-responsable, le brut a \u00e9t\u00e9 produit en France (R.S.A.) \u00e0 partir d\u2019\u00e9nergie renouvelable et taill\u00e9 localement, offrant un choix \u00e9conomique et responsable pour vos cr\u00e9ations.<\/p>\n","protected":false},"featured_media":10012,"comment_status":"closed","ping_status":"closed","template":"","meta":{"_acf_changed":false,"content-type":""},"product_brand":[],"product_cat":[133],"product_tag":[],"class_list":{"0":"post-10340","1":"product","2":"type-product","3":"status-publish","4":"has-post-thumbnail","6":"product_cat-non-classifiee","7":"pa_color-vert","8":"pa_eco-grandit-143","9":"pa_material-spinelle-synthetique-fr","10":"pa_origine-du-brut-france-r-s-a","11":"pa_shape-poire","12":"pa_stone-colour-peridot","13":"pa_stone-shape-poire","14":"pa_stone-type-synthetique-fr","16":"first","17":"instock","18":"taxable","19":"shipping-taxable","20":"purchasable","21":"product-type-simple"},"acf":[],"yoast_head":"<!-- This site is optimized with the Yoast SEO plugin v26.9 - https:\/\/yoast.com\/product\/yoast-seo-wordpress\/ -->\n<title>Spinelle synth\u00e9tique p\u00e9ridot \u2013 Alternative \u00e9conomique<\/title>\n<meta name=\"description\" content=\"Ajoutez une touche de fra\u00eecheur \u00e0 vos cr\u00e9ations avec ce spinelle synth\u00e9tique p\u00e9ridot en taille poire, \u00e9conomique et lumineux.\" \/>\n<meta name=\"robots\" content=\"index, follow, max-snippet:-1, max-image-preview:large, max-video-preview:-1\" \/>\n<link rel=\"canonical\" href=\"https:\/\/dalloz-stones.com\/fr\/produit\/peridot-poire-500-x-300-mm\/\" \/>\n<meta property=\"og:locale\" content=\"fr_FR\" \/>\n<meta property=\"og:type\" content=\"article\" \/>\n<meta property=\"og:title\" content=\"Spinelle synth\u00e9tique p\u00e9ridot \u2013 Alternative \u00e9conomique\" \/>\n<meta property=\"og:description\" content=\"Ajoutez une touche de fra\u00eecheur \u00e0 vos cr\u00e9ations avec ce spinelle synth\u00e9tique p\u00e9ridot en taille poire, \u00e9conomique et lumineux.\" \/>\n<meta property=\"og:url\" content=\"https:\/\/dalloz-stones.com\/fr\/produit\/peridot-poire-500-x-300-mm\/\" \/>\n<meta property=\"og:site_name\" content=\"Dalloz stones &amp; rough\" \/>\n<meta property=\"article:publisher\" content=\"https:\/\/www.facebook.com\/dalloz1917\/\" \/>\n<meta property=\"article:modified_time\" content=\"2025-12-06T18:12:45+00:00\" \/>\n<meta property=\"og:image\" content=\"https:\/\/dalloz-stones.com\/app\/uploads\/2024\/12\/2PERIP50500DA-Q1RA_1-1024x1024.jpg\" \/>\n\t<meta property=\"og:image:width\" content=\"1024\" \/>\n\t<meta property=\"og:image:height\" content=\"1024\" \/>\n\t<meta property=\"og:image:type\" content=\"image\/jpeg\" \/>\n<meta name=\"twitter:card\" content=\"summary_large_image\" \/>\n<script type=\"application\/ld+json\" class=\"yoast-schema-graph\">{\"@context\":\"https:\/\/schema.org\",\"@graph\":[{\"@type\":\"WebPage\",\"@id\":\"https:\/\/dalloz-stones.com\/fr\/produit\/peridot-poire-500-x-300-mm\/\",\"url\":\"https:\/\/dalloz-stones.com\/fr\/produit\/peridot-poire-500-x-300-mm\/\",\"name\":\"Spinelle synth\u00e9tique p\u00e9ridot \u2013 Alternative \u00e9conomique\",\"isPartOf\":{\"@id\":\"https:\/\/dalloz-stones.com\/fr\/#website\"},\"primaryImageOfPage\":{\"@id\":\"https:\/\/dalloz-stones.com\/fr\/produit\/peridot-poire-500-x-300-mm\/#primaryimage\"},\"image\":{\"@id\":\"https:\/\/dalloz-stones.com\/fr\/produit\/peridot-poire-500-x-300-mm\/#primaryimage\"},\"thumbnailUrl\":\"https:\/\/dalloz-stones.com\/app\/uploads\/2024\/12\/2PERIP50500DA-Q1RA_1.jpg\",\"datePublished\":\"2024-12-16T17:57:31+00:00\",\"dateModified\":\"2025-12-06T18:12:45+00:00\",\"description\":\"Ajoutez une touche de fra\u00eecheur \u00e0 vos cr\u00e9ations avec ce spinelle synth\u00e9tique p\u00e9ridot en taille poire, \u00e9conomique et lumineux.\",\"breadcrumb\":{\"@id\":\"https:\/\/dalloz-stones.com\/fr\/produit\/peridot-poire-500-x-300-mm\/#breadcrumb\"},\"inLanguage\":\"fr-FR\",\"potentialAction\":[{\"@type\":\"ReadAction\",\"target\":[\"https:\/\/dalloz-stones.com\/fr\/produit\/peridot-poire-500-x-300-mm\/\"]}]},{\"@type\":\"ImageObject\",\"inLanguage\":\"fr-FR\",\"@id\":\"https:\/\/dalloz-stones.com\/fr\/produit\/peridot-poire-500-x-300-mm\/#primaryimage\",\"url\":\"https:\/\/dalloz-stones.com\/app\/uploads\/2024\/12\/2PERIP50500DA-Q1RA_1.jpg\",\"contentUrl\":\"https:\/\/dalloz-stones.com\/app\/uploads\/2024\/12\/2PERIP50500DA-Q1RA_1.jpg\",\"width\":2000,\"height\":2000,\"caption\":\"P\u00e9ridot Poire - 5,00 x 3,00 mm\"},{\"@type\":\"BreadcrumbList\",\"@id\":\"https:\/\/dalloz-stones.com\/fr\/produit\/peridot-poire-500-x-300-mm\/#breadcrumb\",\"itemListElement\":[{\"@type\":\"ListItem\",\"position\":1,\"name\":\"Accueil\",\"item\":\"https:\/\/dalloz-stones.com\/fr\/\"},{\"@type\":\"ListItem\",\"position\":2,\"name\":\"Boutique\",\"item\":\"https:\/\/dalloz-stones.com\/boutique\/\"},{\"@type\":\"ListItem\",\"position\":3,\"name\":\"Spinelle P\u00e9ridot Poire &#8211; 5,00 x 3,00 mm\"}]},{\"@type\":\"WebSite\",\"@id\":\"https:\/\/dalloz-stones.com\/fr\/#website\",\"url\":\"https:\/\/dalloz-stones.com\/fr\/\",\"name\":\"Dalloz stones &amp; rough\",\"description\":\"\",\"publisher\":{\"@id\":\"https:\/\/dalloz-stones.com\/fr\/#organization\"},\"potentialAction\":[{\"@type\":\"SearchAction\",\"target\":{\"@type\":\"EntryPoint\",\"urlTemplate\":\"https:\/\/dalloz-stones.com\/fr\/?s={search_term_string}\"},\"query-input\":{\"@type\":\"PropertyValueSpecification\",\"valueRequired\":true,\"valueName\":\"search_term_string\"}}],\"inLanguage\":\"fr-FR\"},{\"@type\":\"Organization\",\"@id\":\"https:\/\/dalloz-stones.com\/fr\/#organization\",\"name\":\"Dalloz Stones & Rough\",\"url\":\"https:\/\/dalloz-stones.com\/fr\/\",\"logo\":{\"@type\":\"ImageObject\",\"inLanguage\":\"fr-FR\",\"@id\":\"https:\/\/dalloz-stones.com\/fr\/#\/schema\/logo\/image\/\",\"url\":\"https:\/\/dalloz-stones.com\/app\/uploads\/2020\/11\/Dalloz_Mono_Vertsapin.png\",\"contentUrl\":\"https:\/\/dalloz-stones.com\/app\/uploads\/2020\/11\/Dalloz_Mono_Vertsapin.png\",\"width\":1772,\"height\":1772,\"caption\":\"Dalloz Stones & Rough\"},\"image\":{\"@id\":\"https:\/\/dalloz-stones.com\/fr\/#\/schema\/logo\/image\/\"},\"sameAs\":[\"https:\/\/www.facebook.com\/dalloz1917\/\",\"https:\/\/www.instagram.com\/dallozstones\/\",\"https:\/\/www.linkedin.com\/company\/dalloz-stones-and-rough\/\",\"https:\/\/www.youtube.com\/channel\/UC1mJnpsxORlO9kjbbN9LvtQ\"]}]}<\/script>\n<!-- \/ Yoast SEO plugin. -->","yoast_head_json":{"title":"Spinelle synth\u00e9tique p\u00e9ridot \u2013 Alternative \u00e9conomique","description":"Ajoutez une touche de fra\u00eecheur \u00e0 vos cr\u00e9ations avec ce spinelle synth\u00e9tique p\u00e9ridot en taille poire, \u00e9conomique et lumineux.","robots":{"index":"index","follow":"follow","max-snippet":"max-snippet:-1","max-image-preview":"max-image-preview:large","max-video-preview":"max-video-preview:-1"},"canonical":"https:\/\/dalloz-stones.com\/fr\/produit\/peridot-poire-500-x-300-mm\/","og_locale":"fr_FR","og_type":"article","og_title":"Spinelle synth\u00e9tique p\u00e9ridot \u2013 Alternative \u00e9conomique","og_description":"Ajoutez une touche de fra\u00eecheur \u00e0 vos cr\u00e9ations avec ce spinelle synth\u00e9tique p\u00e9ridot en taille poire, \u00e9conomique et lumineux.","og_url":"https:\/\/dalloz-stones.com\/fr\/produit\/peridot-poire-500-x-300-mm\/","og_site_name":"Dalloz stones &amp; rough","article_publisher":"https:\/\/www.facebook.com\/dalloz1917\/","article_modified_time":"2025-12-06T18:12:45+00:00","og_image":[{"width":1024,"height":1024,"url":"https:\/\/dalloz-stones.com\/app\/uploads\/2024\/12\/2PERIP50500DA-Q1RA_1-1024x1024.jpg","type":"image\/jpeg"}],"twitter_card":"summary_large_image","schema":{"@context":"https:\/\/schema.org","@graph":[{"@type":"WebPage","@id":"https:\/\/dalloz-stones.com\/fr\/produit\/peridot-poire-500-x-300-mm\/","url":"https:\/\/dalloz-stones.com\/fr\/produit\/peridot-poire-500-x-300-mm\/","name":"Spinelle synth\u00e9tique p\u00e9ridot \u2013 Alternative \u00e9conomique","isPartOf":{"@id":"https:\/\/dalloz-stones.com\/fr\/#website"},"primaryImageOfPage":{"@id":"https:\/\/dalloz-stones.com\/fr\/produit\/peridot-poire-500-x-300-mm\/#primaryimage"},"image":{"@id":"https:\/\/dalloz-stones.com\/fr\/produit\/peridot-poire-500-x-300-mm\/#primaryimage"},"thumbnailUrl":"https:\/\/dalloz-stones.com\/app\/uploads\/2024\/12\/2PERIP50500DA-Q1RA_1.jpg","datePublished":"2024-12-16T17:57:31+00:00","dateModified":"2025-12-06T18:12:45+00:00","description":"Ajoutez une touche de fra\u00eecheur \u00e0 vos cr\u00e9ations avec ce spinelle synth\u00e9tique p\u00e9ridot en taille poire, \u00e9conomique et lumineux.","breadcrumb":{"@id":"https:\/\/dalloz-stones.com\/fr\/produit\/peridot-poire-500-x-300-mm\/#breadcrumb"},"inLanguage":"fr-FR","potentialAction":[{"@type":"ReadAction","target":["https:\/\/dalloz-stones.com\/fr\/produit\/peridot-poire-500-x-300-mm\/"]}]},{"@type":"ImageObject","inLanguage":"fr-FR","@id":"https:\/\/dalloz-stones.com\/fr\/produit\/peridot-poire-500-x-300-mm\/#primaryimage","url":"https:\/\/dalloz-stones.com\/app\/uploads\/2024\/12\/2PERIP50500DA-Q1RA_1.jpg","contentUrl":"https:\/\/dalloz-stones.com\/app\/uploads\/2024\/12\/2PERIP50500DA-Q1RA_1.jpg","width":2000,"height":2000,"caption":"P\u00e9ridot Poire - 5,00 x 3,00 mm"},{"@type":"BreadcrumbList","@id":"https:\/\/dalloz-stones.com\/fr\/produit\/peridot-poire-500-x-300-mm\/#breadcrumb","itemListElement":[{"@type":"ListItem","position":1,"name":"Accueil","item":"https:\/\/dalloz-stones.com\/fr\/"},{"@type":"ListItem","position":2,"name":"Boutique","item":"https:\/\/dalloz-stones.com\/boutique\/"},{"@type":"ListItem","position":3,"name":"Spinelle P\u00e9ridot Poire &#8211; 5,00 x 3,00 mm"}]},{"@type":"WebSite","@id":"https:\/\/dalloz-stones.com\/fr\/#website","url":"https:\/\/dalloz-stones.com\/fr\/","name":"Dalloz stones &amp; rough","description":"","publisher":{"@id":"https:\/\/dalloz-stones.com\/fr\/#organization"},"potentialAction":[{"@type":"SearchAction","target":{"@type":"EntryPoint","urlTemplate":"https:\/\/dalloz-stones.com\/fr\/?s={search_term_string}"},"query-input":{"@type":"PropertyValueSpecification","valueRequired":true,"valueName":"search_term_string"}}],"inLanguage":"fr-FR"},{"@type":"Organization","@id":"https:\/\/dalloz-stones.com\/fr\/#organization","name":"Dalloz Stones & Rough","url":"https:\/\/dalloz-stones.com\/fr\/","logo":{"@type":"ImageObject","inLanguage":"fr-FR","@id":"https:\/\/dalloz-stones.com\/fr\/#\/schema\/logo\/image\/","url":"https:\/\/dalloz-stones.com\/app\/uploads\/2020\/11\/Dalloz_Mono_Vertsapin.png","contentUrl":"https:\/\/dalloz-stones.com\/app\/uploads\/2020\/11\/Dalloz_Mono_Vertsapin.png","width":1772,"height":1772,"caption":"Dalloz Stones & Rough"},"image":{"@id":"https:\/\/dalloz-stones.com\/fr\/#\/schema\/logo\/image\/"},"sameAs":["https:\/\/www.facebook.com\/dalloz1917\/","https:\/\/www.instagram.com\/dallozstones\/","https:\/\/www.linkedin.com\/company\/dalloz-stones-and-rough\/","https:\/\/www.youtube.com\/channel\/UC1mJnpsxORlO9kjbbN9LvtQ"]}]}},"_links":{"self":[{"href":"https:\/\/dalloz-stones.com\/fr\/wp-json\/wp\/v2\/product\/10340","targetHints":{"allow":["GET"]}}],"collection":[{"href":"https:\/\/dalloz-stones.com\/fr\/wp-json\/wp\/v2\/product"}],"about":[{"href":"https:\/\/dalloz-stones.com\/fr\/wp-json\/wp\/v2\/types\/product"}],"replies":[{"embeddable":true,"href":"https:\/\/dalloz-stones.com\/fr\/wp-json\/wp\/v2\/comments?post=10340"}],"wp:featuredmedia":[{"embeddable":true,"href":"https:\/\/dalloz-stones.com\/fr\/wp-json\/wp\/v2\/media\/10012"}],"wp:attachment":[{"href":"https:\/\/dalloz-stones.com\/fr\/wp-json\/wp\/v2\/media?parent=10340"}],"wp:term":[{"taxonomy":"product_brand","embeddable":true,"href":"https:\/\/dalloz-stones.com\/fr\/wp-json\/wp\/v2\/product_brand?post=10340"},{"taxonomy":"product_cat","embeddable":true,"href":"https:\/\/dalloz-stones.com\/fr\/wp-json\/wp\/v2\/product_cat?post=10340"},{"taxonomy":"product_tag","embeddable":true,"href":"https:\/\/dalloz-stones.com\/fr\/wp-json\/wp\/v2\/product_tag?post=10340"}],"curies":[{"name":"wp","href":"https:\/\/api.w.org\/{rel}","templated":true}]}}