{"id":10339,"date":"2024-12-16T18:57:31","date_gmt":"2024-12-16T17:57:31","guid":{"rendered":"https:\/\/dalloz-stones.com\/produit\/peridot-ovale-facet-500-x-300-mm\/"},"modified":"2025-05-06T10:12:34","modified_gmt":"2025-05-06T08:12:34","slug":"peridot-ovale-facet-500-x-300-mm","status":"publish","type":"product","link":"https:\/\/dalloz-stones.com\/fr\/produit\/peridot-ovale-facet-500-x-300-mm\/","title":{"rendered":"Spinelle P\u00e9ridot Ovale Facet  &#8211;  5,00 x 3,00 mm"},"content":{"rendered":"<p>Ce spinelle synth\u00e9tique de couleur p\u00e9ridot, taill\u00e9 en ovale facet de 5,00 mm x 3,00 mm, pr\u00e9sente des facettes ray\u00e9es et des bords non polis, appel\u00e9s \u00ab gris \u00bb. Avec un \u00e9clat moyen et une tol\u00e9rance dimensionnelle de +\/- 0,20 mm, cette pierre est propos\u00e9e \u00e0 petit prix, id\u00e9ale pour des projets n\u00e9cessitant des mat\u00e9riaux \u00e9conomiques. Produit \u00e0 partir d\u2019un brut fabriqu\u00e9 en France (R.S.A.) \u00e0 l\u2019aide d\u2019\u00e9nergie renouvelable et taill\u00e9 localement, ce spinelle allie une production responsable et une accessibilit\u00e9 adapt\u00e9e aux budgets limit\u00e9s.<\/p>\n","protected":false},"excerpt":{"rendered":"<p>Ce spinelle synth\u00e9tique de couleur p\u00e9ridot, taill\u00e9 en ovale facet de 5,00 mm x 3,00 mm, pr\u00e9sente des facettes ray\u00e9es et des bords non polis, appel\u00e9s \u00ab gris \u00bb. Avec un \u00e9clat moyen et une tol\u00e9rance dimensionnelle de +\/- 0,20 mm, cette pierre est propos\u00e9e \u00e0 petit prix, id\u00e9ale pour des projets n\u00e9cessitant des mat\u00e9riaux \u00e9conomiques. Produit \u00e0 partir d\u2019un brut fabriqu\u00e9 en France (R.S.A.) \u00e0 l\u2019aide d\u2019\u00e9nergie renouvelable et taill\u00e9 localement, ce spinelle allie une production responsable et une accessibilit\u00e9 adapt\u00e9e aux budgets limit\u00e9s.<\/p>\n","protected":false},"featured_media":10010,"comment_status":"closed","ping_status":"closed","template":"","meta":{"_acf_changed":false,"content-type":""},"product_brand":[],"product_cat":[133],"product_tag":[],"class_list":{"0":"post-10339","1":"product","2":"type-product","3":"status-publish","4":"has-post-thumbnail","6":"product_cat-non-classifiee","7":"pa_color-vert","8":"pa_eco-grandit-143","9":"pa_material-spinelle-synthetique-fr","10":"pa_origine-du-brut-france-r-s-a","11":"pa_shape-ovale","12":"pa_stone-colour-peridot","13":"pa_stone-shape-ovale-facet","14":"pa_stone-type-synthetique-fr","16":"first","17":"instock","18":"taxable","19":"shipping-taxable","20":"purchasable","21":"product-type-simple"},"acf":[],"yoast_head":"<!-- This site is optimized with the Yoast SEO plugin v26.9 - https:\/\/yoast.com\/product\/yoast-seo-wordpress\/ -->\n<title>Spinelle synth\u00e9tique p\u00e9ridot \u2013 \u00c9clat accessible<\/title>\n<meta name=\"description\" content=\"Ce spinelle synth\u00e9tique p\u00e9ridot ovale est id\u00e9al pour des cr\u00e9ations \u00e9conomiques avec une teinte \u00e9clatante.\" \/>\n<meta name=\"robots\" content=\"index, follow, max-snippet:-1, max-image-preview:large, max-video-preview:-1\" \/>\n<link rel=\"canonical\" href=\"https:\/\/dalloz-stones.com\/fr\/produit\/peridot-ovale-facet-500-x-300-mm\/\" \/>\n<meta property=\"og:locale\" content=\"fr_FR\" \/>\n<meta property=\"og:type\" content=\"article\" \/>\n<meta property=\"og:title\" content=\"Spinelle synth\u00e9tique p\u00e9ridot \u2013 \u00c9clat accessible\" \/>\n<meta property=\"og:description\" content=\"Ce spinelle synth\u00e9tique p\u00e9ridot ovale est id\u00e9al pour des cr\u00e9ations \u00e9conomiques avec une teinte \u00e9clatante.\" \/>\n<meta property=\"og:url\" content=\"https:\/\/dalloz-stones.com\/fr\/produit\/peridot-ovale-facet-500-x-300-mm\/\" \/>\n<meta property=\"og:site_name\" content=\"Dalloz stones &amp; rough\" \/>\n<meta property=\"article:publisher\" content=\"https:\/\/www.facebook.com\/dalloz1917\/\" \/>\n<meta property=\"article:modified_time\" content=\"2025-05-06T08:12:34+00:00\" \/>\n<meta property=\"og:image\" content=\"https:\/\/dalloz-stones.com\/app\/uploads\/2024\/12\/2PERID50500DA-Q1KI_1-1024x1024.jpg\" \/>\n\t<meta property=\"og:image:width\" content=\"1024\" \/>\n\t<meta property=\"og:image:height\" content=\"1024\" \/>\n\t<meta property=\"og:image:type\" content=\"image\/jpeg\" \/>\n<meta name=\"twitter:card\" content=\"summary_large_image\" \/>\n<script type=\"application\/ld+json\" class=\"yoast-schema-graph\">{\"@context\":\"https:\/\/schema.org\",\"@graph\":[{\"@type\":\"WebPage\",\"@id\":\"https:\/\/dalloz-stones.com\/fr\/produit\/peridot-ovale-facet-500-x-300-mm\/\",\"url\":\"https:\/\/dalloz-stones.com\/fr\/produit\/peridot-ovale-facet-500-x-300-mm\/\",\"name\":\"Spinelle synth\u00e9tique p\u00e9ridot \u2013 \u00c9clat accessible\",\"isPartOf\":{\"@id\":\"https:\/\/dalloz-stones.com\/fr\/#website\"},\"primaryImageOfPage\":{\"@id\":\"https:\/\/dalloz-stones.com\/fr\/produit\/peridot-ovale-facet-500-x-300-mm\/#primaryimage\"},\"image\":{\"@id\":\"https:\/\/dalloz-stones.com\/fr\/produit\/peridot-ovale-facet-500-x-300-mm\/#primaryimage\"},\"thumbnailUrl\":\"https:\/\/dalloz-stones.com\/app\/uploads\/2024\/12\/2PERID50500DA-Q1KI_1.jpg\",\"datePublished\":\"2024-12-16T17:57:31+00:00\",\"dateModified\":\"2025-05-06T08:12:34+00:00\",\"description\":\"Ce spinelle synth\u00e9tique p\u00e9ridot ovale est id\u00e9al pour des cr\u00e9ations \u00e9conomiques avec une teinte \u00e9clatante.\",\"breadcrumb\":{\"@id\":\"https:\/\/dalloz-stones.com\/fr\/produit\/peridot-ovale-facet-500-x-300-mm\/#breadcrumb\"},\"inLanguage\":\"fr-FR\",\"potentialAction\":[{\"@type\":\"ReadAction\",\"target\":[\"https:\/\/dalloz-stones.com\/fr\/produit\/peridot-ovale-facet-500-x-300-mm\/\"]}]},{\"@type\":\"ImageObject\",\"inLanguage\":\"fr-FR\",\"@id\":\"https:\/\/dalloz-stones.com\/fr\/produit\/peridot-ovale-facet-500-x-300-mm\/#primaryimage\",\"url\":\"https:\/\/dalloz-stones.com\/app\/uploads\/2024\/12\/2PERID50500DA-Q1KI_1.jpg\",\"contentUrl\":\"https:\/\/dalloz-stones.com\/app\/uploads\/2024\/12\/2PERID50500DA-Q1KI_1.jpg\",\"width\":2000,\"height\":2000,\"caption\":\"P\u00e9ridot Ovale Facet - 5,00 x 3,00 mm\"},{\"@type\":\"BreadcrumbList\",\"@id\":\"https:\/\/dalloz-stones.com\/fr\/produit\/peridot-ovale-facet-500-x-300-mm\/#breadcrumb\",\"itemListElement\":[{\"@type\":\"ListItem\",\"position\":1,\"name\":\"Accueil\",\"item\":\"https:\/\/dalloz-stones.com\/fr\/\"},{\"@type\":\"ListItem\",\"position\":2,\"name\":\"Boutique\",\"item\":\"https:\/\/dalloz-stones.com\/boutique\/\"},{\"@type\":\"ListItem\",\"position\":3,\"name\":\"Spinelle P\u00e9ridot Ovale Facet &#8211; 5,00 x 3,00 mm\"}]},{\"@type\":\"WebSite\",\"@id\":\"https:\/\/dalloz-stones.com\/fr\/#website\",\"url\":\"https:\/\/dalloz-stones.com\/fr\/\",\"name\":\"Dalloz stones &amp; rough\",\"description\":\"\",\"publisher\":{\"@id\":\"https:\/\/dalloz-stones.com\/fr\/#organization\"},\"potentialAction\":[{\"@type\":\"SearchAction\",\"target\":{\"@type\":\"EntryPoint\",\"urlTemplate\":\"https:\/\/dalloz-stones.com\/fr\/?s={search_term_string}\"},\"query-input\":{\"@type\":\"PropertyValueSpecification\",\"valueRequired\":true,\"valueName\":\"search_term_string\"}}],\"inLanguage\":\"fr-FR\"},{\"@type\":\"Organization\",\"@id\":\"https:\/\/dalloz-stones.com\/fr\/#organization\",\"name\":\"Dalloz Stones & Rough\",\"url\":\"https:\/\/dalloz-stones.com\/fr\/\",\"logo\":{\"@type\":\"ImageObject\",\"inLanguage\":\"fr-FR\",\"@id\":\"https:\/\/dalloz-stones.com\/fr\/#\/schema\/logo\/image\/\",\"url\":\"https:\/\/dalloz-stones.com\/app\/uploads\/2020\/11\/Dalloz_Mono_Vertsapin.png\",\"contentUrl\":\"https:\/\/dalloz-stones.com\/app\/uploads\/2020\/11\/Dalloz_Mono_Vertsapin.png\",\"width\":1772,\"height\":1772,\"caption\":\"Dalloz Stones & Rough\"},\"image\":{\"@id\":\"https:\/\/dalloz-stones.com\/fr\/#\/schema\/logo\/image\/\"},\"sameAs\":[\"https:\/\/www.facebook.com\/dalloz1917\/\",\"https:\/\/www.instagram.com\/dallozstones\/\",\"https:\/\/www.linkedin.com\/company\/dalloz-stones-and-rough\/\",\"https:\/\/www.youtube.com\/channel\/UC1mJnpsxORlO9kjbbN9LvtQ\"]}]}<\/script>\n<!-- \/ Yoast SEO plugin. -->","yoast_head_json":{"title":"Spinelle synth\u00e9tique p\u00e9ridot \u2013 \u00c9clat accessible","description":"Ce spinelle synth\u00e9tique p\u00e9ridot ovale est id\u00e9al pour des cr\u00e9ations \u00e9conomiques avec une teinte \u00e9clatante.","robots":{"index":"index","follow":"follow","max-snippet":"max-snippet:-1","max-image-preview":"max-image-preview:large","max-video-preview":"max-video-preview:-1"},"canonical":"https:\/\/dalloz-stones.com\/fr\/produit\/peridot-ovale-facet-500-x-300-mm\/","og_locale":"fr_FR","og_type":"article","og_title":"Spinelle synth\u00e9tique p\u00e9ridot \u2013 \u00c9clat accessible","og_description":"Ce spinelle synth\u00e9tique p\u00e9ridot ovale est id\u00e9al pour des cr\u00e9ations \u00e9conomiques avec une teinte \u00e9clatante.","og_url":"https:\/\/dalloz-stones.com\/fr\/produit\/peridot-ovale-facet-500-x-300-mm\/","og_site_name":"Dalloz stones &amp; rough","article_publisher":"https:\/\/www.facebook.com\/dalloz1917\/","article_modified_time":"2025-05-06T08:12:34+00:00","og_image":[{"width":1024,"height":1024,"url":"https:\/\/dalloz-stones.com\/app\/uploads\/2024\/12\/2PERID50500DA-Q1KI_1-1024x1024.jpg","type":"image\/jpeg"}],"twitter_card":"summary_large_image","schema":{"@context":"https:\/\/schema.org","@graph":[{"@type":"WebPage","@id":"https:\/\/dalloz-stones.com\/fr\/produit\/peridot-ovale-facet-500-x-300-mm\/","url":"https:\/\/dalloz-stones.com\/fr\/produit\/peridot-ovale-facet-500-x-300-mm\/","name":"Spinelle synth\u00e9tique p\u00e9ridot \u2013 \u00c9clat accessible","isPartOf":{"@id":"https:\/\/dalloz-stones.com\/fr\/#website"},"primaryImageOfPage":{"@id":"https:\/\/dalloz-stones.com\/fr\/produit\/peridot-ovale-facet-500-x-300-mm\/#primaryimage"},"image":{"@id":"https:\/\/dalloz-stones.com\/fr\/produit\/peridot-ovale-facet-500-x-300-mm\/#primaryimage"},"thumbnailUrl":"https:\/\/dalloz-stones.com\/app\/uploads\/2024\/12\/2PERID50500DA-Q1KI_1.jpg","datePublished":"2024-12-16T17:57:31+00:00","dateModified":"2025-05-06T08:12:34+00:00","description":"Ce spinelle synth\u00e9tique p\u00e9ridot ovale est id\u00e9al pour des cr\u00e9ations \u00e9conomiques avec une teinte \u00e9clatante.","breadcrumb":{"@id":"https:\/\/dalloz-stones.com\/fr\/produit\/peridot-ovale-facet-500-x-300-mm\/#breadcrumb"},"inLanguage":"fr-FR","potentialAction":[{"@type":"ReadAction","target":["https:\/\/dalloz-stones.com\/fr\/produit\/peridot-ovale-facet-500-x-300-mm\/"]}]},{"@type":"ImageObject","inLanguage":"fr-FR","@id":"https:\/\/dalloz-stones.com\/fr\/produit\/peridot-ovale-facet-500-x-300-mm\/#primaryimage","url":"https:\/\/dalloz-stones.com\/app\/uploads\/2024\/12\/2PERID50500DA-Q1KI_1.jpg","contentUrl":"https:\/\/dalloz-stones.com\/app\/uploads\/2024\/12\/2PERID50500DA-Q1KI_1.jpg","width":2000,"height":2000,"caption":"P\u00e9ridot Ovale Facet - 5,00 x 3,00 mm"},{"@type":"BreadcrumbList","@id":"https:\/\/dalloz-stones.com\/fr\/produit\/peridot-ovale-facet-500-x-300-mm\/#breadcrumb","itemListElement":[{"@type":"ListItem","position":1,"name":"Accueil","item":"https:\/\/dalloz-stones.com\/fr\/"},{"@type":"ListItem","position":2,"name":"Boutique","item":"https:\/\/dalloz-stones.com\/boutique\/"},{"@type":"ListItem","position":3,"name":"Spinelle P\u00e9ridot Ovale Facet &#8211; 5,00 x 3,00 mm"}]},{"@type":"WebSite","@id":"https:\/\/dalloz-stones.com\/fr\/#website","url":"https:\/\/dalloz-stones.com\/fr\/","name":"Dalloz stones &amp; rough","description":"","publisher":{"@id":"https:\/\/dalloz-stones.com\/fr\/#organization"},"potentialAction":[{"@type":"SearchAction","target":{"@type":"EntryPoint","urlTemplate":"https:\/\/dalloz-stones.com\/fr\/?s={search_term_string}"},"query-input":{"@type":"PropertyValueSpecification","valueRequired":true,"valueName":"search_term_string"}}],"inLanguage":"fr-FR"},{"@type":"Organization","@id":"https:\/\/dalloz-stones.com\/fr\/#organization","name":"Dalloz Stones & Rough","url":"https:\/\/dalloz-stones.com\/fr\/","logo":{"@type":"ImageObject","inLanguage":"fr-FR","@id":"https:\/\/dalloz-stones.com\/fr\/#\/schema\/logo\/image\/","url":"https:\/\/dalloz-stones.com\/app\/uploads\/2020\/11\/Dalloz_Mono_Vertsapin.png","contentUrl":"https:\/\/dalloz-stones.com\/app\/uploads\/2020\/11\/Dalloz_Mono_Vertsapin.png","width":1772,"height":1772,"caption":"Dalloz Stones & Rough"},"image":{"@id":"https:\/\/dalloz-stones.com\/fr\/#\/schema\/logo\/image\/"},"sameAs":["https:\/\/www.facebook.com\/dalloz1917\/","https:\/\/www.instagram.com\/dallozstones\/","https:\/\/www.linkedin.com\/company\/dalloz-stones-and-rough\/","https:\/\/www.youtube.com\/channel\/UC1mJnpsxORlO9kjbbN9LvtQ"]}]}},"_links":{"self":[{"href":"https:\/\/dalloz-stones.com\/fr\/wp-json\/wp\/v2\/product\/10339","targetHints":{"allow":["GET"]}}],"collection":[{"href":"https:\/\/dalloz-stones.com\/fr\/wp-json\/wp\/v2\/product"}],"about":[{"href":"https:\/\/dalloz-stones.com\/fr\/wp-json\/wp\/v2\/types\/product"}],"replies":[{"embeddable":true,"href":"https:\/\/dalloz-stones.com\/fr\/wp-json\/wp\/v2\/comments?post=10339"}],"wp:featuredmedia":[{"embeddable":true,"href":"https:\/\/dalloz-stones.com\/fr\/wp-json\/wp\/v2\/media\/10010"}],"wp:attachment":[{"href":"https:\/\/dalloz-stones.com\/fr\/wp-json\/wp\/v2\/media?parent=10339"}],"wp:term":[{"taxonomy":"product_brand","embeddable":true,"href":"https:\/\/dalloz-stones.com\/fr\/wp-json\/wp\/v2\/product_brand?post=10339"},{"taxonomy":"product_cat","embeddable":true,"href":"https:\/\/dalloz-stones.com\/fr\/wp-json\/wp\/v2\/product_cat?post=10339"},{"taxonomy":"product_tag","embeddable":true,"href":"https:\/\/dalloz-stones.com\/fr\/wp-json\/wp\/v2\/product_tag?post=10339"}],"curies":[{"name":"wp","href":"https:\/\/api.w.org\/{rel}","templated":true}]}}