{"id":10333,"date":"2024-12-16T18:57:21","date_gmt":"2024-12-16T17:57:21","guid":{"rendered":"https:\/\/dalloz-stones.com\/produit\/damburite-foncee-rond-245-mm\/"},"modified":"2025-04-24T18:21:49","modified_gmt":"2025-04-24T16:21:49","slug":"damburite-foncee-rond-245-mm","status":"publish","type":"product","link":"https:\/\/dalloz-stones.com\/fr\/produit\/damburite-foncee-rond-245-mm\/","title":{"rendered":"Damburite fonc\u00e9e Rond  &#8211;  2,45 mm"},"content":{"rendered":"<p>Ce corindon synth\u00e9tique, d\u2019une \u00e9l\u00e9gante couleur damburite fonc\u00e9e, est taill\u00e9 en rond de 2,45 mm avec 41 facettes, offrant un bel \u00e9clat et une grande pr\u00e9cision. Sa tr\u00e8s bonne tol\u00e9rance dimensionnelle de +\/- 0,05 mm garantit une int\u00e9gration ais\u00e9e dans vos cr\u00e9ations. Issu d\u2019un brut produit en France (R.S.A.) et taill\u00e9 localement, ce corindon allie esth\u00e9tique, qualit\u00e9 et savoir-faire artisanal fran\u00e7ais, parfait pour des projets raffin\u00e9s et harmonieux.<\/p>\n","protected":false},"excerpt":{"rendered":"<p>Ce corindon synth\u00e9tique, d\u2019une \u00e9l\u00e9gante couleur damburite fonc\u00e9e, est taill\u00e9 en rond de 2,45 mm avec 41 facettes, offrant un bel \u00e9clat et une grande pr\u00e9cision. Sa tr\u00e8s bonne tol\u00e9rance dimensionnelle de +\/- 0,05 mm garantit une int\u00e9gration ais\u00e9e dans vos cr\u00e9ations. Issu d\u2019un brut produit en France (R.S.A.) et taill\u00e9 localement, ce corindon allie esth\u00e9tique, qualit\u00e9 et savoir-faire artisanal fran\u00e7ais, parfait pour des projets raffin\u00e9s et harmonieux.<\/p>\n","protected":false},"featured_media":9998,"comment_status":"closed","ping_status":"open","template":"","meta":{"_acf_changed":false,"content-type":""},"product_brand":[],"product_cat":[133],"product_tag":[],"class_list":{"0":"post-10333","1":"product","2":"type-product","3":"status-publish","4":"has-post-thumbnail","6":"product_cat-non-classifiee","7":"pa_color-jaune","8":"pa_eco-grandit-143","9":"pa_material-corindon-synthetique","10":"pa_origine-du-brut-france-r-s-a","11":"pa_shape-rond","12":"pa_stone-colour-damburite-foncee","13":"pa_stone-shape-rond","14":"pa_stone-type-synthetique-fr","16":"first","17":"instock","18":"taxable","19":"shipping-taxable","20":"purchasable","21":"product-type-simple"},"acf":[],"yoast_head":"<!-- This site is optimized with the Yoast SEO plugin v26.9 - https:\/\/yoast.com\/product\/yoast-seo-wordpress\/ -->\n<title>Corindon synth\u00e9tique damburite \u2013 Brillance et pr\u00e9cision<\/title>\n<meta name=\"description\" content=\"D\u00e9couvrez ce corindon synth\u00e9tique damburite fonc\u00e9 rond, \u00e9clatant et pr\u00e9cis, parfait pour des cr\u00e9ations raffin\u00e9es et harmonieuses.\" \/>\n<meta name=\"robots\" content=\"index, follow, max-snippet:-1, max-image-preview:large, max-video-preview:-1\" \/>\n<link rel=\"canonical\" href=\"https:\/\/dalloz-stones.com\/fr\/produit\/damburite-foncee-rond-245-mm\/\" \/>\n<meta property=\"og:locale\" content=\"fr_FR\" \/>\n<meta property=\"og:type\" content=\"article\" \/>\n<meta property=\"og:title\" content=\"Corindon synth\u00e9tique damburite \u2013 Brillance et pr\u00e9cision\" \/>\n<meta property=\"og:description\" content=\"D\u00e9couvrez ce corindon synth\u00e9tique damburite fonc\u00e9 rond, \u00e9clatant et pr\u00e9cis, parfait pour des cr\u00e9ations raffin\u00e9es et harmonieuses.\" \/>\n<meta property=\"og:url\" content=\"https:\/\/dalloz-stones.com\/fr\/produit\/damburite-foncee-rond-245-mm\/\" \/>\n<meta property=\"og:site_name\" content=\"Dalloz stones &amp; rough\" \/>\n<meta property=\"article:publisher\" content=\"https:\/\/www.facebook.com\/dalloz1917\/\" \/>\n<meta property=\"article:modified_time\" content=\"2025-04-24T16:21:49+00:00\" \/>\n<meta property=\"og:image\" content=\"https:\/\/dalloz-stones.com\/app\/uploads\/2024\/12\/2DANFR50245-Q1GA_1-1024x1024.jpg\" \/>\n\t<meta property=\"og:image:width\" content=\"1024\" \/>\n\t<meta property=\"og:image:height\" content=\"1024\" \/>\n\t<meta property=\"og:image:type\" content=\"image\/jpeg\" \/>\n<meta name=\"twitter:card\" content=\"summary_large_image\" \/>\n<script type=\"application\/ld+json\" class=\"yoast-schema-graph\">{\"@context\":\"https:\/\/schema.org\",\"@graph\":[{\"@type\":\"WebPage\",\"@id\":\"https:\/\/dalloz-stones.com\/fr\/produit\/damburite-foncee-rond-245-mm\/\",\"url\":\"https:\/\/dalloz-stones.com\/fr\/produit\/damburite-foncee-rond-245-mm\/\",\"name\":\"Corindon synth\u00e9tique damburite \u2013 Brillance et pr\u00e9cision\",\"isPartOf\":{\"@id\":\"https:\/\/dalloz-stones.com\/fr\/#website\"},\"primaryImageOfPage\":{\"@id\":\"https:\/\/dalloz-stones.com\/fr\/produit\/damburite-foncee-rond-245-mm\/#primaryimage\"},\"image\":{\"@id\":\"https:\/\/dalloz-stones.com\/fr\/produit\/damburite-foncee-rond-245-mm\/#primaryimage\"},\"thumbnailUrl\":\"https:\/\/dalloz-stones.com\/app\/uploads\/2024\/12\/2DANFR50245-Q1GA_1.jpg\",\"datePublished\":\"2024-12-16T17:57:21+00:00\",\"dateModified\":\"2025-04-24T16:21:49+00:00\",\"description\":\"D\u00e9couvrez ce corindon synth\u00e9tique damburite fonc\u00e9 rond, \u00e9clatant et pr\u00e9cis, parfait pour des cr\u00e9ations raffin\u00e9es et harmonieuses.\",\"breadcrumb\":{\"@id\":\"https:\/\/dalloz-stones.com\/fr\/produit\/damburite-foncee-rond-245-mm\/#breadcrumb\"},\"inLanguage\":\"fr-FR\",\"potentialAction\":[{\"@type\":\"ReadAction\",\"target\":[\"https:\/\/dalloz-stones.com\/fr\/produit\/damburite-foncee-rond-245-mm\/\"]}]},{\"@type\":\"ImageObject\",\"inLanguage\":\"fr-FR\",\"@id\":\"https:\/\/dalloz-stones.com\/fr\/produit\/damburite-foncee-rond-245-mm\/#primaryimage\",\"url\":\"https:\/\/dalloz-stones.com\/app\/uploads\/2024\/12\/2DANFR50245-Q1GA_1.jpg\",\"contentUrl\":\"https:\/\/dalloz-stones.com\/app\/uploads\/2024\/12\/2DANFR50245-Q1GA_1.jpg\",\"width\":2000,\"height\":2000,\"caption\":\"Damburite fonc\u00e9e Rond - 2,45 mm\"},{\"@type\":\"BreadcrumbList\",\"@id\":\"https:\/\/dalloz-stones.com\/fr\/produit\/damburite-foncee-rond-245-mm\/#breadcrumb\",\"itemListElement\":[{\"@type\":\"ListItem\",\"position\":1,\"name\":\"Accueil\",\"item\":\"https:\/\/dalloz-stones.com\/fr\/\"},{\"@type\":\"ListItem\",\"position\":2,\"name\":\"Boutique\",\"item\":\"https:\/\/dalloz-stones.com\/boutique\/\"},{\"@type\":\"ListItem\",\"position\":3,\"name\":\"Damburite fonc\u00e9e Rond &#8211; 2,45 mm\"}]},{\"@type\":\"WebSite\",\"@id\":\"https:\/\/dalloz-stones.com\/fr\/#website\",\"url\":\"https:\/\/dalloz-stones.com\/fr\/\",\"name\":\"Dalloz stones &amp; rough\",\"description\":\"\",\"publisher\":{\"@id\":\"https:\/\/dalloz-stones.com\/fr\/#organization\"},\"potentialAction\":[{\"@type\":\"SearchAction\",\"target\":{\"@type\":\"EntryPoint\",\"urlTemplate\":\"https:\/\/dalloz-stones.com\/fr\/?s={search_term_string}\"},\"query-input\":{\"@type\":\"PropertyValueSpecification\",\"valueRequired\":true,\"valueName\":\"search_term_string\"}}],\"inLanguage\":\"fr-FR\"},{\"@type\":\"Organization\",\"@id\":\"https:\/\/dalloz-stones.com\/fr\/#organization\",\"name\":\"Dalloz Stones & Rough\",\"url\":\"https:\/\/dalloz-stones.com\/fr\/\",\"logo\":{\"@type\":\"ImageObject\",\"inLanguage\":\"fr-FR\",\"@id\":\"https:\/\/dalloz-stones.com\/fr\/#\/schema\/logo\/image\/\",\"url\":\"https:\/\/dalloz-stones.com\/app\/uploads\/2020\/11\/Dalloz_Mono_Vertsapin.png\",\"contentUrl\":\"https:\/\/dalloz-stones.com\/app\/uploads\/2020\/11\/Dalloz_Mono_Vertsapin.png\",\"width\":1772,\"height\":1772,\"caption\":\"Dalloz Stones & Rough\"},\"image\":{\"@id\":\"https:\/\/dalloz-stones.com\/fr\/#\/schema\/logo\/image\/\"},\"sameAs\":[\"https:\/\/www.facebook.com\/dalloz1917\/\",\"https:\/\/www.instagram.com\/dallozstones\/\",\"https:\/\/www.linkedin.com\/company\/dalloz-stones-and-rough\/\",\"https:\/\/www.youtube.com\/channel\/UC1mJnpsxORlO9kjbbN9LvtQ\"]}]}<\/script>\n<!-- \/ Yoast SEO plugin. -->","yoast_head_json":{"title":"Corindon synth\u00e9tique damburite \u2013 Brillance et pr\u00e9cision","description":"D\u00e9couvrez ce corindon synth\u00e9tique damburite fonc\u00e9 rond, \u00e9clatant et pr\u00e9cis, parfait pour des cr\u00e9ations raffin\u00e9es et harmonieuses.","robots":{"index":"index","follow":"follow","max-snippet":"max-snippet:-1","max-image-preview":"max-image-preview:large","max-video-preview":"max-video-preview:-1"},"canonical":"https:\/\/dalloz-stones.com\/fr\/produit\/damburite-foncee-rond-245-mm\/","og_locale":"fr_FR","og_type":"article","og_title":"Corindon synth\u00e9tique damburite \u2013 Brillance et pr\u00e9cision","og_description":"D\u00e9couvrez ce corindon synth\u00e9tique damburite fonc\u00e9 rond, \u00e9clatant et pr\u00e9cis, parfait pour des cr\u00e9ations raffin\u00e9es et harmonieuses.","og_url":"https:\/\/dalloz-stones.com\/fr\/produit\/damburite-foncee-rond-245-mm\/","og_site_name":"Dalloz stones &amp; rough","article_publisher":"https:\/\/www.facebook.com\/dalloz1917\/","article_modified_time":"2025-04-24T16:21:49+00:00","og_image":[{"width":1024,"height":1024,"url":"https:\/\/dalloz-stones.com\/app\/uploads\/2024\/12\/2DANFR50245-Q1GA_1-1024x1024.jpg","type":"image\/jpeg"}],"twitter_card":"summary_large_image","schema":{"@context":"https:\/\/schema.org","@graph":[{"@type":"WebPage","@id":"https:\/\/dalloz-stones.com\/fr\/produit\/damburite-foncee-rond-245-mm\/","url":"https:\/\/dalloz-stones.com\/fr\/produit\/damburite-foncee-rond-245-mm\/","name":"Corindon synth\u00e9tique damburite \u2013 Brillance et pr\u00e9cision","isPartOf":{"@id":"https:\/\/dalloz-stones.com\/fr\/#website"},"primaryImageOfPage":{"@id":"https:\/\/dalloz-stones.com\/fr\/produit\/damburite-foncee-rond-245-mm\/#primaryimage"},"image":{"@id":"https:\/\/dalloz-stones.com\/fr\/produit\/damburite-foncee-rond-245-mm\/#primaryimage"},"thumbnailUrl":"https:\/\/dalloz-stones.com\/app\/uploads\/2024\/12\/2DANFR50245-Q1GA_1.jpg","datePublished":"2024-12-16T17:57:21+00:00","dateModified":"2025-04-24T16:21:49+00:00","description":"D\u00e9couvrez ce corindon synth\u00e9tique damburite fonc\u00e9 rond, \u00e9clatant et pr\u00e9cis, parfait pour des cr\u00e9ations raffin\u00e9es et harmonieuses.","breadcrumb":{"@id":"https:\/\/dalloz-stones.com\/fr\/produit\/damburite-foncee-rond-245-mm\/#breadcrumb"},"inLanguage":"fr-FR","potentialAction":[{"@type":"ReadAction","target":["https:\/\/dalloz-stones.com\/fr\/produit\/damburite-foncee-rond-245-mm\/"]}]},{"@type":"ImageObject","inLanguage":"fr-FR","@id":"https:\/\/dalloz-stones.com\/fr\/produit\/damburite-foncee-rond-245-mm\/#primaryimage","url":"https:\/\/dalloz-stones.com\/app\/uploads\/2024\/12\/2DANFR50245-Q1GA_1.jpg","contentUrl":"https:\/\/dalloz-stones.com\/app\/uploads\/2024\/12\/2DANFR50245-Q1GA_1.jpg","width":2000,"height":2000,"caption":"Damburite fonc\u00e9e Rond - 2,45 mm"},{"@type":"BreadcrumbList","@id":"https:\/\/dalloz-stones.com\/fr\/produit\/damburite-foncee-rond-245-mm\/#breadcrumb","itemListElement":[{"@type":"ListItem","position":1,"name":"Accueil","item":"https:\/\/dalloz-stones.com\/fr\/"},{"@type":"ListItem","position":2,"name":"Boutique","item":"https:\/\/dalloz-stones.com\/boutique\/"},{"@type":"ListItem","position":3,"name":"Damburite fonc\u00e9e Rond &#8211; 2,45 mm"}]},{"@type":"WebSite","@id":"https:\/\/dalloz-stones.com\/fr\/#website","url":"https:\/\/dalloz-stones.com\/fr\/","name":"Dalloz stones &amp; rough","description":"","publisher":{"@id":"https:\/\/dalloz-stones.com\/fr\/#organization"},"potentialAction":[{"@type":"SearchAction","target":{"@type":"EntryPoint","urlTemplate":"https:\/\/dalloz-stones.com\/fr\/?s={search_term_string}"},"query-input":{"@type":"PropertyValueSpecification","valueRequired":true,"valueName":"search_term_string"}}],"inLanguage":"fr-FR"},{"@type":"Organization","@id":"https:\/\/dalloz-stones.com\/fr\/#organization","name":"Dalloz Stones & Rough","url":"https:\/\/dalloz-stones.com\/fr\/","logo":{"@type":"ImageObject","inLanguage":"fr-FR","@id":"https:\/\/dalloz-stones.com\/fr\/#\/schema\/logo\/image\/","url":"https:\/\/dalloz-stones.com\/app\/uploads\/2020\/11\/Dalloz_Mono_Vertsapin.png","contentUrl":"https:\/\/dalloz-stones.com\/app\/uploads\/2020\/11\/Dalloz_Mono_Vertsapin.png","width":1772,"height":1772,"caption":"Dalloz Stones & Rough"},"image":{"@id":"https:\/\/dalloz-stones.com\/fr\/#\/schema\/logo\/image\/"},"sameAs":["https:\/\/www.facebook.com\/dalloz1917\/","https:\/\/www.instagram.com\/dallozstones\/","https:\/\/www.linkedin.com\/company\/dalloz-stones-and-rough\/","https:\/\/www.youtube.com\/channel\/UC1mJnpsxORlO9kjbbN9LvtQ"]}]}},"_links":{"self":[{"href":"https:\/\/dalloz-stones.com\/fr\/wp-json\/wp\/v2\/product\/10333","targetHints":{"allow":["GET"]}}],"collection":[{"href":"https:\/\/dalloz-stones.com\/fr\/wp-json\/wp\/v2\/product"}],"about":[{"href":"https:\/\/dalloz-stones.com\/fr\/wp-json\/wp\/v2\/types\/product"}],"replies":[{"embeddable":true,"href":"https:\/\/dalloz-stones.com\/fr\/wp-json\/wp\/v2\/comments?post=10333"}],"wp:featuredmedia":[{"embeddable":true,"href":"https:\/\/dalloz-stones.com\/fr\/wp-json\/wp\/v2\/media\/9998"}],"wp:attachment":[{"href":"https:\/\/dalloz-stones.com\/fr\/wp-json\/wp\/v2\/media?parent=10333"}],"wp:term":[{"taxonomy":"product_brand","embeddable":true,"href":"https:\/\/dalloz-stones.com\/fr\/wp-json\/wp\/v2\/product_brand?post=10333"},{"taxonomy":"product_cat","embeddable":true,"href":"https:\/\/dalloz-stones.com\/fr\/wp-json\/wp\/v2\/product_cat?post=10333"},{"taxonomy":"product_tag","embeddable":true,"href":"https:\/\/dalloz-stones.com\/fr\/wp-json\/wp\/v2\/product_tag?post=10333"}],"curies":[{"name":"wp","href":"https:\/\/api.w.org\/{rel}","templated":true}]}}