{"id":10331,"date":"2024-12-16T18:57:21","date_gmt":"2024-12-16T17:57:21","guid":{"rendered":"https:\/\/dalloz-stones.com\/produit\/alexandrite-rond-210-mm\/"},"modified":"2025-04-24T18:21:47","modified_gmt":"2025-04-24T16:21:47","slug":"alexandrite-rond-210-mm","status":"publish","type":"product","link":"https:\/\/dalloz-stones.com\/fr\/produit\/alexandrite-rond-210-mm\/","title":{"rendered":"Alexandrite Rond  &#8211;  2,10 mm"},"content":{"rendered":"<p>Ce corindon synth\u00e9tique, d&rsquo;une teinte alexandrite fascinante, est taill\u00e9 en rond de 2,10 mm avec 33 facettes, offrant un bel \u00e9clat. Malgr\u00e9 quelques d\u00e9fauts de polissage, cette pierre conserve une grande homog\u00e9n\u00e9it\u00e9 dimensionnelle avec une tol\u00e9rance pr\u00e9cise de +\/- 0,05 mm, id\u00e9ale pour des cr\u00e9ations \u00e9quilibr\u00e9es et \u00e9l\u00e9gantes. Issu d\u2019un brut produit en France (R.S.A.) et taill\u00e9 localement, ce corindon refl\u00e8te un savoir-faire artisanal et une production responsable, parfaitement adapt\u00e9 \u00e0 vos projets joailliers.<\/p>\n","protected":false},"excerpt":{"rendered":"<p>Ce corindon synth\u00e9tique, d&rsquo;une teinte alexandrite fascinante, est taill\u00e9 en rond de 2,10 mm avec 33 facettes, offrant un bel \u00e9clat. Malgr\u00e9 quelques d\u00e9fauts de polissage, cette pierre conserve une grande homog\u00e9n\u00e9it\u00e9 dimensionnelle avec une tol\u00e9rance pr\u00e9cise de +\/- 0,05 mm, id\u00e9ale pour des cr\u00e9ations \u00e9quilibr\u00e9es et \u00e9l\u00e9gantes. Issu d\u2019un brut produit en France (R.S.A.) et taill\u00e9 localement, ce corindon refl\u00e8te un savoir-faire artisanal et une production responsable, parfaitement adapt\u00e9 \u00e0 vos projets joailliers.<\/p>\n","protected":false},"featured_media":9994,"comment_status":"closed","ping_status":"open","template":"","meta":{"_acf_changed":false,"content-type":""},"product_brand":[],"product_cat":[133],"product_tag":[],"class_list":{"0":"post-10331","1":"product","2":"type-product","3":"status-publish","4":"has-post-thumbnail","6":"product_cat-non-classifiee","7":"pa_color-violet","8":"pa_eco-grandit-143","9":"pa_material-corindon-synthetique","10":"pa_origine-du-brut-france-r-s-a","11":"pa_shape-rond","12":"pa_stone-colour-alexandrite","13":"pa_stone-shape-rond","14":"pa_stone-type-synthetique-fr","16":"first","17":"instock","18":"taxable","19":"shipping-taxable","20":"purchasable","21":"product-type-simple"},"acf":[],"yoast_head":"<!-- This site is optimized with the Yoast SEO plugin v26.9 - https:\/\/yoast.com\/product\/yoast-seo-wordpress\/ -->\n<title>Corindon synth\u00e9tique alexandrite \u2013 Homog\u00e9n\u00e9it\u00e9 et brillance<\/title>\n<meta name=\"description\" content=\"D\u00e9couvrez ce corindon synth\u00e9tique alexandrite rond, homog\u00e8ne et brillant, id\u00e9al pour des cr\u00e9ations \u00e9quilibr\u00e9es et \u00e9l\u00e9gantes.\" \/>\n<meta name=\"robots\" content=\"index, follow, max-snippet:-1, max-image-preview:large, max-video-preview:-1\" \/>\n<link rel=\"canonical\" href=\"https:\/\/dalloz-stones.com\/fr\/produit\/alexandrite-rond-210-mm\/\" \/>\n<meta property=\"og:locale\" content=\"fr_FR\" \/>\n<meta property=\"og:type\" content=\"article\" \/>\n<meta property=\"og:title\" content=\"Corindon synth\u00e9tique alexandrite \u2013 Homog\u00e9n\u00e9it\u00e9 et brillance\" \/>\n<meta property=\"og:description\" content=\"D\u00e9couvrez ce corindon synth\u00e9tique alexandrite rond, homog\u00e8ne et brillant, id\u00e9al pour des cr\u00e9ations \u00e9quilibr\u00e9es et \u00e9l\u00e9gantes.\" \/>\n<meta property=\"og:url\" content=\"https:\/\/dalloz-stones.com\/fr\/produit\/alexandrite-rond-210-mm\/\" \/>\n<meta property=\"og:site_name\" content=\"Dalloz stones &amp; rough\" \/>\n<meta property=\"article:publisher\" content=\"https:\/\/www.facebook.com\/dalloz1917\/\" \/>\n<meta property=\"article:modified_time\" content=\"2025-04-24T16:21:47+00:00\" \/>\n<meta property=\"og:image\" content=\"https:\/\/dalloz-stones.com\/app\/uploads\/2024\/12\/2ALEXR50210-Q1ZA_1-1024x1024.jpg\" \/>\n\t<meta property=\"og:image:width\" content=\"1024\" \/>\n\t<meta property=\"og:image:height\" content=\"1024\" \/>\n\t<meta property=\"og:image:type\" content=\"image\/jpeg\" \/>\n<meta name=\"twitter:card\" content=\"summary_large_image\" \/>\n<script type=\"application\/ld+json\" class=\"yoast-schema-graph\">{\"@context\":\"https:\/\/schema.org\",\"@graph\":[{\"@type\":\"WebPage\",\"@id\":\"https:\/\/dalloz-stones.com\/fr\/produit\/alexandrite-rond-210-mm\/\",\"url\":\"https:\/\/dalloz-stones.com\/fr\/produit\/alexandrite-rond-210-mm\/\",\"name\":\"Corindon synth\u00e9tique alexandrite \u2013 Homog\u00e9n\u00e9it\u00e9 et brillance\",\"isPartOf\":{\"@id\":\"https:\/\/dalloz-stones.com\/fr\/#website\"},\"primaryImageOfPage\":{\"@id\":\"https:\/\/dalloz-stones.com\/fr\/produit\/alexandrite-rond-210-mm\/#primaryimage\"},\"image\":{\"@id\":\"https:\/\/dalloz-stones.com\/fr\/produit\/alexandrite-rond-210-mm\/#primaryimage\"},\"thumbnailUrl\":\"https:\/\/dalloz-stones.com\/app\/uploads\/2024\/12\/2ALEXR50210-Q1ZA_1.jpg\",\"datePublished\":\"2024-12-16T17:57:21+00:00\",\"dateModified\":\"2025-04-24T16:21:47+00:00\",\"description\":\"D\u00e9couvrez ce corindon synth\u00e9tique alexandrite rond, homog\u00e8ne et brillant, id\u00e9al pour des cr\u00e9ations \u00e9quilibr\u00e9es et \u00e9l\u00e9gantes.\",\"breadcrumb\":{\"@id\":\"https:\/\/dalloz-stones.com\/fr\/produit\/alexandrite-rond-210-mm\/#breadcrumb\"},\"inLanguage\":\"fr-FR\",\"potentialAction\":[{\"@type\":\"ReadAction\",\"target\":[\"https:\/\/dalloz-stones.com\/fr\/produit\/alexandrite-rond-210-mm\/\"]}]},{\"@type\":\"ImageObject\",\"inLanguage\":\"fr-FR\",\"@id\":\"https:\/\/dalloz-stones.com\/fr\/produit\/alexandrite-rond-210-mm\/#primaryimage\",\"url\":\"https:\/\/dalloz-stones.com\/app\/uploads\/2024\/12\/2ALEXR50210-Q1ZA_1.jpg\",\"contentUrl\":\"https:\/\/dalloz-stones.com\/app\/uploads\/2024\/12\/2ALEXR50210-Q1ZA_1.jpg\",\"width\":2000,\"height\":2000,\"caption\":\"Alexandrite Rond - 2,10 mm\"},{\"@type\":\"BreadcrumbList\",\"@id\":\"https:\/\/dalloz-stones.com\/fr\/produit\/alexandrite-rond-210-mm\/#breadcrumb\",\"itemListElement\":[{\"@type\":\"ListItem\",\"position\":1,\"name\":\"Accueil\",\"item\":\"https:\/\/dalloz-stones.com\/fr\/\"},{\"@type\":\"ListItem\",\"position\":2,\"name\":\"Boutique\",\"item\":\"https:\/\/dalloz-stones.com\/boutique\/\"},{\"@type\":\"ListItem\",\"position\":3,\"name\":\"Alexandrite Rond &#8211; 2,10 mm\"}]},{\"@type\":\"WebSite\",\"@id\":\"https:\/\/dalloz-stones.com\/fr\/#website\",\"url\":\"https:\/\/dalloz-stones.com\/fr\/\",\"name\":\"Dalloz stones &amp; rough\",\"description\":\"\",\"publisher\":{\"@id\":\"https:\/\/dalloz-stones.com\/fr\/#organization\"},\"potentialAction\":[{\"@type\":\"SearchAction\",\"target\":{\"@type\":\"EntryPoint\",\"urlTemplate\":\"https:\/\/dalloz-stones.com\/fr\/?s={search_term_string}\"},\"query-input\":{\"@type\":\"PropertyValueSpecification\",\"valueRequired\":true,\"valueName\":\"search_term_string\"}}],\"inLanguage\":\"fr-FR\"},{\"@type\":\"Organization\",\"@id\":\"https:\/\/dalloz-stones.com\/fr\/#organization\",\"name\":\"Dalloz Stones & Rough\",\"url\":\"https:\/\/dalloz-stones.com\/fr\/\",\"logo\":{\"@type\":\"ImageObject\",\"inLanguage\":\"fr-FR\",\"@id\":\"https:\/\/dalloz-stones.com\/fr\/#\/schema\/logo\/image\/\",\"url\":\"https:\/\/dalloz-stones.com\/app\/uploads\/2020\/11\/Dalloz_Mono_Vertsapin.png\",\"contentUrl\":\"https:\/\/dalloz-stones.com\/app\/uploads\/2020\/11\/Dalloz_Mono_Vertsapin.png\",\"width\":1772,\"height\":1772,\"caption\":\"Dalloz Stones & Rough\"},\"image\":{\"@id\":\"https:\/\/dalloz-stones.com\/fr\/#\/schema\/logo\/image\/\"},\"sameAs\":[\"https:\/\/www.facebook.com\/dalloz1917\/\",\"https:\/\/www.instagram.com\/dallozstones\/\",\"https:\/\/www.linkedin.com\/company\/dalloz-stones-and-rough\/\",\"https:\/\/www.youtube.com\/channel\/UC1mJnpsxORlO9kjbbN9LvtQ\"]}]}<\/script>\n<!-- \/ Yoast SEO plugin. -->","yoast_head_json":{"title":"Corindon synth\u00e9tique alexandrite \u2013 Homog\u00e9n\u00e9it\u00e9 et brillance","description":"D\u00e9couvrez ce corindon synth\u00e9tique alexandrite rond, homog\u00e8ne et brillant, id\u00e9al pour des cr\u00e9ations \u00e9quilibr\u00e9es et \u00e9l\u00e9gantes.","robots":{"index":"index","follow":"follow","max-snippet":"max-snippet:-1","max-image-preview":"max-image-preview:large","max-video-preview":"max-video-preview:-1"},"canonical":"https:\/\/dalloz-stones.com\/fr\/produit\/alexandrite-rond-210-mm\/","og_locale":"fr_FR","og_type":"article","og_title":"Corindon synth\u00e9tique alexandrite \u2013 Homog\u00e9n\u00e9it\u00e9 et brillance","og_description":"D\u00e9couvrez ce corindon synth\u00e9tique alexandrite rond, homog\u00e8ne et brillant, id\u00e9al pour des cr\u00e9ations \u00e9quilibr\u00e9es et \u00e9l\u00e9gantes.","og_url":"https:\/\/dalloz-stones.com\/fr\/produit\/alexandrite-rond-210-mm\/","og_site_name":"Dalloz stones &amp; rough","article_publisher":"https:\/\/www.facebook.com\/dalloz1917\/","article_modified_time":"2025-04-24T16:21:47+00:00","og_image":[{"width":1024,"height":1024,"url":"https:\/\/dalloz-stones.com\/app\/uploads\/2024\/12\/2ALEXR50210-Q1ZA_1-1024x1024.jpg","type":"image\/jpeg"}],"twitter_card":"summary_large_image","schema":{"@context":"https:\/\/schema.org","@graph":[{"@type":"WebPage","@id":"https:\/\/dalloz-stones.com\/fr\/produit\/alexandrite-rond-210-mm\/","url":"https:\/\/dalloz-stones.com\/fr\/produit\/alexandrite-rond-210-mm\/","name":"Corindon synth\u00e9tique alexandrite \u2013 Homog\u00e9n\u00e9it\u00e9 et brillance","isPartOf":{"@id":"https:\/\/dalloz-stones.com\/fr\/#website"},"primaryImageOfPage":{"@id":"https:\/\/dalloz-stones.com\/fr\/produit\/alexandrite-rond-210-mm\/#primaryimage"},"image":{"@id":"https:\/\/dalloz-stones.com\/fr\/produit\/alexandrite-rond-210-mm\/#primaryimage"},"thumbnailUrl":"https:\/\/dalloz-stones.com\/app\/uploads\/2024\/12\/2ALEXR50210-Q1ZA_1.jpg","datePublished":"2024-12-16T17:57:21+00:00","dateModified":"2025-04-24T16:21:47+00:00","description":"D\u00e9couvrez ce corindon synth\u00e9tique alexandrite rond, homog\u00e8ne et brillant, id\u00e9al pour des cr\u00e9ations \u00e9quilibr\u00e9es et \u00e9l\u00e9gantes.","breadcrumb":{"@id":"https:\/\/dalloz-stones.com\/fr\/produit\/alexandrite-rond-210-mm\/#breadcrumb"},"inLanguage":"fr-FR","potentialAction":[{"@type":"ReadAction","target":["https:\/\/dalloz-stones.com\/fr\/produit\/alexandrite-rond-210-mm\/"]}]},{"@type":"ImageObject","inLanguage":"fr-FR","@id":"https:\/\/dalloz-stones.com\/fr\/produit\/alexandrite-rond-210-mm\/#primaryimage","url":"https:\/\/dalloz-stones.com\/app\/uploads\/2024\/12\/2ALEXR50210-Q1ZA_1.jpg","contentUrl":"https:\/\/dalloz-stones.com\/app\/uploads\/2024\/12\/2ALEXR50210-Q1ZA_1.jpg","width":2000,"height":2000,"caption":"Alexandrite Rond - 2,10 mm"},{"@type":"BreadcrumbList","@id":"https:\/\/dalloz-stones.com\/fr\/produit\/alexandrite-rond-210-mm\/#breadcrumb","itemListElement":[{"@type":"ListItem","position":1,"name":"Accueil","item":"https:\/\/dalloz-stones.com\/fr\/"},{"@type":"ListItem","position":2,"name":"Boutique","item":"https:\/\/dalloz-stones.com\/boutique\/"},{"@type":"ListItem","position":3,"name":"Alexandrite Rond &#8211; 2,10 mm"}]},{"@type":"WebSite","@id":"https:\/\/dalloz-stones.com\/fr\/#website","url":"https:\/\/dalloz-stones.com\/fr\/","name":"Dalloz stones &amp; rough","description":"","publisher":{"@id":"https:\/\/dalloz-stones.com\/fr\/#organization"},"potentialAction":[{"@type":"SearchAction","target":{"@type":"EntryPoint","urlTemplate":"https:\/\/dalloz-stones.com\/fr\/?s={search_term_string}"},"query-input":{"@type":"PropertyValueSpecification","valueRequired":true,"valueName":"search_term_string"}}],"inLanguage":"fr-FR"},{"@type":"Organization","@id":"https:\/\/dalloz-stones.com\/fr\/#organization","name":"Dalloz Stones & Rough","url":"https:\/\/dalloz-stones.com\/fr\/","logo":{"@type":"ImageObject","inLanguage":"fr-FR","@id":"https:\/\/dalloz-stones.com\/fr\/#\/schema\/logo\/image\/","url":"https:\/\/dalloz-stones.com\/app\/uploads\/2020\/11\/Dalloz_Mono_Vertsapin.png","contentUrl":"https:\/\/dalloz-stones.com\/app\/uploads\/2020\/11\/Dalloz_Mono_Vertsapin.png","width":1772,"height":1772,"caption":"Dalloz Stones & Rough"},"image":{"@id":"https:\/\/dalloz-stones.com\/fr\/#\/schema\/logo\/image\/"},"sameAs":["https:\/\/www.facebook.com\/dalloz1917\/","https:\/\/www.instagram.com\/dallozstones\/","https:\/\/www.linkedin.com\/company\/dalloz-stones-and-rough\/","https:\/\/www.youtube.com\/channel\/UC1mJnpsxORlO9kjbbN9LvtQ"]}]}},"_links":{"self":[{"href":"https:\/\/dalloz-stones.com\/fr\/wp-json\/wp\/v2\/product\/10331","targetHints":{"allow":["GET"]}}],"collection":[{"href":"https:\/\/dalloz-stones.com\/fr\/wp-json\/wp\/v2\/product"}],"about":[{"href":"https:\/\/dalloz-stones.com\/fr\/wp-json\/wp\/v2\/types\/product"}],"replies":[{"embeddable":true,"href":"https:\/\/dalloz-stones.com\/fr\/wp-json\/wp\/v2\/comments?post=10331"}],"wp:featuredmedia":[{"embeddable":true,"href":"https:\/\/dalloz-stones.com\/fr\/wp-json\/wp\/v2\/media\/9994"}],"wp:attachment":[{"href":"https:\/\/dalloz-stones.com\/fr\/wp-json\/wp\/v2\/media?parent=10331"}],"wp:term":[{"taxonomy":"product_brand","embeddable":true,"href":"https:\/\/dalloz-stones.com\/fr\/wp-json\/wp\/v2\/product_brand?post=10331"},{"taxonomy":"product_cat","embeddable":true,"href":"https:\/\/dalloz-stones.com\/fr\/wp-json\/wp\/v2\/product_cat?post=10331"},{"taxonomy":"product_tag","embeddable":true,"href":"https:\/\/dalloz-stones.com\/fr\/wp-json\/wp\/v2\/product_tag?post=10331"}],"curies":[{"name":"wp","href":"https:\/\/api.w.org\/{rel}","templated":true}]}}