{"id":10326,"date":"2024-12-16T18:57:21","date_gmt":"2024-12-16T17:57:21","guid":{"rendered":"https:\/\/dalloz-stones.com\/produit\/aigue-marine-grise-rond-140-mm\/"},"modified":"2025-05-06T10:14:13","modified_gmt":"2025-05-06T08:14:13","slug":"aigue-marine-grise-rond-140-mm","status":"publish","type":"product","link":"https:\/\/dalloz-stones.com\/fr\/produit\/aigue-marine-grise-rond-140-mm\/","title":{"rendered":"Spinelle Aigue marine Grise Rond  &#8211;  1,40 mm"},"content":{"rendered":"<p>Ce lot de corindon synth\u00e9tique, d&rsquo;une couleur aigue-marine grise, se caract\u00e9rise par une taille brillant rond avec 41 facettes. Les dimensions des pierres ainsi que leur couleur sont homog\u00e8nes, ce qui facilite leur utilisation dans des projets joailliers ou artisanaux. Le polissage sans d\u00e9faut et le bel \u00e9clat de chaque pierre apportent une finition soign\u00e9e \u00e0 vos cr\u00e9ations. Ce lot convient aussi bien aux professionnels qu\u2019aux \u00e9tudiants en gemmologie cherchant une alternative abordable pour des projets d&rsquo;\u00e9tude ou des r\u00e9parations.<\/p>\n","protected":false},"excerpt":{"rendered":"<p>Ce lot de corindon synth\u00e9tique, d&rsquo;une couleur aigue-marine grise, se caract\u00e9rise par une taille brillant rond avec 41 facettes. Les dimensions des pierres ainsi que leur couleur sont homog\u00e8nes, ce qui facilite leur utilisation dans des projets joailliers ou artisanaux. Le polissage sans d\u00e9faut et le bel \u00e9clat de chaque pierre apportent une finition soign\u00e9e \u00e0 vos cr\u00e9ations. Ce lot convient aussi bien aux professionnels qu\u2019aux \u00e9tudiants en gemmologie cherchant une alternative abordable pour des projets d&rsquo;\u00e9tude ou des r\u00e9parations.<\/p>\n","protected":false},"featured_media":9984,"comment_status":"closed","ping_status":"closed","template":"","meta":{"_acf_changed":false,"content-type":""},"product_brand":[],"product_cat":[133],"product_tag":[],"class_list":{"0":"post-10326","1":"product","2":"type-product","3":"status-publish","4":"has-post-thumbnail","6":"product_cat-non-classifiee","7":"pa_color-gris","8":"pa_dalloz-exclusivity-1-fr","9":"pa_eco-grandit-143","10":"pa_material-spinelle-synthetique-fr","11":"pa_origine-du-brut-france-r-s-a","12":"pa_shape-rond","13":"pa_stone-colour-aigue-marine-grise","14":"pa_stone-shape-rond","15":"pa_stone-type-synthetique-fr","17":"first","18":"instock","19":"taxable","20":"shipping-taxable","21":"purchasable","22":"product-type-simple"},"acf":[],"yoast_head":"<!-- This site is optimized with the Yoast SEO plugin v26.9 - https:\/\/yoast.com\/product\/yoast-seo-wordpress\/ -->\n<title>Corindon synth\u00e9tique gris \u2013 Lot homog\u00e8ne et \u00e9clatant<\/title>\n<meta name=\"description\" content=\"Profitez de ce lot de corindons synth\u00e9tiques gris aigue-marine, homog\u00e8nes et \u00e9clatants, parfaits pour des cr\u00e9ations soign\u00e9es et pr\u00e9cises.\" \/>\n<meta name=\"robots\" content=\"index, follow, max-snippet:-1, max-image-preview:large, max-video-preview:-1\" \/>\n<link rel=\"canonical\" href=\"https:\/\/dalloz-stones.com\/fr\/produit\/aigue-marine-grise-rond-140-mm\/\" \/>\n<meta property=\"og:locale\" content=\"fr_FR\" \/>\n<meta property=\"og:type\" content=\"article\" \/>\n<meta property=\"og:title\" content=\"Corindon synth\u00e9tique gris \u2013 Lot homog\u00e8ne et \u00e9clatant\" \/>\n<meta property=\"og:description\" content=\"Profitez de ce lot de corindons synth\u00e9tiques gris aigue-marine, homog\u00e8nes et \u00e9clatants, parfaits pour des cr\u00e9ations soign\u00e9es et pr\u00e9cises.\" \/>\n<meta property=\"og:url\" content=\"https:\/\/dalloz-stones.com\/fr\/produit\/aigue-marine-grise-rond-140-mm\/\" \/>\n<meta property=\"og:site_name\" content=\"Dalloz stones &amp; rough\" \/>\n<meta property=\"article:publisher\" content=\"https:\/\/www.facebook.com\/dalloz1917\/\" \/>\n<meta property=\"article:modified_time\" content=\"2025-05-06T08:14:13+00:00\" \/>\n<meta property=\"og:image\" content=\"https:\/\/dalloz-stones.com\/app\/uploads\/2024\/12\/2AQUAR50140-P0LA_1-1024x1024.jpg\" \/>\n\t<meta property=\"og:image:width\" content=\"1024\" \/>\n\t<meta property=\"og:image:height\" content=\"1024\" \/>\n\t<meta property=\"og:image:type\" content=\"image\/jpeg\" \/>\n<meta name=\"twitter:card\" content=\"summary_large_image\" \/>\n<meta name=\"twitter:label1\" content=\"Dur\u00e9e de lecture estim\u00e9e\" \/>\n\t<meta name=\"twitter:data1\" content=\"1 minute\" \/>\n<script type=\"application\/ld+json\" class=\"yoast-schema-graph\">{\"@context\":\"https:\/\/schema.org\",\"@graph\":[{\"@type\":\"WebPage\",\"@id\":\"https:\/\/dalloz-stones.com\/fr\/produit\/aigue-marine-grise-rond-140-mm\/\",\"url\":\"https:\/\/dalloz-stones.com\/fr\/produit\/aigue-marine-grise-rond-140-mm\/\",\"name\":\"Corindon synth\u00e9tique gris \u2013 Lot homog\u00e8ne et \u00e9clatant\",\"isPartOf\":{\"@id\":\"https:\/\/dalloz-stones.com\/fr\/#website\"},\"primaryImageOfPage\":{\"@id\":\"https:\/\/dalloz-stones.com\/fr\/produit\/aigue-marine-grise-rond-140-mm\/#primaryimage\"},\"image\":{\"@id\":\"https:\/\/dalloz-stones.com\/fr\/produit\/aigue-marine-grise-rond-140-mm\/#primaryimage\"},\"thumbnailUrl\":\"https:\/\/dalloz-stones.com\/app\/uploads\/2024\/12\/2AQUAR50140-P0LA_1.jpg\",\"datePublished\":\"2024-12-16T17:57:21+00:00\",\"dateModified\":\"2025-05-06T08:14:13+00:00\",\"description\":\"Profitez de ce lot de corindons synth\u00e9tiques gris aigue-marine, homog\u00e8nes et \u00e9clatants, parfaits pour des cr\u00e9ations soign\u00e9es et pr\u00e9cises.\",\"breadcrumb\":{\"@id\":\"https:\/\/dalloz-stones.com\/fr\/produit\/aigue-marine-grise-rond-140-mm\/#breadcrumb\"},\"inLanguage\":\"fr-FR\",\"potentialAction\":[{\"@type\":\"ReadAction\",\"target\":[\"https:\/\/dalloz-stones.com\/fr\/produit\/aigue-marine-grise-rond-140-mm\/\"]}]},{\"@type\":\"ImageObject\",\"inLanguage\":\"fr-FR\",\"@id\":\"https:\/\/dalloz-stones.com\/fr\/produit\/aigue-marine-grise-rond-140-mm\/#primaryimage\",\"url\":\"https:\/\/dalloz-stones.com\/app\/uploads\/2024\/12\/2AQUAR50140-P0LA_1.jpg\",\"contentUrl\":\"https:\/\/dalloz-stones.com\/app\/uploads\/2024\/12\/2AQUAR50140-P0LA_1.jpg\",\"width\":2000,\"height\":2000,\"caption\":\"Aigue marine Grise Rond - 1,40 mm\"},{\"@type\":\"BreadcrumbList\",\"@id\":\"https:\/\/dalloz-stones.com\/fr\/produit\/aigue-marine-grise-rond-140-mm\/#breadcrumb\",\"itemListElement\":[{\"@type\":\"ListItem\",\"position\":1,\"name\":\"Accueil\",\"item\":\"https:\/\/dalloz-stones.com\/fr\/\"},{\"@type\":\"ListItem\",\"position\":2,\"name\":\"Boutique\",\"item\":\"https:\/\/dalloz-stones.com\/boutique\/\"},{\"@type\":\"ListItem\",\"position\":3,\"name\":\"Spinelle Aigue marine Grise Rond &#8211; 1,40 mm\"}]},{\"@type\":\"WebSite\",\"@id\":\"https:\/\/dalloz-stones.com\/fr\/#website\",\"url\":\"https:\/\/dalloz-stones.com\/fr\/\",\"name\":\"Dalloz stones &amp; rough\",\"description\":\"\",\"publisher\":{\"@id\":\"https:\/\/dalloz-stones.com\/fr\/#organization\"},\"potentialAction\":[{\"@type\":\"SearchAction\",\"target\":{\"@type\":\"EntryPoint\",\"urlTemplate\":\"https:\/\/dalloz-stones.com\/fr\/?s={search_term_string}\"},\"query-input\":{\"@type\":\"PropertyValueSpecification\",\"valueRequired\":true,\"valueName\":\"search_term_string\"}}],\"inLanguage\":\"fr-FR\"},{\"@type\":\"Organization\",\"@id\":\"https:\/\/dalloz-stones.com\/fr\/#organization\",\"name\":\"Dalloz Stones & Rough\",\"url\":\"https:\/\/dalloz-stones.com\/fr\/\",\"logo\":{\"@type\":\"ImageObject\",\"inLanguage\":\"fr-FR\",\"@id\":\"https:\/\/dalloz-stones.com\/fr\/#\/schema\/logo\/image\/\",\"url\":\"https:\/\/dalloz-stones.com\/app\/uploads\/2020\/11\/Dalloz_Mono_Vertsapin.png\",\"contentUrl\":\"https:\/\/dalloz-stones.com\/app\/uploads\/2020\/11\/Dalloz_Mono_Vertsapin.png\",\"width\":1772,\"height\":1772,\"caption\":\"Dalloz Stones & Rough\"},\"image\":{\"@id\":\"https:\/\/dalloz-stones.com\/fr\/#\/schema\/logo\/image\/\"},\"sameAs\":[\"https:\/\/www.facebook.com\/dalloz1917\/\",\"https:\/\/www.instagram.com\/dallozstones\/\",\"https:\/\/www.linkedin.com\/company\/dalloz-stones-and-rough\/\",\"https:\/\/www.youtube.com\/channel\/UC1mJnpsxORlO9kjbbN9LvtQ\"]}]}<\/script>\n<!-- \/ Yoast SEO plugin. -->","yoast_head_json":{"title":"Corindon synth\u00e9tique gris \u2013 Lot homog\u00e8ne et \u00e9clatant","description":"Profitez de ce lot de corindons synth\u00e9tiques gris aigue-marine, homog\u00e8nes et \u00e9clatants, parfaits pour des cr\u00e9ations soign\u00e9es et pr\u00e9cises.","robots":{"index":"index","follow":"follow","max-snippet":"max-snippet:-1","max-image-preview":"max-image-preview:large","max-video-preview":"max-video-preview:-1"},"canonical":"https:\/\/dalloz-stones.com\/fr\/produit\/aigue-marine-grise-rond-140-mm\/","og_locale":"fr_FR","og_type":"article","og_title":"Corindon synth\u00e9tique gris \u2013 Lot homog\u00e8ne et \u00e9clatant","og_description":"Profitez de ce lot de corindons synth\u00e9tiques gris aigue-marine, homog\u00e8nes et \u00e9clatants, parfaits pour des cr\u00e9ations soign\u00e9es et pr\u00e9cises.","og_url":"https:\/\/dalloz-stones.com\/fr\/produit\/aigue-marine-grise-rond-140-mm\/","og_site_name":"Dalloz stones &amp; rough","article_publisher":"https:\/\/www.facebook.com\/dalloz1917\/","article_modified_time":"2025-05-06T08:14:13+00:00","og_image":[{"width":1024,"height":1024,"url":"https:\/\/dalloz-stones.com\/app\/uploads\/2024\/12\/2AQUAR50140-P0LA_1-1024x1024.jpg","type":"image\/jpeg"}],"twitter_card":"summary_large_image","twitter_misc":{"Dur\u00e9e de lecture estim\u00e9e":"1 minute"},"schema":{"@context":"https:\/\/schema.org","@graph":[{"@type":"WebPage","@id":"https:\/\/dalloz-stones.com\/fr\/produit\/aigue-marine-grise-rond-140-mm\/","url":"https:\/\/dalloz-stones.com\/fr\/produit\/aigue-marine-grise-rond-140-mm\/","name":"Corindon synth\u00e9tique gris \u2013 Lot homog\u00e8ne et \u00e9clatant","isPartOf":{"@id":"https:\/\/dalloz-stones.com\/fr\/#website"},"primaryImageOfPage":{"@id":"https:\/\/dalloz-stones.com\/fr\/produit\/aigue-marine-grise-rond-140-mm\/#primaryimage"},"image":{"@id":"https:\/\/dalloz-stones.com\/fr\/produit\/aigue-marine-grise-rond-140-mm\/#primaryimage"},"thumbnailUrl":"https:\/\/dalloz-stones.com\/app\/uploads\/2024\/12\/2AQUAR50140-P0LA_1.jpg","datePublished":"2024-12-16T17:57:21+00:00","dateModified":"2025-05-06T08:14:13+00:00","description":"Profitez de ce lot de corindons synth\u00e9tiques gris aigue-marine, homog\u00e8nes et \u00e9clatants, parfaits pour des cr\u00e9ations soign\u00e9es et pr\u00e9cises.","breadcrumb":{"@id":"https:\/\/dalloz-stones.com\/fr\/produit\/aigue-marine-grise-rond-140-mm\/#breadcrumb"},"inLanguage":"fr-FR","potentialAction":[{"@type":"ReadAction","target":["https:\/\/dalloz-stones.com\/fr\/produit\/aigue-marine-grise-rond-140-mm\/"]}]},{"@type":"ImageObject","inLanguage":"fr-FR","@id":"https:\/\/dalloz-stones.com\/fr\/produit\/aigue-marine-grise-rond-140-mm\/#primaryimage","url":"https:\/\/dalloz-stones.com\/app\/uploads\/2024\/12\/2AQUAR50140-P0LA_1.jpg","contentUrl":"https:\/\/dalloz-stones.com\/app\/uploads\/2024\/12\/2AQUAR50140-P0LA_1.jpg","width":2000,"height":2000,"caption":"Aigue marine Grise Rond - 1,40 mm"},{"@type":"BreadcrumbList","@id":"https:\/\/dalloz-stones.com\/fr\/produit\/aigue-marine-grise-rond-140-mm\/#breadcrumb","itemListElement":[{"@type":"ListItem","position":1,"name":"Accueil","item":"https:\/\/dalloz-stones.com\/fr\/"},{"@type":"ListItem","position":2,"name":"Boutique","item":"https:\/\/dalloz-stones.com\/boutique\/"},{"@type":"ListItem","position":3,"name":"Spinelle Aigue marine Grise Rond &#8211; 1,40 mm"}]},{"@type":"WebSite","@id":"https:\/\/dalloz-stones.com\/fr\/#website","url":"https:\/\/dalloz-stones.com\/fr\/","name":"Dalloz stones &amp; rough","description":"","publisher":{"@id":"https:\/\/dalloz-stones.com\/fr\/#organization"},"potentialAction":[{"@type":"SearchAction","target":{"@type":"EntryPoint","urlTemplate":"https:\/\/dalloz-stones.com\/fr\/?s={search_term_string}"},"query-input":{"@type":"PropertyValueSpecification","valueRequired":true,"valueName":"search_term_string"}}],"inLanguage":"fr-FR"},{"@type":"Organization","@id":"https:\/\/dalloz-stones.com\/fr\/#organization","name":"Dalloz Stones & Rough","url":"https:\/\/dalloz-stones.com\/fr\/","logo":{"@type":"ImageObject","inLanguage":"fr-FR","@id":"https:\/\/dalloz-stones.com\/fr\/#\/schema\/logo\/image\/","url":"https:\/\/dalloz-stones.com\/app\/uploads\/2020\/11\/Dalloz_Mono_Vertsapin.png","contentUrl":"https:\/\/dalloz-stones.com\/app\/uploads\/2020\/11\/Dalloz_Mono_Vertsapin.png","width":1772,"height":1772,"caption":"Dalloz Stones & Rough"},"image":{"@id":"https:\/\/dalloz-stones.com\/fr\/#\/schema\/logo\/image\/"},"sameAs":["https:\/\/www.facebook.com\/dalloz1917\/","https:\/\/www.instagram.com\/dallozstones\/","https:\/\/www.linkedin.com\/company\/dalloz-stones-and-rough\/","https:\/\/www.youtube.com\/channel\/UC1mJnpsxORlO9kjbbN9LvtQ"]}]}},"_links":{"self":[{"href":"https:\/\/dalloz-stones.com\/fr\/wp-json\/wp\/v2\/product\/10326","targetHints":{"allow":["GET"]}}],"collection":[{"href":"https:\/\/dalloz-stones.com\/fr\/wp-json\/wp\/v2\/product"}],"about":[{"href":"https:\/\/dalloz-stones.com\/fr\/wp-json\/wp\/v2\/types\/product"}],"replies":[{"embeddable":true,"href":"https:\/\/dalloz-stones.com\/fr\/wp-json\/wp\/v2\/comments?post=10326"}],"wp:featuredmedia":[{"embeddable":true,"href":"https:\/\/dalloz-stones.com\/fr\/wp-json\/wp\/v2\/media\/9984"}],"wp:attachment":[{"href":"https:\/\/dalloz-stones.com\/fr\/wp-json\/wp\/v2\/media?parent=10326"}],"wp:term":[{"taxonomy":"product_brand","embeddable":true,"href":"https:\/\/dalloz-stones.com\/fr\/wp-json\/wp\/v2\/product_brand?post=10326"},{"taxonomy":"product_cat","embeddable":true,"href":"https:\/\/dalloz-stones.com\/fr\/wp-json\/wp\/v2\/product_cat?post=10326"},{"taxonomy":"product_tag","embeddable":true,"href":"https:\/\/dalloz-stones.com\/fr\/wp-json\/wp\/v2\/product_tag?post=10326"}],"curies":[{"name":"wp","href":"https:\/\/api.w.org\/{rel}","templated":true}]}}