{"id":10325,"date":"2024-12-16T18:57:21","date_gmt":"2024-12-16T17:57:21","guid":{"rendered":"https:\/\/dalloz-stones.com\/produit\/aigue-marine-grise-carre-s-c-200-x-200-mm\/"},"modified":"2025-10-30T12:10:07","modified_gmt":"2025-10-30T11:10:07","slug":"aigue-marine-grise-carre-s-c-200-x-200-mm","status":"publish","type":"product","link":"https:\/\/dalloz-stones.com\/fr\/produit\/aigue-marine-grise-carre-s-c-200-x-200-mm\/","title":{"rendered":"Spinelle Aigue marine Grise Carr\u00e9 S.C  &#8211;  2,00 x 2,00 mm"},"content":{"rendered":"<p>Ce spinelle synth\u00e9tique d\u2019un d\u00e9licat aigue-marine gris, taill\u00e9 en carr\u00e9 step cut de 2,00 x 2,00 mm, pr\u00e9sente une couleur homog\u00e8ne et un bel \u00e9clat qui rehausseront toutes vos cr\u00e9ations. Fabriqu\u00e9 en France \u00e0 partir d\u2019un brut \u00e9co-grandi \u00e0 l\u2019aide d\u2019\u00e9nergie renouvelable, il refl\u00e8te un engagement envers des pratiques responsables et durables. Chaque \u00e9tape, de la cr\u00e9ation du brut \u00e0 la taille soign\u00e9e, est r\u00e9alis\u00e9e en France, garantissant ainsi un produit de haute qualit\u00e9, alliant esth\u00e9tique et \u00e9thique pour les joailliers et artisans exigeants.<\/p>\n","protected":false},"excerpt":{"rendered":"<p>Ce spinelle synth\u00e9tique d\u2019un d\u00e9licat aigue-marine gris, taill\u00e9 en carr\u00e9 step cut de 2,00 x 2,00 mm, pr\u00e9sente une couleur homog\u00e8ne et un bel \u00e9clat qui rehausseront toutes vos cr\u00e9ations. Fabriqu\u00e9 en France \u00e0 partir d\u2019un brut \u00e9co-grandi \u00e0 l\u2019aide d\u2019\u00e9nergie renouvelable, il refl\u00e8te un engagement envers des pratiques responsables et durables. Chaque \u00e9tape, de la cr\u00e9ation du brut \u00e0 la taille soign\u00e9e, est r\u00e9alis\u00e9e en France, garantissant ainsi un produit de haute qualit\u00e9, alliant esth\u00e9tique et \u00e9thique pour les joailliers et artisans exigeants.<\/p>\n","protected":false},"featured_media":9982,"comment_status":"closed","ping_status":"closed","template":"","meta":{"_acf_changed":false,"content-type":""},"product_brand":[],"product_cat":[133],"product_tag":[],"class_list":{"0":"post-10325","1":"product","2":"type-product","3":"status-publish","4":"has-post-thumbnail","6":"product_cat-non-classifiee","7":"pa_color-gris","8":"pa_eco-grandit-143","9":"pa_material-spinelle-synthetique-fr","10":"pa_origine-du-brut-france-r-s-a","11":"pa_shape-carre","12":"pa_stone-colour-aigue-marine-grise","13":"pa_stone-shape-carre-s-c","14":"pa_stone-type-synthetique-fr","16":"first","17":"instock","18":"taxable","19":"shipping-taxable","20":"purchasable","21":"product-type-simple"},"acf":[],"yoast_head":"<!-- This site is optimized with the Yoast SEO plugin v26.9 - https:\/\/yoast.com\/product\/yoast-seo-wordpress\/ -->\n<title>Spinelle synth\u00e9tique gris \u2013 Brillance et durabilit\u00e9<\/title>\n<meta name=\"description\" content=\"D\u00e9couvrez ce spinelle synth\u00e9tique gris aigue-marine, taill\u00e9 avec pr\u00e9cision, id\u00e9al pour des cr\u00e9ations joailli\u00e8res \u00e9l\u00e9gantes et durables.\" \/>\n<meta name=\"robots\" content=\"index, follow, max-snippet:-1, max-image-preview:large, max-video-preview:-1\" \/>\n<link rel=\"canonical\" href=\"https:\/\/dalloz-stones.com\/fr\/produit\/aigue-marine-grise-carre-s-c-200-x-200-mm\/\" \/>\n<meta property=\"og:locale\" content=\"fr_FR\" \/>\n<meta property=\"og:type\" content=\"article\" \/>\n<meta property=\"og:title\" content=\"Spinelle synth\u00e9tique gris \u2013 Brillance et durabilit\u00e9\" \/>\n<meta property=\"og:description\" content=\"D\u00e9couvrez ce spinelle synth\u00e9tique gris aigue-marine, taill\u00e9 avec pr\u00e9cision, id\u00e9al pour des cr\u00e9ations joailli\u00e8res \u00e9l\u00e9gantes et durables.\" \/>\n<meta property=\"og:url\" content=\"https:\/\/dalloz-stones.com\/fr\/produit\/aigue-marine-grise-carre-s-c-200-x-200-mm\/\" \/>\n<meta property=\"og:site_name\" content=\"Dalloz stones &amp; rough\" \/>\n<meta property=\"article:publisher\" content=\"https:\/\/www.facebook.com\/dalloz1917\/\" \/>\n<meta property=\"article:modified_time\" content=\"2025-10-30T11:10:07+00:00\" \/>\n<meta property=\"og:image\" content=\"https:\/\/dalloz-stones.com\/app\/uploads\/2024\/12\/2AQUAC50200CA-Q1RA_1.jpg\" \/>\n\t<meta property=\"og:image:width\" content=\"2000\" \/>\n\t<meta property=\"og:image:height\" content=\"2000\" \/>\n\t<meta property=\"og:image:type\" content=\"image\/jpeg\" \/>\n<meta name=\"twitter:card\" content=\"summary_large_image\" \/>\n<meta name=\"twitter:label1\" content=\"Dur\u00e9e de lecture estim\u00e9e\" \/>\n\t<meta name=\"twitter:data1\" content=\"1 minute\" \/>\n<script type=\"application\/ld+json\" class=\"yoast-schema-graph\">{\"@context\":\"https:\/\/schema.org\",\"@graph\":[{\"@type\":\"WebPage\",\"@id\":\"https:\/\/dalloz-stones.com\/fr\/produit\/aigue-marine-grise-carre-s-c-200-x-200-mm\/\",\"url\":\"https:\/\/dalloz-stones.com\/fr\/produit\/aigue-marine-grise-carre-s-c-200-x-200-mm\/\",\"name\":\"Spinelle synth\u00e9tique gris \u2013 Brillance et durabilit\u00e9\",\"isPartOf\":{\"@id\":\"https:\/\/dalloz-stones.com\/fr\/#website\"},\"primaryImageOfPage\":{\"@id\":\"https:\/\/dalloz-stones.com\/fr\/produit\/aigue-marine-grise-carre-s-c-200-x-200-mm\/#primaryimage\"},\"image\":{\"@id\":\"https:\/\/dalloz-stones.com\/fr\/produit\/aigue-marine-grise-carre-s-c-200-x-200-mm\/#primaryimage\"},\"thumbnailUrl\":\"https:\/\/dalloz-stones.com\/app\/uploads\/2024\/12\/2AQUAC50200CA-Q1RA_1.jpg\",\"datePublished\":\"2024-12-16T17:57:21+00:00\",\"dateModified\":\"2025-10-30T11:10:07+00:00\",\"description\":\"D\u00e9couvrez ce spinelle synth\u00e9tique gris aigue-marine, taill\u00e9 avec pr\u00e9cision, id\u00e9al pour des cr\u00e9ations joailli\u00e8res \u00e9l\u00e9gantes et durables.\",\"breadcrumb\":{\"@id\":\"https:\/\/dalloz-stones.com\/fr\/produit\/aigue-marine-grise-carre-s-c-200-x-200-mm\/#breadcrumb\"},\"inLanguage\":\"fr-FR\",\"potentialAction\":[{\"@type\":\"ReadAction\",\"target\":[\"https:\/\/dalloz-stones.com\/fr\/produit\/aigue-marine-grise-carre-s-c-200-x-200-mm\/\"]}]},{\"@type\":\"ImageObject\",\"inLanguage\":\"fr-FR\",\"@id\":\"https:\/\/dalloz-stones.com\/fr\/produit\/aigue-marine-grise-carre-s-c-200-x-200-mm\/#primaryimage\",\"url\":\"https:\/\/dalloz-stones.com\/app\/uploads\/2024\/12\/2AQUAC50200CA-Q1RA_1.jpg\",\"contentUrl\":\"https:\/\/dalloz-stones.com\/app\/uploads\/2024\/12\/2AQUAC50200CA-Q1RA_1.jpg\",\"width\":2000,\"height\":2000,\"caption\":\"Aigue marine Grise Carr\u00e9 S.C - 2,00 x 2,00 mm\"},{\"@type\":\"BreadcrumbList\",\"@id\":\"https:\/\/dalloz-stones.com\/fr\/produit\/aigue-marine-grise-carre-s-c-200-x-200-mm\/#breadcrumb\",\"itemListElement\":[{\"@type\":\"ListItem\",\"position\":1,\"name\":\"Accueil\",\"item\":\"https:\/\/dalloz-stones.com\/fr\/\"},{\"@type\":\"ListItem\",\"position\":2,\"name\":\"Boutique\",\"item\":\"https:\/\/dalloz-stones.com\/boutique\/\"},{\"@type\":\"ListItem\",\"position\":3,\"name\":\"Spinelle Aigue marine Grise Carr\u00e9 S.C &#8211; 2,00 x 2,00 mm\"}]},{\"@type\":\"WebSite\",\"@id\":\"https:\/\/dalloz-stones.com\/fr\/#website\",\"url\":\"https:\/\/dalloz-stones.com\/fr\/\",\"name\":\"Dalloz stones &amp; rough\",\"description\":\"\",\"publisher\":{\"@id\":\"https:\/\/dalloz-stones.com\/fr\/#organization\"},\"potentialAction\":[{\"@type\":\"SearchAction\",\"target\":{\"@type\":\"EntryPoint\",\"urlTemplate\":\"https:\/\/dalloz-stones.com\/fr\/?s={search_term_string}\"},\"query-input\":{\"@type\":\"PropertyValueSpecification\",\"valueRequired\":true,\"valueName\":\"search_term_string\"}}],\"inLanguage\":\"fr-FR\"},{\"@type\":\"Organization\",\"@id\":\"https:\/\/dalloz-stones.com\/fr\/#organization\",\"name\":\"Dalloz Stones & Rough\",\"url\":\"https:\/\/dalloz-stones.com\/fr\/\",\"logo\":{\"@type\":\"ImageObject\",\"inLanguage\":\"fr-FR\",\"@id\":\"https:\/\/dalloz-stones.com\/fr\/#\/schema\/logo\/image\/\",\"url\":\"https:\/\/dalloz-stones.com\/app\/uploads\/2020\/11\/Dalloz_Mono_Vertsapin.png\",\"contentUrl\":\"https:\/\/dalloz-stones.com\/app\/uploads\/2020\/11\/Dalloz_Mono_Vertsapin.png\",\"width\":1772,\"height\":1772,\"caption\":\"Dalloz Stones & Rough\"},\"image\":{\"@id\":\"https:\/\/dalloz-stones.com\/fr\/#\/schema\/logo\/image\/\"},\"sameAs\":[\"https:\/\/www.facebook.com\/dalloz1917\/\",\"https:\/\/www.instagram.com\/dallozstones\/\",\"https:\/\/www.linkedin.com\/company\/dalloz-stones-and-rough\/\",\"https:\/\/www.youtube.com\/channel\/UC1mJnpsxORlO9kjbbN9LvtQ\"]}]}<\/script>\n<!-- \/ Yoast SEO plugin. -->","yoast_head_json":{"title":"Spinelle synth\u00e9tique gris \u2013 Brillance et durabilit\u00e9","description":"D\u00e9couvrez ce spinelle synth\u00e9tique gris aigue-marine, taill\u00e9 avec pr\u00e9cision, id\u00e9al pour des cr\u00e9ations joailli\u00e8res \u00e9l\u00e9gantes et durables.","robots":{"index":"index","follow":"follow","max-snippet":"max-snippet:-1","max-image-preview":"max-image-preview:large","max-video-preview":"max-video-preview:-1"},"canonical":"https:\/\/dalloz-stones.com\/fr\/produit\/aigue-marine-grise-carre-s-c-200-x-200-mm\/","og_locale":"fr_FR","og_type":"article","og_title":"Spinelle synth\u00e9tique gris \u2013 Brillance et durabilit\u00e9","og_description":"D\u00e9couvrez ce spinelle synth\u00e9tique gris aigue-marine, taill\u00e9 avec pr\u00e9cision, id\u00e9al pour des cr\u00e9ations joailli\u00e8res \u00e9l\u00e9gantes et durables.","og_url":"https:\/\/dalloz-stones.com\/fr\/produit\/aigue-marine-grise-carre-s-c-200-x-200-mm\/","og_site_name":"Dalloz stones &amp; rough","article_publisher":"https:\/\/www.facebook.com\/dalloz1917\/","article_modified_time":"2025-10-30T11:10:07+00:00","og_image":[{"width":2000,"height":2000,"url":"https:\/\/dalloz-stones.com\/app\/uploads\/2024\/12\/2AQUAC50200CA-Q1RA_1.jpg","type":"image\/jpeg"}],"twitter_card":"summary_large_image","twitter_misc":{"Dur\u00e9e de lecture estim\u00e9e":"1 minute"},"schema":{"@context":"https:\/\/schema.org","@graph":[{"@type":"WebPage","@id":"https:\/\/dalloz-stones.com\/fr\/produit\/aigue-marine-grise-carre-s-c-200-x-200-mm\/","url":"https:\/\/dalloz-stones.com\/fr\/produit\/aigue-marine-grise-carre-s-c-200-x-200-mm\/","name":"Spinelle synth\u00e9tique gris \u2013 Brillance et durabilit\u00e9","isPartOf":{"@id":"https:\/\/dalloz-stones.com\/fr\/#website"},"primaryImageOfPage":{"@id":"https:\/\/dalloz-stones.com\/fr\/produit\/aigue-marine-grise-carre-s-c-200-x-200-mm\/#primaryimage"},"image":{"@id":"https:\/\/dalloz-stones.com\/fr\/produit\/aigue-marine-grise-carre-s-c-200-x-200-mm\/#primaryimage"},"thumbnailUrl":"https:\/\/dalloz-stones.com\/app\/uploads\/2024\/12\/2AQUAC50200CA-Q1RA_1.jpg","datePublished":"2024-12-16T17:57:21+00:00","dateModified":"2025-10-30T11:10:07+00:00","description":"D\u00e9couvrez ce spinelle synth\u00e9tique gris aigue-marine, taill\u00e9 avec pr\u00e9cision, id\u00e9al pour des cr\u00e9ations joailli\u00e8res \u00e9l\u00e9gantes et durables.","breadcrumb":{"@id":"https:\/\/dalloz-stones.com\/fr\/produit\/aigue-marine-grise-carre-s-c-200-x-200-mm\/#breadcrumb"},"inLanguage":"fr-FR","potentialAction":[{"@type":"ReadAction","target":["https:\/\/dalloz-stones.com\/fr\/produit\/aigue-marine-grise-carre-s-c-200-x-200-mm\/"]}]},{"@type":"ImageObject","inLanguage":"fr-FR","@id":"https:\/\/dalloz-stones.com\/fr\/produit\/aigue-marine-grise-carre-s-c-200-x-200-mm\/#primaryimage","url":"https:\/\/dalloz-stones.com\/app\/uploads\/2024\/12\/2AQUAC50200CA-Q1RA_1.jpg","contentUrl":"https:\/\/dalloz-stones.com\/app\/uploads\/2024\/12\/2AQUAC50200CA-Q1RA_1.jpg","width":2000,"height":2000,"caption":"Aigue marine Grise Carr\u00e9 S.C - 2,00 x 2,00 mm"},{"@type":"BreadcrumbList","@id":"https:\/\/dalloz-stones.com\/fr\/produit\/aigue-marine-grise-carre-s-c-200-x-200-mm\/#breadcrumb","itemListElement":[{"@type":"ListItem","position":1,"name":"Accueil","item":"https:\/\/dalloz-stones.com\/fr\/"},{"@type":"ListItem","position":2,"name":"Boutique","item":"https:\/\/dalloz-stones.com\/boutique\/"},{"@type":"ListItem","position":3,"name":"Spinelle Aigue marine Grise Carr\u00e9 S.C &#8211; 2,00 x 2,00 mm"}]},{"@type":"WebSite","@id":"https:\/\/dalloz-stones.com\/fr\/#website","url":"https:\/\/dalloz-stones.com\/fr\/","name":"Dalloz stones &amp; rough","description":"","publisher":{"@id":"https:\/\/dalloz-stones.com\/fr\/#organization"},"potentialAction":[{"@type":"SearchAction","target":{"@type":"EntryPoint","urlTemplate":"https:\/\/dalloz-stones.com\/fr\/?s={search_term_string}"},"query-input":{"@type":"PropertyValueSpecification","valueRequired":true,"valueName":"search_term_string"}}],"inLanguage":"fr-FR"},{"@type":"Organization","@id":"https:\/\/dalloz-stones.com\/fr\/#organization","name":"Dalloz Stones & Rough","url":"https:\/\/dalloz-stones.com\/fr\/","logo":{"@type":"ImageObject","inLanguage":"fr-FR","@id":"https:\/\/dalloz-stones.com\/fr\/#\/schema\/logo\/image\/","url":"https:\/\/dalloz-stones.com\/app\/uploads\/2020\/11\/Dalloz_Mono_Vertsapin.png","contentUrl":"https:\/\/dalloz-stones.com\/app\/uploads\/2020\/11\/Dalloz_Mono_Vertsapin.png","width":1772,"height":1772,"caption":"Dalloz Stones & Rough"},"image":{"@id":"https:\/\/dalloz-stones.com\/fr\/#\/schema\/logo\/image\/"},"sameAs":["https:\/\/www.facebook.com\/dalloz1917\/","https:\/\/www.instagram.com\/dallozstones\/","https:\/\/www.linkedin.com\/company\/dalloz-stones-and-rough\/","https:\/\/www.youtube.com\/channel\/UC1mJnpsxORlO9kjbbN9LvtQ"]}]}},"_links":{"self":[{"href":"https:\/\/dalloz-stones.com\/fr\/wp-json\/wp\/v2\/product\/10325","targetHints":{"allow":["GET"]}}],"collection":[{"href":"https:\/\/dalloz-stones.com\/fr\/wp-json\/wp\/v2\/product"}],"about":[{"href":"https:\/\/dalloz-stones.com\/fr\/wp-json\/wp\/v2\/types\/product"}],"replies":[{"embeddable":true,"href":"https:\/\/dalloz-stones.com\/fr\/wp-json\/wp\/v2\/comments?post=10325"}],"wp:featuredmedia":[{"embeddable":true,"href":"https:\/\/dalloz-stones.com\/fr\/wp-json\/wp\/v2\/media\/9982"}],"wp:attachment":[{"href":"https:\/\/dalloz-stones.com\/fr\/wp-json\/wp\/v2\/media?parent=10325"}],"wp:term":[{"taxonomy":"product_brand","embeddable":true,"href":"https:\/\/dalloz-stones.com\/fr\/wp-json\/wp\/v2\/product_brand?post=10325"},{"taxonomy":"product_cat","embeddable":true,"href":"https:\/\/dalloz-stones.com\/fr\/wp-json\/wp\/v2\/product_cat?post=10325"},{"taxonomy":"product_tag","embeddable":true,"href":"https:\/\/dalloz-stones.com\/fr\/wp-json\/wp\/v2\/product_tag?post=10325"}],"curies":[{"name":"wp","href":"https:\/\/api.w.org\/{rel}","templated":true}]}}