{"id":10322,"date":"2024-12-16T18:57:21","date_gmt":"2024-12-16T17:57:21","guid":{"rendered":"https:\/\/dalloz-stones.com\/produit\/aigue-marine-bleue-rond-130-mm\/"},"modified":"2025-05-06T10:13:17","modified_gmt":"2025-05-06T08:13:17","slug":"aigue-marine-bleue-rond-130-mm","status":"publish","type":"product","link":"https:\/\/dalloz-stones.com\/fr\/produit\/aigue-marine-bleue-rond-130-mm\/","title":{"rendered":"Spinelle Aigue marine Bleue Rond  &#8211;  1,30 mm"},"content":{"rendered":"<p>Ce spinelle synth\u00e9tique, d\u2019une d\u00e9licate teinte aigue-marine bleue, est taill\u00e9 en rond de 1,30 mm avec 41 facettes, offrant un bel \u00e9clat et une couleur homog\u00e8ne. Gr\u00e2ce \u00e0 une excellente tol\u00e9rance dimensionnelle de +\/- 0,03 mm, cette pierre garantit une pr\u00e9cision optimale, id\u00e9ale pour des cr\u00e9ations joailli\u00e8res raffin\u00e9es. Produit en France (R.S.A.) \u00e0 partir d\u2019\u00e9nergie verte et taill\u00e9 localement, ce spinelle refl\u00e8te un engagement envers la durabilit\u00e9 et un savoir-faire artisanal de haute qualit\u00e9.<\/p>\n","protected":false},"excerpt":{"rendered":"<p>Ce spinelle synth\u00e9tique, d\u2019une d\u00e9licate teinte aigue-marine bleue, est taill\u00e9 en rond de 1,30 mm avec 41 facettes, offrant un bel \u00e9clat et une couleur homog\u00e8ne. Gr\u00e2ce \u00e0 une excellente tol\u00e9rance dimensionnelle de +\/- 0,03 mm, cette pierre garantit une pr\u00e9cision optimale, id\u00e9ale pour des cr\u00e9ations joailli\u00e8res raffin\u00e9es. Produit en France (R.S.A.) \u00e0 partir d\u2019\u00e9nergie verte et taill\u00e9 localement, ce spinelle refl\u00e8te un engagement envers la durabilit\u00e9 et un savoir-faire artisanal de haute qualit\u00e9.<\/p>\n","protected":false},"featured_media":9976,"comment_status":"closed","ping_status":"closed","template":"","meta":{"_acf_changed":false,"content-type":""},"product_brand":[],"product_cat":[133],"product_tag":[],"class_list":{"0":"post-10322","1":"product","2":"type-product","3":"status-publish","4":"has-post-thumbnail","6":"product_cat-non-classifiee","7":"pa_color-bleu","8":"pa_eco-grandit-143","9":"pa_material-spinelle-synthetique-fr","10":"pa_origine-du-brut-france-r-s-a","11":"pa_shape-rond","12":"pa_stone-colour-aigue-marine-bleue","13":"pa_stone-shape-rond","14":"pa_stone-type-synthetique-fr","16":"first","17":"instock","18":"taxable","19":"shipping-taxable","20":"purchasable","21":"product-type-simple"},"acf":[],"yoast_head":"<!-- This site is optimized with the Yoast SEO plugin v26.9 - https:\/\/yoast.com\/product\/yoast-seo-wordpress\/ -->\n<title>Spinelle synth\u00e9tique bleu \u2013 Raffinement et qualit\u00e9<\/title>\n<meta name=\"description\" content=\"Ce spinelle bleu aigue-marine s\u00e9duit par sa pr\u00e9cision et son \u00e9clat raffin\u00e9. Id\u00e9al pour des bijoux sophistiqu\u00e9s et durables.\" \/>\n<meta name=\"robots\" content=\"index, follow, max-snippet:-1, max-image-preview:large, max-video-preview:-1\" \/>\n<link rel=\"canonical\" href=\"https:\/\/dalloz-stones.com\/fr\/produit\/aigue-marine-bleue-rond-130-mm\/\" \/>\n<meta property=\"og:locale\" content=\"fr_FR\" \/>\n<meta property=\"og:type\" content=\"article\" \/>\n<meta property=\"og:title\" content=\"Spinelle synth\u00e9tique bleu \u2013 Raffinement et qualit\u00e9\" \/>\n<meta property=\"og:description\" content=\"Ce spinelle bleu aigue-marine s\u00e9duit par sa pr\u00e9cision et son \u00e9clat raffin\u00e9. Id\u00e9al pour des bijoux sophistiqu\u00e9s et durables.\" \/>\n<meta property=\"og:url\" content=\"https:\/\/dalloz-stones.com\/fr\/produit\/aigue-marine-bleue-rond-130-mm\/\" \/>\n<meta property=\"og:site_name\" content=\"Dalloz stones &amp; rough\" \/>\n<meta property=\"article:publisher\" content=\"https:\/\/www.facebook.com\/dalloz1917\/\" \/>\n<meta property=\"article:modified_time\" content=\"2025-05-06T08:13:17+00:00\" \/>\n<meta property=\"og:image\" content=\"https:\/\/dalloz-stones.com\/app\/uploads\/2024\/12\/2AQBLR50130-P0M0OTH06358_1.jpg\" \/>\n\t<meta property=\"og:image:width\" content=\"2000\" \/>\n\t<meta property=\"og:image:height\" content=\"2000\" \/>\n\t<meta property=\"og:image:type\" content=\"image\/jpeg\" \/>\n<meta name=\"twitter:card\" content=\"summary_large_image\" \/>\n<script type=\"application\/ld+json\" class=\"yoast-schema-graph\">{\"@context\":\"https:\/\/schema.org\",\"@graph\":[{\"@type\":\"WebPage\",\"@id\":\"https:\/\/dalloz-stones.com\/fr\/produit\/aigue-marine-bleue-rond-130-mm\/\",\"url\":\"https:\/\/dalloz-stones.com\/fr\/produit\/aigue-marine-bleue-rond-130-mm\/\",\"name\":\"Spinelle synth\u00e9tique bleu \u2013 Raffinement et qualit\u00e9\",\"isPartOf\":{\"@id\":\"https:\/\/dalloz-stones.com\/fr\/#website\"},\"primaryImageOfPage\":{\"@id\":\"https:\/\/dalloz-stones.com\/fr\/produit\/aigue-marine-bleue-rond-130-mm\/#primaryimage\"},\"image\":{\"@id\":\"https:\/\/dalloz-stones.com\/fr\/produit\/aigue-marine-bleue-rond-130-mm\/#primaryimage\"},\"thumbnailUrl\":\"https:\/\/dalloz-stones.com\/app\/uploads\/2024\/12\/2AQBLR50130-P0M0OTH06358_1.jpg\",\"datePublished\":\"2024-12-16T17:57:21+00:00\",\"dateModified\":\"2025-05-06T08:13:17+00:00\",\"description\":\"Ce spinelle bleu aigue-marine s\u00e9duit par sa pr\u00e9cision et son \u00e9clat raffin\u00e9. Id\u00e9al pour des bijoux sophistiqu\u00e9s et durables.\",\"breadcrumb\":{\"@id\":\"https:\/\/dalloz-stones.com\/fr\/produit\/aigue-marine-bleue-rond-130-mm\/#breadcrumb\"},\"inLanguage\":\"fr-FR\",\"potentialAction\":[{\"@type\":\"ReadAction\",\"target\":[\"https:\/\/dalloz-stones.com\/fr\/produit\/aigue-marine-bleue-rond-130-mm\/\"]}]},{\"@type\":\"ImageObject\",\"inLanguage\":\"fr-FR\",\"@id\":\"https:\/\/dalloz-stones.com\/fr\/produit\/aigue-marine-bleue-rond-130-mm\/#primaryimage\",\"url\":\"https:\/\/dalloz-stones.com\/app\/uploads\/2024\/12\/2AQBLR50130-P0M0OTH06358_1.jpg\",\"contentUrl\":\"https:\/\/dalloz-stones.com\/app\/uploads\/2024\/12\/2AQBLR50130-P0M0OTH06358_1.jpg\",\"width\":2000,\"height\":2000,\"caption\":\"Aigue marine Bleue Rond - 1,30 mm\"},{\"@type\":\"BreadcrumbList\",\"@id\":\"https:\/\/dalloz-stones.com\/fr\/produit\/aigue-marine-bleue-rond-130-mm\/#breadcrumb\",\"itemListElement\":[{\"@type\":\"ListItem\",\"position\":1,\"name\":\"Accueil\",\"item\":\"https:\/\/dalloz-stones.com\/fr\/\"},{\"@type\":\"ListItem\",\"position\":2,\"name\":\"Boutique\",\"item\":\"https:\/\/dalloz-stones.com\/boutique\/\"},{\"@type\":\"ListItem\",\"position\":3,\"name\":\"Spinelle Aigue marine Bleue Rond &#8211; 1,30 mm\"}]},{\"@type\":\"WebSite\",\"@id\":\"https:\/\/dalloz-stones.com\/fr\/#website\",\"url\":\"https:\/\/dalloz-stones.com\/fr\/\",\"name\":\"Dalloz stones &amp; rough\",\"description\":\"\",\"publisher\":{\"@id\":\"https:\/\/dalloz-stones.com\/fr\/#organization\"},\"potentialAction\":[{\"@type\":\"SearchAction\",\"target\":{\"@type\":\"EntryPoint\",\"urlTemplate\":\"https:\/\/dalloz-stones.com\/fr\/?s={search_term_string}\"},\"query-input\":{\"@type\":\"PropertyValueSpecification\",\"valueRequired\":true,\"valueName\":\"search_term_string\"}}],\"inLanguage\":\"fr-FR\"},{\"@type\":\"Organization\",\"@id\":\"https:\/\/dalloz-stones.com\/fr\/#organization\",\"name\":\"Dalloz Stones & Rough\",\"url\":\"https:\/\/dalloz-stones.com\/fr\/\",\"logo\":{\"@type\":\"ImageObject\",\"inLanguage\":\"fr-FR\",\"@id\":\"https:\/\/dalloz-stones.com\/fr\/#\/schema\/logo\/image\/\",\"url\":\"https:\/\/dalloz-stones.com\/app\/uploads\/2020\/11\/Dalloz_Mono_Vertsapin.png\",\"contentUrl\":\"https:\/\/dalloz-stones.com\/app\/uploads\/2020\/11\/Dalloz_Mono_Vertsapin.png\",\"width\":1772,\"height\":1772,\"caption\":\"Dalloz Stones & Rough\"},\"image\":{\"@id\":\"https:\/\/dalloz-stones.com\/fr\/#\/schema\/logo\/image\/\"},\"sameAs\":[\"https:\/\/www.facebook.com\/dalloz1917\/\",\"https:\/\/www.instagram.com\/dallozstones\/\",\"https:\/\/www.linkedin.com\/company\/dalloz-stones-and-rough\/\",\"https:\/\/www.youtube.com\/channel\/UC1mJnpsxORlO9kjbbN9LvtQ\"]}]}<\/script>\n<!-- \/ Yoast SEO plugin. -->","yoast_head_json":{"title":"Spinelle synth\u00e9tique bleu \u2013 Raffinement et qualit\u00e9","description":"Ce spinelle bleu aigue-marine s\u00e9duit par sa pr\u00e9cision et son \u00e9clat raffin\u00e9. Id\u00e9al pour des bijoux sophistiqu\u00e9s et durables.","robots":{"index":"index","follow":"follow","max-snippet":"max-snippet:-1","max-image-preview":"max-image-preview:large","max-video-preview":"max-video-preview:-1"},"canonical":"https:\/\/dalloz-stones.com\/fr\/produit\/aigue-marine-bleue-rond-130-mm\/","og_locale":"fr_FR","og_type":"article","og_title":"Spinelle synth\u00e9tique bleu \u2013 Raffinement et qualit\u00e9","og_description":"Ce spinelle bleu aigue-marine s\u00e9duit par sa pr\u00e9cision et son \u00e9clat raffin\u00e9. Id\u00e9al pour des bijoux sophistiqu\u00e9s et durables.","og_url":"https:\/\/dalloz-stones.com\/fr\/produit\/aigue-marine-bleue-rond-130-mm\/","og_site_name":"Dalloz stones &amp; rough","article_publisher":"https:\/\/www.facebook.com\/dalloz1917\/","article_modified_time":"2025-05-06T08:13:17+00:00","og_image":[{"width":2000,"height":2000,"url":"https:\/\/dalloz-stones.com\/app\/uploads\/2024\/12\/2AQBLR50130-P0M0OTH06358_1.jpg","type":"image\/jpeg"}],"twitter_card":"summary_large_image","schema":{"@context":"https:\/\/schema.org","@graph":[{"@type":"WebPage","@id":"https:\/\/dalloz-stones.com\/fr\/produit\/aigue-marine-bleue-rond-130-mm\/","url":"https:\/\/dalloz-stones.com\/fr\/produit\/aigue-marine-bleue-rond-130-mm\/","name":"Spinelle synth\u00e9tique bleu \u2013 Raffinement et qualit\u00e9","isPartOf":{"@id":"https:\/\/dalloz-stones.com\/fr\/#website"},"primaryImageOfPage":{"@id":"https:\/\/dalloz-stones.com\/fr\/produit\/aigue-marine-bleue-rond-130-mm\/#primaryimage"},"image":{"@id":"https:\/\/dalloz-stones.com\/fr\/produit\/aigue-marine-bleue-rond-130-mm\/#primaryimage"},"thumbnailUrl":"https:\/\/dalloz-stones.com\/app\/uploads\/2024\/12\/2AQBLR50130-P0M0OTH06358_1.jpg","datePublished":"2024-12-16T17:57:21+00:00","dateModified":"2025-05-06T08:13:17+00:00","description":"Ce spinelle bleu aigue-marine s\u00e9duit par sa pr\u00e9cision et son \u00e9clat raffin\u00e9. Id\u00e9al pour des bijoux sophistiqu\u00e9s et durables.","breadcrumb":{"@id":"https:\/\/dalloz-stones.com\/fr\/produit\/aigue-marine-bleue-rond-130-mm\/#breadcrumb"},"inLanguage":"fr-FR","potentialAction":[{"@type":"ReadAction","target":["https:\/\/dalloz-stones.com\/fr\/produit\/aigue-marine-bleue-rond-130-mm\/"]}]},{"@type":"ImageObject","inLanguage":"fr-FR","@id":"https:\/\/dalloz-stones.com\/fr\/produit\/aigue-marine-bleue-rond-130-mm\/#primaryimage","url":"https:\/\/dalloz-stones.com\/app\/uploads\/2024\/12\/2AQBLR50130-P0M0OTH06358_1.jpg","contentUrl":"https:\/\/dalloz-stones.com\/app\/uploads\/2024\/12\/2AQBLR50130-P0M0OTH06358_1.jpg","width":2000,"height":2000,"caption":"Aigue marine Bleue Rond - 1,30 mm"},{"@type":"BreadcrumbList","@id":"https:\/\/dalloz-stones.com\/fr\/produit\/aigue-marine-bleue-rond-130-mm\/#breadcrumb","itemListElement":[{"@type":"ListItem","position":1,"name":"Accueil","item":"https:\/\/dalloz-stones.com\/fr\/"},{"@type":"ListItem","position":2,"name":"Boutique","item":"https:\/\/dalloz-stones.com\/boutique\/"},{"@type":"ListItem","position":3,"name":"Spinelle Aigue marine Bleue Rond &#8211; 1,30 mm"}]},{"@type":"WebSite","@id":"https:\/\/dalloz-stones.com\/fr\/#website","url":"https:\/\/dalloz-stones.com\/fr\/","name":"Dalloz stones &amp; rough","description":"","publisher":{"@id":"https:\/\/dalloz-stones.com\/fr\/#organization"},"potentialAction":[{"@type":"SearchAction","target":{"@type":"EntryPoint","urlTemplate":"https:\/\/dalloz-stones.com\/fr\/?s={search_term_string}"},"query-input":{"@type":"PropertyValueSpecification","valueRequired":true,"valueName":"search_term_string"}}],"inLanguage":"fr-FR"},{"@type":"Organization","@id":"https:\/\/dalloz-stones.com\/fr\/#organization","name":"Dalloz Stones & Rough","url":"https:\/\/dalloz-stones.com\/fr\/","logo":{"@type":"ImageObject","inLanguage":"fr-FR","@id":"https:\/\/dalloz-stones.com\/fr\/#\/schema\/logo\/image\/","url":"https:\/\/dalloz-stones.com\/app\/uploads\/2020\/11\/Dalloz_Mono_Vertsapin.png","contentUrl":"https:\/\/dalloz-stones.com\/app\/uploads\/2020\/11\/Dalloz_Mono_Vertsapin.png","width":1772,"height":1772,"caption":"Dalloz Stones & Rough"},"image":{"@id":"https:\/\/dalloz-stones.com\/fr\/#\/schema\/logo\/image\/"},"sameAs":["https:\/\/www.facebook.com\/dalloz1917\/","https:\/\/www.instagram.com\/dallozstones\/","https:\/\/www.linkedin.com\/company\/dalloz-stones-and-rough\/","https:\/\/www.youtube.com\/channel\/UC1mJnpsxORlO9kjbbN9LvtQ"]}]}},"_links":{"self":[{"href":"https:\/\/dalloz-stones.com\/fr\/wp-json\/wp\/v2\/product\/10322","targetHints":{"allow":["GET"]}}],"collection":[{"href":"https:\/\/dalloz-stones.com\/fr\/wp-json\/wp\/v2\/product"}],"about":[{"href":"https:\/\/dalloz-stones.com\/fr\/wp-json\/wp\/v2\/types\/product"}],"replies":[{"embeddable":true,"href":"https:\/\/dalloz-stones.com\/fr\/wp-json\/wp\/v2\/comments?post=10322"}],"wp:featuredmedia":[{"embeddable":true,"href":"https:\/\/dalloz-stones.com\/fr\/wp-json\/wp\/v2\/media\/9976"}],"wp:attachment":[{"href":"https:\/\/dalloz-stones.com\/fr\/wp-json\/wp\/v2\/media?parent=10322"}],"wp:term":[{"taxonomy":"product_brand","embeddable":true,"href":"https:\/\/dalloz-stones.com\/fr\/wp-json\/wp\/v2\/product_brand?post=10322"},{"taxonomy":"product_cat","embeddable":true,"href":"https:\/\/dalloz-stones.com\/fr\/wp-json\/wp\/v2\/product_cat?post=10322"},{"taxonomy":"product_tag","embeddable":true,"href":"https:\/\/dalloz-stones.com\/fr\/wp-json\/wp\/v2\/product_tag?post=10322"}],"curies":[{"name":"wp","href":"https:\/\/api.w.org\/{rel}","templated":true}]}}