{"id":10319,"date":"2024-12-16T18:57:21","date_gmt":"2024-12-16T17:57:21","guid":{"rendered":"https:\/\/dalloz-stones.com\/produit\/aigue-marine-107-marquise-400-x-200-mm\/"},"modified":"2025-05-06T10:14:47","modified_gmt":"2025-05-06T08:14:47","slug":"aigue-marine-107-marquise-400-x-200-mm","status":"publish","type":"product","link":"https:\/\/dalloz-stones.com\/fr\/produit\/aigue-marine-107-marquise-400-x-200-mm\/","title":{"rendered":"Spinelle Aigue marine 107 Marquise  &#8211;  4,00 x 2,00 mm"},"content":{"rendered":"<p>Ce spinelle synth\u00e9tique d&rsquo;un bleu aigue-marine \u00ab 107 \u00bb en taille marquise (4,00 x 2,00 mm) offre une couleur homog\u00e8ne et un bel \u00e9clat, parfait pour des cr\u00e9ations lumineuses et raffin\u00e9es. Issu d&rsquo;un brut \u00e9co-grandi en France \u00e0 partir d&rsquo;\u00e9nergie renouvelable, ce spinelle allie qualit\u00e9 et durabilit\u00e9, valorisant un savoir-faire local respectueux de l&rsquo;environnement. C\u2019est une pierre id\u00e9ale pour les artisans et joailliers soucieux d\u2019int\u00e9grer des mat\u00e9riaux responsables dans leurs r\u00e9alisations.<\/p>\n","protected":false},"excerpt":{"rendered":"<p>Ce spinelle synth\u00e9tique d&rsquo;un bleu aigue-marine \u00ab 107 \u00bb en taille marquise (4,00 x 2,00 mm) offre une couleur homog\u00e8ne et un bel \u00e9clat, parfait pour des cr\u00e9ations lumineuses et raffin\u00e9es. Issu d&rsquo;un brut \u00e9co-grandi en France \u00e0 partir d&rsquo;\u00e9nergie renouvelable, ce spinelle allie qualit\u00e9 et durabilit\u00e9, valorisant un savoir-faire local respectueux de l&rsquo;environnement. C\u2019est une pierre id\u00e9ale pour les artisans et joailliers soucieux d\u2019int\u00e9grer des mat\u00e9riaux responsables dans leurs r\u00e9alisations.<\/p>\n","protected":false},"featured_media":9970,"comment_status":"closed","ping_status":"closed","template":"","meta":{"_acf_changed":false,"content-type":""},"product_brand":[],"product_cat":[133],"product_tag":[],"class_list":{"0":"post-10319","1":"product","2":"type-product","3":"status-publish","4":"has-post-thumbnail","6":"product_cat-non-classifiee","7":"pa_color-bleu","8":"pa_eco-grandit-143","9":"pa_material-spinelle-synthetique-fr","10":"pa_origine-du-brut-france-r-s-a","11":"pa_shape-marquise","12":"pa_stone-colour-aigue-marine-107","13":"pa_stone-shape-marquise","14":"pa_stone-type-synthetique-fr","16":"first","17":"instock","18":"taxable","19":"shipping-taxable","20":"purchasable","21":"product-type-simple"},"acf":[],"yoast_head":"<!-- This site is optimized with the Yoast SEO plugin v26.9 - https:\/\/yoast.com\/product\/yoast-seo-wordpress\/ -->\n<title>Spinelle synth\u00e9tique bleu aigue-marine \u2013 Luminosit\u00e9 et finesse<\/title>\n<meta name=\"description\" content=\"Ce spinelle bleu aigue-marine offre une brillance unique, parfait pour des cr\u00e9ations lumineuses et \u00e9coresponsables.\" \/>\n<meta name=\"robots\" content=\"index, follow, max-snippet:-1, max-image-preview:large, max-video-preview:-1\" \/>\n<link rel=\"canonical\" href=\"https:\/\/dalloz-stones.com\/fr\/produit\/aigue-marine-107-marquise-400-x-200-mm\/\" \/>\n<meta property=\"og:locale\" content=\"fr_FR\" \/>\n<meta property=\"og:type\" content=\"article\" \/>\n<meta property=\"og:title\" content=\"Spinelle synth\u00e9tique bleu aigue-marine \u2013 Luminosit\u00e9 et finesse\" \/>\n<meta property=\"og:description\" content=\"Ce spinelle bleu aigue-marine offre une brillance unique, parfait pour des cr\u00e9ations lumineuses et \u00e9coresponsables.\" \/>\n<meta property=\"og:url\" content=\"https:\/\/dalloz-stones.com\/fr\/produit\/aigue-marine-107-marquise-400-x-200-mm\/\" \/>\n<meta property=\"og:site_name\" content=\"Dalloz stones &amp; rough\" \/>\n<meta property=\"article:publisher\" content=\"https:\/\/www.facebook.com\/dalloz1917\/\" \/>\n<meta property=\"article:modified_time\" content=\"2025-05-06T08:14:47+00:00\" \/>\n<meta property=\"og:image\" content=\"https:\/\/dalloz-stones.com\/app\/uploads\/2024\/12\/2A107N50400CA-Q1SA_1.jpg\" \/>\n\t<meta property=\"og:image:width\" content=\"2000\" \/>\n\t<meta property=\"og:image:height\" content=\"2000\" \/>\n\t<meta property=\"og:image:type\" content=\"image\/jpeg\" \/>\n<meta name=\"twitter:card\" content=\"summary_large_image\" \/>\n<script type=\"application\/ld+json\" class=\"yoast-schema-graph\">{\"@context\":\"https:\/\/schema.org\",\"@graph\":[{\"@type\":\"WebPage\",\"@id\":\"https:\/\/dalloz-stones.com\/fr\/produit\/aigue-marine-107-marquise-400-x-200-mm\/\",\"url\":\"https:\/\/dalloz-stones.com\/fr\/produit\/aigue-marine-107-marquise-400-x-200-mm\/\",\"name\":\"Spinelle synth\u00e9tique bleu aigue-marine \u2013 Luminosit\u00e9 et finesse\",\"isPartOf\":{\"@id\":\"https:\/\/dalloz-stones.com\/fr\/#website\"},\"primaryImageOfPage\":{\"@id\":\"https:\/\/dalloz-stones.com\/fr\/produit\/aigue-marine-107-marquise-400-x-200-mm\/#primaryimage\"},\"image\":{\"@id\":\"https:\/\/dalloz-stones.com\/fr\/produit\/aigue-marine-107-marquise-400-x-200-mm\/#primaryimage\"},\"thumbnailUrl\":\"https:\/\/dalloz-stones.com\/app\/uploads\/2024\/12\/2A107N50400CA-Q1SA_1.jpg\",\"datePublished\":\"2024-12-16T17:57:21+00:00\",\"dateModified\":\"2025-05-06T08:14:47+00:00\",\"description\":\"Ce spinelle bleu aigue-marine offre une brillance unique, parfait pour des cr\u00e9ations lumineuses et \u00e9coresponsables.\",\"breadcrumb\":{\"@id\":\"https:\/\/dalloz-stones.com\/fr\/produit\/aigue-marine-107-marquise-400-x-200-mm\/#breadcrumb\"},\"inLanguage\":\"fr-FR\",\"potentialAction\":[{\"@type\":\"ReadAction\",\"target\":[\"https:\/\/dalloz-stones.com\/fr\/produit\/aigue-marine-107-marquise-400-x-200-mm\/\"]}]},{\"@type\":\"ImageObject\",\"inLanguage\":\"fr-FR\",\"@id\":\"https:\/\/dalloz-stones.com\/fr\/produit\/aigue-marine-107-marquise-400-x-200-mm\/#primaryimage\",\"url\":\"https:\/\/dalloz-stones.com\/app\/uploads\/2024\/12\/2A107N50400CA-Q1SA_1.jpg\",\"contentUrl\":\"https:\/\/dalloz-stones.com\/app\/uploads\/2024\/12\/2A107N50400CA-Q1SA_1.jpg\",\"width\":2000,\"height\":2000,\"caption\":\"Aigue marine 107 Marquise - 4,00 x 2,00 mm\"},{\"@type\":\"BreadcrumbList\",\"@id\":\"https:\/\/dalloz-stones.com\/fr\/produit\/aigue-marine-107-marquise-400-x-200-mm\/#breadcrumb\",\"itemListElement\":[{\"@type\":\"ListItem\",\"position\":1,\"name\":\"Accueil\",\"item\":\"https:\/\/dalloz-stones.com\/fr\/\"},{\"@type\":\"ListItem\",\"position\":2,\"name\":\"Boutique\",\"item\":\"https:\/\/dalloz-stones.com\/boutique\/\"},{\"@type\":\"ListItem\",\"position\":3,\"name\":\"Spinelle Aigue marine 107 Marquise &#8211; 4,00 x 2,00 mm\"}]},{\"@type\":\"WebSite\",\"@id\":\"https:\/\/dalloz-stones.com\/fr\/#website\",\"url\":\"https:\/\/dalloz-stones.com\/fr\/\",\"name\":\"Dalloz stones &amp; rough\",\"description\":\"\",\"publisher\":{\"@id\":\"https:\/\/dalloz-stones.com\/fr\/#organization\"},\"potentialAction\":[{\"@type\":\"SearchAction\",\"target\":{\"@type\":\"EntryPoint\",\"urlTemplate\":\"https:\/\/dalloz-stones.com\/fr\/?s={search_term_string}\"},\"query-input\":{\"@type\":\"PropertyValueSpecification\",\"valueRequired\":true,\"valueName\":\"search_term_string\"}}],\"inLanguage\":\"fr-FR\"},{\"@type\":\"Organization\",\"@id\":\"https:\/\/dalloz-stones.com\/fr\/#organization\",\"name\":\"Dalloz Stones & Rough\",\"url\":\"https:\/\/dalloz-stones.com\/fr\/\",\"logo\":{\"@type\":\"ImageObject\",\"inLanguage\":\"fr-FR\",\"@id\":\"https:\/\/dalloz-stones.com\/fr\/#\/schema\/logo\/image\/\",\"url\":\"https:\/\/dalloz-stones.com\/app\/uploads\/2020\/11\/Dalloz_Mono_Vertsapin.png\",\"contentUrl\":\"https:\/\/dalloz-stones.com\/app\/uploads\/2020\/11\/Dalloz_Mono_Vertsapin.png\",\"width\":1772,\"height\":1772,\"caption\":\"Dalloz Stones & Rough\"},\"image\":{\"@id\":\"https:\/\/dalloz-stones.com\/fr\/#\/schema\/logo\/image\/\"},\"sameAs\":[\"https:\/\/www.facebook.com\/dalloz1917\/\",\"https:\/\/www.instagram.com\/dallozstones\/\",\"https:\/\/www.linkedin.com\/company\/dalloz-stones-and-rough\/\",\"https:\/\/www.youtube.com\/channel\/UC1mJnpsxORlO9kjbbN9LvtQ\"]}]}<\/script>\n<!-- \/ Yoast SEO plugin. -->","yoast_head_json":{"title":"Spinelle synth\u00e9tique bleu aigue-marine \u2013 Luminosit\u00e9 et finesse","description":"Ce spinelle bleu aigue-marine offre une brillance unique, parfait pour des cr\u00e9ations lumineuses et \u00e9coresponsables.","robots":{"index":"index","follow":"follow","max-snippet":"max-snippet:-1","max-image-preview":"max-image-preview:large","max-video-preview":"max-video-preview:-1"},"canonical":"https:\/\/dalloz-stones.com\/fr\/produit\/aigue-marine-107-marquise-400-x-200-mm\/","og_locale":"fr_FR","og_type":"article","og_title":"Spinelle synth\u00e9tique bleu aigue-marine \u2013 Luminosit\u00e9 et finesse","og_description":"Ce spinelle bleu aigue-marine offre une brillance unique, parfait pour des cr\u00e9ations lumineuses et \u00e9coresponsables.","og_url":"https:\/\/dalloz-stones.com\/fr\/produit\/aigue-marine-107-marquise-400-x-200-mm\/","og_site_name":"Dalloz stones &amp; rough","article_publisher":"https:\/\/www.facebook.com\/dalloz1917\/","article_modified_time":"2025-05-06T08:14:47+00:00","og_image":[{"width":2000,"height":2000,"url":"https:\/\/dalloz-stones.com\/app\/uploads\/2024\/12\/2A107N50400CA-Q1SA_1.jpg","type":"image\/jpeg"}],"twitter_card":"summary_large_image","schema":{"@context":"https:\/\/schema.org","@graph":[{"@type":"WebPage","@id":"https:\/\/dalloz-stones.com\/fr\/produit\/aigue-marine-107-marquise-400-x-200-mm\/","url":"https:\/\/dalloz-stones.com\/fr\/produit\/aigue-marine-107-marquise-400-x-200-mm\/","name":"Spinelle synth\u00e9tique bleu aigue-marine \u2013 Luminosit\u00e9 et finesse","isPartOf":{"@id":"https:\/\/dalloz-stones.com\/fr\/#website"},"primaryImageOfPage":{"@id":"https:\/\/dalloz-stones.com\/fr\/produit\/aigue-marine-107-marquise-400-x-200-mm\/#primaryimage"},"image":{"@id":"https:\/\/dalloz-stones.com\/fr\/produit\/aigue-marine-107-marquise-400-x-200-mm\/#primaryimage"},"thumbnailUrl":"https:\/\/dalloz-stones.com\/app\/uploads\/2024\/12\/2A107N50400CA-Q1SA_1.jpg","datePublished":"2024-12-16T17:57:21+00:00","dateModified":"2025-05-06T08:14:47+00:00","description":"Ce spinelle bleu aigue-marine offre une brillance unique, parfait pour des cr\u00e9ations lumineuses et \u00e9coresponsables.","breadcrumb":{"@id":"https:\/\/dalloz-stones.com\/fr\/produit\/aigue-marine-107-marquise-400-x-200-mm\/#breadcrumb"},"inLanguage":"fr-FR","potentialAction":[{"@type":"ReadAction","target":["https:\/\/dalloz-stones.com\/fr\/produit\/aigue-marine-107-marquise-400-x-200-mm\/"]}]},{"@type":"ImageObject","inLanguage":"fr-FR","@id":"https:\/\/dalloz-stones.com\/fr\/produit\/aigue-marine-107-marquise-400-x-200-mm\/#primaryimage","url":"https:\/\/dalloz-stones.com\/app\/uploads\/2024\/12\/2A107N50400CA-Q1SA_1.jpg","contentUrl":"https:\/\/dalloz-stones.com\/app\/uploads\/2024\/12\/2A107N50400CA-Q1SA_1.jpg","width":2000,"height":2000,"caption":"Aigue marine 107 Marquise - 4,00 x 2,00 mm"},{"@type":"BreadcrumbList","@id":"https:\/\/dalloz-stones.com\/fr\/produit\/aigue-marine-107-marquise-400-x-200-mm\/#breadcrumb","itemListElement":[{"@type":"ListItem","position":1,"name":"Accueil","item":"https:\/\/dalloz-stones.com\/fr\/"},{"@type":"ListItem","position":2,"name":"Boutique","item":"https:\/\/dalloz-stones.com\/boutique\/"},{"@type":"ListItem","position":3,"name":"Spinelle Aigue marine 107 Marquise &#8211; 4,00 x 2,00 mm"}]},{"@type":"WebSite","@id":"https:\/\/dalloz-stones.com\/fr\/#website","url":"https:\/\/dalloz-stones.com\/fr\/","name":"Dalloz stones &amp; rough","description":"","publisher":{"@id":"https:\/\/dalloz-stones.com\/fr\/#organization"},"potentialAction":[{"@type":"SearchAction","target":{"@type":"EntryPoint","urlTemplate":"https:\/\/dalloz-stones.com\/fr\/?s={search_term_string}"},"query-input":{"@type":"PropertyValueSpecification","valueRequired":true,"valueName":"search_term_string"}}],"inLanguage":"fr-FR"},{"@type":"Organization","@id":"https:\/\/dalloz-stones.com\/fr\/#organization","name":"Dalloz Stones & Rough","url":"https:\/\/dalloz-stones.com\/fr\/","logo":{"@type":"ImageObject","inLanguage":"fr-FR","@id":"https:\/\/dalloz-stones.com\/fr\/#\/schema\/logo\/image\/","url":"https:\/\/dalloz-stones.com\/app\/uploads\/2020\/11\/Dalloz_Mono_Vertsapin.png","contentUrl":"https:\/\/dalloz-stones.com\/app\/uploads\/2020\/11\/Dalloz_Mono_Vertsapin.png","width":1772,"height":1772,"caption":"Dalloz Stones & Rough"},"image":{"@id":"https:\/\/dalloz-stones.com\/fr\/#\/schema\/logo\/image\/"},"sameAs":["https:\/\/www.facebook.com\/dalloz1917\/","https:\/\/www.instagram.com\/dallozstones\/","https:\/\/www.linkedin.com\/company\/dalloz-stones-and-rough\/","https:\/\/www.youtube.com\/channel\/UC1mJnpsxORlO9kjbbN9LvtQ"]}]}},"_links":{"self":[{"href":"https:\/\/dalloz-stones.com\/fr\/wp-json\/wp\/v2\/product\/10319","targetHints":{"allow":["GET"]}}],"collection":[{"href":"https:\/\/dalloz-stones.com\/fr\/wp-json\/wp\/v2\/product"}],"about":[{"href":"https:\/\/dalloz-stones.com\/fr\/wp-json\/wp\/v2\/types\/product"}],"replies":[{"embeddable":true,"href":"https:\/\/dalloz-stones.com\/fr\/wp-json\/wp\/v2\/comments?post=10319"}],"wp:featuredmedia":[{"embeddable":true,"href":"https:\/\/dalloz-stones.com\/fr\/wp-json\/wp\/v2\/media\/9970"}],"wp:attachment":[{"href":"https:\/\/dalloz-stones.com\/fr\/wp-json\/wp\/v2\/media?parent=10319"}],"wp:term":[{"taxonomy":"product_brand","embeddable":true,"href":"https:\/\/dalloz-stones.com\/fr\/wp-json\/wp\/v2\/product_brand?post=10319"},{"taxonomy":"product_cat","embeddable":true,"href":"https:\/\/dalloz-stones.com\/fr\/wp-json\/wp\/v2\/product_cat?post=10319"},{"taxonomy":"product_tag","embeddable":true,"href":"https:\/\/dalloz-stones.com\/fr\/wp-json\/wp\/v2\/product_tag?post=10319"}],"curies":[{"name":"wp","href":"https:\/\/api.w.org\/{rel}","templated":true}]}}