{"id":10318,"date":"2024-12-16T18:57:21","date_gmt":"2024-12-16T17:57:21","guid":{"rendered":"https:\/\/dalloz-stones.com\/produit\/agate-verte-rond-080-mm\/"},"modified":"2025-06-05T09:30:27","modified_gmt":"2025-06-05T07:30:27","slug":"agate-verte-rond-080-mm","status":"publish","type":"product","link":"https:\/\/dalloz-stones.com\/fr\/produit\/agate-verte-rond-080-mm\/","title":{"rendered":"Agate Verte Rond  &#8211;  0,80 mm"},"content":{"rendered":"<p>Ce lot d&rsquo;agates vertes rondes, avec 33 facettes et des dimensions r\u00e9guli\u00e8res, se distingue par ses variations de couleur allant du clair au normal, apportant une touche naturelle \u00e0 chaque pi\u00e8ce. Leur \u00e9clat est remarquable, faisant de ces pierres un choix int\u00e9ressant pour des cr\u00e9ations uniques ou des r\u00e9parations. Adapt\u00e9es aux professionnels comme aux \u00e9tudiants, ces agates offrent une belle diversit\u00e9 pour enrichir vos projets.<\/p>\n","protected":false},"excerpt":{"rendered":"<p>Ce lot d&rsquo;agates vertes rondes, avec 33 facettes et des dimensions r\u00e9guli\u00e8res, se distingue par ses variations de couleur allant du clair au normal, apportant une touche naturelle \u00e0 chaque pi\u00e8ce. Leur \u00e9clat est remarquable, faisant de ces pierres un choix int\u00e9ressant pour des cr\u00e9ations uniques ou des r\u00e9parations. Adapt\u00e9es aux professionnels comme aux \u00e9tudiants, ces agates offrent une belle diversit\u00e9 pour enrichir vos projets.<\/p>\n","protected":false},"featured_media":9968,"comment_status":"closed","ping_status":"closed","template":"","meta":{"_acf_changed":false,"content-type":""},"product_brand":[],"product_cat":[133],"product_tag":[],"class_list":{"0":"post-10318","1":"product","2":"type-product","3":"status-publish","4":"has-post-thumbnail","6":"product_cat-non-classifiee","7":"pa_color-vert","8":"pa_material-agate","9":"pa_origine-du-brut-sourcing","10":"pa_shape-rond","11":"pa_stone-colour-agate-verte","12":"pa_stone-shape-rond","13":"pa_stone-type-naturel","15":"first","16":"instock","17":"taxable","18":"shipping-taxable","19":"purchasable","20":"product-type-simple"},"acf":[],"yoast_head":"<!-- This site is optimized with the Yoast SEO plugin v26.9 - https:\/\/yoast.com\/product\/yoast-seo-wordpress\/ -->\n<title>Lot d\u2019agates vertes \u2013 Vari\u00e9t\u00e9 et \u00e9clat naturel<\/title>\n<meta name=\"description\" content=\"Ce lot d\u2019agates vertes aux nuances naturelles et \u00e9clatantes est id\u00e9al pour des cr\u00e9ations uniques ou des r\u00e9parations pr\u00e9cises.\" \/>\n<meta name=\"robots\" content=\"index, follow, max-snippet:-1, max-image-preview:large, max-video-preview:-1\" \/>\n<link rel=\"canonical\" href=\"https:\/\/dalloz-stones.com\/fr\/produit\/agate-verte-rond-080-mm\/\" \/>\n<meta property=\"og:locale\" content=\"fr_FR\" \/>\n<meta property=\"og:type\" content=\"article\" \/>\n<meta property=\"og:title\" content=\"Lot d\u2019agates vertes \u2013 Vari\u00e9t\u00e9 et \u00e9clat naturel\" \/>\n<meta property=\"og:description\" content=\"Ce lot d\u2019agates vertes aux nuances naturelles et \u00e9clatantes est id\u00e9al pour des cr\u00e9ations uniques ou des r\u00e9parations pr\u00e9cises.\" \/>\n<meta property=\"og:url\" content=\"https:\/\/dalloz-stones.com\/fr\/produit\/agate-verte-rond-080-mm\/\" \/>\n<meta property=\"og:site_name\" content=\"Dalloz stones &amp; rough\" \/>\n<meta property=\"article:publisher\" content=\"https:\/\/www.facebook.com\/dalloz1917\/\" \/>\n<meta property=\"article:modified_time\" content=\"2025-06-05T07:30:27+00:00\" \/>\n<meta property=\"og:image\" content=\"https:\/\/dalloz-stones.com\/app\/uploads\/2024\/12\/2AVERR50080-P0YA_1-1024x1024.jpg\" \/>\n\t<meta property=\"og:image:width\" content=\"1024\" \/>\n\t<meta property=\"og:image:height\" content=\"1024\" \/>\n\t<meta property=\"og:image:type\" content=\"image\/jpeg\" \/>\n<meta name=\"twitter:card\" content=\"summary_large_image\" \/>\n<meta name=\"twitter:label1\" content=\"Dur\u00e9e de lecture estim\u00e9e\" \/>\n\t<meta name=\"twitter:data1\" content=\"1 minute\" \/>\n<script type=\"application\/ld+json\" class=\"yoast-schema-graph\">{\"@context\":\"https:\/\/schema.org\",\"@graph\":[{\"@type\":\"WebPage\",\"@id\":\"https:\/\/dalloz-stones.com\/fr\/produit\/agate-verte-rond-080-mm\/\",\"url\":\"https:\/\/dalloz-stones.com\/fr\/produit\/agate-verte-rond-080-mm\/\",\"name\":\"Lot d\u2019agates vertes \u2013 Vari\u00e9t\u00e9 et \u00e9clat naturel\",\"isPartOf\":{\"@id\":\"https:\/\/dalloz-stones.com\/fr\/#website\"},\"primaryImageOfPage\":{\"@id\":\"https:\/\/dalloz-stones.com\/fr\/produit\/agate-verte-rond-080-mm\/#primaryimage\"},\"image\":{\"@id\":\"https:\/\/dalloz-stones.com\/fr\/produit\/agate-verte-rond-080-mm\/#primaryimage\"},\"thumbnailUrl\":\"https:\/\/dalloz-stones.com\/app\/uploads\/2024\/12\/2AVERR50080-P0YA_1.jpg\",\"datePublished\":\"2024-12-16T17:57:21+00:00\",\"dateModified\":\"2025-06-05T07:30:27+00:00\",\"description\":\"Ce lot d\u2019agates vertes aux nuances naturelles et \u00e9clatantes est id\u00e9al pour des cr\u00e9ations uniques ou des r\u00e9parations pr\u00e9cises.\",\"breadcrumb\":{\"@id\":\"https:\/\/dalloz-stones.com\/fr\/produit\/agate-verte-rond-080-mm\/#breadcrumb\"},\"inLanguage\":\"fr-FR\",\"potentialAction\":[{\"@type\":\"ReadAction\",\"target\":[\"https:\/\/dalloz-stones.com\/fr\/produit\/agate-verte-rond-080-mm\/\"]}]},{\"@type\":\"ImageObject\",\"inLanguage\":\"fr-FR\",\"@id\":\"https:\/\/dalloz-stones.com\/fr\/produit\/agate-verte-rond-080-mm\/#primaryimage\",\"url\":\"https:\/\/dalloz-stones.com\/app\/uploads\/2024\/12\/2AVERR50080-P0YA_1.jpg\",\"contentUrl\":\"https:\/\/dalloz-stones.com\/app\/uploads\/2024\/12\/2AVERR50080-P0YA_1.jpg\",\"width\":2000,\"height\":2000,\"caption\":\"Agate Verte Rond - 0,80 mm\"},{\"@type\":\"BreadcrumbList\",\"@id\":\"https:\/\/dalloz-stones.com\/fr\/produit\/agate-verte-rond-080-mm\/#breadcrumb\",\"itemListElement\":[{\"@type\":\"ListItem\",\"position\":1,\"name\":\"Accueil\",\"item\":\"https:\/\/dalloz-stones.com\/fr\/\"},{\"@type\":\"ListItem\",\"position\":2,\"name\":\"Boutique\",\"item\":\"https:\/\/dalloz-stones.com\/boutique\/\"},{\"@type\":\"ListItem\",\"position\":3,\"name\":\"Agate Verte Rond &#8211; 0,80 mm\"}]},{\"@type\":\"WebSite\",\"@id\":\"https:\/\/dalloz-stones.com\/fr\/#website\",\"url\":\"https:\/\/dalloz-stones.com\/fr\/\",\"name\":\"Dalloz stones &amp; rough\",\"description\":\"\",\"publisher\":{\"@id\":\"https:\/\/dalloz-stones.com\/fr\/#organization\"},\"potentialAction\":[{\"@type\":\"SearchAction\",\"target\":{\"@type\":\"EntryPoint\",\"urlTemplate\":\"https:\/\/dalloz-stones.com\/fr\/?s={search_term_string}\"},\"query-input\":{\"@type\":\"PropertyValueSpecification\",\"valueRequired\":true,\"valueName\":\"search_term_string\"}}],\"inLanguage\":\"fr-FR\"},{\"@type\":\"Organization\",\"@id\":\"https:\/\/dalloz-stones.com\/fr\/#organization\",\"name\":\"Dalloz Stones & Rough\",\"url\":\"https:\/\/dalloz-stones.com\/fr\/\",\"logo\":{\"@type\":\"ImageObject\",\"inLanguage\":\"fr-FR\",\"@id\":\"https:\/\/dalloz-stones.com\/fr\/#\/schema\/logo\/image\/\",\"url\":\"https:\/\/dalloz-stones.com\/app\/uploads\/2020\/11\/Dalloz_Mono_Vertsapin.png\",\"contentUrl\":\"https:\/\/dalloz-stones.com\/app\/uploads\/2020\/11\/Dalloz_Mono_Vertsapin.png\",\"width\":1772,\"height\":1772,\"caption\":\"Dalloz Stones & Rough\"},\"image\":{\"@id\":\"https:\/\/dalloz-stones.com\/fr\/#\/schema\/logo\/image\/\"},\"sameAs\":[\"https:\/\/www.facebook.com\/dalloz1917\/\",\"https:\/\/www.instagram.com\/dallozstones\/\",\"https:\/\/www.linkedin.com\/company\/dalloz-stones-and-rough\/\",\"https:\/\/www.youtube.com\/channel\/UC1mJnpsxORlO9kjbbN9LvtQ\"]}]}<\/script>\n<!-- \/ Yoast SEO plugin. -->","yoast_head_json":{"title":"Lot d\u2019agates vertes \u2013 Vari\u00e9t\u00e9 et \u00e9clat naturel","description":"Ce lot d\u2019agates vertes aux nuances naturelles et \u00e9clatantes est id\u00e9al pour des cr\u00e9ations uniques ou des r\u00e9parations pr\u00e9cises.","robots":{"index":"index","follow":"follow","max-snippet":"max-snippet:-1","max-image-preview":"max-image-preview:large","max-video-preview":"max-video-preview:-1"},"canonical":"https:\/\/dalloz-stones.com\/fr\/produit\/agate-verte-rond-080-mm\/","og_locale":"fr_FR","og_type":"article","og_title":"Lot d\u2019agates vertes \u2013 Vari\u00e9t\u00e9 et \u00e9clat naturel","og_description":"Ce lot d\u2019agates vertes aux nuances naturelles et \u00e9clatantes est id\u00e9al pour des cr\u00e9ations uniques ou des r\u00e9parations pr\u00e9cises.","og_url":"https:\/\/dalloz-stones.com\/fr\/produit\/agate-verte-rond-080-mm\/","og_site_name":"Dalloz stones &amp; rough","article_publisher":"https:\/\/www.facebook.com\/dalloz1917\/","article_modified_time":"2025-06-05T07:30:27+00:00","og_image":[{"width":1024,"height":1024,"url":"https:\/\/dalloz-stones.com\/app\/uploads\/2024\/12\/2AVERR50080-P0YA_1-1024x1024.jpg","type":"image\/jpeg"}],"twitter_card":"summary_large_image","twitter_misc":{"Dur\u00e9e de lecture estim\u00e9e":"1 minute"},"schema":{"@context":"https:\/\/schema.org","@graph":[{"@type":"WebPage","@id":"https:\/\/dalloz-stones.com\/fr\/produit\/agate-verte-rond-080-mm\/","url":"https:\/\/dalloz-stones.com\/fr\/produit\/agate-verte-rond-080-mm\/","name":"Lot d\u2019agates vertes \u2013 Vari\u00e9t\u00e9 et \u00e9clat naturel","isPartOf":{"@id":"https:\/\/dalloz-stones.com\/fr\/#website"},"primaryImageOfPage":{"@id":"https:\/\/dalloz-stones.com\/fr\/produit\/agate-verte-rond-080-mm\/#primaryimage"},"image":{"@id":"https:\/\/dalloz-stones.com\/fr\/produit\/agate-verte-rond-080-mm\/#primaryimage"},"thumbnailUrl":"https:\/\/dalloz-stones.com\/app\/uploads\/2024\/12\/2AVERR50080-P0YA_1.jpg","datePublished":"2024-12-16T17:57:21+00:00","dateModified":"2025-06-05T07:30:27+00:00","description":"Ce lot d\u2019agates vertes aux nuances naturelles et \u00e9clatantes est id\u00e9al pour des cr\u00e9ations uniques ou des r\u00e9parations pr\u00e9cises.","breadcrumb":{"@id":"https:\/\/dalloz-stones.com\/fr\/produit\/agate-verte-rond-080-mm\/#breadcrumb"},"inLanguage":"fr-FR","potentialAction":[{"@type":"ReadAction","target":["https:\/\/dalloz-stones.com\/fr\/produit\/agate-verte-rond-080-mm\/"]}]},{"@type":"ImageObject","inLanguage":"fr-FR","@id":"https:\/\/dalloz-stones.com\/fr\/produit\/agate-verte-rond-080-mm\/#primaryimage","url":"https:\/\/dalloz-stones.com\/app\/uploads\/2024\/12\/2AVERR50080-P0YA_1.jpg","contentUrl":"https:\/\/dalloz-stones.com\/app\/uploads\/2024\/12\/2AVERR50080-P0YA_1.jpg","width":2000,"height":2000,"caption":"Agate Verte Rond - 0,80 mm"},{"@type":"BreadcrumbList","@id":"https:\/\/dalloz-stones.com\/fr\/produit\/agate-verte-rond-080-mm\/#breadcrumb","itemListElement":[{"@type":"ListItem","position":1,"name":"Accueil","item":"https:\/\/dalloz-stones.com\/fr\/"},{"@type":"ListItem","position":2,"name":"Boutique","item":"https:\/\/dalloz-stones.com\/boutique\/"},{"@type":"ListItem","position":3,"name":"Agate Verte Rond &#8211; 0,80 mm"}]},{"@type":"WebSite","@id":"https:\/\/dalloz-stones.com\/fr\/#website","url":"https:\/\/dalloz-stones.com\/fr\/","name":"Dalloz stones &amp; rough","description":"","publisher":{"@id":"https:\/\/dalloz-stones.com\/fr\/#organization"},"potentialAction":[{"@type":"SearchAction","target":{"@type":"EntryPoint","urlTemplate":"https:\/\/dalloz-stones.com\/fr\/?s={search_term_string}"},"query-input":{"@type":"PropertyValueSpecification","valueRequired":true,"valueName":"search_term_string"}}],"inLanguage":"fr-FR"},{"@type":"Organization","@id":"https:\/\/dalloz-stones.com\/fr\/#organization","name":"Dalloz Stones & Rough","url":"https:\/\/dalloz-stones.com\/fr\/","logo":{"@type":"ImageObject","inLanguage":"fr-FR","@id":"https:\/\/dalloz-stones.com\/fr\/#\/schema\/logo\/image\/","url":"https:\/\/dalloz-stones.com\/app\/uploads\/2020\/11\/Dalloz_Mono_Vertsapin.png","contentUrl":"https:\/\/dalloz-stones.com\/app\/uploads\/2020\/11\/Dalloz_Mono_Vertsapin.png","width":1772,"height":1772,"caption":"Dalloz Stones & Rough"},"image":{"@id":"https:\/\/dalloz-stones.com\/fr\/#\/schema\/logo\/image\/"},"sameAs":["https:\/\/www.facebook.com\/dalloz1917\/","https:\/\/www.instagram.com\/dallozstones\/","https:\/\/www.linkedin.com\/company\/dalloz-stones-and-rough\/","https:\/\/www.youtube.com\/channel\/UC1mJnpsxORlO9kjbbN9LvtQ"]}]}},"_links":{"self":[{"href":"https:\/\/dalloz-stones.com\/fr\/wp-json\/wp\/v2\/product\/10318","targetHints":{"allow":["GET"]}}],"collection":[{"href":"https:\/\/dalloz-stones.com\/fr\/wp-json\/wp\/v2\/product"}],"about":[{"href":"https:\/\/dalloz-stones.com\/fr\/wp-json\/wp\/v2\/types\/product"}],"replies":[{"embeddable":true,"href":"https:\/\/dalloz-stones.com\/fr\/wp-json\/wp\/v2\/comments?post=10318"}],"wp:featuredmedia":[{"embeddable":true,"href":"https:\/\/dalloz-stones.com\/fr\/wp-json\/wp\/v2\/media\/9968"}],"wp:attachment":[{"href":"https:\/\/dalloz-stones.com\/fr\/wp-json\/wp\/v2\/media?parent=10318"}],"wp:term":[{"taxonomy":"product_brand","embeddable":true,"href":"https:\/\/dalloz-stones.com\/fr\/wp-json\/wp\/v2\/product_brand?post=10318"},{"taxonomy":"product_cat","embeddable":true,"href":"https:\/\/dalloz-stones.com\/fr\/wp-json\/wp\/v2\/product_cat?post=10318"},{"taxonomy":"product_tag","embeddable":true,"href":"https:\/\/dalloz-stones.com\/fr\/wp-json\/wp\/v2\/product_tag?post=10318"}],"curies":[{"name":"wp","href":"https:\/\/api.w.org\/{rel}","templated":true}]}}